{"id":5902,"date":"2026-01-14T13:40:36","date_gmt":"2026-01-14T13:40:36","guid":{"rendered":"https:\/\/turkishtrade.co\/product\/mens-calf-leather-loafers-5\/"},"modified":"2026-04-09T19:20:30","modified_gmt":"2026-04-09T19:20:30","slug":"mens-calf-leather-loafers-5","status":"publish","type":"product","link":"https:\/\/turkishtrade.co\/tr\/shop\/mens-calf-leather-loafers-5\/","title":{"rendered":"EVA Tabanl\u0131 Erkek Premium Dana Derisi Loafer"},"content":{"rendered":"<p><strong>Erkek Dana Derisi Loafer<\/strong><\/p>\n<p>Zamans\u0131z zarafet ve modern konforun m\u00fckemmel kar\u0131\u015f\u0131m\u0131n\u0131 enfes \u00fcr\u00fcnlerimizle ke\u015ffedin <strong>Erkek Dana Derisi Loafer<\/strong>. Se\u00e7kin beyefendiler i\u00e7in \u00fcretilen bu ayakkab\u0131lar, benzersiz bir stil ve dayan\u0131kl\u0131l\u0131k sunarak her sofistike gard\u0131robun vazge\u00e7ilmez bir par\u00e7as\u0131 haline geliyor. \u0130ster \u015fehir manzaralar\u0131nda geziniyor ister rahat bir hafta sonunun tad\u0131n\u0131 \u00e7\u0131kar\u0131yor olun, bu <strong>dana derisi mokasen ayakkab\u0131<\/strong> birinci s\u0131n\u0131f malzemeleri ve titiz i\u015f\u00e7ili\u011fi ile g\u00f6r\u00fcn\u00fcm\u00fcn\u00fcz\u00fc y\u00fckseltmeyi vaat ederek her zaman g\u00fcven ve \u015f\u0131kl\u0131k i\u00e7inde d\u0131\u015far\u0131 \u00e7\u0131kman\u0131z\u0131 sa\u011flar.<\/p>\n<p>Koleksiyonumuz <strong>erkek dana derisi mokasen ayakkab\u0131<\/strong> ger\u00e7ekten ayakkab\u0131 tasar\u0131m\u0131n\u0131n zirvesini temsil ediyor.<\/p>\n<h3>E\u015fsiz Konfor ve \u00dcst\u00fcn \u0130\u015f\u00e7ilik<\/h3>\n<p>Her bir \u00e7iftimiz <strong>Erkek Dana Derisi Loafer<\/strong> \u00fcst\u00fcn kalite ve zanaatkar bak\u0131m\u0131n\u0131n bir kan\u0131t\u0131d\u0131r. D\u0131\u015f y\u00fczeyi, ola\u011fan\u00fcst\u00fc dayan\u0131kl\u0131l\u0131\u011f\u0131, l\u00fcks dokusu ve g\u00fczel bir \u015fekilde eskime kabiliyetiyle tan\u0131nan zengin, esnek dana derisinden \u00fcretilmi\u015ftir. Bu sa\u011flam ancak zarif malzeme, \u00e7antan\u0131z\u0131n <strong>erkek g\u00fcnl\u00fck mokasen<\/strong> sadece m\u00fckemmel g\u00f6r\u00fcnmekle kalmaz, ayn\u0131 zamanda zamana kar\u015f\u0131 da dayan\u0131kl\u0131d\u0131r.<\/p>\n<p>\u0130\u00e7 k\u0131s\u0131mda, ayaklar\u0131n\u0131z yumu\u015fak ke\u00e7i derisi astar\u0131n c\u00f6mert kuca\u011f\u0131nda nefes alabilen rahatl\u0131k ve bu ayakkab\u0131lar\u0131 ger\u00e7ekten belirleyen p\u00fcr\u00fczs\u00fcz, s\u00fcrt\u00fcnmesiz bir uyum sunacak. <strong>birinci s\u0131n\u0131f deri mokasen ayakkab\u0131lar<\/strong> ayr\u0131.<\/p>\n<p>Malzemelerin bu \u00f6zenli kombinasyonu, her ad\u0131mda m\u00fckemmel bir deneyim sunarak nihai \u00fcr\u00fcn olarak yerini sa\u011flamla\u015ft\u0131r\u0131yor. <strong>erkek g\u00fcnl\u00fck mokasen<\/strong> g\u00fcnl\u00fck kullan\u0131m i\u00e7in. Daha iyisini bulamazs\u0131n\u0131z <strong>erkek dana derisi mokasen ayakkab\u0131<\/strong> g\u00fcnl\u00fck l\u00fcks i\u00e7in.<\/p>\n<h3>Sofistike Stil G\u00fcnl\u00fck Pratiklikle Bulu\u015fuyor<\/h3>\n<p>Ola\u011fan\u00fcst\u00fc konforuna ustal\u0131kla tasarlanm\u0131\u015f EVA taban\u0131 da ekleniyor. Hafif ve inan\u0131lmaz derecede esnek EVA taban, m\u00fckemmel yast\u0131klama ve \u015fok emilimi sa\u011flayarak stilden \u00f6d\u00fcn vermeden g\u00fcn boyu rahatl\u0131k sunar. Klasik bir loafer topuk y\u00fcksekli\u011fine (yakla\u015f\u0131k 1-3 cm) sahip olan bu <strong>erkek dana derisi mokasen ayakkab\u0131<\/strong> uzun s\u00fcreli kullan\u0131m i\u00e7in dengeli destek sunar.<\/p>\n<p>Sa\u011flam ve ayn\u0131 zamanda \u015f\u0131k taban, tutu\u015fu art\u0131r\u0131r ve geleneksel loafer sil\u00fcetine \u00e7a\u011fda\u015f bir hava katar. Bu \u00e7ok y\u00f6nl\u00fc <strong>erkek dana derisi mokasen ayakkab\u0131<\/strong> G\u00fcnl\u00fck ofis hayat\u0131ndan ak\u015fam toplant\u0131lar\u0131na sorunsuz bir \u015fekilde ge\u00e7i\u015f yaparak chino pantolonlar, kot pantolonlar veya \u015f\u0131k pantolonlarla zahmetsizce e\u015fle\u015fir. Resmi cazibeyi rahat bir slip-on'un rahat hissiyle birle\u015ftiren bir ayakkab\u0131 arayan erkekler i\u00e7in m\u00fckemmel bir se\u00e7imdir.<\/p>\n<p>Bunlar\u0131 se\u00e7ti\u011finizde <strong>dana derisi mokasen ayakkab\u0131<\/strong>, kal\u0131c\u0131 stil ve konforu se\u00e7iyorsunuz. Bunlar ger\u00e7ekten ola\u011fan\u00fcst\u00fc <strong>erkek deri\u0307 mokasen<\/strong> her durum i\u00e7in.<\/p>\n<h3>Se\u00e7kin Zevkler ve Toplu Sipari\u015fler i\u00e7in Tasarland\u0131<\/h3>\n<p>39'dan 45'e kadar kapsaml\u0131 bir Avrupa beden yelpazesinde mevcut oldu\u011fundan, m\u00fckemmel uyumunuzu bulmak \u00e7ok kolay. Y\u00fcksek kaliteli ayakkab\u0131 arayan perakendecilerin ve i\u015fletmelerin ihtiya\u00e7lar\u0131n\u0131 anl\u0131yoruz, bu nedenle bu <strong>premium erkek mokasenleri\u0307<\/strong> minimum 8 \u00e7ift sipari\u015fle sat\u0131n al\u0131nabilir. Bu toplu bulunabilirlik, yakla\u015f\u0131k 12 g\u00fcnl\u00fck \u00fcretim ve teslimat s\u00fcresi ve nakliye ile birle\u015fti\u011finde, envanterinizi kalite ve sofistike bir tarzla yank\u0131lanan bir \u00fcr\u00fcnle geni\u015fletmek i\u00e7in m\u00fckemmel bir se\u00e7imdir.<\/p>\n<p>Ayakkab\u0131 koleksiyonunuzu geli\u015ftirin veya m\u00fc\u015fterilerinize en iyisini sunun <strong>erkek g\u00fcnl\u00fck deri\u0307 ayakkabi<\/strong> bu ola\u011fan\u00fcst\u00fc mokasen ayakkab\u0131larla. Y\u00fcksek kaliteli, rahat ve \u015f\u0131k toplu ayakkab\u0131 se\u00e7enekleri i\u00e7in bu <strong>erkek dana derisi mokasen ayakkab\u0131<\/strong> e\u015fsizdir.<\/p>","protected":false},"excerpt":{"rendered":"<ul>\n<li>Kal\u0131c\u0131 stil ve doku i\u00e7in birinci s\u0131n\u0131f dana derisi saya<\/li>\n<li>Nefes alabilen \u00fcst\u00fcn konfor i\u00e7in l\u00fcks ke\u00e7i derisi i\u00e7 astar<\/li>\n<li>Hafif ve yast\u0131kl\u0131 EVA taban \u00fcst\u00fcn destek ve kavrama sa\u011flar<\/li>\n<li>Modern ve sa\u011flam bir siluete sahip klasik slip-on loafer tasar\u0131m\u0131<\/li>\n<li>M\u00fckemmel uyum i\u00e7in 39-45 Avrupa bedenleri mevcuttur<\/li>\n<li>Toplu sipari\u015fler i\u00e7in idealdir: Sat\u0131n alma ba\u015f\u0131na minimum 8 \u00e7ift, perakendeciler ve sat\u0131c\u0131lar i\u00e7in m\u00fckemmel<\/li>\n<li>Yakla\u015f\u0131k teslimat s\u00fcresi: 12 g\u00fcn + nakliye<\/li>\n<\/ul>","protected":false},"featured_media":3945,"template":"","meta":{"_acf_changed":false,"_uag_custom_page_level_css":"","site-sidebar-layout":"default","site-content-layout":"","ast-site-content-layout":"default","site-content-style":"default","site-sidebar-style":"default","ast-global-header-display":"","ast-banner-title-visibility":"","ast-main-header-display":"","ast-hfb-above-header-display":"","ast-hfb-below-header-display":"","ast-hfb-mobile-header-display":"","site-post-title":"","ast-breadcrumbs-content":"","ast-featured-img":"","footer-sml-layout":"","ast-disable-related-posts":"","theme-transparent-header-meta":"default","adv-header-id-meta":"","stick-header-meta":"","header-above-stick-meta":"","header-main-stick-meta":"","header-below-stick-meta":"","astra-migrate-meta-layouts":"set","ast-page-background-enabled":"default","ast-page-background-meta":{"desktop":{"background-color":"var(--ast-global-color-4)","background-image":"","background-repeat":"repeat","background-position":"center center","background-size":"auto","background-attachment":"scroll","background-type":"","background-media":"","overlay-type":"","overlay-color":"","overlay-opacity":"","overlay-gradient":""},"tablet":{"background-color":"","background-image":"","background-repeat":"repeat","background-position":"center center","background-size":"auto","background-attachment":"scroll","background-type":"","background-media":"","overlay-type":"","overlay-color":"","overlay-opacity":"","overlay-gradient":""},"mobile":{"background-color":"","background-image":"","background-repeat":"repeat","background-position":"center center","background-size":"auto","background-attachment":"scroll","background-type":"","background-media":"","overlay-type":"","overlay-color":"","overlay-opacity":"","overlay-gradient":""}},"ast-content-background-meta":{"desktop":{"background-color":"var(--ast-global-color-5)","background-image":"","background-repeat":"repeat","background-position":"center center","background-size":"auto","background-attachment":"scroll","background-type":"","background-media":"","overlay-type":"","overlay-color":"","overlay-opacity":"","overlay-gradient":""},"tablet":{"background-color":"var(--ast-global-color-5)","background-image":"","background-repeat":"repeat","background-position":"center center","background-size":"auto","background-attachment":"scroll","background-type":"","background-media":"","overlay-type":"","overlay-color":"","overlay-opacity":"","overlay-gradient":""},"mobile":{"background-color":"var(--ast-global-color-5)","background-image":"","background-repeat":"repeat","background-position":"center center","background-size":"auto","background-attachment":"scroll","background-type":"","background-media":"","overlay-type":"","overlay-color":"","overlay-opacity":"","overlay-gradient":""}}},"product_brand":[],"product_cat":[48,47,49,430,40],"product_tag":[629,185,449,220,725,438,189,215,1084,186,250,184,670],"class_list":{"0":"post-5902","1":"product","2":"type-product","3":"status-publish","4":"has-post-thumbnail","6":"product_cat-casual","7":"product_cat-classic","8":"product_cat-loafer","9":"product_cat-men","10":"product_cat-mens-shoes","11":"product_tag-bulk-order-shoes","12":"product_tag-calf-leather-shoes","13":"product_tag-casual-shoes","14":"product_tag-comfortable-loafers","15":"product_tag-dark-brown-loafers","16":"product_tag-eva-sole","17":"product_tag-goat-leather-lining","18":"product_tag-leather-loafers","19":"product_tag-mens-casual-leather-shoes","20":"product_tag-mens-loafers","21":"product_tag-premium-leather","22":"product_tag-slip-on-shoes","23":"product_tag-stylish-loafers","24":"desktop-align-center","25":"tablet-align-center","26":"mobile-align-center","28":"first","29":"instock","30":"sale","31":"shipping-taxable","32":"purchasable","33":"product-type-variable","34":"has-default-attributes"},"acf":[],"uagb_featured_image_src":{"full":["https:\/\/turkishtrade.co\/wp-content\/uploads\/2026\/01\/2400EJOMN00450-BRWON-DKS_873-4-USD.png",453,250,false],"thumbnail":["https:\/\/turkishtrade.co\/wp-content\/uploads\/2026\/01\/2400EJOMN00450-BRWON-DKS_873-4-USD-150x150.png",150,150,true],"medium":["https:\/\/turkishtrade.co\/wp-content\/uploads\/2026\/01\/2400EJOMN00450-BRWON-DKS_873-4-USD-300x166.png",300,166,true],"medium_large":["https:\/\/turkishtrade.co\/wp-content\/uploads\/2026\/01\/2400EJOMN00450-BRWON-DKS_873-4-USD.png",453,250,false],"large":["https:\/\/turkishtrade.co\/wp-content\/uploads\/2026\/01\/2400EJOMN00450-BRWON-DKS_873-4-USD.png",453,250,false],"1536x1536":["https:\/\/turkishtrade.co\/wp-content\/uploads\/2026\/01\/2400EJOMN00450-BRWON-DKS_873-4-USD.png",453,250,false],"2048x2048":["https:\/\/turkishtrade.co\/wp-content\/uploads\/2026\/01\/2400EJOMN00450-BRWON-DKS_873-4-USD.png",453,250,false],"trp-custom-language-flag":["https:\/\/turkishtrade.co\/wp-content\/uploads\/2026\/01\/2400EJOMN00450-BRWON-DKS_873-4-USD-18x10.png",18,10,true],"woocommerce_thumbnail":["https:\/\/turkishtrade.co\/wp-content\/uploads\/2026\/01\/2400EJOMN00450-BRWON-DKS_873-4-USD-400x250.png",400,250,true],"woocommerce_single":["https:\/\/turkishtrade.co\/wp-content\/uploads\/2026\/01\/2400EJOMN00450-BRWON-DKS_873-4-USD.png",453,250,false],"woocommerce_gallery_thumbnail":["https:\/\/turkishtrade.co\/wp-content\/uploads\/2026\/01\/2400EJOMN00450-BRWON-DKS_873-4-USD-100x100.png",100,100,true]},"uagb_author_info":{"display_name":"yaser olabi","author_link":"https:\/\/turkishtrade.co\/tr\/author\/"},"uagb_comment_info":0,"uagb_excerpt":"Premium calf leather upper for lasting style and texture Luxurious goat leather interior lining for ultimate breathable comfort Lightweight and cushioned EVA sole provides superior support and grip Classic slip-on loafer design with a modern, robust silhouette Available in European sizes 39-45 for a perfect fit Ideal for bulk orders: Minimum 8 pairs per purchase,&hellip;","_links":{"self":[{"href":"https:\/\/turkishtrade.co\/tr\/wp-json\/wp\/v2\/product\/5902","targetHints":{"allow":["GET"]}}],"collection":[{"href":"https:\/\/turkishtrade.co\/tr\/wp-json\/wp\/v2\/product"}],"about":[{"href":"https:\/\/turkishtrade.co\/tr\/wp-json\/wp\/v2\/types\/product"}],"wp:featuredmedia":[{"embeddable":true,"href":"https:\/\/turkishtrade.co\/tr\/wp-json\/wp\/v2\/media\/3945"}],"wp:attachment":[{"href":"https:\/\/turkishtrade.co\/tr\/wp-json\/wp\/v2\/media?parent=5902"}],"wp:term":[{"taxonomy":"product_brand","embeddable":true,"href":"https:\/\/turkishtrade.co\/tr\/wp-json\/wp\/v2\/product_brand?post=5902"},{"taxonomy":"product_cat","embeddable":true,"href":"https:\/\/turkishtrade.co\/tr\/wp-json\/wp\/v2\/product_cat?post=5902"},{"taxonomy":"product_tag","embeddable":true,"href":"https:\/\/turkishtrade.co\/tr\/wp-json\/wp\/v2\/product_tag?post=5902"}],"curies":[{"name":"wp","href":"https:\/\/api.w.org\/{rel}","templated":true}]}}