{"id":5899,"date":"2026-01-14T13:40:19","date_gmt":"2026-01-14T13:40:19","guid":{"rendered":"https:\/\/turkishtrade.co\/product\/brown-leather-derby-shoes-2\/"},"modified":"2026-04-09T19:20:34","modified_gmt":"2026-04-09T19:20:34","slug":"brown-leather-derby-shoes-2","status":"publish","type":"product","link":"https:\/\/turkishtrade.co\/tr\/shop\/brown-leather-derby-shoes-2\/","title":{"rendered":"Erkek Premium Kahverengi Deri Derby Ayakkab\u0131"},"content":{"rendered":"<p><strong>kahverengi deri derby ayakkab\u0131<\/strong><\/p>\n<p>Ayakkab\u0131 koleksiyonunuzu se\u00e7kin \u00fcr\u00fcnlerimizle geli\u015ftirin <b>kahverengi deri derby ayakkab\u0131<\/b>, modern beyefendiler i\u00e7in titizlikle \u00fcretilmi\u015ftir. Zamans\u0131z \u015f\u0131kl\u0131\u011f\u0131 ola\u011fan\u00fcst\u00fc konforla harmanlayan bu birinci s\u0131n\u0131f ayakkab\u0131lar, her gard\u0131rop i\u00e7in vazge\u00e7ilmez bir eklentidir. \u0130ster resmi bir etkinli\u011fe kat\u0131l\u0131n, ister ofise gidin ya da sofistike bir g\u00fcndelik gezinin tad\u0131n\u0131 \u00e7\u0131kar\u0131n, bu \u00e7ok y\u00f6nl\u00fc <b>kahverengi deri derby ayakkab\u0131<\/b> benzersiz bir stil ve incelik sunar. Kaliteye olan ba\u011fl\u0131l\u0131\u011f\u0131m\u0131z, her bir \u00e7iftin sadece bir ayakkab\u0131 de\u011fil, rafine bir zevkin ve \u00fcst\u00fcn i\u015f\u00e7ili\u011fin ifadesi olmas\u0131n\u0131 sa\u011flar. Se\u00e7kin ayakkab\u0131lar\u0131m\u0131zla ger\u00e7ek zanaatkar seviyesi ayakkab\u0131lar\u0131n fark\u0131n\u0131 ya\u015fay\u0131n <b>kahverengi deri derby ayakkab\u0131<\/b>.<\/p>\n<h3>Benzersiz \u0130\u015f\u00e7ilik ve Malzemeler<\/h3>\n<p>Orijinal malzemelerin yaratt\u0131\u011f\u0131 fark\u0131 ke\u015ffedin. Bu \u00e7arp\u0131c\u0131 tasar\u0131mlar\u0131n d\u0131\u015f <b>kahverengi deri derby ayakkab\u0131<\/b> esnek dokusu, dayan\u0131kl\u0131l\u0131\u011f\u0131 ve do\u011fal parlakl\u0131\u011f\u0131yla tan\u0131nan y\u00fcksek kaliteli dana derisinden \u00fcretilmi\u015ftir. Bu birinci s\u0131n\u0131f deri, zaman i\u00e7inde aya\u011f\u0131n\u0131za g\u00fczelce uyum sa\u011flayarak ki\u015fiye \u00f6zel bir uyum ve l\u00fcks bir his sunar. \u0130\u00e7 k\u0131s\u0131mda, ayaklar\u0131n\u0131z ke\u00e7i derisi astar\u0131n l\u00fcks yumu\u015fakl\u0131\u011f\u0131yla sar\u0131l\u0131r, nefes alabilirlik sa\u011flar ve uzun s\u00fcreli kullan\u0131mdan sonra bile rahats\u0131zl\u0131\u011f\u0131 \u00f6nler. Sa\u011flam ancak hafif EVA taban, m\u00fckemmel yast\u0131klama ve \u015fok emilimi sunarak her ad\u0131m\u0131 bir zevk haline getirir. Bu \u00f6zenli malzeme kombinasyonu, hem inan\u0131lmaz derecede rahat hem de uzun s\u00fcre dayanacak \u015fekilde \u00fcretilmi\u015f bir ayakkab\u0131 ile sonu\u00e7lan\u0131r ve ola\u011fan\u00fcst\u00fc erkek ayakkab\u0131lar\u0131ndan bekledi\u011finiz kaliteyi \u00f6zetler. <b>kahverengi deri derby ayakkab\u0131<\/b>.<\/p>\n<h3>Zamans\u0131z Stil ve \u00c7ok Y\u00f6nl\u00fcl\u00fck<\/h3>\n<p>Bizim <b>kahverengi deri derby ayakkab\u0131<\/b> klasik a\u00e7\u0131k ba\u011fc\u0131k tasar\u0131m\u0131na sahiptir ve \u00e7e\u015fitli k\u0131yafet kodlar\u0131 aras\u0131nda zahmetsizce ge\u00e7i\u015f yapan sofistike bir \u00e7ekicilik yayar. Zengin kahverengi tonu, s\u0131cakl\u0131k ve zarafet katarak \u00f6zel dikim tak\u0131m elbiseler, \u015f\u0131k pantolonlar ve hatta \u00fcst d\u00fczey g\u00fcndelik bir g\u00f6r\u00fcn\u00fcm i\u00e7in birinci s\u0131n\u0131f denimlerle m\u00fckemmel uyum sa\u011flar. Zarif silueti ve titiz diki\u015f detaylar\u0131, ayakkab\u0131c\u0131l\u0131kta m\u00fckemmellik miras\u0131n\u0131 yans\u0131t\u0131yor. Bunlar sadece ayakkab\u0131 de\u011fildir; iyi giyimli bir gard\u0131robun temel ta\u015f\u0131d\u0131r ve her ortamda \u015f\u0131k g\u00f6r\u00fcnmek i\u00e7in gereken \u00e7ok y\u00f6nl\u00fcl\u00fc\u011f\u00fc sa\u011flar. Bir \u00e7ift klasik ayakkab\u0131ya yat\u0131r\u0131m yap\u0131n <b>kahverengi deri derby ayakkab\u0131<\/b> asla modas\u0131 ge\u00e7meyecek ve her durum i\u00e7in kal\u0131c\u0131 bir \u00e7ekicilik sunacak.<\/p>\n<h3>Modern Erkek i\u00e7in Konfor Dayan\u0131kl\u0131l\u0131kla Bulu\u015fuyor<\/h3>\n<p>\u00c7arp\u0131c\u0131 g\u00f6r\u00fcn\u00fcmlerinin \u00f6tesinde, bu <b>kahverengi deri derby ayakkab\u0131<\/b> \u00fcst\u00fcn konfor ve uzun s\u00fcreli dayan\u0131kl\u0131l\u0131k i\u00e7in tasarlanm\u0131\u015ft\u0131r. Anatomik olarak tasarlanm\u0131\u015f i\u00e7 k\u0131s\u0131m, esnek EVA taban ile birle\u015fti\u011finde g\u00fcn boyunca destek ve yast\u0131klama sa\u011flar. 39'dan 45'e kadar kapsaml\u0131 bir Avrupa beden yelpazesinde mevcut olup, geni\u015f bir m\u00fc\u015fteri kitlesi i\u00e7in m\u00fckemmel bir uyum sa\u011fl\u0131yoruz. Esnek yap\u0131s\u0131 uzun \u00f6m\u00fcrl\u00fcl\u00fck vaat ederek bu ayakkab\u0131lar\u0131n zarif \u00e7ekicili\u011finin keyfini y\u0131llarca \u00e7\u0131karman\u0131z\u0131 sa\u011flar. Bi\u00e7im ve i\u015flevin m\u00fckemmel uyumunu ola\u011fan\u00fcst\u00fc \u00fcr\u00fcnlerimizle deneyimleyin <b>kahverengi deri derby ayakkab\u0131<\/b>, konforunuz d\u00fc\u015f\u00fcn\u00fclerek tasarlanm\u0131\u015ft\u0131r.<\/p>\n<h3>Toptan Sat\u0131\u015f F\u0131rsatlar\u0131<\/h3>\n<p>Y\u00fcksek kaliteli erkek ayakkab\u0131s\u0131 stoklamak isteyen i\u015fletmeler i\u00e7in zarif <b>kahverengi deri derby ayakkab\u0131<\/b> minimum 8 \u00e7ift miktar\u0131nda toptan sipari\u015fler i\u00e7in mevcuttur. Teslimat s\u00fcresi 12 g\u00fcn art\u0131 standart nakliye ile verimli i\u015fleme konusunda kendimizle gurur duyuyoruz. M\u00fc\u015fterilerinize pazarda \u00f6ne \u00e7\u0131kan birinci s\u0131n\u0131f, rahat ve \u015f\u0131k ayakkab\u0131lar sunmak i\u00e7in bizimle ortak olun.<\/p>\n<p>Bizimkini se\u00e7in <b>kahverengi deri derby ayakkab\u0131<\/b> l\u00fcks, konfor ve kal\u0131c\u0131 stilin e\u015fsiz bir kombinasyonu i\u00e7in. Bu ayakkab\u0131lar bir ayakkab\u0131dan \u00e7ok daha fazlas\u0131d\u0131r; ki\u015fisel veya i\u015f markan\u0131za yap\u0131lan bir yat\u0131r\u0131md\u0131r, her kullan\u0131mda memnuniyet vaat eder ve klasik erkek modas\u0131n\u0131n zirvesini temsil eder.<\/p>","protected":false},"excerpt":{"rendered":"<ul>\n<li><b>Malzeme:<\/b> Premium Dana Derisi d\u0131\u015f y\u00fczey, l\u00fcks Ke\u00e7i Derisi i\u00e7 y\u00fczey.<\/li>\n<li><b>Taban:<\/b> G\u00fcn boyu konfor i\u00e7in hafif ve dayan\u0131kl\u0131 EVA taban.<\/li>\n<li><b>Topuk Y\u00fcksekli\u011fi:<\/b> Zamans\u0131z stil i\u00e7in klasik 1-3 cm topuk.<\/li>\n<li><b>Mevcut Boyutlar:<\/b> Avrupa bedenleri 39, 40, 41, 42, 43, 44, 45.<\/li>\n<li><b>Toptan Sat\u0131\u015f:<\/b> Minimum 8 \u00e7ift sipari\u015f.<\/li>\n<\/ul>","protected":false},"featured_media":3944,"template":"","meta":{"_acf_changed":false,"_uag_custom_page_level_css":"","site-sidebar-layout":"default","site-content-layout":"","ast-site-content-layout":"default","site-content-style":"default","site-sidebar-style":"default","ast-global-header-display":"","ast-banner-title-visibility":"","ast-main-header-display":"","ast-hfb-above-header-display":"","ast-hfb-below-header-display":"","ast-hfb-mobile-header-display":"","site-post-title":"","ast-breadcrumbs-content":"","ast-featured-img":"","footer-sml-layout":"","ast-disable-related-posts":"","theme-transparent-header-meta":"default","adv-header-id-meta":"","stick-header-meta":"","header-above-stick-meta":"","header-main-stick-meta":"","header-below-stick-meta":"","astra-migrate-meta-layouts":"set","ast-page-background-enabled":"default","ast-page-background-meta":{"desktop":{"background-color":"var(--ast-global-color-4)","background-image":"","background-repeat":"repeat","background-position":"center center","background-size":"auto","background-attachment":"scroll","background-type":"","background-media":"","overlay-type":"","overlay-color":"","overlay-opacity":"","overlay-gradient":""},"tablet":{"background-color":"","background-image":"","background-repeat":"repeat","background-position":"center center","background-size":"auto","background-attachment":"scroll","background-type":"","background-media":"","overlay-type":"","overlay-color":"","overlay-opacity":"","overlay-gradient":""},"mobile":{"background-color":"","background-image":"","background-repeat":"repeat","background-position":"center center","background-size":"auto","background-attachment":"scroll","background-type":"","background-media":"","overlay-type":"","overlay-color":"","overlay-opacity":"","overlay-gradient":""}},"ast-content-background-meta":{"desktop":{"background-color":"var(--ast-global-color-5)","background-image":"","background-repeat":"repeat","background-position":"center center","background-size":"auto","background-attachment":"scroll","background-type":"","background-media":"","overlay-type":"","overlay-color":"","overlay-opacity":"","overlay-gradient":""},"tablet":{"background-color":"var(--ast-global-color-5)","background-image":"","background-repeat":"repeat","background-position":"center center","background-size":"auto","background-attachment":"scroll","background-type":"","background-media":"","overlay-type":"","overlay-color":"","overlay-opacity":"","overlay-gradient":""},"mobile":{"background-color":"var(--ast-global-color-5)","background-image":"","background-repeat":"repeat","background-position":"center center","background-size":"auto","background-attachment":"scroll","background-type":"","background-media":"","overlay-type":"","overlay-color":"","overlay-opacity":"","overlay-gradient":""}}},"product_brand":[],"product_cat":[48,47,49,430,40],"product_tag":[218,405,566,449,145,212,284,438,251,769,556,227,362,281],"class_list":{"0":"post-5899","1":"product","2":"type-product","3":"status-publish","4":"has-post-thumbnail","6":"product_cat-casual","7":"product_cat-classic","8":"product_cat-loafer","9":"product_cat-men","10":"product_cat-mens-shoes","11":"product_tag-brown-shoes","12":"product_tag-business-shoes","13":"product_tag-calfskin-shoes","14":"product_tag-casual-shoes","15":"product_tag-classic-shoes","16":"product_tag-derby-shoes","17":"product_tag-dress-shoes","18":"product_tag-eva-sole","19":"product_tag-formal-shoes","20":"product_tag-gentlemens-shoes","21":"product_tag-goatskin-lining","22":"product_tag-leather-shoes","23":"product_tag-premium-footwear","24":"product_tag-wholesale-shoes","25":"desktop-align-center","26":"tablet-align-center","27":"mobile-align-center","29":"first","30":"instock","31":"shipping-taxable","32":"purchasable","33":"product-type-variable","34":"has-default-attributes"},"acf":[],"uagb_featured_image_src":{"full":["https:\/\/turkishtrade.co\/wp-content\/uploads\/2026\/01\/2400EJOMN00449-BROWN-DKS_303-1-usd.png",453,250,false],"thumbnail":["https:\/\/turkishtrade.co\/wp-content\/uploads\/2026\/01\/2400EJOMN00449-BROWN-DKS_303-1-usd-150x150.png",150,150,true],"medium":["https:\/\/turkishtrade.co\/wp-content\/uploads\/2026\/01\/2400EJOMN00449-BROWN-DKS_303-1-usd-300x166.png",300,166,true],"medium_large":["https:\/\/turkishtrade.co\/wp-content\/uploads\/2026\/01\/2400EJOMN00449-BROWN-DKS_303-1-usd.png",453,250,false],"large":["https:\/\/turkishtrade.co\/wp-content\/uploads\/2026\/01\/2400EJOMN00449-BROWN-DKS_303-1-usd.png",453,250,false],"1536x1536":["https:\/\/turkishtrade.co\/wp-content\/uploads\/2026\/01\/2400EJOMN00449-BROWN-DKS_303-1-usd.png",453,250,false],"2048x2048":["https:\/\/turkishtrade.co\/wp-content\/uploads\/2026\/01\/2400EJOMN00449-BROWN-DKS_303-1-usd.png",453,250,false],"trp-custom-language-flag":["https:\/\/turkishtrade.co\/wp-content\/uploads\/2026\/01\/2400EJOMN00449-BROWN-DKS_303-1-usd-18x10.png",18,10,true],"woocommerce_thumbnail":["https:\/\/turkishtrade.co\/wp-content\/uploads\/2026\/01\/2400EJOMN00449-BROWN-DKS_303-1-usd-400x250.png",400,250,true],"woocommerce_single":["https:\/\/turkishtrade.co\/wp-content\/uploads\/2026\/01\/2400EJOMN00449-BROWN-DKS_303-1-usd.png",453,250,false],"woocommerce_gallery_thumbnail":["https:\/\/turkishtrade.co\/wp-content\/uploads\/2026\/01\/2400EJOMN00449-BROWN-DKS_303-1-usd-100x100.png",100,100,true]},"uagb_author_info":{"display_name":"yaser olabi","author_link":"https:\/\/turkishtrade.co\/tr\/author\/"},"uagb_comment_info":0,"uagb_excerpt":"Material: Premium Calfskin Leather exterior, luxurious Goatskin Leather interior. Sole: Lightweight and durable EVA sole for all-day comfort. Heel Height: Classic 1-3 cm heel for timeless style. Available Sizes: European sizes 39, 40, 41, 42, 43, 44, 45. Wholesale Availability: Minimum order of 8 pairs.","_links":{"self":[{"href":"https:\/\/turkishtrade.co\/tr\/wp-json\/wp\/v2\/product\/5899","targetHints":{"allow":["GET"]}}],"collection":[{"href":"https:\/\/turkishtrade.co\/tr\/wp-json\/wp\/v2\/product"}],"about":[{"href":"https:\/\/turkishtrade.co\/tr\/wp-json\/wp\/v2\/types\/product"}],"wp:featuredmedia":[{"embeddable":true,"href":"https:\/\/turkishtrade.co\/tr\/wp-json\/wp\/v2\/media\/3944"}],"wp:attachment":[{"href":"https:\/\/turkishtrade.co\/tr\/wp-json\/wp\/v2\/media?parent=5899"}],"wp:term":[{"taxonomy":"product_brand","embeddable":true,"href":"https:\/\/turkishtrade.co\/tr\/wp-json\/wp\/v2\/product_brand?post=5899"},{"taxonomy":"product_cat","embeddable":true,"href":"https:\/\/turkishtrade.co\/tr\/wp-json\/wp\/v2\/product_cat?post=5899"},{"taxonomy":"product_tag","embeddable":true,"href":"https:\/\/turkishtrade.co\/tr\/wp-json\/wp\/v2\/product_tag?post=5899"}],"curies":[{"name":"wp","href":"https:\/\/api.w.org\/{rel}","templated":true}]}}