{"id":5897,"date":"2026-01-14T13:39:59","date_gmt":"2026-01-14T13:39:59","guid":{"rendered":"https:\/\/turkishtrade.co\/product\/mens-navy-suede-loafers\/"},"modified":"2026-04-09T19:20:37","modified_gmt":"2026-04-09T19:20:37","slug":"mens-navy-suede-loafers","status":"publish","type":"product","link":"https:\/\/turkishtrade.co\/tr\/shop\/mens-navy-suede-loafers\/","title":{"rendered":"Klasik Erkek Lacivert S\u00fcet G\u00fcnl\u00fck Loafer"},"content":{"rendered":"<p><strong>Erkek Lacivert S\u00fcet Loafer<\/strong><\/p>\n<p>Classic ile zamans\u0131z \u015f\u0131kl\u0131\u011fa ve benzersiz konfora ad\u0131m at\u0131n <strong>Erkek Lacivert S\u00fcet Loafer<\/strong>. Hem stile hem de \u00f6ze de\u011fer veren modern erkekler i\u00e7in tasarlanan bu rahat loaferlar, her se\u00e7kin gard\u0131robun vazge\u00e7ilmez bir par\u00e7as\u0131d\u0131r. Zengin, koyu lacivert tonu sofistike bir dokunu\u015f sa\u011flayarak bu <b>erkek laci\u0307vert s\u00fcet mokasen<\/b> Rahat bir hafta sonu gezisinden \u015f\u0131k ve rahat bir ofis ortam\u0131na kadar \u00e7e\u015fitli durumlar i\u00e7in yeterince \u00e7ok y\u00f6nl\u00fcd\u00fcr.<\/p>\n<p>Detaylara titizlikle \u00f6zen g\u00f6sterilerek \u00fcretilen bu zarif ayakkab\u0131lar\u0131n d\u0131\u015f y\u00fczeyi birinci s\u0131n\u0131f dana derisi s\u00fcetten yap\u0131lm\u0131\u015ft\u0131r. Bu l\u00fcks malzeme sadece yumu\u015fak, kadifemsi bir doku sunmakla kalmaz, ayn\u0131 zamanda dayan\u0131kl\u0131l\u0131k ve g\u00fczel bir \u015fekilde ya\u015flanacak sofistike bir estetik sa\u011flar. \u0130\u00e7 k\u0131s\u0131mda, ola\u011fan\u00fcst\u00fc yumu\u015fakl\u0131\u011f\u0131 ve nefes alabilirli\u011fi ile bilinen hakiki ke\u00e7i derisinden astar sayesinde ayaklar\u0131n\u0131z en \u00fcst d\u00fczeyde konforla sar\u0131lacak.<\/p>\n<p>Y\u00fcksek kaliteli malzemelerden olu\u015fan bu kombinasyon, g\u00fcn boyunca rahat bir kullan\u0131m deneyimi sa\u011flayarak bu ayakkab\u0131lar\u0131 di\u011ferlerinden ay\u0131r\u0131r <strong>erkek laci\u0307vert s\u00fcet mokasen<\/strong> Di\u011ferlerinden.<\/p>\n<p><h3>Rakipsiz Konfor ve Klasik Stil<\/h3>\n<\/p>\n<p>Bu klasik g\u00fcnl\u00fck ayakkab\u0131lar\u0131n temelini geli\u015fmi\u015f EVA taban olu\u015fturur. Hafif ancak inan\u0131lmaz derecede destekleyici EVA taban, her ad\u0131mda darbeyi emerek m\u00fckemmel yast\u0131klama ve esneklik sa\u011flar. Bu yenilik\u00e7i taban teknolojisi <b>erkek laci\u0307vert s\u00fcet mokasen<\/b> Uzun s\u00fcreli kullan\u0131m i\u00e7in idealdir, ister \u015fehir sokaklar\u0131nda geziniyor ister rahat bir y\u00fcr\u00fcy\u00fc\u015f\u00fcn tad\u0131n\u0131 \u00e7\u0131kar\u0131yor olun rahat etmenizi sa\u011flar.<\/p>\n<p>Klasik loafer silueti, 1-3 cm'lik ince bir topukla e\u015fle\u015ftirilerek zamans\u0131z \u00e7ekicili\u011fine ve kolay giyilebilirli\u011fine katk\u0131da bulunur.<\/p>\n<p>Koleksiyonumuz <strong>erkek laci\u0307vert s\u00fcet mokasen<\/strong> AB 39'dan 45'e kadar kapsaml\u0131 bir beden yelpazesinde mevcuttur ve geni\u015f bir ayak yelpazesi i\u00e7in m\u00fckemmel bir uyum sa\u011flar. \u0130ster ki\u015fisel ayakkab\u0131 koleksiyonunuzu g\u00fcncellemek istiyor olun, ister perakende i\u015finiz i\u00e7in stok yapmak istiyor olun, bu birinci s\u0131n\u0131f mokasenler m\u00fckemmel bir se\u00e7imdir. Yaln\u0131zca 8 \u00e7iftlik minimum sipari\u015f miktar\u0131yla, hem bireysel merakl\u0131lara hem de toptan sat\u0131\u015f ortaklar\u0131na hitap ediyor ve talep \u00fczerine rekabet\u00e7i fiyatlar sunuyoruz.<\/p>\n<p>Geleneksel i\u015f\u00e7ilik ve \u00e7a\u011fda\u015f tasar\u0131m\u0131n m\u00fckemmel kar\u0131\u015f\u0131m\u0131n\u0131 deneyimleyin. Bunlar <b>erkek laci\u0307vert s\u00fcet mokasen<\/b> ayakkab\u0131dan daha fazlas\u0131d\u0131r; rafine bir zevkin ve kaliteye ba\u011fl\u0131l\u0131\u011f\u0131n ifadesidir. G\u00fcnl\u00fck stilinizi y\u00fckseltin ve kal\u0131c\u0131 \u00e7ekicilik ve ola\u011fan\u00fcst\u00fc konfor sunan bir \u00e7ifte yat\u0131r\u0131m yap\u0131n. Teslimat genellikle 12 g\u00fcn art\u0131 kargo s\u00fcrer ve sipari\u015finizin en k\u0131sa s\u00fcrede ula\u015fmas\u0131n\u0131 sa\u011flar.<\/p>","protected":false},"excerpt":{"rendered":"<ul>\n<li><strong>D\u0131\u015f Malzeme:<\/strong> Premium Dana Derisi S\u00fcet<\/li>\n<li><strong>\u0130\u00e7 Malzeme:<\/strong> Yumu\u015fak Ke\u00e7i Derisi<\/li>\n<li><strong>Taban:<\/strong> \u00dcst\u00fcn konfor i\u00e7in hafif EVA<\/li>\n<li><strong>Topuk Y\u00fcksekli\u011fi:<\/strong> Klasik Loafer (1-3 cm)<\/li>\n<li><strong>Mevcut Boyutlar:<\/strong> AB 39, 40, 41, 42, 43, 44, 45<\/li>\n<li><strong>Minimum Sipari\u015f:<\/strong> 8 \u00e7ift (Toplu bulunabilirlik)<\/li>\n<li><strong>Teslimat S\u00fcresi:<\/strong> 12 g\u00fcn + nakliye<\/li>\n<\/ul>","protected":false},"featured_media":3943,"template":"","meta":{"_acf_changed":false,"_uag_custom_page_level_css":"","site-sidebar-layout":"default","site-content-layout":"","ast-site-content-layout":"default","site-content-style":"default","site-sidebar-style":"default","ast-global-header-display":"","ast-banner-title-visibility":"","ast-main-header-display":"","ast-hfb-above-header-display":"","ast-hfb-below-header-display":"","ast-hfb-mobile-header-display":"","site-post-title":"","ast-breadcrumbs-content":"","ast-featured-img":"","footer-sml-layout":"","ast-disable-related-posts":"","theme-transparent-header-meta":"","adv-header-id-meta":"","stick-header-meta":"","header-above-stick-meta":"","header-main-stick-meta":"","header-below-stick-meta":"","astra-migrate-meta-layouts":"default","ast-page-background-enabled":"default","ast-page-background-meta":{"desktop":{"background-color":"var(--ast-global-color-4)","background-image":"","background-repeat":"repeat","background-position":"center center","background-size":"auto","background-attachment":"scroll","background-type":"","background-media":"","overlay-type":"","overlay-color":"","overlay-opacity":"","overlay-gradient":""},"tablet":{"background-color":"","background-image":"","background-repeat":"repeat","background-position":"center center","background-size":"auto","background-attachment":"scroll","background-type":"","background-media":"","overlay-type":"","overlay-color":"","overlay-opacity":"","overlay-gradient":""},"mobile":{"background-color":"","background-image":"","background-repeat":"repeat","background-position":"center center","background-size":"auto","background-attachment":"scroll","background-type":"","background-media":"","overlay-type":"","overlay-color":"","overlay-opacity":"","overlay-gradient":""}},"ast-content-background-meta":{"desktop":{"background-color":"var(--ast-global-color-5)","background-image":"","background-repeat":"repeat","background-position":"center center","background-size":"auto","background-attachment":"scroll","background-type":"","background-media":"","overlay-type":"","overlay-color":"","overlay-opacity":"","overlay-gradient":""},"tablet":{"background-color":"var(--ast-global-color-5)","background-image":"","background-repeat":"repeat","background-position":"center center","background-size":"auto","background-attachment":"scroll","background-type":"","background-media":"","overlay-type":"","overlay-color":"","overlay-opacity":"","overlay-gradient":""},"mobile":{"background-color":"var(--ast-global-color-5)","background-image":"","background-repeat":"repeat","background-position":"center center","background-size":"auto","background-attachment":"scroll","background-type":"","background-media":"","overlay-type":"","overlay-color":"","overlay-opacity":"","overlay-gradient":""}}},"product_brand":[],"product_cat":[48,47,49,430,40],"product_tag":[566,449,457,438,556,186,557,406,184,210,149,456],"class_list":{"0":"post-5897","1":"product","2":"type-product","3":"status-publish","4":"has-post-thumbnail","6":"product_cat-casual","7":"product_cat-classic","8":"product_cat-loafer","9":"product_cat-men","10":"product_cat-mens-shoes","11":"product_tag-calfskin-shoes","12":"product_tag-casual-shoes","13":"product_tag-classic-loafers","14":"product_tag-eva-sole","15":"product_tag-goatskin-lining","16":"product_tag-mens-loafers","17":"product_tag-navy-loafers","18":"product_tag-premium-shoes","19":"product_tag-slip-on-shoes","20":"product_tag-smart-casual","21":"product_tag-suede-loafers","22":"product_tag-wholesale-loafers","23":"desktop-align-center","24":"tablet-align-center","25":"mobile-align-center","27":"first","28":"instock","29":"shipping-taxable","30":"purchasable","31":"product-type-variable","32":"has-default-attributes"},"acf":[],"uagb_featured_image_src":{"full":["https:\/\/turkishtrade.co\/wp-content\/uploads\/2026\/01\/2400EJOMN00447-DARK-BLUE-DKS_439-4-USD.png",453,250,false],"thumbnail":["https:\/\/turkishtrade.co\/wp-content\/uploads\/2026\/01\/2400EJOMN00447-DARK-BLUE-DKS_439-4-USD.png",150,83,false],"medium":["https:\/\/turkishtrade.co\/wp-content\/uploads\/2026\/01\/2400EJOMN00447-DARK-BLUE-DKS_439-4-USD.png",300,166,false],"medium_large":["https:\/\/turkishtrade.co\/wp-content\/uploads\/2026\/01\/2400EJOMN00447-DARK-BLUE-DKS_439-4-USD.png",453,250,false],"large":["https:\/\/turkishtrade.co\/wp-content\/uploads\/2026\/01\/2400EJOMN00447-DARK-BLUE-DKS_439-4-USD.png",453,250,false],"1536x1536":["https:\/\/turkishtrade.co\/wp-content\/uploads\/2026\/01\/2400EJOMN00447-DARK-BLUE-DKS_439-4-USD.png",453,250,false],"2048x2048":["https:\/\/turkishtrade.co\/wp-content\/uploads\/2026\/01\/2400EJOMN00447-DARK-BLUE-DKS_439-4-USD.png",453,250,false],"trp-custom-language-flag":["https:\/\/turkishtrade.co\/wp-content\/uploads\/2026\/01\/2400EJOMN00447-DARK-BLUE-DKS_439-4-USD.png",18,10,false],"woocommerce_thumbnail":["https:\/\/turkishtrade.co\/wp-content\/uploads\/2026\/01\/2400EJOMN00447-DARK-BLUE-DKS_439-4-USD-400x250.png",400,250,true],"woocommerce_single":["https:\/\/turkishtrade.co\/wp-content\/uploads\/2026\/01\/2400EJOMN00447-DARK-BLUE-DKS_439-4-USD.png",453,250,false],"woocommerce_gallery_thumbnail":["https:\/\/turkishtrade.co\/wp-content\/uploads\/2026\/01\/2400EJOMN00447-DARK-BLUE-DKS_439-4-USD-100x100.png",100,100,true]},"uagb_author_info":{"display_name":"yaser olabi","author_link":"https:\/\/turkishtrade.co\/tr\/author\/"},"uagb_comment_info":0,"uagb_excerpt":"Outer Material: Premium Calfskin Suede Inner Material: Soft Goatskin Leather Sole: Lightweight EVA for superior comfort Heel Height: Classic Loafer (1-3 cm) Available Sizes: EU 39, 40, 41, 42, 43, 44, 45 Minimum Order: 8 pairs (Bulk availability) Delivery Time: 12 days + shipping","_links":{"self":[{"href":"https:\/\/turkishtrade.co\/tr\/wp-json\/wp\/v2\/product\/5897","targetHints":{"allow":["GET"]}}],"collection":[{"href":"https:\/\/turkishtrade.co\/tr\/wp-json\/wp\/v2\/product"}],"about":[{"href":"https:\/\/turkishtrade.co\/tr\/wp-json\/wp\/v2\/types\/product"}],"wp:featuredmedia":[{"embeddable":true,"href":"https:\/\/turkishtrade.co\/tr\/wp-json\/wp\/v2\/media\/3943"}],"wp:attachment":[{"href":"https:\/\/turkishtrade.co\/tr\/wp-json\/wp\/v2\/media?parent=5897"}],"wp:term":[{"taxonomy":"product_brand","embeddable":true,"href":"https:\/\/turkishtrade.co\/tr\/wp-json\/wp\/v2\/product_brand?post=5897"},{"taxonomy":"product_cat","embeddable":true,"href":"https:\/\/turkishtrade.co\/tr\/wp-json\/wp\/v2\/product_cat?post=5897"},{"taxonomy":"product_tag","embeddable":true,"href":"https:\/\/turkishtrade.co\/tr\/wp-json\/wp\/v2\/product_tag?post=5897"}],"curies":[{"name":"wp","href":"https:\/\/api.w.org\/{rel}","templated":true}]}}