{"id":5896,"date":"2026-01-14T13:39:36","date_gmt":"2026-01-14T13:39:36","guid":{"rendered":"https:\/\/turkishtrade.co\/product\/mens-leather-casual-loafers-5\/"},"modified":"2026-04-09T19:20:41","modified_gmt":"2026-04-09T19:20:41","slug":"mens-leather-casual-loafers-5","status":"publish","type":"product","link":"https:\/\/turkishtrade.co\/tr\/shop\/mens-leather-casual-loafers-5\/","title":{"rendered":"EVA Tabanl\u0131 Erkek Premium Dana Derisi G\u00fcnl\u00fck Loafer"},"content":{"rendered":"<p><strong>Erkek Deri G\u00fcnl\u00fck Loafer'lar<\/strong><\/p>\n<p>Enfes koleksiyonumuzla tan\u0131\u015f\u0131n <strong>Erkek Deri G\u00fcnl\u00fck Loafer'lar<\/strong>, hem stil hem de konfora de\u011fer veren se\u00e7ici beyefendiler i\u00e7in tasarlanm\u0131\u015ft\u0131r. Bu birinci s\u0131n\u0131f slip-on ayakkab\u0131lar, klasik \u015f\u0131kl\u0131\u011f\u0131 modern g\u00fcndelik \u00e7ekicilikle kusursuz bir \u015fekilde harmanlayarak her gard\u0131roba \u00e7ok y\u00f6nl\u00fc bir katk\u0131 sa\u011flar. Detaylara g\u00f6sterilen titizlikle haz\u0131rlanan her bir \u00e7ift, y\u00fcksek kaliteli, toptan erkek ayakkab\u0131s\u0131 arayan perakendeciler ve i\u015fletmeler i\u00e7in m\u00fckemmel olan ayakkab\u0131 sanat\u0131n\u0131n en iyisini temsil eder.<\/p>\n<p>Bu ola\u011fan\u00fcst\u00fc binan\u0131n d\u0131\u015f cephesi <strong>Erkek Deri G\u00fcnl\u00fck Loafer'lar<\/strong> dayan\u0131kl\u0131l\u0131\u011f\u0131, esnek dokusu ve l\u00fcks hissi ile bilinen y\u00fcksek kaliteli dana derisinden \u00fcretilmi\u015ftir. Zengin, koyu bordo tonu, vampir \u00e7evresindeki ince brogue benzeri deliklerle vurgulanarak, ofis rahatl\u0131\u011f\u0131ndan hafta sonu e\u011flencesine zahmetsizce ge\u00e7i\u015f yapan sofistike bir estetik sunar. Bu zarif d\u0131\u015f y\u00fczey sadece muhte\u015fem g\u00f6r\u00fcnmekle kalmaz, ayn\u0131 zamanda uzun s\u00fcreli kullan\u0131m ve zarif bir g\u00f6r\u00fcn\u00fcm sa\u011flar.<\/p>\n<h3>Rakipsiz Konfor ve \u0130\u015f\u00e7ilik<\/h3>\n<p>Tasar\u0131m felsefemizde konfor her \u015feyden \u00f6nemlidir. \u0130\u00e7 k\u0131sm\u0131 son derece yumu\u015fak ke\u00e7i derisi ile astarlanm\u0131\u015ft\u0131r ve g\u00fcn boyunca ayaklar\u0131n\u0131z i\u00e7in p\u00fcr\u00fczs\u00fcz, nefes alabilen ve rahat bir ortam sa\u011flar. Bu \u00f6zenli malzeme se\u00e7imi, uzun s\u00fcreli kullan\u0131mdan sonra bile rahats\u0131zl\u0131\u011f\u0131 \u00f6nleyerek rahat ama nazik bir uyum sa\u011flar.<\/p>\n<p>Birinci s\u0131n\u0131f deri sayay\u0131 tamamlayan taban, \u00fcst\u00fcn yast\u0131klama ve esneklik sunan hafif EVA'dan \u00fcretilmi\u015ftir. Bu yenilik\u00e7i taban malzemesi m\u00fckemmel \u015fok emilimi sa\u011flayarak her ad\u0131m\u0131 bir zevk haline getirirken, sa\u011flam yap\u0131s\u0131 uzun s\u00fcreli dayan\u0131kl\u0131l\u0131k vaat eder.<\/p>\n<p>Bizim <strong>Erkek Deri G\u00fcnl\u00fck Loafer'lar<\/strong> Klasik loafer'lara \u00f6zg\u00fc m\u00fctevaz\u0131 bir topuk y\u00fcksekli\u011fine (yakla\u015f\u0131k 1-3 cm) sahiptir ve denge veya konfordan \u00f6d\u00fcn vermeden do\u011fru miktarda y\u00fckseklik sa\u011flar. Slip-on tasar\u0131m\u0131 rahatl\u0131k ve kullan\u0131m kolayl\u0131\u011f\u0131 sa\u011flayarak bu ayakkab\u0131lar\u0131 me\u015fgul bireyler i\u00e7in ideal bir se\u00e7im haline getirir. EU 39'dan 45'e kadar kapsaml\u0131 bir beden yelpazesinde mevcut olan bu loaferlar geni\u015f bir m\u00fc\u015fteri kitlesine hitap etmektedir.<\/p>\n<p>Toptan sat\u0131\u015f ortaklar\u0131m\u0131z\u0131n ihtiya\u00e7lar\u0131n\u0131 anl\u0131yoruz ve bu birinci s\u0131n\u0131f mokasen ayakkab\u0131lar yaln\u0131zca 8 \u00e7iftlik minimum sipari\u015f miktar\u0131yla, tahmini teslimat s\u00fcresi 12 g\u00fcn art\u0131 nakliye ile sunuluyor ve i\u015fletmeniz i\u00e7in zaman\u0131nda ve verimli bir tedarik zinciri sa\u011fl\u0131yor.<\/p>\n<p>Kalite ve stil hakk\u0131nda \u00e7ok \u015fey anlatan ayakkab\u0131lara yat\u0131r\u0131m yap\u0131n. Bu Erkek Deri G\u00fcnl\u00fck Loafer'lar sadece bir ayakkab\u0131 de\u011fildir; beklentileri a\u015fmak ve en se\u00e7ici m\u00fc\u015fterileri memnun etmek i\u00e7in haz\u0131rlanm\u0131\u015f sofistike bir konfor ve kal\u0131c\u0131 bir zarafet ifadesidir.<\/p>","protected":false},"excerpt":{"rendered":"<ul>\n<li><strong>\u00dcst Malzeme:<\/strong> Premium Dana Derisi<\/li>\n<li><strong>Astar Malzemesi:<\/strong> L\u00fcks Ke\u00e7i Derisi<\/li>\n<li><strong>Taban:<\/strong> Hafif ve Rahat EVA<\/li>\n<li><strong>Topuk Y\u00fcksekli\u011fi:<\/strong> Al\u00e7ak (yakla\u015f\u0131k 1-3cm), Klasik Loafer Stili<\/li>\n<li><strong>Stil:<\/strong> Brogue Detayl\u0131 Zarif Slip-On G\u00fcnl\u00fck Loafer<\/li>\n<li><strong>Mevcut Boyutlar:<\/strong> AB 39, 40, 41, 42, 43, 44, 45<\/li>\n<li><strong>Minimum Sipari\u015f Miktar\u0131:<\/strong> 8 \u00c7ift<\/li>\n<li><strong>Tahmini Teslim S\u00fcresi:<\/strong> 12 G\u00fcn + Kargo<\/li>\n<\/ul>","protected":false},"featured_media":3942,"template":"","meta":{"_acf_changed":false,"_uag_custom_page_level_css":"","site-sidebar-layout":"default","site-content-layout":"","ast-site-content-layout":"default","site-content-style":"default","site-sidebar-style":"default","ast-global-header-display":"","ast-banner-title-visibility":"","ast-main-header-display":"","ast-hfb-above-header-display":"","ast-hfb-below-header-display":"","ast-hfb-mobile-header-display":"","site-post-title":"","ast-breadcrumbs-content":"","ast-featured-img":"","footer-sml-layout":"","ast-disable-related-posts":"","theme-transparent-header-meta":"default","adv-header-id-meta":"","stick-header-meta":"","header-above-stick-meta":"","header-main-stick-meta":"","header-below-stick-meta":"","astra-migrate-meta-layouts":"set","ast-page-background-enabled":"default","ast-page-background-meta":{"desktop":{"background-color":"var(--ast-global-color-4)","background-image":"","background-repeat":"repeat","background-position":"center center","background-size":"auto","background-attachment":"scroll","background-type":"","background-media":"","overlay-type":"","overlay-color":"","overlay-opacity":"","overlay-gradient":""},"tablet":{"background-color":"","background-image":"","background-repeat":"repeat","background-position":"center center","background-size":"auto","background-attachment":"scroll","background-type":"","background-media":"","overlay-type":"","overlay-color":"","overlay-opacity":"","overlay-gradient":""},"mobile":{"background-color":"","background-image":"","background-repeat":"repeat","background-position":"center center","background-size":"auto","background-attachment":"scroll","background-type":"","background-media":"","overlay-type":"","overlay-color":"","overlay-opacity":"","overlay-gradient":""}},"ast-content-background-meta":{"desktop":{"background-color":"var(--ast-global-color-5)","background-image":"","background-repeat":"repeat","background-position":"center center","background-size":"auto","background-attachment":"scroll","background-type":"","background-media":"","overlay-type":"","overlay-color":"","overlay-opacity":"","overlay-gradient":""},"tablet":{"background-color":"var(--ast-global-color-5)","background-image":"","background-repeat":"repeat","background-position":"center center","background-size":"auto","background-attachment":"scroll","background-type":"","background-media":"","overlay-type":"","overlay-color":"","overlay-opacity":"","overlay-gradient":""},"mobile":{"background-color":"var(--ast-global-color-5)","background-image":"","background-repeat":"repeat","background-position":"center center","background-size":"auto","background-attachment":"scroll","background-type":"","background-media":"","overlay-type":"","overlay-color":"","overlay-opacity":"","overlay-gradient":""}}},"product_brand":[],"product_cat":[48,47,49,430,40],"product_tag":[970,202,449,457,220,982,438,437,227,186,1083,406,988,254],"class_list":{"0":"post-5896","1":"product","2":"type-product","3":"status-publish","4":"has-post-thumbnail","6":"product_cat-casual","7":"product_cat-classic","8":"product_cat-loafer","9":"product_cat-men","10":"product_cat-mens-shoes","11":"product_tag-burgundy-shoes","12":"product_tag-calf-leather","13":"product_tag-casual-shoes","14":"product_tag-classic-loafers","15":"product_tag-comfortable-loafers","16":"product_tag-durable-footwear","17":"product_tag-eva-sole","18":"product_tag-goat-leather","19":"product_tag-leather-shoes","20":"product_tag-mens-loafers","21":"product_tag-mens-slip-on","22":"product_tag-premium-shoes","23":"product_tag-slip-on","24":"product_tag-wholesale-footwear","25":"desktop-align-center","26":"tablet-align-center","27":"mobile-align-center","29":"first","30":"instock","31":"sale","32":"shipping-taxable","33":"purchasable","34":"product-type-variable","35":"has-default-attributes"},"acf":[],"uagb_featured_image_src":{"full":["https:\/\/turkishtrade.co\/wp-content\/uploads\/2026\/01\/2400EJOMN00438-BURGUNDEY-X_625-6-USD.png",453,250,false],"thumbnail":["https:\/\/turkishtrade.co\/wp-content\/uploads\/2026\/01\/2400EJOMN00438-BURGUNDEY-X_625-6-USD-150x150.png",150,150,true],"medium":["https:\/\/turkishtrade.co\/wp-content\/uploads\/2026\/01\/2400EJOMN00438-BURGUNDEY-X_625-6-USD-300x166.png",300,166,true],"medium_large":["https:\/\/turkishtrade.co\/wp-content\/uploads\/2026\/01\/2400EJOMN00438-BURGUNDEY-X_625-6-USD.png",453,250,false],"large":["https:\/\/turkishtrade.co\/wp-content\/uploads\/2026\/01\/2400EJOMN00438-BURGUNDEY-X_625-6-USD.png",453,250,false],"1536x1536":["https:\/\/turkishtrade.co\/wp-content\/uploads\/2026\/01\/2400EJOMN00438-BURGUNDEY-X_625-6-USD.png",453,250,false],"2048x2048":["https:\/\/turkishtrade.co\/wp-content\/uploads\/2026\/01\/2400EJOMN00438-BURGUNDEY-X_625-6-USD.png",453,250,false],"trp-custom-language-flag":["https:\/\/turkishtrade.co\/wp-content\/uploads\/2026\/01\/2400EJOMN00438-BURGUNDEY-X_625-6-USD-18x10.png",18,10,true],"woocommerce_thumbnail":["https:\/\/turkishtrade.co\/wp-content\/uploads\/2026\/01\/2400EJOMN00438-BURGUNDEY-X_625-6-USD-400x250.png",400,250,true],"woocommerce_single":["https:\/\/turkishtrade.co\/wp-content\/uploads\/2026\/01\/2400EJOMN00438-BURGUNDEY-X_625-6-USD.png",453,250,false],"woocommerce_gallery_thumbnail":["https:\/\/turkishtrade.co\/wp-content\/uploads\/2026\/01\/2400EJOMN00438-BURGUNDEY-X_625-6-USD-100x100.png",100,100,true]},"uagb_author_info":{"display_name":"yaser olabi","author_link":"https:\/\/turkishtrade.co\/tr\/author\/"},"uagb_comment_info":0,"uagb_excerpt":"Upper Material: Premium Calf Leather Lining Material: Luxurious Goat Leather Sole: Lightweight and Comfortable EVA Heel Height: Low (approx. 1-3cm), Classic Loafer Style Style: Elegant Slip-On Casual Loafer with Brogue Detailing Available Sizes: EU 39, 40, 41, 42, 43, 44, 45 Minimum Order Quantity: 8 Pairs Estimated Delivery Time: 12 Days + Shipping","_links":{"self":[{"href":"https:\/\/turkishtrade.co\/tr\/wp-json\/wp\/v2\/product\/5896","targetHints":{"allow":["GET"]}}],"collection":[{"href":"https:\/\/turkishtrade.co\/tr\/wp-json\/wp\/v2\/product"}],"about":[{"href":"https:\/\/turkishtrade.co\/tr\/wp-json\/wp\/v2\/types\/product"}],"wp:featuredmedia":[{"embeddable":true,"href":"https:\/\/turkishtrade.co\/tr\/wp-json\/wp\/v2\/media\/3942"}],"wp:attachment":[{"href":"https:\/\/turkishtrade.co\/tr\/wp-json\/wp\/v2\/media?parent=5896"}],"wp:term":[{"taxonomy":"product_brand","embeddable":true,"href":"https:\/\/turkishtrade.co\/tr\/wp-json\/wp\/v2\/product_brand?post=5896"},{"taxonomy":"product_cat","embeddable":true,"href":"https:\/\/turkishtrade.co\/tr\/wp-json\/wp\/v2\/product_cat?post=5896"},{"taxonomy":"product_tag","embeddable":true,"href":"https:\/\/turkishtrade.co\/tr\/wp-json\/wp\/v2\/product_tag?post=5896"}],"curies":[{"name":"wp","href":"https:\/\/api.w.org\/{rel}","templated":true}]}}