{"id":5894,"date":"2026-01-14T13:39:19","date_gmt":"2026-01-14T13:39:19","guid":{"rendered":"https:\/\/turkishtrade.co\/product\/mens-blue-leather-derby-shoes-3\/"},"modified":"2026-04-09T19:20:44","modified_gmt":"2026-04-09T19:20:44","slug":"mens-blue-leather-derby-shoes-3","status":"publish","type":"product","link":"https:\/\/turkishtrade.co\/tr\/shop\/mens-blue-leather-derby-shoes-3\/","title":{"rendered":"EVA Tabanl\u0131 Erkek Mavi Dana Derisi Derby Ayakkab\u0131"},"content":{"rendered":"<p><strong>Erkek Mavi Deri Derby Ayakkab\u0131<\/strong><\/p>\n<p>Ayakkab\u0131 koleksiyonunuzu birinci s\u0131n\u0131f \u00fcr\u00fcnlerimizle geli\u015ftirin <b>Erkek Mavi Deri Derby Ayakkab\u0131<\/b>. Modern beyefendiler i\u00e7in ustal\u0131kla \u00fcretilen bu \u00e7ok y\u00f6nl\u00fc ayakkab\u0131lar, klasik sofistikeli\u011fi \u00e7a\u011fda\u015f konforla harmanl\u0131yor. \u00c7arp\u0131c\u0131 mavi renk tonu, zarif derby sil\u00fceti ile birle\u015fti\u011finde, ister i\u015f toplant\u0131s\u0131nda, ister g\u00fcndelik bir gezide veya \u00f6zel bir etkinlikte kal\u0131c\u0131 bir etki b\u0131rakman\u0131z\u0131 sa\u011flar.<\/p>\n<p>Bunlar <b>Erkek Mavi Deri Derby Ayakkab\u0131<\/b> bir moda ifadesinden \u00e7ok daha fazlas\u0131d\u0131r; \u00fcst\u00fcn i\u015f\u00e7ilik ve kaliteli malzemelerin bir kan\u0131t\u0131d\u0131r ve onlar\u0131 her gard\u0131robun vazge\u00e7ilmez bir eklentisi haline getirir.<\/p>\n<p>Bu ola\u011fan\u00fcst\u00fc binan\u0131n d\u0131\u015f cephesi <b>Erkek Mavi Deri Derby Ayakkab\u0131<\/b> p\u00fcr\u00fczs\u00fcz dokusu, dayan\u0131kl\u0131l\u0131\u011f\u0131 ve zarif y\u00fczeyiyle tan\u0131nan hakiki dana derisinden titizlikle \u00fcretilmi\u015ftir. Bu y\u00fcksek kaliteli dana derisi sadece l\u00fcks g\u00f6r\u00fcnmekle kalmaz, ayn\u0131 zamanda zamanla aya\u011f\u0131n\u0131za g\u00fczel bir \u015fekilde uyum sa\u011flayarak sadece ya\u015fla birlikte geli\u015fen ki\u015fiselle\u015ftirilmi\u015f bir uyum sunar. Sa\u011flam d\u0131\u015f y\u00fczeyi tamamlayan i\u00e7 astar ise son derece yumu\u015fak ke\u00e7i derisidir.<\/p>\n<p>Bu \u00f6zenli malzeme se\u00e7imi, benzersiz nefes alabilirlik ve konfor sa\u011flayarak ayaklar\u0131n\u0131z\u0131n g\u00fcn boyunca serin ve kuru kalmas\u0131n\u0131 sa\u011flar. Bu kaliteli ayakkab\u0131larla att\u0131\u011f\u0131n\u0131z her ad\u0131mda kaliteli malzemelerin yaratt\u0131\u011f\u0131 fark\u0131 ger\u00e7ekten takdir edeceksiniz. <b>Erkek Mavi Deri Derby Ayakkab\u0131<\/b>.<\/p>\n<p><h3>Rakipsiz Konfor ve Zamans\u0131z Tasar\u0131m<\/h3>\n<\/p>\n<p>Konfor her \u015feyden \u00f6nemlidir ve <b>Erkek Mavi Deri Derby Ayakkab\u0131<\/b> ola\u011fan\u00fcst\u00fc bir y\u00fcr\u00fcy\u00fc\u015f deneyimi sunar. Hafif ve y\u00fcksek yast\u0131kl\u0131 EVA tabana sahip olan bu ayakkab\u0131lar, darbeyi emmek ve m\u00fckemmel kemer deste\u011fi sa\u011flamak i\u00e7in titizlikle tasarlanm\u0131\u015ft\u0131r. Bu yenilik\u00e7i taban teknolojisi maksimum konfor sa\u011flayarak uzun g\u00fcnler boyunca ayakta kalmak i\u00e7in ideal bir se\u00e7imdir.<\/p>\n<p>\u0130nce ama \u015f\u0131k 1-3 cm topuk y\u00fcksekli\u011fine sahip bu klasik derby ayakkab\u0131lar, y\u00fckseklik ve sa\u011flaml\u0131k aras\u0131nda m\u00fckemmel bir denge sunar. 39'dan 45'e kadar kapsaml\u0131 bir beden yelpazesinde mevcut olan bu ayakkab\u0131larla m\u00fckemmel \u00e7iftinizi bulabilirsiniz. <b>Erkek Mavi Deri Derby Ayakkab\u0131<\/b> zahmetsizdir.<\/p>\n<p><h3>Toplu Sipari\u015fler ve Dikkatli Perakendeciler i\u00e7in M\u00fckemmel<\/h3>\n<\/p>\n<p>Hem stil hem de i\u00e7erik arayan se\u00e7ici al\u0131c\u0131lar i\u00e7in m\u00fckemmel olan bu <b>Erkek Mavi Deri Derby Ayakkab\u0131<\/b> y\u0131llarca dayanacak \u015fekilde tasarlanm\u0131\u015ft\u0131r. Zamans\u0131z cazibeleri sayesinde \u015f\u0131k g\u00fcndelik k\u0131yafetlerle, \u00f6zel dikim pantolonlarla ve hatta sofistike denimlerle zahmetsizce e\u015fle\u015ftirilebilirler. Ayakkab\u0131lar\u0131m\u0131z\u0131 di\u011ferlerinden ay\u0131ran gelenek ve yenilik kar\u0131\u015f\u0131m\u0131n\u0131 deneyimleyin.<\/p>\n<p>\u0130\u015fletmeler ve perakendeciler i\u00e7in bu premium <b>Erkek Mavi Deri Derby Ayakkab\u0131<\/b> minimum 8 \u00e7ift sipari\u015f miktar\u0131 ile toplu sat\u0131n al\u0131m i\u00e7in mevcuttur. Y\u00fcksek kaliteli envanterinizi verimli bir \u015fekilde alman\u0131z\u0131 sa\u011flamak i\u00e7in 12 g\u00fcn i\u00e7inde g\u00f6nderilen sipari\u015fler ve nakliye ile zaman\u0131nda teslimat konusunda kendimizle gurur duyuyoruz. Zaman\u0131n, stilin ve konforun testine dayanan ayakkab\u0131lara yat\u0131r\u0131m yap\u0131n - se\u00e7kin \u00fcr\u00fcnlerimizi se\u00e7in <b>Erkek Mavi Deri Derby Ayakkab\u0131<\/b> Bug\u00fcn.<\/p>","protected":false},"excerpt":{"rendered":"<ul>\n<li>Zarif Dana Derisi D\u0131\u015f Y\u00fczey<\/li>\n<li>Yumu\u015fak Ke\u00e7i Derisi \u0130\u00e7 Astar<\/li>\n<li>T\u00fcm G\u00fcn Konfor i\u00e7in Hafif ve Yast\u0131kl\u0131 EVA Taban<\/li>\n<li>1-3 cm Topuk Y\u00fcksekli\u011fi ile Klasik Derby Stili<\/li>\n<li>39-45 Bedenlerde Mevcuttur<\/li>\n<li>Minimum Sipari\u015f: 8 \u00c7ift (Toplu \u0130ndirimler Mevcuttur)<\/li>\n<li>Teslimat S\u00fcresi: 12 G\u00fcn + Kargo<\/li>\n<\/ul>","protected":false},"featured_media":3941,"template":"","meta":{"_acf_changed":false,"_uag_custom_page_level_css":"","site-sidebar-layout":"default","site-content-layout":"","ast-site-content-layout":"default","site-content-style":"default","site-sidebar-style":"default","ast-global-header-display":"","ast-banner-title-visibility":"","ast-main-header-display":"","ast-hfb-above-header-display":"","ast-hfb-below-header-display":"","ast-hfb-mobile-header-display":"","site-post-title":"","ast-breadcrumbs-content":"","ast-featured-img":"","footer-sml-layout":"","ast-disable-related-posts":"","theme-transparent-header-meta":"","adv-header-id-meta":"","stick-header-meta":"","header-above-stick-meta":"","header-main-stick-meta":"","header-below-stick-meta":"","astra-migrate-meta-layouts":"default","ast-page-background-enabled":"default","ast-page-background-meta":{"desktop":{"background-color":"var(--ast-global-color-4)","background-image":"","background-repeat":"repeat","background-position":"center center","background-size":"auto","background-attachment":"scroll","background-type":"","background-media":"","overlay-type":"","overlay-color":"","overlay-opacity":"","overlay-gradient":""},"tablet":{"background-color":"","background-image":"","background-repeat":"repeat","background-position":"center center","background-size":"auto","background-attachment":"scroll","background-type":"","background-media":"","overlay-type":"","overlay-color":"","overlay-opacity":"","overlay-gradient":""},"mobile":{"background-color":"","background-image":"","background-repeat":"repeat","background-position":"center center","background-size":"auto","background-attachment":"scroll","background-type":"","background-media":"","overlay-type":"","overlay-color":"","overlay-opacity":"","overlay-gradient":""}},"ast-content-background-meta":{"desktop":{"background-color":"var(--ast-global-color-5)","background-image":"","background-repeat":"repeat","background-position":"center center","background-size":"auto","background-attachment":"scroll","background-type":"","background-media":"","overlay-type":"","overlay-color":"","overlay-opacity":"","overlay-gradient":""},"tablet":{"background-color":"var(--ast-global-color-5)","background-image":"","background-repeat":"repeat","background-position":"center center","background-size":"auto","background-attachment":"scroll","background-type":"","background-media":"","overlay-type":"","overlay-color":"","overlay-opacity":"","overlay-gradient":""},"mobile":{"background-color":"var(--ast-global-color-5)","background-image":"","background-repeat":"repeat","background-position":"center center","background-size":"auto","background-attachment":"scroll","background-type":"","background-media":"","overlay-type":"","overlay-color":"","overlay-opacity":"","overlay-gradient":""}}},"product_brand":[],"product_cat":[48,47,49,430,40],"product_tag":[646,513,566,449,222,480,438,487,251,556,981,198,680,281],"class_list":{"0":"post-5894","1":"product","2":"type-product","3":"status-publish","4":"has-post-thumbnail","6":"product_cat-casual","7":"product_cat-classic","8":"product_cat-loafer","9":"product_cat-men","10":"product_cat-mens-shoes","11":"product_tag-blue-shoes","12":"product_tag-business-casual-shoes","13":"product_tag-calfskin-shoes","14":"product_tag-casual-shoes","15":"product_tag-comfortable-shoes","16":"product_tag-elegant-shoes","17":"product_tag-eva-sole","18":"product_tag-footwear","19":"product_tag-formal-shoes","20":"product_tag-goatskin-lining","21":"product_tag-leather-derby","22":"product_tag-mens-fashion","23":"product_tag-stylish-shoes","24":"product_tag-wholesale-shoes","25":"desktop-align-center","26":"tablet-align-center","27":"mobile-align-center","29":"first","30":"instock","31":"shipping-taxable","32":"purchasable","33":"product-type-variable","34":"has-default-attributes"},"acf":[],"uagb_featured_image_src":{"full":["https:\/\/turkishtrade.co\/wp-content\/uploads\/2026\/01\/2400EJOMN00436-DARK-BLUE-X_434_1-150-USD-4-USD.png",453,250,false],"thumbnail":["https:\/\/turkishtrade.co\/wp-content\/uploads\/2026\/01\/2400EJOMN00436-DARK-BLUE-X_434_1-150-USD-4-USD-150x150.png",150,150,true],"medium":["https:\/\/turkishtrade.co\/wp-content\/uploads\/2026\/01\/2400EJOMN00436-DARK-BLUE-X_434_1-150-USD-4-USD-300x166.png",300,166,true],"medium_large":["https:\/\/turkishtrade.co\/wp-content\/uploads\/2026\/01\/2400EJOMN00436-DARK-BLUE-X_434_1-150-USD-4-USD.png",453,250,false],"large":["https:\/\/turkishtrade.co\/wp-content\/uploads\/2026\/01\/2400EJOMN00436-DARK-BLUE-X_434_1-150-USD-4-USD.png",453,250,false],"1536x1536":["https:\/\/turkishtrade.co\/wp-content\/uploads\/2026\/01\/2400EJOMN00436-DARK-BLUE-X_434_1-150-USD-4-USD.png",453,250,false],"2048x2048":["https:\/\/turkishtrade.co\/wp-content\/uploads\/2026\/01\/2400EJOMN00436-DARK-BLUE-X_434_1-150-USD-4-USD.png",453,250,false],"trp-custom-language-flag":["https:\/\/turkishtrade.co\/wp-content\/uploads\/2026\/01\/2400EJOMN00436-DARK-BLUE-X_434_1-150-USD-4-USD-18x10.png",18,10,true],"woocommerce_thumbnail":["https:\/\/turkishtrade.co\/wp-content\/uploads\/2026\/01\/2400EJOMN00436-DARK-BLUE-X_434_1-150-USD-4-USD-400x250.png",400,250,true],"woocommerce_single":["https:\/\/turkishtrade.co\/wp-content\/uploads\/2026\/01\/2400EJOMN00436-DARK-BLUE-X_434_1-150-USD-4-USD.png",453,250,false],"woocommerce_gallery_thumbnail":["https:\/\/turkishtrade.co\/wp-content\/uploads\/2026\/01\/2400EJOMN00436-DARK-BLUE-X_434_1-150-USD-4-USD-100x100.png",100,100,true]},"uagb_author_info":{"display_name":"yaser olabi","author_link":"https:\/\/turkishtrade.co\/tr\/author\/"},"uagb_comment_info":0,"uagb_excerpt":"Exquisite Calfskin Leather Exterior Soft Goatskin Leather Interior Lining Lightweight &amp; Cushioned EVA Sole for All-Day Comfort Classic Derby Style with a 1-3 cm Heel Height Available in Sizes 39-45 Minimum Order: 8 Pairs (Bulk Discounts Available) Delivery Time: 12 Days + Shipping","_links":{"self":[{"href":"https:\/\/turkishtrade.co\/tr\/wp-json\/wp\/v2\/product\/5894","targetHints":{"allow":["GET"]}}],"collection":[{"href":"https:\/\/turkishtrade.co\/tr\/wp-json\/wp\/v2\/product"}],"about":[{"href":"https:\/\/turkishtrade.co\/tr\/wp-json\/wp\/v2\/types\/product"}],"wp:featuredmedia":[{"embeddable":true,"href":"https:\/\/turkishtrade.co\/tr\/wp-json\/wp\/v2\/media\/3941"}],"wp:attachment":[{"href":"https:\/\/turkishtrade.co\/tr\/wp-json\/wp\/v2\/media?parent=5894"}],"wp:term":[{"taxonomy":"product_brand","embeddable":true,"href":"https:\/\/turkishtrade.co\/tr\/wp-json\/wp\/v2\/product_brand?post=5894"},{"taxonomy":"product_cat","embeddable":true,"href":"https:\/\/turkishtrade.co\/tr\/wp-json\/wp\/v2\/product_cat?post=5894"},{"taxonomy":"product_tag","embeddable":true,"href":"https:\/\/turkishtrade.co\/tr\/wp-json\/wp\/v2\/product_tag?post=5894"}],"curies":[{"name":"wp","href":"https:\/\/api.w.org\/{rel}","templated":true}]}}