{"id":5892,"date":"2026-01-14T13:39:00","date_gmt":"2026-01-14T13:39:00","guid":{"rendered":"https:\/\/turkishtrade.co\/product\/men-s-brown-leather-derby-shoes\/"},"modified":"2026-04-09T19:20:47","modified_gmt":"2026-04-09T19:20:47","slug":"mens-brown-leather-derby-shoes-9","status":"publish","type":"product","link":"https:\/\/turkishtrade.co\/tr\/shop\/mens-brown-leather-derby-shoes-9\/","title":{"rendered":"EVA Tabanl\u0131 Premium Erkek Kahverengi Deri Derby Ayakkab\u0131"},"content":{"rendered":"<p><strong>Erkek Kahverengi Deri Derby Ayakkab\u0131<\/strong><\/p>\n<p>Enfes \u00fcr\u00fcnlerimizle tan\u0131\u015f\u0131n <b>Erkek Kahverengi Deri Derby Ayakkab\u0131<\/b>, Hem stil hem de konfora de\u011fer veren se\u00e7ici bireyler i\u00e7in titizlikle tasarlanm\u0131\u015ft\u0131r. Bu birinci s\u0131n\u0131f <b>Erkek Kahverengi Deri Derby Ayakkab\u0131<\/b> \u00fcst\u00fcn i\u015f\u00e7ilik ve kalitenin bir kan\u0131t\u0131d\u0131r ve geleneksel tasar\u0131m\u0131 modern konfor \u00f6zellikleriyle harmanlayarak her gard\u0131rop i\u00e7in \u00e7ok y\u00f6nl\u00fc bir ek olu\u015fturur.<\/p>\n<p><h3>Benzersiz \u0130\u015f\u00e7ilik ve Malzemeler<\/h3>\n<\/p>\n<p>Bu sofistike tasar\u0131mlar\u0131n d\u0131\u015f <b>Erkek Kahverengi Deri Derby Ayakkab\u0131<\/b> esnek hissi, dayan\u0131kl\u0131l\u0131\u011f\u0131 ve zaman i\u00e7inde g\u00fczel bir patine geli\u015ftirme yetene\u011fi ile bilinen hakiki dana derisinden \u00fcretilmi\u015ftir.<\/p>\n<p>Bu zengin kahverengi ton, \u00e7e\u015fitli k\u0131yafetlerle zahmetsizce e\u015fle\u015fen klasik ama \u00e7a\u011fda\u015f bir g\u00f6r\u00fcn\u00fcm sunar. \u0130\u00e7 k\u0131s\u0131mdaki l\u00fcks ke\u00e7i derisi astar sayesinde ayaklar\u0131n\u0131z benzersiz bir yumu\u015fakl\u0131k ya\u015fayacak. <b>Erkek Kahverengi Deri Derby Ayakkab\u0131<\/b> g\u00fcn boyu giymek i\u00e7in bir zevk. Ke\u00e7i derisi nefes alabilirli\u011fi ve p\u00fcr\u00fczs\u00fcz dokusuyla \u00fcnl\u00fcd\u00fcr ve her ad\u0131mda maksimum konfor sa\u011flar.<\/p>\n<p><h3>Yenilik\u00e7i Konfor ve Stil<\/h3>\n<\/p>\n<p>Rahatl\u0131klar\u0131n\u0131n temelinde geli\u015fmi\u015f EVA taban yatar. Hafif, esnek ve son derece \u015fok emici olan EVA taban, m\u00fckemmel yast\u0131klama sa\u011flayarak bu ayakkab\u0131lar\u0131 <b>Erkek Kahverengi Deri Derby Ayakkab\u0131<\/b> uzun s\u00fcreli kullan\u0131m i\u00e7in ideal. Klasik 1-3 cm topukla tasarlanan bu ayakkab\u0131lar, denge veya konfordan \u00f6d\u00fcn vermeden hafif bir y\u00fckseklik sunar.<\/p>\n<p>Ba\u011fc\u0131kl\u0131 Derby stili g\u00fcvenli ve ayarlanabilir bir uyum sa\u011flarken, sa\u011flam taban bu zarif tasar\u0131ma sa\u011flam bir zarafet dokunu\u015fu kat\u0131yor.<\/p>\n<p><h3>Her Durum i\u00e7in \u00c7ok Y\u00f6nl\u00fcl\u00fck<\/h3>\n<\/p>\n<p>\u0130ster i\u015f ama\u00e7l\u0131 g\u00fcndelik bir etkinlik, ister sofistike bir ak\u015fam ya da sadece hafta sonu gezintisi i\u00e7in giyiniyor olun, bu <b>Erkek Kahverengi Deri Derby Ayakkab\u0131<\/b> zarafet ve kolayl\u0131\u011f\u0131n m\u00fckemmel bir kar\u0131\u015f\u0131m\u0131n\u0131 sa\u011flar.<\/p>\n<p>Zamans\u0131z \u00e7ekicili\u011fi ve dayan\u0131kl\u0131 yap\u0131s\u0131, bu ayakkab\u0131lar\u0131 modern erkekler i\u00e7in vazge\u00e7ilmez bir ayakkab\u0131 tercihi haline getiriyor. Bu ayakkab\u0131lar\u0131n \u00e7ok y\u00f6nl\u00fc tasar\u0131m\u0131 <b>Erkek Kahverengi Deri Derby Ayakkab\u0131<\/b> \u00f6zel dikim pantolonlar ve chino pantolonlardan \u015f\u0131k denimlere kadar \u00e7ok \u00e7e\u015fitli k\u0131yafetlerle zahmetsizce e\u015fle\u015fmesini sa\u011flar.<\/p>\n<p><h3>Toptan Sat\u0131\u015f F\u0131rsat\u0131<\/h3>\n<\/p>\n<p>Koleksiyonlar\u0131n\u0131 zenginle\u015ftirmek isteyen perakendeciler ve i\u015fletmeler i\u00e7in bunlar <b>Erkek Kahverengi Deri Derby Ayakkab\u0131<\/b> minimum 8 \u00e7ift sipari\u015f miktar\u0131 ile toptan sat\u0131\u015f i\u00e7in mevcuttur. Rekabet\u00e7i fiyatland\u0131rmam\u0131zdan yararlan\u0131n ve envanterinize birinci s\u0131n\u0131f, y\u00fcksek talep g\u00f6ren bir \u00fcr\u00fcn ekleyin. Tahmini teslimat s\u00fcresi 12 g\u00fcn art\u0131 nakliye ile bu \u00e7ok be\u011fenilen ayakkab\u0131lar\u0131 h\u0131zl\u0131ca stoklayabilirsiniz.<\/p>\n<p>Ola\u011fan\u00fcst\u00fc \u00fcr\u00fcnlerimizle kalite ve stile yat\u0131r\u0131m yap\u0131n <b>Erkek Kahverengi Deri Derby Ayakkab\u0131<\/b>.<\/p>","protected":false},"excerpt":{"rendered":"<ul>\n<li><b>Premium \u00dcst:<\/b> Zengin bir doku ve kal\u0131c\u0131 kalite i\u00e7in hakiki dana derisinden \u00fcretilmi\u015ftir.<\/li>\n<li><b>L\u00fcks \u0130\u00e7 Mekan:<\/b> Ola\u011fan\u00fcst\u00fc konfor ve nefes alabilirlik i\u00e7in yumu\u015fak ke\u00e7i derisi ile astarlanm\u0131\u015ft\u0131r.<\/li>\n<li><b>Konfor Taban:<\/b> \u00dcst\u00fcn yast\u0131klama ve destek sa\u011flayan hafif ancak dayan\u0131kl\u0131 EVA tabana sahiptir.<\/li>\n<li><b>Klasik topuk:<\/b> Zamans\u0131z stil ve konfor i\u00e7in 1-3 cm'lik ince bir topukla tasarlanm\u0131\u015ft\u0131r.<\/li>\n<li><b>Mevcut Boyutlar:<\/b> 39'dan 45'e kadar kapsaml\u0131 bir beden yelpazesinde sunulmaktad\u0131r.<\/li>\n<li><b>Toptan Sat\u0131\u015f:<\/b> Minimum sipari\u015f miktar\u0131 8 \u00e7ifttir. Toplu fiyatland\u0131rma ve teslimat detaylar\u0131 i\u00e7in bizimle ileti\u015fime ge\u00e7in.<\/li>\n<li><b>Tahmini Teslimat:<\/b> Toptan sipari\u015fler i\u00e7in 12 g\u00fcn + kargo.<\/li>\n<\/ul>","protected":false},"featured_media":3939,"template":"","meta":{"_acf_changed":false,"_uag_custom_page_level_css":"","site-sidebar-layout":"default","site-content-layout":"","ast-site-content-layout":"default","site-content-style":"default","site-sidebar-style":"default","ast-global-header-display":"","ast-banner-title-visibility":"","ast-main-header-display":"","ast-hfb-above-header-display":"","ast-hfb-below-header-display":"","ast-hfb-mobile-header-display":"","site-post-title":"","ast-breadcrumbs-content":"","ast-featured-img":"","footer-sml-layout":"","ast-disable-related-posts":"","theme-transparent-header-meta":"","adv-header-id-meta":"","stick-header-meta":"","header-above-stick-meta":"","header-main-stick-meta":"","header-below-stick-meta":"","astra-migrate-meta-layouts":"default","ast-page-background-enabled":"default","ast-page-background-meta":{"desktop":{"background-color":"var(--ast-global-color-4)","background-image":"","background-repeat":"repeat","background-position":"center center","background-size":"auto","background-attachment":"scroll","background-type":"","background-media":"","overlay-type":"","overlay-color":"","overlay-opacity":"","overlay-gradient":""},"tablet":{"background-color":"","background-image":"","background-repeat":"repeat","background-position":"center center","background-size":"auto","background-attachment":"scroll","background-type":"","background-media":"","overlay-type":"","overlay-color":"","overlay-opacity":"","overlay-gradient":""},"mobile":{"background-color":"","background-image":"","background-repeat":"repeat","background-position":"center center","background-size":"auto","background-attachment":"scroll","background-type":"","background-media":"","overlay-type":"","overlay-color":"","overlay-opacity":"","overlay-gradient":""}},"ast-content-background-meta":{"desktop":{"background-color":"var(--ast-global-color-5)","background-image":"","background-repeat":"repeat","background-position":"center center","background-size":"auto","background-attachment":"scroll","background-type":"","background-media":"","overlay-type":"","overlay-color":"","overlay-opacity":"","overlay-gradient":""},"tablet":{"background-color":"var(--ast-global-color-5)","background-image":"","background-repeat":"repeat","background-position":"center center","background-size":"auto","background-attachment":"scroll","background-type":"","background-media":"","overlay-type":"","overlay-color":"","overlay-opacity":"","overlay-gradient":""},"mobile":{"background-color":"var(--ast-global-color-5)","background-image":"","background-repeat":"repeat","background-position":"center center","background-size":"auto","background-attachment":"scroll","background-type":"","background-media":"","overlay-type":"","overlay-color":"","overlay-opacity":"","overlay-gradient":""}}},"product_brand":[],"product_cat":[48,47,49,430,40],"product_tag":[218,451,241,222,982,480,287,189,981,198,917,281],"class_list":{"0":"post-5892","1":"product","2":"type-product","3":"status-publish","4":"has-post-thumbnail","6":"product_cat-casual","7":"product_cat-classic","8":"product_cat-loafer","9":"product_cat-men","10":"product_cat-mens-shoes","11":"product_tag-brown-shoes","12":"product_tag-calfskin-leather","13":"product_tag-casual-footwear","14":"product_tag-comfortable-shoes","15":"product_tag-durable-footwear","16":"product_tag-elegant-shoes","17":"product_tag-eva-sole-shoes","18":"product_tag-goat-leather-lining","19":"product_tag-leather-derby","20":"product_tag-mens-fashion","21":"product_tag-premium-quality","22":"product_tag-wholesale-shoes","23":"desktop-align-center","24":"tablet-align-center","25":"mobile-align-center","27":"first","28":"instock","29":"shipping-taxable","30":"purchasable","31":"product-type-variable","32":"has-default-attributes"},"acf":[],"uagb_featured_image_src":{"full":["https:\/\/turkishtrade.co\/wp-content\/uploads\/2026\/01\/2400EJOMN00434-CAMEL-X_621-4-USD.png",453,250,false],"thumbnail":["https:\/\/turkishtrade.co\/wp-content\/uploads\/2026\/01\/2400EJOMN00434-CAMEL-X_621-4-USD-150x150.png",150,150,true],"medium":["https:\/\/turkishtrade.co\/wp-content\/uploads\/2026\/01\/2400EJOMN00434-CAMEL-X_621-4-USD-300x166.png",300,166,true],"medium_large":["https:\/\/turkishtrade.co\/wp-content\/uploads\/2026\/01\/2400EJOMN00434-CAMEL-X_621-4-USD.png",453,250,false],"large":["https:\/\/turkishtrade.co\/wp-content\/uploads\/2026\/01\/2400EJOMN00434-CAMEL-X_621-4-USD.png",453,250,false],"1536x1536":["https:\/\/turkishtrade.co\/wp-content\/uploads\/2026\/01\/2400EJOMN00434-CAMEL-X_621-4-USD.png",453,250,false],"2048x2048":["https:\/\/turkishtrade.co\/wp-content\/uploads\/2026\/01\/2400EJOMN00434-CAMEL-X_621-4-USD.png",453,250,false],"trp-custom-language-flag":["https:\/\/turkishtrade.co\/wp-content\/uploads\/2026\/01\/2400EJOMN00434-CAMEL-X_621-4-USD-18x10.png",18,10,true],"woocommerce_thumbnail":["https:\/\/turkishtrade.co\/wp-content\/uploads\/2026\/01\/2400EJOMN00434-CAMEL-X_621-4-USD-400x250.png",400,250,true],"woocommerce_single":["https:\/\/turkishtrade.co\/wp-content\/uploads\/2026\/01\/2400EJOMN00434-CAMEL-X_621-4-USD.png",453,250,false],"woocommerce_gallery_thumbnail":["https:\/\/turkishtrade.co\/wp-content\/uploads\/2026\/01\/2400EJOMN00434-CAMEL-X_621-4-USD-100x100.png",100,100,true]},"uagb_author_info":{"display_name":"yaser olabi","author_link":"https:\/\/turkishtrade.co\/tr\/author\/"},"uagb_comment_info":0,"uagb_excerpt":"Premium Upper: Crafted from genuine calf leather for a rich texture and lasting quality. Luxurious Interior: Lined with soft goat leather for exceptional comfort and breathability. Comfort Sole: Features a lightweight yet durable EVA sole, providing superior cushioning and support. Classic Heel: Designed with a subtle 1-3 cm heel for timeless style and comfort. Available&hellip;","_links":{"self":[{"href":"https:\/\/turkishtrade.co\/tr\/wp-json\/wp\/v2\/product\/5892","targetHints":{"allow":["GET"]}}],"collection":[{"href":"https:\/\/turkishtrade.co\/tr\/wp-json\/wp\/v2\/product"}],"about":[{"href":"https:\/\/turkishtrade.co\/tr\/wp-json\/wp\/v2\/types\/product"}],"wp:featuredmedia":[{"embeddable":true,"href":"https:\/\/turkishtrade.co\/tr\/wp-json\/wp\/v2\/media\/3939"}],"wp:attachment":[{"href":"https:\/\/turkishtrade.co\/tr\/wp-json\/wp\/v2\/media?parent=5892"}],"wp:term":[{"taxonomy":"product_brand","embeddable":true,"href":"https:\/\/turkishtrade.co\/tr\/wp-json\/wp\/v2\/product_brand?post=5892"},{"taxonomy":"product_cat","embeddable":true,"href":"https:\/\/turkishtrade.co\/tr\/wp-json\/wp\/v2\/product_cat?post=5892"},{"taxonomy":"product_tag","embeddable":true,"href":"https:\/\/turkishtrade.co\/tr\/wp-json\/wp\/v2\/product_tag?post=5892"}],"curies":[{"name":"wp","href":"https:\/\/api.w.org\/{rel}","templated":true}]}}