{"id":5889,"date":"2026-01-14T13:38:07","date_gmt":"2026-01-14T13:38:07","guid":{"rendered":"https:\/\/turkishtrade.co\/product\/mens-grey-suede-loafers\/"},"modified":"2026-04-09T19:20:54","modified_gmt":"2026-04-09T19:20:54","slug":"mens-grey-suede-loafers","status":"publish","type":"product","link":"https:\/\/turkishtrade.co\/tr\/shop\/mens-grey-suede-loafers\/","title":{"rendered":"EVA Tabanl\u0131 Klasik Erkek Gri S\u00fcet Loafer"},"content":{"rendered":"<p><strong>Erkek Gri S\u00fcet Loafer<\/strong><\/p>\n<p>Ayakkab\u0131 koleksiyonunuzu se\u00e7kin \u00fcr\u00fcnlerimizle geli\u015ftirin <strong>Erkek Gri S\u00fcet Loafer<\/strong>, Klasik \u015f\u0131kl\u0131k ve modern konforun m\u00fckemmel bir kar\u0131\u015f\u0131m\u0131. Bu \u00e7ok y\u00f6nl\u00fc mokasen ayakkab\u0131lar, g\u00fcndelik veya yar\u0131 resmi k\u0131yafetlere sofistike bir dokunu\u015f sa\u011flamak i\u00e7in titizlikle \u00fcretilmi\u015ftir. Hem stil hem de kaliteye de\u011fer veren se\u00e7ici bireyler i\u00e7in tasarlanan <strong>erkek gri s\u00fcet mokasen<\/strong> her gard\u0131robun vazge\u00e7ilmez bir par\u00e7as\u0131d\u0131r.<\/p>\n<h3>Rakipsiz Konfor ve \u0130\u015f\u00e7ilik<\/h3>\n<p>Bu \u00fcr\u00fcnlerde kullan\u0131lan birinci s\u0131n\u0131f malzemeler sayesinde her ad\u0131mda benzersiz konforu ya\u015fay\u0131n <strong>gri s\u00fcet mokasen<\/strong>. Y\u00fcksek kaliteli dana derisinden \u00fcretilen d\u0131\u015f y\u00fczey, hem dayan\u0131kl\u0131 hem de g\u00f6rsel olarak \u00e7ekici yumu\u015fak ve l\u00fcks bir s\u00fcet dokusu elde etmek i\u00e7in ustal\u0131kla i\u015flenmi\u015ftir. \u0130\u00e7 k\u0131s\u0131mda, ayaklar\u0131n\u0131z son derece yumu\u015fak ke\u00e7i derisi astarla sar\u0131lacak ve g\u00fcn boyunca nefes alabilirlik ve son derece rahat bir uyum sa\u011flayacakt\u0131r.<\/p>\n<p>Bu do\u011fal derilerin \u00f6zenli kombinasyonu, aya\u011f\u0131n\u0131za uyum sa\u011flayan ve zaman i\u00e7inde ki\u015fiselle\u015ftirilmi\u015f bir uyum sunan bir ayakkab\u0131 sa\u011flar.<\/p>\n<h3>EVA Taban ile Hafif Tasar\u0131m<\/h3>\n<p>Bizim klasik <strong>erkek mokasenleri\u0307<\/strong> hafif ama sa\u011flam bir EVA taban \u00fczerine in\u015fa edilmi\u015ftir. Bu geli\u015fmi\u015f malzeme m\u00fckemmel yast\u0131klama ve esneklik sa\u011flayarak \u015foku emer ve yorgunlu\u011fu azalt\u0131r. <strong>s\u00fcet mokasen<\/strong> uzun s\u00fcreli kullan\u0131m i\u00e7in. \u0130ster \u015fehir sokaklar\u0131nda geziniyor ister rahat bir hafta sonunun tad\u0131n\u0131 \u00e7\u0131kar\u0131yor olun, EVA taban rahat ve dengeli bir ad\u0131m atman\u0131z\u0131 sa\u011flar.<\/p>\n<p>Al\u00e7ak, klasik topuk y\u00fcksekli\u011fi, geleneksel loafer sil\u00fcetini tamamlayarak modern konfor standartlar\u0131ndan \u00f6d\u00fcn vermeden zamans\u0131z \u00e7ekicili\u011fine katk\u0131da bulunur.<\/p>\n<h3>Her Durum i\u00e7in \u00c7ok Y\u00f6nl\u00fc Stil<\/h3>\n<p>Bunlar\u0131n abart\u0131s\u0131z zarafeti <strong>gri s\u00fcet mokasen<\/strong> inan\u0131lmaz derecede \u00e7ok y\u00f6nl\u00fc olmas\u0131n\u0131 sa\u011flar. \u015e\u0131k bir g\u00fcndelik g\u00f6r\u00fcn\u00fcm i\u00e7in \u00f6zel dikim pantolonlarla, rahat ama zarif bir k\u0131yafet i\u00e7in chino pantolonlarla ve hatta sofistike bir yaz stili i\u00e7in \u015fortlarla e\u015fle\u015ftirin. \u0130nce gri tonu, geleneksel kahverengi ve siyahlara sofistike bir alternatif sunarak genel esteti\u011finize \u00e7a\u011fda\u015f bir hava katar.<\/p>\n<p>Bu klasik mokasen ayakkab\u0131lar, mevsimsel trendlerin \u00f6tesine ge\u00e7ecek \u015fekilde tasarlanm\u0131\u015ft\u0131r ve koleksiyonunuzda y\u0131llarca temel bir par\u00e7a olarak kalacak zamans\u0131z bir par\u00e7a sunar.<\/p>\n<h3>Toptan Sat\u0131\u015f F\u0131rsat\u0131: Envanterinizi Y\u00fckseltin<\/h3>\n<p>Birinci s\u0131n\u0131f ayakkab\u0131 stoklamak isteyen i\u015fletmeler i\u00e7in <strong>erkek gri s\u00fcet mokasen<\/strong> m\u00fckemmel bir f\u0131rsat sunuyor. M\u00fc\u015fterilerinize y\u00fcksek kaliteli, talep g\u00f6ren \u00fcr\u00fcnler sunabilmenizi sa\u011flamak i\u00e7in minimum 8 \u00e7ift miktar\u0131yla toplu sipari\u015fleri kolayla\u015ft\u0131r\u0131yoruz. Yakla\u015f\u0131k 12 g\u00fcnl\u00fck teslimat s\u00fcresi ve nakliye ile envanterinizi verimli bir \u015fekilde y\u00f6netebilir ve m\u00fc\u015fteri beklentilerini kar\u015f\u0131layabilirsiniz.<\/p>\n<p>Enfes s\u00fcet loafer koleksiyonumuza yat\u0131r\u0131m yap\u0131n ve m\u00fc\u015fterilerinize l\u00fcks, konfor ve kal\u0131c\u0131 stili temsil eden ayakkab\u0131lar sunun.<\/p>","protected":false},"excerpt":{"rendered":"<ul>\n<li>Premium Dana Derisi S\u00fcet Saya<\/li>\n<li>\u00dcst\u00fcn konfor i\u00e7in l\u00fcks ke\u00e7i derisi astar<\/li>\n<li>T\u00fcm g\u00fcn kullan\u0131m i\u00e7in Hafif ve Dayan\u0131kl\u0131 EVA Taban<\/li>\n<li>Zamans\u0131z Klasik Slip-On Loafer Tasar\u0131m\u0131<\/li>\n<li>Bedenlerde mevcuttur: 39, 40, 41, 42, 43, 44, 45<\/li>\n<li><strong>Toplu Bulunabilirlik:<\/strong> Minimum Sipari\u015f Miktar\u0131 8 \u00c7ift (Teslimat: 12 g\u00fcn + nakliye)<\/li>\n<\/ul>","protected":false},"featured_media":3937,"template":"","meta":{"_acf_changed":false,"_uag_custom_page_level_css":"","site-sidebar-layout":"default","site-content-layout":"","ast-site-content-layout":"default","site-content-style":"default","site-sidebar-style":"default","ast-global-header-display":"","ast-banner-title-visibility":"","ast-main-header-display":"","ast-hfb-above-header-display":"","ast-hfb-below-header-display":"","ast-hfb-mobile-header-display":"","site-post-title":"","ast-breadcrumbs-content":"","ast-featured-img":"","footer-sml-layout":"","ast-disable-related-posts":"","theme-transparent-header-meta":"default","adv-header-id-meta":"","stick-header-meta":"","header-above-stick-meta":"","header-main-stick-meta":"","header-below-stick-meta":"","astra-migrate-meta-layouts":"set","ast-page-background-enabled":"default","ast-page-background-meta":{"desktop":{"background-color":"var(--ast-global-color-4)","background-image":"","background-repeat":"repeat","background-position":"center center","background-size":"auto","background-attachment":"scroll","background-type":"","background-media":"","overlay-type":"","overlay-color":"","overlay-opacity":"","overlay-gradient":""},"tablet":{"background-color":"","background-image":"","background-repeat":"repeat","background-position":"center center","background-size":"auto","background-attachment":"scroll","background-type":"","background-media":"","overlay-type":"","overlay-color":"","overlay-opacity":"","overlay-gradient":""},"mobile":{"background-color":"","background-image":"","background-repeat":"repeat","background-position":"center center","background-size":"auto","background-attachment":"scroll","background-type":"","background-media":"","overlay-type":"","overlay-color":"","overlay-opacity":"","overlay-gradient":""}},"ast-content-background-meta":{"desktop":{"background-color":"var(--ast-global-color-5)","background-image":"","background-repeat":"repeat","background-position":"center center","background-size":"auto","background-attachment":"scroll","background-type":"","background-media":"","overlay-type":"","overlay-color":"","overlay-opacity":"","overlay-gradient":""},"tablet":{"background-color":"var(--ast-global-color-5)","background-image":"","background-repeat":"repeat","background-position":"center center","background-size":"auto","background-attachment":"scroll","background-type":"","background-media":"","overlay-type":"","overlay-color":"","overlay-opacity":"","overlay-gradient":""},"mobile":{"background-color":"var(--ast-global-color-5)","background-image":"","background-repeat":"repeat","background-position":"center center","background-size":"auto","background-attachment":"scroll","background-type":"","background-media":"","overlay-type":"","overlay-color":"","overlay-opacity":"","overlay-gradient":""}}},"product_brand":[],"product_cat":[48,47,49,430,40],"product_tag":[566,449,457,220,438,189,1082,198,1081,186,279,184,149,254],"class_list":{"0":"post-5889","1":"product","2":"type-product","3":"status-publish","4":"has-post-thumbnail","6":"product_cat-casual","7":"product_cat-classic","8":"product_cat-loafer","9":"product_cat-men","10":"product_cat-mens-shoes","11":"product_tag-calfskin-shoes","12":"product_tag-casual-shoes","13":"product_tag-classic-loafers","14":"product_tag-comfortable-loafers","15":"product_tag-eva-sole","16":"product_tag-goat-leather-lining","17":"product_tag-grey-shoes","18":"product_tag-mens-fashion","19":"product_tag-mens-grey-suede-loafers","20":"product_tag-mens-loafers","21":"product_tag-penny-loafers","22":"product_tag-slip-on-shoes","23":"product_tag-suede-loafers","24":"product_tag-wholesale-footwear","25":"desktop-align-center","26":"tablet-align-center","27":"mobile-align-center","29":"first","30":"instock","31":"shipping-taxable","32":"purchasable","33":"product-type-variable","34":"has-default-attributes"},"acf":[],"uagb_featured_image_src":{"full":["https:\/\/turkishtrade.co\/wp-content\/uploads\/2026\/01\/2400EJOMN00430-BEIGE-MET-DKS_419-4-USD.png",453,250,false],"thumbnail":["https:\/\/turkishtrade.co\/wp-content\/uploads\/2026\/01\/2400EJOMN00430-BEIGE-MET-DKS_419-4-USD.png",150,83,false],"medium":["https:\/\/turkishtrade.co\/wp-content\/uploads\/2026\/01\/2400EJOMN00430-BEIGE-MET-DKS_419-4-USD.png",300,166,false],"medium_large":["https:\/\/turkishtrade.co\/wp-content\/uploads\/2026\/01\/2400EJOMN00430-BEIGE-MET-DKS_419-4-USD.png",453,250,false],"large":["https:\/\/turkishtrade.co\/wp-content\/uploads\/2026\/01\/2400EJOMN00430-BEIGE-MET-DKS_419-4-USD.png",453,250,false],"1536x1536":["https:\/\/turkishtrade.co\/wp-content\/uploads\/2026\/01\/2400EJOMN00430-BEIGE-MET-DKS_419-4-USD.png",453,250,false],"2048x2048":["https:\/\/turkishtrade.co\/wp-content\/uploads\/2026\/01\/2400EJOMN00430-BEIGE-MET-DKS_419-4-USD.png",453,250,false],"trp-custom-language-flag":["https:\/\/turkishtrade.co\/wp-content\/uploads\/2026\/01\/2400EJOMN00430-BEIGE-MET-DKS_419-4-USD.png",18,10,false],"woocommerce_thumbnail":["https:\/\/turkishtrade.co\/wp-content\/uploads\/2026\/01\/2400EJOMN00430-BEIGE-MET-DKS_419-4-USD-400x250.png",400,250,true],"woocommerce_single":["https:\/\/turkishtrade.co\/wp-content\/uploads\/2026\/01\/2400EJOMN00430-BEIGE-MET-DKS_419-4-USD.png",453,250,false],"woocommerce_gallery_thumbnail":["https:\/\/turkishtrade.co\/wp-content\/uploads\/2026\/01\/2400EJOMN00430-BEIGE-MET-DKS_419-4-USD-100x100.png",100,100,true]},"uagb_author_info":{"display_name":"yaser olabi","author_link":"https:\/\/turkishtrade.co\/tr\/author\/"},"uagb_comment_info":0,"uagb_excerpt":"Premium Calfskin Suede Upper Luxurious Goat Leather Lining for supreme comfort Lightweight &amp; Durable EVA Sole for all-day wear Timeless Classic Slip-On Loafer Design Available in Sizes: 39, 40, 41, 42, 43, 44, 45 Bulk Availability: Minimum Order Quantity of 8 Pairs (Delivery: 12 days + shipping)","_links":{"self":[{"href":"https:\/\/turkishtrade.co\/tr\/wp-json\/wp\/v2\/product\/5889","targetHints":{"allow":["GET"]}}],"collection":[{"href":"https:\/\/turkishtrade.co\/tr\/wp-json\/wp\/v2\/product"}],"about":[{"href":"https:\/\/turkishtrade.co\/tr\/wp-json\/wp\/v2\/types\/product"}],"wp:featuredmedia":[{"embeddable":true,"href":"https:\/\/turkishtrade.co\/tr\/wp-json\/wp\/v2\/media\/3937"}],"wp:attachment":[{"href":"https:\/\/turkishtrade.co\/tr\/wp-json\/wp\/v2\/media?parent=5889"}],"wp:term":[{"taxonomy":"product_brand","embeddable":true,"href":"https:\/\/turkishtrade.co\/tr\/wp-json\/wp\/v2\/product_brand?post=5889"},{"taxonomy":"product_cat","embeddable":true,"href":"https:\/\/turkishtrade.co\/tr\/wp-json\/wp\/v2\/product_cat?post=5889"},{"taxonomy":"product_tag","embeddable":true,"href":"https:\/\/turkishtrade.co\/tr\/wp-json\/wp\/v2\/product_tag?post=5889"}],"curies":[{"name":"wp","href":"https:\/\/api.w.org\/{rel}","templated":true}]}}