{"id":5886,"date":"2026-01-14T13:37:21","date_gmt":"2026-01-14T13:37:21","guid":{"rendered":"https:\/\/turkishtrade.co\/product\/mens-classic-penny-loafers\/"},"modified":"2026-04-09T19:21:01","modified_gmt":"2026-04-09T19:21:01","slug":"mens-classic-penny-loafers","status":"publish","type":"product","link":"https:\/\/turkishtrade.co\/tr\/shop\/mens-classic-penny-loafers\/","title":{"rendered":"Premium Erkek Klasik Deri Penny Loafer'lar"},"content":{"rendered":"<p><strong>Erkek Klasik Penny Loafer'lar<\/strong><\/p>\n<p>Enfes koleksiyonumuzla sofistike bir stil ve benzersiz bir konfor \u00e7a\u011f\u0131na ad\u0131m at\u0131n <strong>Erkek Klasik Penny Loafer'lar<\/strong>. Zamans\u0131z \u015f\u0131kl\u0131\u011f\u0131 ve \u00fcst\u00fcn i\u015f\u00e7ili\u011fi takdir eden modern beyefendiler i\u00e7in tasarlanan bu mokasen ayakkab\u0131lar, bir ayakkab\u0131dan \u00e7ok daha fazlas\u0131d\u0131r - rafine bir zevkin ifadesidir. \u0130ster bir i\u015f toplant\u0131s\u0131na, ister g\u00fcndelik bir brunch'a ya da sofistike bir ak\u015fam etkinli\u011fine gidiyor olun, bu \u00e7ok y\u00f6nl\u00fc <strong>Erkek Klasik Penny Loafer'lar<\/strong> zahmetsiz bir \u00e7ekicilikle g\u00f6r\u00fcn\u00fcm\u00fcn\u00fcz\u00fc y\u00fckseltecek.<\/p>\n<p><h3>Rakipsiz Kalite ve \u0130\u015f\u00e7ilik<\/h3>\n<\/p>\n<p>Birinci s\u0131n\u0131f mokasenlerimizin her bir \u00e7ifti en iyi malzemeler kullan\u0131larak titizlikle \u00fcretilmi\u015ftir. D\u0131\u015f y\u00fczeyi, p\u00fcr\u00fczs\u00fcz dokusu, dayan\u0131kl\u0131l\u0131\u011f\u0131 ve yaln\u0131zca ya\u015fland\u0131k\u00e7a geli\u015fen zarif parlakl\u0131\u011f\u0131 ile tan\u0131nan hakiki dana derisine sahiptir. Bu sa\u011flam ancak esnek deri, sofistike bir y\u00fczey ve uzun s\u00fcreli kullan\u0131m sa\u011flayarak bu ayakkab\u0131lar\u0131 her gard\u0131rop i\u00e7in de\u011ferli bir eklenti haline getirir.<\/p>\n<p>\u0130\u00e7 k\u0131s\u0131mda, ayaklar\u0131n\u0131z sabahtan ak\u015fama kadar s\u00fcren ola\u011fan\u00fcst\u00fc nefes alabilirlik ve rahatl\u0131k sa\u011flayan ke\u00e7i derisi astar\u0131n l\u00fcks yumu\u015fakl\u0131\u011f\u0131yla sar\u0131lacak. Bu y\u00fcksek kaliteli derilerin \u00f6zenle bir araya getirilmesi, sadece harika g\u00f6r\u00fcnmekle kalmay\u0131p giymesi de inan\u0131lmaz hissettiren bir ayakkab\u0131y\u0131 garanti eder.<\/p>\n<p><h3>T\u00fcm G\u00fcn Konfor ve Stil i\u00e7in Tasarland\u0131<\/h3>\n<\/p>\n<p>Konfor her \u015feyden \u00f6nemlidir ve <strong>Erkek Klasik Penny Loafer'lar<\/strong> fazlas\u0131yla sunar. Yenilik\u00e7i EVA taban, hafif, esnek ve \u015fok emici bir temel sunarak her ad\u0131mda m\u00fckemmel yast\u0131klama sa\u011flar. Bu modern taban teknolojisi, rahats\u0131zl\u0131k duymadan uzun s\u00fcre ayakta kalabilmenizi sa\u011flayarak g\u00fcnl\u00fck kullan\u0131m i\u00e7in idealdir.<\/p>\n<p>1-3 cm aras\u0131nda de\u011fi\u015fen klasik al\u00e7ak blok topuk, geleneksel loafer sil\u00fcetini korurken ince bir y\u00fckselti katar. Slip-on tasar\u0131m\u0131, \u015f\u0131k bir g\u00f6r\u00fcn\u00fcm sa\u011flarken h\u0131zl\u0131 de\u011fi\u015fimlere olanak tan\u0131yarak kolayl\u0131k sa\u011flar. EU 39'dan 45'e kadar kapsaml\u0131 bir beden yelpazesinde mevcut oldu\u011fundan, m\u00fckemmel uyumunuzu bulmak \u00e7ok kolay.<\/p>\n<p><h3>Her Durum i\u00e7in \u00c7ok Y\u00f6nl\u00fcl\u00fck<\/h3>\n<\/p>\n<p>Penny loafer'\u0131n kal\u0131c\u0131 cazibesi, ola\u011fan\u00fcst\u00fc \u00e7ok y\u00f6nl\u00fcl\u00fc\u011f\u00fcnde yatmaktad\u0131r. Bizim <strong>Erkek Klasik Penny Loafer'lar<\/strong> Resmi ve g\u00fcndelik k\u0131yafetler aras\u0131ndaki bo\u015flu\u011fu zahmetsizce doldurur. Keskin bir i\u015f-g\u00fcndelik g\u00f6r\u00fcn\u00fcm\u00fc i\u00e7in \u00f6zel dikim pantolon ve blazer ceketle e\u015fle\u015ftirin veya rahat ama zarif bir hafta sonu k\u0131yafeti i\u00e7in chino pantolon ve polo ti\u015f\u00f6rt ile giydirin.<\/p>\n<p>\u015e\u0131k tasar\u0131m\u0131 ve klasik renk se\u00e7enekleri (resimlerde g\u00f6sterildi\u011fi gibi zengin siyah ve koyu kahverengi dahil) bu mokasen ayakkab\u0131lar\u0131 her se\u00e7kin gard\u0131rop i\u00e7in vazge\u00e7ilmez bir elyaf haline getiriyor. Bu zarif ayakkab\u0131lardan bir \u00e7ift al\u0131n ve gelenek, konfor ve \u00e7a\u011fda\u015f stilin m\u00fckemmel kar\u0131\u015f\u0131m\u0131n\u0131 deneyimleyin.<\/p>\n<p><h3>Toptan Sat\u0131\u015f F\u0131rsatlar\u0131<\/h3>\n<\/p>\n<p>M\u00fc\u015fterilerine ola\u011fan\u00fcst\u00fc kalite sunmak isteyen perakendeciler ve i\u015fletmeler i\u00e7in <strong>Erkek Klasik Penny Loafer'lar<\/strong> minimum 8 \u00e7ift sipari\u015f miktar\u0131 ile toptan sat\u0131n al\u0131nabilir. Zaman\u0131nda teslimat konusunda kendimizle gurur duyuyoruz, sipari\u015fler genellikle 12 g\u00fcn art\u0131 nakliye s\u00fcresi i\u00e7inde i\u015fleme al\u0131n\u0131r. Toplu fiyatland\u0131rma hakk\u0131nda g\u00f6r\u00fc\u015fmek ve ayakkab\u0131 tekliflerinizi bu aranan klasik mokasenlerle y\u00fckseltmek i\u00e7in bug\u00fcn bize ula\u015f\u0131n.<\/p>","protected":false},"excerpt":{"rendered":"<ul>\n<li><b>Premium Malzemeler:<\/b> \u015e\u0131k Dana Derisi d\u0131\u015f y\u00fczey ve l\u00fcks yumu\u015fak Ke\u00e7i Derisi astar ile ustal\u0131kla \u00fcretilmi\u015ftir.<\/li>\n<li><b>\u00dcst\u00fcn Konfor:<\/b> G\u00fcn boyu \u00fcst\u00fcn konfor ve destek sa\u011flayan hafif ve esnek EVA tabana sahiptir.<\/li>\n<li><b>Zamans\u0131z Stil:<\/b> \u0130konik penny loafer tasar\u0131m\u0131yla smart casual, business casual ya da yar\u0131 resmi kombinleri tamamlamak i\u00e7in m\u00fckemmeldir.<\/li>\n<li><b>Geni\u015f Boyut Aral\u0131\u011f\u0131:<\/b> M\u00fckemmel bir uyum sa\u011flamak i\u00e7in 39, 40, 41, 42, 43, 44 ve 45 AB bedenlerinde mevcuttur.<\/li>\n<li><b>Toptan Sat\u0131\u015f:<\/b> Minimum sipari\u015f miktar\u0131 8 \u00e7ifttir, perakendeciler ve toplu al\u0131m yapanlar i\u00e7in idealdir.<\/li>\n<\/ul>","protected":false},"featured_media":3936,"template":"","meta":{"_acf_changed":false,"_uag_custom_page_level_css":"","site-sidebar-layout":"default","site-content-layout":"","ast-site-content-layout":"default","site-content-style":"default","site-sidebar-style":"default","ast-global-header-display":"","ast-banner-title-visibility":"","ast-main-header-display":"","ast-hfb-above-header-display":"","ast-hfb-below-header-display":"","ast-hfb-mobile-header-display":"","site-post-title":"","ast-breadcrumbs-content":"","ast-featured-img":"","footer-sml-layout":"","ast-disable-related-posts":"","theme-transparent-header-meta":"","adv-header-id-meta":"","stick-header-meta":"","header-above-stick-meta":"","header-main-stick-meta":"","header-below-stick-meta":"","astra-migrate-meta-layouts":"default","ast-page-background-enabled":"default","ast-page-background-meta":{"desktop":{"background-color":"var(--ast-global-color-4)","background-image":"","background-repeat":"repeat","background-position":"center center","background-size":"auto","background-attachment":"scroll","background-type":"","background-media":"","overlay-type":"","overlay-color":"","overlay-opacity":"","overlay-gradient":""},"tablet":{"background-color":"","background-image":"","background-repeat":"repeat","background-position":"center center","background-size":"auto","background-attachment":"scroll","background-type":"","background-media":"","overlay-type":"","overlay-color":"","overlay-opacity":"","overlay-gradient":""},"mobile":{"background-color":"","background-image":"","background-repeat":"repeat","background-position":"center center","background-size":"auto","background-attachment":"scroll","background-type":"","background-media":"","overlay-type":"","overlay-color":"","overlay-opacity":"","overlay-gradient":""}},"ast-content-background-meta":{"desktop":{"background-color":"var(--ast-global-color-5)","background-image":"","background-repeat":"repeat","background-position":"center center","background-size":"auto","background-attachment":"scroll","background-type":"","background-media":"","overlay-type":"","overlay-color":"","overlay-opacity":"","overlay-gradient":""},"tablet":{"background-color":"var(--ast-global-color-5)","background-image":"","background-repeat":"repeat","background-position":"center center","background-size":"auto","background-attachment":"scroll","background-type":"","background-media":"","overlay-type":"","overlay-color":"","overlay-opacity":"","overlay-gradient":""},"mobile":{"background-color":"var(--ast-global-color-5)","background-image":"","background-repeat":"repeat","background-position":"center center","background-size":"auto","background-attachment":"scroll","background-type":"","background-media":"","overlay-type":"","overlay-color":"","overlay-opacity":"","overlay-gradient":""}}},"product_brand":[],"product_cat":[48,47,49,430,40],"product_tag":[370,147,185,290,326,189,761,1080,719,642,184,738,977,254],"class_list":{"0":"post-5886","1":"product","2":"type-product","3":"status-publish","4":"has-post-thumbnail","6":"product_cat-casual","7":"product_cat-classic","8":"product_cat-loafer","9":"product_cat-men","10":"product_cat-mens-shoes","11":"product_tag-black-loafers","12":"product_tag-brown-loafers","13":"product_tag-calf-leather-shoes","14":"product_tag-comfortable-mens-shoes","15":"product_tag-eva-sole-loafers","16":"product_tag-goat-leather-lining","17":"product_tag-handcrafted-loafers","18":"product_tag-mens-classic-penny-loafers","19":"product_tag-mens-leather-loafers","20":"product_tag-semi-formal-shoes","21":"product_tag-slip-on-shoes","22":"product_tag-smart-casual-loafers","23":"product_tag-timeless-style","24":"product_tag-wholesale-footwear","25":"desktop-align-center","26":"tablet-align-center","27":"mobile-align-center","29":"first","30":"instock","31":"shipping-taxable","32":"purchasable","33":"product-type-variable","34":"has-default-attributes"},"acf":[],"uagb_featured_image_src":{"full":["https:\/\/turkishtrade.co\/wp-content\/uploads\/2026\/01\/2400EJOMN00376-DARK-BROWN-X_432-5-USD.png",453,250,false],"thumbnail":["https:\/\/turkishtrade.co\/wp-content\/uploads\/2026\/01\/2400EJOMN00376-DARK-BROWN-X_432-5-USD-150x150.png",150,150,true],"medium":["https:\/\/turkishtrade.co\/wp-content\/uploads\/2026\/01\/2400EJOMN00376-DARK-BROWN-X_432-5-USD-300x166.png",300,166,true],"medium_large":["https:\/\/turkishtrade.co\/wp-content\/uploads\/2026\/01\/2400EJOMN00376-DARK-BROWN-X_432-5-USD.png",453,250,false],"large":["https:\/\/turkishtrade.co\/wp-content\/uploads\/2026\/01\/2400EJOMN00376-DARK-BROWN-X_432-5-USD.png",453,250,false],"1536x1536":["https:\/\/turkishtrade.co\/wp-content\/uploads\/2026\/01\/2400EJOMN00376-DARK-BROWN-X_432-5-USD.png",453,250,false],"2048x2048":["https:\/\/turkishtrade.co\/wp-content\/uploads\/2026\/01\/2400EJOMN00376-DARK-BROWN-X_432-5-USD.png",453,250,false],"trp-custom-language-flag":["https:\/\/turkishtrade.co\/wp-content\/uploads\/2026\/01\/2400EJOMN00376-DARK-BROWN-X_432-5-USD-18x10.png",18,10,true],"woocommerce_thumbnail":["https:\/\/turkishtrade.co\/wp-content\/uploads\/2026\/01\/2400EJOMN00376-DARK-BROWN-X_432-5-USD-400x250.png",400,250,true],"woocommerce_single":["https:\/\/turkishtrade.co\/wp-content\/uploads\/2026\/01\/2400EJOMN00376-DARK-BROWN-X_432-5-USD.png",453,250,false],"woocommerce_gallery_thumbnail":["https:\/\/turkishtrade.co\/wp-content\/uploads\/2026\/01\/2400EJOMN00376-DARK-BROWN-X_432-5-USD-100x100.png",100,100,true]},"uagb_author_info":{"display_name":"yaser olabi","author_link":"https:\/\/turkishtrade.co\/tr\/author\/"},"uagb_comment_info":0,"uagb_excerpt":"Premium Materials: Expertly crafted with a sleek Calf Leather exterior and luxuriously soft Goat Leather lining. Ultimate Comfort: Features a lightweight and flexible EVA sole, ensuring superior comfort and support all day long. Timeless Style: Embraces the iconic penny loafer design, perfect for elevating smart casual, business casual, or semi-formal ensembles. Wide Size Range: Available&hellip;","_links":{"self":[{"href":"https:\/\/turkishtrade.co\/tr\/wp-json\/wp\/v2\/product\/5886","targetHints":{"allow":["GET"]}}],"collection":[{"href":"https:\/\/turkishtrade.co\/tr\/wp-json\/wp\/v2\/product"}],"about":[{"href":"https:\/\/turkishtrade.co\/tr\/wp-json\/wp\/v2\/types\/product"}],"wp:featuredmedia":[{"embeddable":true,"href":"https:\/\/turkishtrade.co\/tr\/wp-json\/wp\/v2\/media\/3936"}],"wp:attachment":[{"href":"https:\/\/turkishtrade.co\/tr\/wp-json\/wp\/v2\/media?parent=5886"}],"wp:term":[{"taxonomy":"product_brand","embeddable":true,"href":"https:\/\/turkishtrade.co\/tr\/wp-json\/wp\/v2\/product_brand?post=5886"},{"taxonomy":"product_cat","embeddable":true,"href":"https:\/\/turkishtrade.co\/tr\/wp-json\/wp\/v2\/product_cat?post=5886"},{"taxonomy":"product_tag","embeddable":true,"href":"https:\/\/turkishtrade.co\/tr\/wp-json\/wp\/v2\/product_tag?post=5886"}],"curies":[{"name":"wp","href":"https:\/\/api.w.org\/{rel}","templated":true}]}}