{"id":5883,"date":"2026-01-14T13:36:50","date_gmt":"2026-01-14T13:36:50","guid":{"rendered":"https:\/\/turkishtrade.co\/product\/men-leather-platform-loafers\/"},"modified":"2026-04-09T19:21:08","modified_gmt":"2026-04-09T19:21:08","slug":"men-leather-platform-loafers","status":"publish","type":"product","link":"https:\/\/turkishtrade.co\/tr\/shop\/men-leather-platform-loafers\/","title":{"rendered":"Erkek Klasik Timsah Kabartmal\u0131 Deri Platform Loafer"},"content":{"rendered":"<p><strong>erkek-deri-platform-ayakkab\u0131<\/strong><\/p>\n<p>Enfes tasar\u0131m\u0131m\u0131zla benzersiz bir sofistike ve konforlu ortama ad\u0131m at\u0131n <strong>Erkek Klasik Timsah Kabartmal\u0131 Deri Platform Loafer<\/strong>. Hem zamans\u0131z stile hem de \u00e7a\u011fda\u015f trendlere de\u011fer veren modern beyefendiler i\u00e7in tasarlanan bu mokasen ayakkab\u0131lar, \u00fcst\u00fcn i\u015f\u00e7ili\u011fin ve l\u00fcks malzemelerin bir kan\u0131t\u0131d\u0131r. \u0130ster i\u015f ama\u00e7l\u0131 g\u00fcndelik bir toplant\u0131ya, ister \u015f\u0131k bir ak\u015fam etkinli\u011fine gidiyor olun, ister sadece g\u00fcnl\u00fck k\u0131yafetinizi y\u00fckseltiyor olun, bu <strong>erkek deri platform mokasen<\/strong> m\u00fckemmel arkada\u015f\u0131n\u0131zd\u0131r.<\/p>\n<p><h3>E\u015fsiz \u0130\u015f\u00e7ilik ve Birinci S\u0131n\u0131f Malzemeler<\/h3>\n<\/p>\n<p>Bu \u00e7arp\u0131c\u0131 \u00e7iftlerin her biri <strong>erkek deri platform mokasen<\/strong> birinci s\u0131n\u0131f malzemelerden titizlikle \u00fcretilmi\u015ftir. D\u0131\u015f y\u00fczeyinde dayan\u0131kl\u0131l\u0131\u011f\u0131, p\u00fcr\u00fczs\u00fcz y\u00fczeyi ve l\u00fcks hissi ile bilinen y\u00fcksek kaliteli dana derisi kullan\u0131lm\u0131\u015ft\u0131r. S\u0131rt k\u0131sm\u0131ndaki ay\u0131rt edici timsah kabartmal\u0131 desen, egzotik bir zarafet ve incelik dokunu\u015fu katar.<\/p>\n<p>\u0130\u00e7 k\u0131s\u0131mda, ayaklar\u0131n\u0131z her ad\u0131mda nefes alabilirlik ve \u00fcst\u00fcn konfor sa\u011flayan hakiki ke\u00e7i derisi astar\u0131n yumu\u015fakl\u0131\u011f\u0131yla sar\u0131lacak. Bu \u00f6zenli malzeme kombinasyonu, ayakkab\u0131m\u0131z\u0131 <strong>erkek deri platform mokasen<\/strong> ger\u00e7ekten birinci s\u0131n\u0131f bir ayakkab\u0131 se\u00e7imi.<\/p>\n<p><h3>Modern Tasar\u0131m &amp; \u00c7ok Y\u00f6nl\u00fc Stil<\/h3>\n<\/p>\n<p>Bunlar <strong>erkek deri platform mokasen<\/strong> klasik loafer esteti\u011fini \u00e7a\u011fda\u015f bir yakla\u015f\u0131mla harmanl\u0131yor. Kay\u0131\u015f boyunca uzanan zarif alt\u0131n veya g\u00fcm\u00fc\u015f tonlu metal toka detay\u0131 zarif bir vurgu sa\u011flarken, hafif EVA platform taban modern bir y\u00fckseli\u015f sunarak hem stili hem de konforu art\u0131r\u0131r. Bu benzersiz taban sadece \u015f\u0131k bir unsur eklemekle kalmaz, ayn\u0131 zamanda m\u00fckemmel yast\u0131klama ve destek sa\u011flar.<\/p>\n<p>Klasik siyah ve zengin kahverengi renkleri bulunan bu <strong>erkek deri platform mokasen<\/strong> \u00f6zel dikim pantolonlardan \u015f\u0131k denimlere kadar geni\u015f bir yelpazedeki k\u0131yafetleri tamamlayacak \u00e7ok y\u00f6nl\u00fcl\u00fck sunar.<\/p>\n<p><h3>Her Ad\u0131m \u0130\u00e7in Ola\u011fan\u00fcst\u00fc Konfor<\/h3>\n<\/p>\n<p>Bunlar\u0131n tasar\u0131m\u0131nda konfor \u00e7ok \u00f6nemlidir <strong>erkek deri platform mokasen<\/strong>. Yenilik\u00e7i EVA taban inan\u0131lmaz derecede hafif ve esnektir, \u015foku emer ve stilden \u00f6d\u00fcn vermeden g\u00fcn boyu konfor sa\u011flar. Yumu\u015fak ke\u00e7i derisi i\u00e7 k\u0131s\u0131m ile birle\u015fti\u011finde, bu mokasen ayakkab\u0131lar aya\u011f\u0131n\u0131za uyum sa\u011flayarak rahat ama nazik bir uyum sunar. Klasik 1-3 cm topuk y\u00fcksekli\u011fi do\u011fal bir y\u00fcr\u00fcy\u00fc\u015f sa\u011flar ve bu ayakkab\u0131lar\u0131 ideal hale getirir. <strong>erkek deri platform mokasen<\/strong> uzun s\u00fcreli kullan\u0131m i\u00e7in.<\/p>\n<p><h3>Her Durum ve Toplu Sipari\u015fler i\u00e7in M\u00fckemmel<\/h3>\n<\/p>\n<p>Bizim <strong>Erkek Klasik Timsah Kabartmal\u0131 Deri Platform Loafer<\/strong> sadece bir sat\u0131n alma de\u011fil; stil ve kaliteye yap\u0131lan bir yat\u0131r\u0131md\u0131r. Perakendeciler, butikler ve y\u00fcksek talep g\u00f6ren l\u00fcks ayakkab\u0131lar\u0131 stoklamak isteyen moda merakl\u0131lar\u0131 i\u00e7in m\u00fckemmel olan bu mokasen ayakkab\u0131lar, minimum 8 \u00e7iftlik toplu sipari\u015fler i\u00e7in mevcuttur. Teslimat s\u00fcresi sadece 12 g\u00fcn art\u0131 kargo ile bu ola\u011fan\u00fcst\u00fc stili m\u00fc\u015fterilerinize h\u0131zl\u0131 bir \u015fekilde sunabilirsiniz.<\/p>\n<p>Bu sofistike ayakkab\u0131larla envanterinizi y\u00fckseltin ve m\u00fc\u015fterilerinize erkek ayakkab\u0131lar\u0131nda en iyisini sunun <strong>erkek deri platform mokasen<\/strong>.<\/p>","protected":false},"excerpt":{"rendered":"<ul>\n<li>Minimum Sipari\u015f: 8 \u00c7ift<\/li>\n<li>D\u0131\u015f Malzeme: Birinci S\u0131n\u0131f Dana Derisi<\/li>\n<li>\u0130\u00e7 Malzeme: Yumu\u015fak Ke\u00e7i Derisi<\/li>\n<li>Taban: Hafif EVA Platform<\/li>\n<li>Topuk Y\u00fcksekli\u011fi: 1-3 cm (Klasik Loafer G\u00fcnl\u00fck Stil)<\/li>\n<li>Mevcut Bedenler: 39, 40, 41, 42, 43, 44, 45<\/li>\n<li>\u00d6zellikler: Ay\u0131rt edici timsah kabartmal\u0131 detaylar, zarif metal toka<\/li>\n<li>Teslimat S\u00fcresi: 12 G\u00fcn + Kargo<\/li>\n<\/ul>","protected":false},"featured_media":3934,"template":"","meta":{"_acf_changed":false,"_uag_custom_page_level_css":"","site-sidebar-layout":"default","site-content-layout":"","ast-site-content-layout":"default","site-content-style":"default","site-sidebar-style":"default","ast-global-header-display":"","ast-banner-title-visibility":"","ast-main-header-display":"","ast-hfb-above-header-display":"","ast-hfb-below-header-display":"","ast-hfb-mobile-header-display":"","site-post-title":"","ast-breadcrumbs-content":"","ast-featured-img":"","footer-sml-layout":"","ast-disable-related-posts":"","theme-transparent-header-meta":"","adv-header-id-meta":"","stick-header-meta":"","header-above-stick-meta":"","header-main-stick-meta":"","header-below-stick-meta":"","astra-migrate-meta-layouts":"default","ast-page-background-enabled":"default","ast-page-background-meta":{"desktop":{"background-color":"var(--ast-global-color-4)","background-image":"","background-repeat":"repeat","background-position":"center center","background-size":"auto","background-attachment":"scroll","background-type":"","background-media":"","overlay-type":"","overlay-color":"","overlay-opacity":"","overlay-gradient":""},"tablet":{"background-color":"","background-image":"","background-repeat":"repeat","background-position":"center center","background-size":"auto","background-attachment":"scroll","background-type":"","background-media":"","overlay-type":"","overlay-color":"","overlay-opacity":"","overlay-gradient":""},"mobile":{"background-color":"","background-image":"","background-repeat":"repeat","background-position":"center center","background-size":"auto","background-attachment":"scroll","background-type":"","background-media":"","overlay-type":"","overlay-color":"","overlay-opacity":"","overlay-gradient":""}},"ast-content-background-meta":{"desktop":{"background-color":"var(--ast-global-color-5)","background-image":"","background-repeat":"repeat","background-position":"center center","background-size":"auto","background-attachment":"scroll","background-type":"","background-media":"","overlay-type":"","overlay-color":"","overlay-opacity":"","overlay-gradient":""},"tablet":{"background-color":"var(--ast-global-color-5)","background-image":"","background-repeat":"repeat","background-position":"center center","background-size":"auto","background-attachment":"scroll","background-type":"","background-media":"","overlay-type":"","overlay-color":"","overlay-opacity":"","overlay-gradient":""},"mobile":{"background-color":"var(--ast-global-color-5)","background-image":"","background-repeat":"repeat","background-position":"center center","background-size":"auto","background-attachment":"scroll","background-type":"","background-media":"","overlay-type":"","overlay-color":"","overlay-opacity":"","overlay-gradient":""}}},"product_brand":[],"product_cat":[48,47,49,430,40],"product_tag":[370,147,453,200,566,512,457,220,534,530,737,438,556,215,762,198,186,1079,184,210],"class_list":{"0":"post-5883","1":"product","2":"type-product","3":"status-publish","4":"has-post-thumbnail","6":"product_cat-casual","7":"product_cat-classic","8":"product_cat-loafer","9":"product_cat-men","10":"product_cat-mens-shoes","11":"product_tag-black-loafers","12":"product_tag-brown-loafers","13":"product_tag-bulk-footwear","14":"product_tag-business-casual","15":"product_tag-calfskin-shoes","16":"product_tag-casual-loafers","17":"product_tag-classic-loafers","18":"product_tag-comfortable-loafers","19":"product_tag-crocodile-embossed-shoes","20":"product_tag-designer-loafers","21":"product_tag-dress-loafers","22":"product_tag-eva-sole","23":"product_tag-goatskin-lining","24":"product_tag-leather-loafers","25":"product_tag-loafer-shoes","26":"product_tag-mens-fashion","27":"product_tag-mens-loafers","28":"product_tag-platform-loafers","29":"product_tag-slip-on-shoes","30":"product_tag-smart-casual","31":"desktop-align-center","32":"tablet-align-center","33":"mobile-align-center","35":"first","36":"instock","37":"shipping-taxable","38":"purchasable","39":"product-type-variable","40":"has-default-attributes"},"acf":[],"uagb_featured_image_src":{"full":["https:\/\/turkishtrade.co\/wp-content\/uploads\/2026\/01\/2400EJOMN00375-BROWN-ZL_302-5-USD.png",453,250,false],"thumbnail":["https:\/\/turkishtrade.co\/wp-content\/uploads\/2026\/01\/2400EJOMN00375-BROWN-ZL_302-5-USD-150x150.png",150,150,true],"medium":["https:\/\/turkishtrade.co\/wp-content\/uploads\/2026\/01\/2400EJOMN00375-BROWN-ZL_302-5-USD-300x166.png",300,166,true],"medium_large":["https:\/\/turkishtrade.co\/wp-content\/uploads\/2026\/01\/2400EJOMN00375-BROWN-ZL_302-5-USD.png",453,250,false],"large":["https:\/\/turkishtrade.co\/wp-content\/uploads\/2026\/01\/2400EJOMN00375-BROWN-ZL_302-5-USD.png",453,250,false],"1536x1536":["https:\/\/turkishtrade.co\/wp-content\/uploads\/2026\/01\/2400EJOMN00375-BROWN-ZL_302-5-USD.png",453,250,false],"2048x2048":["https:\/\/turkishtrade.co\/wp-content\/uploads\/2026\/01\/2400EJOMN00375-BROWN-ZL_302-5-USD.png",453,250,false],"trp-custom-language-flag":["https:\/\/turkishtrade.co\/wp-content\/uploads\/2026\/01\/2400EJOMN00375-BROWN-ZL_302-5-USD-18x10.png",18,10,true],"woocommerce_thumbnail":["https:\/\/turkishtrade.co\/wp-content\/uploads\/2026\/01\/2400EJOMN00375-BROWN-ZL_302-5-USD-400x250.png",400,250,true],"woocommerce_single":["https:\/\/turkishtrade.co\/wp-content\/uploads\/2026\/01\/2400EJOMN00375-BROWN-ZL_302-5-USD.png",453,250,false],"woocommerce_gallery_thumbnail":["https:\/\/turkishtrade.co\/wp-content\/uploads\/2026\/01\/2400EJOMN00375-BROWN-ZL_302-5-USD-100x100.png",100,100,true]},"uagb_author_info":{"display_name":"yaser olabi","author_link":"https:\/\/turkishtrade.co\/tr\/author\/"},"uagb_comment_info":0,"uagb_excerpt":"Minimum Order: 8 Pairs Outer Material: Premium Calfskin Leather Inner Material: Soft Goatskin Leather Sole: Lightweight EVA Platform Heel Height: 1-3 cm (Classic Loafer Casual Style) Available Sizes: 39, 40, 41, 42, 43, 44, 45 Features: Distinctive crocodile embossed detailing, elegant metal buckle Delivery Time: 12 Days + Shipping","_links":{"self":[{"href":"https:\/\/turkishtrade.co\/tr\/wp-json\/wp\/v2\/product\/5883","targetHints":{"allow":["GET"]}}],"collection":[{"href":"https:\/\/turkishtrade.co\/tr\/wp-json\/wp\/v2\/product"}],"about":[{"href":"https:\/\/turkishtrade.co\/tr\/wp-json\/wp\/v2\/types\/product"}],"wp:featuredmedia":[{"embeddable":true,"href":"https:\/\/turkishtrade.co\/tr\/wp-json\/wp\/v2\/media\/3934"}],"wp:attachment":[{"href":"https:\/\/turkishtrade.co\/tr\/wp-json\/wp\/v2\/media?parent=5883"}],"wp:term":[{"taxonomy":"product_brand","embeddable":true,"href":"https:\/\/turkishtrade.co\/tr\/wp-json\/wp\/v2\/product_brand?post=5883"},{"taxonomy":"product_cat","embeddable":true,"href":"https:\/\/turkishtrade.co\/tr\/wp-json\/wp\/v2\/product_cat?post=5883"},{"taxonomy":"product_tag","embeddable":true,"href":"https:\/\/turkishtrade.co\/tr\/wp-json\/wp\/v2\/product_tag?post=5883"}],"curies":[{"name":"wp","href":"https:\/\/api.w.org\/{rel}","templated":true}]}}