{"id":5878,"date":"2026-01-14T13:36:07","date_gmt":"2026-01-14T13:36:07","guid":{"rendered":"https:\/\/turkishtrade.co\/product\/mens-casual-leather-derby-shoes-3\/"},"modified":"2026-04-09T19:21:18","modified_gmt":"2026-04-09T19:21:18","slug":"mens-casual-leather-derby-shoes-3","status":"publish","type":"product","link":"https:\/\/turkishtrade.co\/tr\/shop\/mens-casual-leather-derby-shoes-3\/","title":{"rendered":"Premium Erkek G\u00fcnl\u00fck Deri Derby Ayakkab\u0131"},"content":{"rendered":"<p><strong>Erkek G\u00fcnl\u00fck Deri Derby Ayakkab\u0131<\/strong><\/p>\n<p>Sofistike konforun \u00f6z\u00fcn\u00fc bizim ile ke\u015ffedin <b>Premium Erkek G\u00fcnl\u00fck Deri Derby Ayakkab\u0131<\/b>. Se\u00e7kin beyefendiler i\u00e7in ustal\u0131kla \u00fcretilen bu ayakkab\u0131lar, zamans\u0131z \u015f\u0131kl\u0131\u011f\u0131 modern sa\u011flaml\u0131kla harmanlayarak her gard\u0131rop i\u00e7in vazge\u00e7ilmez bir eklenti haline geliyor. Kaliteye olan ba\u011fl\u0131l\u0131\u011f\u0131m\u0131z en iyi malzemelerle ba\u015flar: d\u0131\u015f k\u0131s\u0131m, esnek dokusu ve kal\u0131c\u0131 g\u00fcc\u00fc ile bilinen l\u00fcks dana derisine sahiptir ve bu ayakkab\u0131lar\u0131n sadece ola\u011fan\u00fcst\u00fc g\u00f6r\u00fcnmesini de\u011fil, ayn\u0131 zamanda zamana kar\u015f\u0131 da dayan\u0131kl\u0131 olmas\u0131n\u0131 sa\u011flar.<\/p>\n<p>\u0130\u00e7ine ad\u0131m att\u0131\u011f\u0131n\u0131zda ayaklar\u0131n\u0131z hakiki ke\u00e7i derisi astar\u0131n benzersiz yumu\u015fakl\u0131\u011f\u0131yla sarmalanacak. Bu birinci s\u0131n\u0131f i\u00e7 k\u0131s\u0131m, nefes alabilirlik ve ola\u011fan\u00fcst\u00fc rahatl\u0131k sa\u011flayarak ger\u00e7ekten ki\u015fiselle\u015ftirilmi\u015f bir uyum i\u00e7in zamanla aya\u011f\u0131n\u0131z\u0131n benzersiz \u015fekline uyum sa\u011flar. T\u00fcm bunlar\u0131n alt\u0131nda yer alan sa\u011flam EVA taban, \u00fcst\u00fcn \u015fok emilimi ve hafif esneklik sunarak ister \u015fehir sokaklar\u0131nda geziniyor ister i\u015f ama\u00e7l\u0131 g\u00fcndelik bir etkinli\u011fe kat\u0131l\u0131yor olun g\u00fcn boyu konfor sa\u011flar.<\/p>\n<p>\u0130nce 1-3 cm topuk, kal\u0131n taban tasar\u0131m\u0131n\u0131 tamamlayarak sa\u011flam ama \u015f\u0131k bir temel sa\u011flar.<\/p>\n<p><h3>Rakipsiz Stil ve \u00c7ok Y\u00f6nl\u00fcl\u00fck<\/h3>\n<\/p>\n<p>Bunlar <b>Erkek G\u00fcnl\u00fck Deri Derby Ayakkab\u0131<\/b> etkilemek i\u00e7in tasarland\u0131. Klasik a\u00e7\u0131k ba\u011fc\u0131k, \u015f\u0131k bir burun ve zarif brogue perforasyonlar\u0131 ile rafine ama ula\u015f\u0131labilir bir estetik sunar. \u00c7ok y\u00f6nl\u00fc Siyah ve sofistike Lacivert renkleri bulunan bu ayakkab\u0131lar, \u015f\u0131k ofis k\u0131yafetlerinden hafta sonu gezmelerine zahmetsizce ge\u00e7i\u015f yaparak chino pantolonlar, koyu renk kot pantolonlar veya \u00f6zel dikim pantolonlarla m\u00fckemmel uyum sa\u011flar.<\/p>\n<p>Dana derisi sayan\u0131n benzersiz dokusu derinlik ve karakter katarak bu ayakkab\u0131lar\u0131 s\u0131radanl\u0131ktan ay\u0131r\u0131r. Her ortamda kal\u0131c\u0131 bir etki b\u0131rakmak i\u00e7in m\u00fckemmel, \u015f\u0131k oldu\u011fu kadar rahat bir ayakkab\u0131y\u0131 kucaklay\u0131n.<\/p>\n<p><h3>\u0130\u015fletmeler i\u00e7in Toptan Sat\u0131\u015f F\u0131rsat\u0131<\/h3>\n<\/p>\n<p>\u0130\u015fletmeler ve perakendeciler i\u00e7in <b>Erkek G\u00fcnl\u00fck Deri Derby Ayakkab\u0131<\/b> minimum 8 \u00e7ift miktar\u0131nda toplu sipari\u015fler i\u00e7in mevcuttur. Bu, hem stil hem de i\u00e7erik arayan geni\u015f bir m\u00fc\u015fteri yelpazesine hitap eden birinci s\u0131n\u0131f ayakkab\u0131 stoklaman\u0131za olanak tan\u0131r. Sadece 12 g\u00fcn teslim s\u00fcresi ve nakliye ile envanterinizi y\u00fcksek kaliteli, talep g\u00f6ren \u00fcr\u00fcnlerle h\u0131zl\u0131 bir \u015fekilde geli\u015ftirebilirsiniz.<\/p>\n<p>39'dan 45'e kadar tam bir beden aral\u0131\u011f\u0131 sunarak her m\u00fc\u015fteri i\u00e7in m\u00fckemmel bir uyum sa\u011fl\u0131yoruz. Ola\u011fan\u00fcst\u00fc i\u015f\u00e7ili\u011fe yat\u0131r\u0131m yap\u0131n ve m\u00fc\u015fterilerinize ger\u00e7ekten fark yaratan ayakkab\u0131lar sunun. Bu dayan\u0131kl\u0131, \u015f\u0131k ve son derece rahat Derby ayakkab\u0131larla ayakkab\u0131 koleksiyonunuzu bug\u00fcn y\u00fckseltin.<\/p>","protected":false},"excerpt":{"rendered":"<ul>\n<li><b>\u00dcst\u00fcn Malzemeler:<\/b> Hakiki dana derisi d\u0131\u015f y\u00fczey ve yumu\u015fak ke\u00e7i derisi i\u00e7 y\u00fczey.<\/li>\n<li><b>Rahat Taban:<\/b> T\u00fcm g\u00fcn kullan\u0131m i\u00e7in dayan\u0131kl\u0131 ve hafif EVA taban.<\/li>\n<li><b>Topuk Y\u00fcksekli\u011fi:<\/b> Klasik \u015f\u0131kl\u0131k i\u00e7in 1-3 cm'lik ince topuk.<\/li>\n<li><b>Mevcut Boyutlar:<\/b> 39'dan 45'e kadar tam aral\u0131k.<\/li>\n<li><b>Toplu Bulunabilirlik:<\/b> Minimum 8 \u00e7ift sipari\u015f.<\/li>\n<li><b>Teslimat:<\/b> Teslim s\u00fcresi 12 g\u00fcn + nakliye.<\/li>\n<\/ul>","protected":false},"featured_media":3931,"template":"","meta":{"_acf_changed":false,"_uag_custom_page_level_css":"","site-sidebar-layout":"default","site-content-layout":"","ast-site-content-layout":"default","site-content-style":"default","site-sidebar-style":"default","ast-global-header-display":"","ast-banner-title-visibility":"","ast-main-header-display":"","ast-hfb-above-header-display":"","ast-hfb-below-header-display":"","ast-hfb-mobile-header-display":"","site-post-title":"","ast-breadcrumbs-content":"","ast-featured-img":"","footer-sml-layout":"","ast-disable-related-posts":"","theme-transparent-header-meta":"","adv-header-id-meta":"","stick-header-meta":"","header-above-stick-meta":"","header-main-stick-meta":"","header-below-stick-meta":"","astra-migrate-meta-layouts":"default","ast-page-background-enabled":"default","ast-page-background-meta":{"desktop":{"background-color":"var(--ast-global-color-4)","background-image":"","background-repeat":"repeat","background-position":"center center","background-size":"auto","background-attachment":"scroll","background-type":"","background-media":"","overlay-type":"","overlay-color":"","overlay-opacity":"","overlay-gradient":""},"tablet":{"background-color":"","background-image":"","background-repeat":"repeat","background-position":"center center","background-size":"auto","background-attachment":"scroll","background-type":"","background-media":"","overlay-type":"","overlay-color":"","overlay-opacity":"","overlay-gradient":""},"mobile":{"background-color":"","background-image":"","background-repeat":"repeat","background-position":"center center","background-size":"auto","background-attachment":"scroll","background-type":"","background-media":"","overlay-type":"","overlay-color":"","overlay-opacity":"","overlay-gradient":""}},"ast-content-background-meta":{"desktop":{"background-color":"var(--ast-global-color-5)","background-image":"","background-repeat":"repeat","background-position":"center center","background-size":"auto","background-attachment":"scroll","background-type":"","background-media":"","overlay-type":"","overlay-color":"","overlay-opacity":"","overlay-gradient":""},"tablet":{"background-color":"var(--ast-global-color-5)","background-image":"","background-repeat":"repeat","background-position":"center center","background-size":"auto","background-attachment":"scroll","background-type":"","background-media":"","overlay-type":"","overlay-color":"","overlay-opacity":"","overlay-gradient":""},"mobile":{"background-color":"var(--ast-global-color-5)","background-image":"","background-repeat":"repeat","background-position":"center center","background-size":"auto","background-attachment":"scroll","background-type":"","background-media":"","overlay-type":"","overlay-color":"","overlay-opacity":"","overlay-gradient":""}}},"product_brand":[],"product_cat":[48,47,49,430,40],"product_tag":[196,643,582,449,436,212,438,960,437,227,397,362,281],"class_list":{"0":"post-5878","1":"product","2":"type-product","3":"status-publish","4":"has-post-thumbnail","6":"product_cat-casual","7":"product_cat-classic","8":"product_cat-loafer","9":"product_cat-men","10":"product_cat-mens-shoes","11":"product_tag-black-leather-shoes","12":"product_tag-brogue-detailing","13":"product_tag-calfskin","14":"product_tag-casual-shoes","15":"product_tag-chunky-sole","16":"product_tag-derby-shoes","17":"product_tag-eva-sole","18":"product_tag-formal-casual","19":"product_tag-goat-leather","20":"product_tag-leather-shoes","21":"product_tag-navy-leather-shoes","22":"product_tag-premium-footwear","23":"product_tag-wholesale-shoes","24":"desktop-align-center","25":"tablet-align-center","26":"mobile-align-center","28":"first","29":"instock","30":"shipping-taxable","31":"purchasable","32":"product-type-variable","33":"has-default-attributes"},"acf":[],"uagb_featured_image_src":{"full":["https:\/\/turkishtrade.co\/wp-content\/uploads\/2026\/01\/2400EJOMN00368-DARK-BLUE-X_6323-5-USD.png",453,250,false],"thumbnail":["https:\/\/turkishtrade.co\/wp-content\/uploads\/2026\/01\/2400EJOMN00368-DARK-BLUE-X_6323-5-USD-150x150.png",150,150,true],"medium":["https:\/\/turkishtrade.co\/wp-content\/uploads\/2026\/01\/2400EJOMN00368-DARK-BLUE-X_6323-5-USD-300x166.png",300,166,true],"medium_large":["https:\/\/turkishtrade.co\/wp-content\/uploads\/2026\/01\/2400EJOMN00368-DARK-BLUE-X_6323-5-USD.png",453,250,false],"large":["https:\/\/turkishtrade.co\/wp-content\/uploads\/2026\/01\/2400EJOMN00368-DARK-BLUE-X_6323-5-USD.png",453,250,false],"1536x1536":["https:\/\/turkishtrade.co\/wp-content\/uploads\/2026\/01\/2400EJOMN00368-DARK-BLUE-X_6323-5-USD.png",453,250,false],"2048x2048":["https:\/\/turkishtrade.co\/wp-content\/uploads\/2026\/01\/2400EJOMN00368-DARK-BLUE-X_6323-5-USD.png",453,250,false],"trp-custom-language-flag":["https:\/\/turkishtrade.co\/wp-content\/uploads\/2026\/01\/2400EJOMN00368-DARK-BLUE-X_6323-5-USD-18x10.png",18,10,true],"woocommerce_thumbnail":["https:\/\/turkishtrade.co\/wp-content\/uploads\/2026\/01\/2400EJOMN00368-DARK-BLUE-X_6323-5-USD-400x250.png",400,250,true],"woocommerce_single":["https:\/\/turkishtrade.co\/wp-content\/uploads\/2026\/01\/2400EJOMN00368-DARK-BLUE-X_6323-5-USD.png",453,250,false],"woocommerce_gallery_thumbnail":["https:\/\/turkishtrade.co\/wp-content\/uploads\/2026\/01\/2400EJOMN00368-DARK-BLUE-X_6323-5-USD-100x100.png",100,100,true]},"uagb_author_info":{"display_name":"yaser olabi","author_link":"https:\/\/turkishtrade.co\/tr\/author\/"},"uagb_comment_info":0,"uagb_excerpt":"Superior Materials: Genuine calfskin leather exterior and soft goat leather interior. Comfortable Sole: Durable and lightweight EVA sole for all-day wear. Heel Height: Subtle 1-3cm heel for classic elegance. Available Sizes: Full range from 39 to 45. Bulk Availability: Minimum order of 8 pairs. Delivery: Lead time of 12 days + shipping.","_links":{"self":[{"href":"https:\/\/turkishtrade.co\/tr\/wp-json\/wp\/v2\/product\/5878","targetHints":{"allow":["GET"]}}],"collection":[{"href":"https:\/\/turkishtrade.co\/tr\/wp-json\/wp\/v2\/product"}],"about":[{"href":"https:\/\/turkishtrade.co\/tr\/wp-json\/wp\/v2\/types\/product"}],"wp:featuredmedia":[{"embeddable":true,"href":"https:\/\/turkishtrade.co\/tr\/wp-json\/wp\/v2\/media\/3931"}],"wp:attachment":[{"href":"https:\/\/turkishtrade.co\/tr\/wp-json\/wp\/v2\/media?parent=5878"}],"wp:term":[{"taxonomy":"product_brand","embeddable":true,"href":"https:\/\/turkishtrade.co\/tr\/wp-json\/wp\/v2\/product_brand?post=5878"},{"taxonomy":"product_cat","embeddable":true,"href":"https:\/\/turkishtrade.co\/tr\/wp-json\/wp\/v2\/product_cat?post=5878"},{"taxonomy":"product_tag","embeddable":true,"href":"https:\/\/turkishtrade.co\/tr\/wp-json\/wp\/v2\/product_tag?post=5878"}],"curies":[{"name":"wp","href":"https:\/\/api.w.org\/{rel}","templated":true}]}}