{"id":5873,"date":"2026-01-14T13:35:35","date_gmt":"2026-01-14T13:35:35","guid":{"rendered":"https:\/\/turkishtrade.co\/product\/men-s-leather-casual-derby-shoes\/"},"modified":"2026-04-09T19:21:30","modified_gmt":"2026-04-09T19:21:30","slug":"mens-leather-casual-derby-shoes-5","status":"publish","type":"product","link":"https:\/\/turkishtrade.co\/tr\/shop\/mens-leather-casual-derby-shoes-5\/","title":{"rendered":"Kabartma Detayl\u0131 Erkek Premium Dana Derisi G\u00fcnl\u00fck Derby Ayakkab\u0131"},"content":{"rendered":"<p><strong>Erkek Deri G\u00fcnl\u00fck Derby Ayakkab\u0131<\/strong><\/p>\n<p>Koleksiyonumuzla benzersiz stil ve konfora ad\u0131m at\u0131n <strong>Erkek Deri G\u00fcnl\u00fck Derby Ayakkab\u0131<\/strong>. Hem esteti\u011fe hem de pratikli\u011fe de\u011fer veren se\u00e7ici beyler i\u00e7in tasarlanan bu ola\u011fan\u00fcst\u00fc ayakkab\u0131lar, klasik \u015f\u0131kl\u0131\u011f\u0131 modern g\u00fcndelik \u00e7ekicilikle zahmetsizce harmanl\u0131yor. Bu birinci s\u0131n\u0131f ayakkab\u0131lar\u0131n her bir \u00e7ifti <strong>erkek deri\u0307 g\u00fcnl\u00fck derby ayakkabi<\/strong> \u00fcst\u00fcn i\u015f\u00e7ili\u011fin bir kan\u0131t\u0131d\u0131r ve her gard\u0131rop i\u00e7in sofistike bir ekleme vaat eder.<\/p>\n<h3>Rakipsiz Kalite ve Malzeme M\u00fckemmelli\u011fi<\/h3>\n<p>Kaliteye olan ba\u011fl\u0131l\u0131\u011f\u0131m\u0131z en iyi malzemelerin se\u00e7imiyle ba\u015flar. Bu s\u0131ra d\u0131\u015f\u0131 derby ayakkab\u0131lar\u0131n d\u0131\u015f y\u00fczeyi, esnek dokusu, dayan\u0131kl\u0131l\u0131\u011f\u0131 ve l\u00fcks y\u00fczeyiyle tan\u0131nan hakiki dana derisinden titizlikle \u00fcretilmi\u015ftir. Bu birinci s\u0131n\u0131f d\u0131\u015f katman, yumu\u015fak ke\u00e7i derisinden yap\u0131lm\u0131\u015f i\u00e7 astarla g\u00fczel bir \u015fekilde tamamlanarak maksimum nefes alabilirlik ve aya\u011f\u0131n\u0131zda yumu\u015fak bir his sa\u011flar.<\/p>\n<p>Bu malzeme kombinasyonu sadece \u00e7arp\u0131c\u0131 bir g\u00f6r\u00fcn\u00fcm\u00fc de\u011fil, ayn\u0131 zamanda kal\u0131c\u0131 konfor i\u00e7in aya\u011f\u0131n\u0131za uyum sa\u011flayan bir ayakkab\u0131y\u0131 da garanti eder. \u00dcst k\u0131s\u0131mdaki benzersiz kabartmal\u0131 deri detaylar bu ayakkab\u0131y\u0131 <strong>erkek deri\u0307 g\u00fcnl\u00fck derby ayakkabi<\/strong>, Bu da onlar\u0131 di\u011ferlerinden ay\u0131ran farkl\u0131 bir doku ve g\u00f6rsel ilgi kat\u0131yor.<\/p>\n<h3>Konfor ve \u00c7ok Y\u00f6nl\u00fcl\u00fck i\u00e7in Tasarland\u0131<\/h3>\n<p>\u0130yi tasarlanm\u0131\u015f bir taban\u0131n yaratabilece\u011fi fark\u0131 deneyimleyin. Bunlar <strong>erkekler i\u00e7in rahat deri derby ayakkab\u0131lar<\/strong> sa\u011flam ancak hafif bir EVA tabana sahiptir. Bu geli\u015fmi\u015f taban teknolojisi m\u00fckemmel yast\u0131klama, \u015fok emilimi ve esneklik sa\u011flayarak uzun s\u00fcreli kullan\u0131mlarda inan\u0131lmaz rahatl\u0131k sunar.<\/p>\n<p>\u0130ster \u015fehir manzaralar\u0131nda geziniyor ister rahat bir hafta sonu gezintisinin tad\u0131n\u0131 \u00e7\u0131kar\u0131yor olun, dayan\u0131kl\u0131 taban g\u00fcvenilir tutu\u015f ve destek sunar. Zengin koyu kahverengi tonu ve dokulu deri panelleriyle zenginle\u015ftirilen zamans\u0131z derby silueti, bu ayakkab\u0131lar\u0131 inan\u0131lmaz derecede \u00e7ok y\u00f6nl\u00fc hale getirir ve \u015f\u0131k g\u00fcnl\u00fck pantolonlardan daha rahat denimlere kadar \u00e7ok \u00e7e\u015fitli k\u0131yafetler i\u00e7in uygundur.<\/p>\n<h3>Toptan Sat\u0131\u015f F\u0131rsat\u0131 ve G\u00fcvenilir Teslimat<\/h3>\n<p>\u0130\u015f ortaklar\u0131m\u0131z i\u00e7in bu zarif <strong>erkek deri\u0307 g\u00fcnl\u00fck derby ayakkabi<\/strong> minimum 8 \u00e7ift miktar\u0131nda toptan sipari\u015fler i\u00e7in mevcuttur. Zaman\u0131nda teslimat\u0131n \u00f6nemini anl\u0131yoruz ve verimli s\u00fcrecimiz, sipari\u015finizin 12 g\u00fcn i\u00e7inde ve standart nakliye s\u00fcresiyle birlikte g\u00f6nderilmesini sa\u011fl\u0131yor. Y\u00fcksek moday\u0131 kal\u0131c\u0131 konfor ve kalite ile birle\u015ftiren ayakkab\u0131lara yat\u0131r\u0131m yap\u0131n.<\/p>\n<p>Bu olmazsa olmazlar\u0131n detayl\u0131 i\u015f\u00e7ili\u011fini ve \u00fcst\u00fcn malzemelerini ke\u015ffedin <strong>erkek deri\u0307 g\u00fcnl\u00fck derby ayakkabi<\/strong> ve m\u00fc\u015fterilerinize ger\u00e7ekten \u00f6ne \u00e7\u0131kan bir \u00fcr\u00fcn sunun.<\/p>","protected":false},"excerpt":{"rendered":"<ul>\n<li>Birinci s\u0131n\u0131f dana derisi d\u0131\u015f y\u00fczeyi ve yumu\u015fak, nefes alabilen ke\u00e7i derisi i\u00e7 k\u0131sm\u0131 ile ustal\u0131kla \u00fcretilmi\u015ftir.<\/li>\n<li>Sofistike bir dokunu\u015f i\u00e7in ay\u0131rt edici kabartmal\u0131 deri vurgulara sahip \u015f\u0131k ve rahat bir derby tasar\u0131m\u0131na sahiptir.<\/li>\n<li>Hafif ve dayan\u0131kl\u0131 EVA taban\u0131yla g\u00fcn boyu ola\u011fan\u00fcst\u00fc konfor ve g\u00fcvenilir tutu\u015f sa\u011flar.<\/li>\n<li>AB 39'dan 45'e kadar kapsaml\u0131 bir beden yelpazesinde mevcuttur.<\/li>\n<li>Minimum sipari\u015f miktar\u0131 8 \u00e7ifttir, perakende ve toptan sat\u0131\u015f ortaklar\u0131 i\u00e7in idealdir.<\/li>\n<li>Rekabet\u00e7i toptan fiyatland\u0131rma ve toplu bulunabilirlik i\u00e7in bizimle ileti\u015fime ge\u00e7in.<\/li>\n<\/ul>","protected":false},"featured_media":3927,"template":"","meta":{"_acf_changed":false,"_uag_custom_page_level_css":"","site-sidebar-layout":"default","site-content-layout":"","ast-site-content-layout":"default","site-content-style":"default","site-sidebar-style":"default","ast-global-header-display":"","ast-banner-title-visibility":"","ast-main-header-display":"","ast-hfb-above-header-display":"","ast-hfb-below-header-display":"","ast-hfb-mobile-header-display":"","site-post-title":"","ast-breadcrumbs-content":"","ast-featured-img":"","footer-sml-layout":"","ast-disable-related-posts":"","theme-transparent-header-meta":"default","adv-header-id-meta":"","stick-header-meta":"","header-above-stick-meta":"","header-main-stick-meta":"","header-below-stick-meta":"","astra-migrate-meta-layouts":"set","ast-page-background-enabled":"default","ast-page-background-meta":{"desktop":{"background-color":"var(--ast-global-color-4)","background-image":"","background-repeat":"repeat","background-position":"center center","background-size":"auto","background-attachment":"scroll","background-type":"","background-media":"","overlay-type":"","overlay-color":"","overlay-opacity":"","overlay-gradient":""},"tablet":{"background-color":"","background-image":"","background-repeat":"repeat","background-position":"center center","background-size":"auto","background-attachment":"scroll","background-type":"","background-media":"","overlay-type":"","overlay-color":"","overlay-opacity":"","overlay-gradient":""},"mobile":{"background-color":"","background-image":"","background-repeat":"repeat","background-position":"center center","background-size":"auto","background-attachment":"scroll","background-type":"","background-media":"","overlay-type":"","overlay-color":"","overlay-opacity":"","overlay-gradient":""}},"ast-content-background-meta":{"desktop":{"background-color":"var(--ast-global-color-5)","background-image":"","background-repeat":"repeat","background-position":"center center","background-size":"auto","background-attachment":"scroll","background-type":"","background-media":"","overlay-type":"","overlay-color":"","overlay-opacity":"","overlay-gradient":""},"tablet":{"background-color":"var(--ast-global-color-5)","background-image":"","background-repeat":"repeat","background-position":"center center","background-size":"auto","background-attachment":"scroll","background-type":"","background-media":"","overlay-type":"","overlay-color":"","overlay-opacity":"","overlay-gradient":""},"mobile":{"background-color":"var(--ast-global-color-5)","background-image":"","background-repeat":"repeat","background-position":"center center","background-size":"auto","background-attachment":"scroll","background-type":"","background-media":"","overlay-type":"","overlay-color":"","overlay-opacity":"","overlay-gradient":""}}},"product_brand":[],"product_cat":[48,47,49,430,40],"product_tag":[218,202,449,222,212,418,438,959,437,227,416,281],"class_list":{"0":"post-5873","1":"product","2":"type-product","3":"status-publish","4":"has-post-thumbnail","6":"product_cat-casual","7":"product_cat-classic","8":"product_cat-loafer","9":"product_cat-men","10":"product_cat-mens-shoes","11":"product_tag-brown-shoes","12":"product_tag-calf-leather","13":"product_tag-casual-shoes","14":"product_tag-comfortable-shoes","15":"product_tag-derby-shoes","16":"product_tag-embossed-leather","17":"product_tag-eva-sole","18":"product_tag-formal-casual-shoes","19":"product_tag-goat-leather","20":"product_tag-leather-shoes","21":"product_tag-luxury-shoes","22":"product_tag-wholesale-shoes","23":"desktop-align-center","24":"tablet-align-center","25":"mobile-align-center","27":"first","28":"instock","29":"shipping-taxable","30":"purchasable","31":"product-type-variable","32":"has-default-attributes"},"acf":[],"uagb_featured_image_src":{"full":["https:\/\/turkishtrade.co\/wp-content\/uploads\/2026\/01\/2400EJOMN00366-DARK-BROWN-Z_72-5-USD-1.png",453,250,false],"thumbnail":["https:\/\/turkishtrade.co\/wp-content\/uploads\/2026\/01\/2400EJOMN00366-DARK-BROWN-Z_72-5-USD-1-150x150.png",150,150,true],"medium":["https:\/\/turkishtrade.co\/wp-content\/uploads\/2026\/01\/2400EJOMN00366-DARK-BROWN-Z_72-5-USD-1-300x166.png",300,166,true],"medium_large":["https:\/\/turkishtrade.co\/wp-content\/uploads\/2026\/01\/2400EJOMN00366-DARK-BROWN-Z_72-5-USD-1.png",453,250,false],"large":["https:\/\/turkishtrade.co\/wp-content\/uploads\/2026\/01\/2400EJOMN00366-DARK-BROWN-Z_72-5-USD-1.png",453,250,false],"1536x1536":["https:\/\/turkishtrade.co\/wp-content\/uploads\/2026\/01\/2400EJOMN00366-DARK-BROWN-Z_72-5-USD-1.png",453,250,false],"2048x2048":["https:\/\/turkishtrade.co\/wp-content\/uploads\/2026\/01\/2400EJOMN00366-DARK-BROWN-Z_72-5-USD-1.png",453,250,false],"trp-custom-language-flag":["https:\/\/turkishtrade.co\/wp-content\/uploads\/2026\/01\/2400EJOMN00366-DARK-BROWN-Z_72-5-USD-1-18x10.png",18,10,true],"woocommerce_thumbnail":["https:\/\/turkishtrade.co\/wp-content\/uploads\/2026\/01\/2400EJOMN00366-DARK-BROWN-Z_72-5-USD-1-400x250.png",400,250,true],"woocommerce_single":["https:\/\/turkishtrade.co\/wp-content\/uploads\/2026\/01\/2400EJOMN00366-DARK-BROWN-Z_72-5-USD-1.png",453,250,false],"woocommerce_gallery_thumbnail":["https:\/\/turkishtrade.co\/wp-content\/uploads\/2026\/01\/2400EJOMN00366-DARK-BROWN-Z_72-5-USD-1-100x100.png",100,100,true]},"uagb_author_info":{"display_name":"yaser olabi","author_link":"https:\/\/turkishtrade.co\/tr\/author\/"},"uagb_comment_info":0,"uagb_excerpt":"Expertly crafted with a premium calf leather exterior and soft, breathable goat leather interior. Features a stylish casual derby design with distinctive embossed leather accents for a sophisticated touch. Equipped with a lightweight and durable EVA sole, ensuring exceptional comfort and reliable traction all day long. Available in a comprehensive range of sizes from EU&hellip;","_links":{"self":[{"href":"https:\/\/turkishtrade.co\/tr\/wp-json\/wp\/v2\/product\/5873","targetHints":{"allow":["GET"]}}],"collection":[{"href":"https:\/\/turkishtrade.co\/tr\/wp-json\/wp\/v2\/product"}],"about":[{"href":"https:\/\/turkishtrade.co\/tr\/wp-json\/wp\/v2\/types\/product"}],"wp:featuredmedia":[{"embeddable":true,"href":"https:\/\/turkishtrade.co\/tr\/wp-json\/wp\/v2\/media\/3927"}],"wp:attachment":[{"href":"https:\/\/turkishtrade.co\/tr\/wp-json\/wp\/v2\/media?parent=5873"}],"wp:term":[{"taxonomy":"product_brand","embeddable":true,"href":"https:\/\/turkishtrade.co\/tr\/wp-json\/wp\/v2\/product_brand?post=5873"},{"taxonomy":"product_cat","embeddable":true,"href":"https:\/\/turkishtrade.co\/tr\/wp-json\/wp\/v2\/product_cat?post=5873"},{"taxonomy":"product_tag","embeddable":true,"href":"https:\/\/turkishtrade.co\/tr\/wp-json\/wp\/v2\/product_tag?post=5873"}],"curies":[{"name":"wp","href":"https:\/\/api.w.org\/{rel}","templated":true}]}}