{"id":5871,"date":"2026-01-14T13:35:19","date_gmt":"2026-01-14T13:35:19","guid":{"rendered":"https:\/\/turkishtrade.co\/product\/mens-leather-casual-derby-shoes-3\/"},"modified":"2026-04-09T19:21:33","modified_gmt":"2026-04-09T19:21:33","slug":"mens-leather-casual-derby-shoes-3","status":"publish","type":"product","link":"https:\/\/turkishtrade.co\/tr\/shop\/mens-leather-casual-derby-shoes-3\/","title":{"rendered":"Erkek Premium Dana Derisi G\u00fcnl\u00fck Derby Ayakkab\u0131"},"content":{"rendered":"<p><strong>Erkek Deri G\u00fcnl\u00fck Derby Ayakkab\u0131<\/strong><\/p>\n<p>Ayakkab\u0131 koleksiyonunuzu se\u00e7kin \u00fcr\u00fcnlerimizle geli\u015ftirin <strong>Erkek Deri G\u00fcnl\u00fck Derby Ayakkab\u0131<\/strong>. Hem sofistike stile hem de ola\u011fan\u00fcst\u00fc konfora de\u011fer veren modern erkekler i\u00e7in tasarlanan bu ayakkab\u0131lar, \u00fcst\u00fcn i\u015f\u00e7ili\u011fin bir kan\u0131t\u0131d\u0131r. \u015e\u0131k g\u00fcndelik gezilerden daha rahat g\u00fcnl\u00fck giyime kadar \u00e7ok \u00e7e\u015fitli durumlar i\u00e7in m\u00fckemmel olan bu y\u00fcksek kaliteli <strong>Erkek Deri G\u00fcnl\u00fck Derby Ayakkab\u0131<\/strong> geleneksel zarafeti \u00e7a\u011fda\u015f tasar\u0131mla kusursuz bir \u015fekilde harmanl\u0131yor.<\/p>\n<p>\u00dcst\u00fcn kaliteli malzemelerin ve \u00f6zenli yap\u0131n\u0131n yaratt\u0131\u011f\u0131 fark\u0131, bu \u00e7ok y\u00f6nl\u00fc g\u00fcnl\u00fck ayakkab\u0131larla her ad\u0131mda ya\u015fay\u0131n. <strong>Erkek Deri G\u00fcnl\u00fck Derby Ayakkab\u0131<\/strong>.<\/p>\n<p><h3>Benzersiz \u0130\u015f\u00e7ilik ve \u00dcst\u00fcn Kaliteli Malzemeler<\/h3>\n<\/p>\n<p>Her bir \u00e7iftimiz <strong>Erkek Deri G\u00fcnl\u00fck Derby Ayakkab\u0131<\/strong> sadece en iyi malzemeler kullan\u0131larak titizlikle \u00fcretilmi\u015ftir. D\u0131\u015f y\u00fczeyinde yumu\u015fak dokusu, ola\u011fan\u00fcst\u00fc dayan\u0131kl\u0131l\u0131\u011f\u0131 ve zarif g\u00f6r\u00fcn\u00fcm\u00fcyle tan\u0131nan hakiki dana derisi kullan\u0131lm\u0131\u015ft\u0131r. Bu y\u00fcksek kaliteli dana derisi, ayakkab\u0131lar\u0131n\u0131z\u0131n sadece harika g\u00f6r\u00fcnmesini de\u011fil, ayn\u0131 zamanda g\u00fcnl\u00fck kullan\u0131m\u0131n zorluklar\u0131na dayanmas\u0131n\u0131 ve zaman i\u00e7inde benzersiz bir patina geli\u015ftirmesini sa\u011flar.<\/p>\n<p>\u0130\u00e7 k\u0131s\u0131mda, ayaklar\u0131n\u0131z ola\u011fan\u00fcst\u00fc nefes alabilirlik ve pel\u00fc\u015f bir his sa\u011flayan l\u00fcks ke\u00e7i derisi astarla sar\u0131l\u0131r. Birinci s\u0131n\u0131f derilerin bu kombinasyonu benzersiz bir kullan\u0131m deneyimi sunarak bu ola\u011fan\u00fcst\u00fc ayakkab\u0131lar\u0131 <strong>Erkek Deri G\u00fcnl\u00fck Derby Ayakkab\u0131<\/strong> Kal\u0131c\u0131 stil ve konfor i\u00e7in ger\u00e7ek bir yat\u0131r\u0131m.<\/p>\n<p><h3>Modern Stil G\u00fcnl\u00fck Konforla Bulu\u015fuyor<\/h3>\n<\/p>\n<p>Bunlar\u0131n ay\u0131rt edici tasar\u0131m\u0131 <strong>Erkek Deri G\u00fcnl\u00fck Derby Ayakkab\u0131<\/strong> sa\u011flam, kal\u0131n EVA tabanla tamamlanan klasik bir a\u00e7\u0131k ba\u011fc\u0131k sistemine sahiptir. Bu modern taban sadece modaya uygun bir hava katmakla kalmaz, ayn\u0131 zamanda \u00fcst\u00fcn \u015fok emilimi ve hafif esneklik sa\u011flayarak t\u00fcm g\u00fcn konfor sunar. Yandaki ince desenli vurgu da dahil olmak \u00fczere titiz detaylar bu ayakkab\u0131lar\u0131 di\u011ferlerinden ay\u0131r\u0131r ve her gard\u0131rop i\u00e7in \u015f\u0131k bir se\u00e7im haline getirir.<\/p>\n<p>\u0130ster bir kot pantolonu giydiriyor ister \u015f\u0131k ve g\u00fcndelik bir kombini tamaml\u0131yor olun, bu birinci s\u0131n\u0131f <strong>Erkek Deri G\u00fcnl\u00fck Derby Ayakkab\u0131<\/strong> bi\u00e7im ve i\u015flevin m\u00fckemmel bir kar\u0131\u015f\u0131m\u0131n\u0131 sunar. \u00c7ok y\u00f6nl\u00fc esteti\u011fi sayesinde her erke\u011fin ayakkab\u0131 koleksiyonunun vazge\u00e7ilmez bir par\u00e7as\u0131 olan bu ayakkab\u0131lar, erkeklerin g\u00fcnl\u00fck ayakkab\u0131lar\u0131n\u0131n ne olabilece\u011fini yeniden tan\u0131ml\u0131yor.<\/p>\n<p><h3>Dayan\u0131kl\u0131l\u0131k ve Toplu Kullan\u0131labilirlik i\u00e7in Tasarland\u0131<\/h3>\n<\/p>\n<p>\u00c7arp\u0131c\u0131 esteti\u011fi ve konforunun \u00f6tesinde, bu <strong>Erkek Deri G\u00fcnl\u00fck Derby Ayakkab\u0131<\/strong> uzun s\u00fcre dayanacak \u015fekilde \u00fcretilmi\u015ftir. Uzun s\u00fcreli kullan\u0131m i\u00e7in tasarlanan y\u00fcksek kaliteli EVA taban, m\u00fckemmel kavrama ve a\u015f\u0131nma ve y\u0131pranmaya kar\u015f\u0131 diren\u00e7 sunarak bu ayakkab\u0131lara yapt\u0131\u011f\u0131n\u0131z yat\u0131r\u0131m\u0131n uzun \u00f6m\u00fcrl\u00fc olmas\u0131n\u0131 sa\u011flar. <strong>Erkek Deri G\u00fcnl\u00fck Derby Ayakkab\u0131<\/strong> kar\u015f\u0131l\u0131\u011f\u0131n\u0131 verir.<\/p>\n<p>Toptan sat\u0131\u015f ortaklar\u0131m\u0131z\u0131n ihtiya\u00e7lar\u0131n\u0131 anl\u0131yoruz, i\u015fte bu y\u00fczden bu ola\u011fan\u00fcst\u00fc <strong>Erkek Deri G\u00fcnl\u00fck Derby Ayakkab\u0131<\/strong> sadece 8 \u00e7ift minimum sipari\u015f miktar\u0131 ile mevcuttur. Bu da onlar\u0131 y\u00fcksek talep g\u00f6ren, birinci s\u0131n\u0131f ayakkab\u0131lar stoklamak isteyen perakendeciler i\u00e7in ideal bir se\u00e7im haline getirir. G\u00fcvenilir \u00fcretim s\u00fcresi 12 g\u00fcn art\u0131 nakliye ile envanterinizi verimli bir \u015fekilde planlayabilir ve m\u00fc\u015fterilerin \u015f\u0131k ve dayan\u0131kl\u0131 ayakkab\u0131 taleplerini kar\u015f\u0131layabilirsiniz. <strong>Erkek Deri G\u00fcnl\u00fck Derby Ayakkab\u0131<\/strong>.<\/p>\n<p>Hem stil hem de i\u00e7erik sunan ayakkab\u0131lara yat\u0131r\u0131m yap\u0131n. Premium ayakkab\u0131lar\u0131m\u0131z <strong>Erkek Deri G\u00fcnl\u00fck Derby Ayakkab\u0131<\/strong> bir \u00e7ift ayakkab\u0131dan daha fazlas\u0131d\u0131r; bir kalite ifadesi ve rahatl\u0131k taahh\u00fcd\u00fcd\u00fcr. Bug\u00fcn sipari\u015finizi verin ve mevcut en iyi Erkek Deri G\u00fcnl\u00fck Derby Ayakkab\u0131lar\u0131 ile sofistike bir g\u00fcndelik \u015f\u0131kl\u0131k d\u00fcnyas\u0131na ad\u0131m at\u0131n.<\/p>","protected":false},"excerpt":{"rendered":"<ul>\n<li>Dayan\u0131kl\u0131l\u0131k ve stil i\u00e7in birinci s\u0131n\u0131f hakiki Dana Derisi saya ile \u00fcretilmi\u015ftir.<\/li>\n<li>L\u00fcks ve nefes alabilen Ke\u00e7i Derisi astar \u00fcst\u00fcn konfor sa\u011flar.<\/li>\n<li>M\u00fckemmel tutu\u015f ve yast\u0131klama i\u00e7in sa\u011flam ancak hafif bir EVA tabana sahiptir.<\/li>\n<li>Kendine \u00f6zg\u00fc kal\u0131n taban profiliyle \u00e7ok y\u00f6nl\u00fc ve rahat bir Derby tarz\u0131nda tasarlanm\u0131\u015ft\u0131r.<\/li>\n<li>Kapsaml\u0131 bir beden aral\u0131\u011f\u0131nda mevcuttur: 39, 40, 41, 42, 43, 44, 45.<\/li>\n<li>Minimum sipari\u015f miktar\u0131: 8 \u00e7ift, toptan ve perakende sat\u0131\u015f ortaklar\u0131 i\u00e7in idealdir.<\/li>\n<li>Verimli \u00fcretim teslim s\u00fcresi: 12 g\u00fcn + nakliye.<\/li>\n<\/ul>","protected":false},"featured_media":3926,"template":"","meta":{"_acf_changed":false,"_uag_custom_page_level_css":"","site-sidebar-layout":"default","site-content-layout":"","ast-site-content-layout":"default","site-content-style":"default","site-sidebar-style":"default","ast-global-header-display":"","ast-banner-title-visibility":"","ast-main-header-display":"","ast-hfb-above-header-display":"","ast-hfb-below-header-display":"","ast-hfb-mobile-header-display":"","site-post-title":"","ast-breadcrumbs-content":"","ast-featured-img":"","footer-sml-layout":"","ast-disable-related-posts":"","theme-transparent-header-meta":"","adv-header-id-meta":"","stick-header-meta":"","header-above-stick-meta":"","header-main-stick-meta":"","header-below-stick-meta":"","astra-migrate-meta-layouts":"default","ast-page-background-enabled":"default","ast-page-background-meta":{"desktop":{"background-color":"var(--ast-global-color-4)","background-image":"","background-repeat":"repeat","background-position":"center center","background-size":"auto","background-attachment":"scroll","background-type":"","background-media":"","overlay-type":"","overlay-color":"","overlay-opacity":"","overlay-gradient":""},"tablet":{"background-color":"","background-image":"","background-repeat":"repeat","background-position":"center center","background-size":"auto","background-attachment":"scroll","background-type":"","background-media":"","overlay-type":"","overlay-color":"","overlay-opacity":"","overlay-gradient":""},"mobile":{"background-color":"","background-image":"","background-repeat":"repeat","background-position":"center center","background-size":"auto","background-attachment":"scroll","background-type":"","background-media":"","overlay-type":"","overlay-color":"","overlay-opacity":"","overlay-gradient":""}},"ast-content-background-meta":{"desktop":{"background-color":"var(--ast-global-color-5)","background-image":"","background-repeat":"repeat","background-position":"center center","background-size":"auto","background-attachment":"scroll","background-type":"","background-media":"","overlay-type":"","overlay-color":"","overlay-opacity":"","overlay-gradient":""},"tablet":{"background-color":"var(--ast-global-color-5)","background-image":"","background-repeat":"repeat","background-position":"center center","background-size":"auto","background-attachment":"scroll","background-type":"","background-media":"","overlay-type":"","overlay-color":"","overlay-opacity":"","overlay-gradient":""},"mobile":{"background-color":"var(--ast-global-color-5)","background-image":"","background-repeat":"repeat","background-position":"center center","background-size":"auto","background-attachment":"scroll","background-type":"","background-media":"","overlay-type":"","overlay-color":"","overlay-opacity":"","overlay-gradient":""}}},"product_brand":[],"product_cat":[48,47,49,430,40],"product_tag":[1078,513,185,331,1039,287,189,967,310,198,440,787,280,254],"class_list":{"0":"post-5871","1":"product","2":"type-product","3":"status-publish","4":"has-post-thumbnail","6":"product_cat-casual","7":"product_cat-classic","8":"product_cat-loafer","9":"product_cat-men","10":"product_cat-mens-shoes","11":"product_tag-black-leather-derby","12":"product_tag-business-casual-shoes","13":"product_tag-calf-leather-shoes","14":"product_tag-chunky-sole-shoes","15":"product_tag-durable-leather-shoes","16":"product_tag-eva-sole-shoes","17":"product_tag-goat-leather-lining","18":"product_tag-leather-casual-shoes","19":"product_tag-mens-derby-shoes","20":"product_tag-mens-fashion","21":"product_tag-modern-derby","22":"product_tag-premium-mens-shoes","23":"product_tag-smart-casual-shoes","24":"product_tag-wholesale-footwear","25":"desktop-align-center","26":"tablet-align-center","27":"mobile-align-center","29":"first","30":"instock","31":"shipping-taxable","32":"purchasable","33":"product-type-variable","34":"has-default-attributes"},"acf":[],"uagb_featured_image_src":{"full":["https:\/\/turkishtrade.co\/wp-content\/uploads\/2026\/01\/2400EJOMN00365-DARK-BROWN-Y_12582-6-USD.png",453,250,false],"thumbnail":["https:\/\/turkishtrade.co\/wp-content\/uploads\/2026\/01\/2400EJOMN00365-DARK-BROWN-Y_12582-6-USD-150x150.png",150,150,true],"medium":["https:\/\/turkishtrade.co\/wp-content\/uploads\/2026\/01\/2400EJOMN00365-DARK-BROWN-Y_12582-6-USD-300x166.png",300,166,true],"medium_large":["https:\/\/turkishtrade.co\/wp-content\/uploads\/2026\/01\/2400EJOMN00365-DARK-BROWN-Y_12582-6-USD.png",453,250,false],"large":["https:\/\/turkishtrade.co\/wp-content\/uploads\/2026\/01\/2400EJOMN00365-DARK-BROWN-Y_12582-6-USD.png",453,250,false],"1536x1536":["https:\/\/turkishtrade.co\/wp-content\/uploads\/2026\/01\/2400EJOMN00365-DARK-BROWN-Y_12582-6-USD.png",453,250,false],"2048x2048":["https:\/\/turkishtrade.co\/wp-content\/uploads\/2026\/01\/2400EJOMN00365-DARK-BROWN-Y_12582-6-USD.png",453,250,false],"trp-custom-language-flag":["https:\/\/turkishtrade.co\/wp-content\/uploads\/2026\/01\/2400EJOMN00365-DARK-BROWN-Y_12582-6-USD-18x10.png",18,10,true],"woocommerce_thumbnail":["https:\/\/turkishtrade.co\/wp-content\/uploads\/2026\/01\/2400EJOMN00365-DARK-BROWN-Y_12582-6-USD-400x250.png",400,250,true],"woocommerce_single":["https:\/\/turkishtrade.co\/wp-content\/uploads\/2026\/01\/2400EJOMN00365-DARK-BROWN-Y_12582-6-USD.png",453,250,false],"woocommerce_gallery_thumbnail":["https:\/\/turkishtrade.co\/wp-content\/uploads\/2026\/01\/2400EJOMN00365-DARK-BROWN-Y_12582-6-USD-100x100.png",100,100,true]},"uagb_author_info":{"display_name":"yaser olabi","author_link":"https:\/\/turkishtrade.co\/tr\/author\/"},"uagb_comment_info":0,"uagb_excerpt":"Crafted with a premium genuine Calf Leather upper for durability and style. Luxurious and breathable Goat Leather lining ensures superior comfort. Features a robust yet lightweight EVA sole for excellent traction and cushioning. Designed in a versatile casual Derby style with a distinctive chunky sole profile. Available in a comprehensive size range: 39, 40, 41,&hellip;","_links":{"self":[{"href":"https:\/\/turkishtrade.co\/tr\/wp-json\/wp\/v2\/product\/5871","targetHints":{"allow":["GET"]}}],"collection":[{"href":"https:\/\/turkishtrade.co\/tr\/wp-json\/wp\/v2\/product"}],"about":[{"href":"https:\/\/turkishtrade.co\/tr\/wp-json\/wp\/v2\/types\/product"}],"wp:featuredmedia":[{"embeddable":true,"href":"https:\/\/turkishtrade.co\/tr\/wp-json\/wp\/v2\/media\/3926"}],"wp:attachment":[{"href":"https:\/\/turkishtrade.co\/tr\/wp-json\/wp\/v2\/media?parent=5871"}],"wp:term":[{"taxonomy":"product_brand","embeddable":true,"href":"https:\/\/turkishtrade.co\/tr\/wp-json\/wp\/v2\/product_brand?post=5871"},{"taxonomy":"product_cat","embeddable":true,"href":"https:\/\/turkishtrade.co\/tr\/wp-json\/wp\/v2\/product_cat?post=5871"},{"taxonomy":"product_tag","embeddable":true,"href":"https:\/\/turkishtrade.co\/tr\/wp-json\/wp\/v2\/product_tag?post=5871"}],"curies":[{"name":"wp","href":"https:\/\/api.w.org\/{rel}","templated":true}]}}