{"id":5868,"date":"2026-01-14T13:34:56","date_gmt":"2026-01-14T13:34:56","guid":{"rendered":"https:\/\/turkishtrade.co\/product\/mens-chunky-sole-leather-derby-2\/"},"modified":"2026-04-09T19:21:40","modified_gmt":"2026-04-09T19:21:40","slug":"mens-chunky-sole-leather-derby-2","status":"publish","type":"product","link":"https:\/\/turkishtrade.co\/tr\/shop\/mens-chunky-sole-leather-derby-2\/","title":{"rendered":"Erkek Premium Dana Derisi Kal\u0131n Tabanl\u0131 Derby Ayakkab\u0131"},"content":{"rendered":"<p><strong>Erkek Kal\u0131n Tabanl\u0131 Deri Derby<\/strong><\/p>\n<p>G\u00fcnl\u00fck stilinizi zarif \u00fcr\u00fcnlerimizle y\u00fckseltin <strong>Erkek Kal\u0131n Tabanl\u0131 Deri Derby<\/strong> ayakkab\u0131lar. Hem sofistike esteti\u011fe hem de benzersiz konfora de\u011fer veren modern erkekler i\u00e7in tasarlanan bu ayakkab\u0131lar, \u00fcst\u00fcn i\u015f\u00e7ili\u011fin bir kan\u0131t\u0131d\u0131r. Klasik tasar\u0131m ile \u00e7a\u011fda\u015f bir \u00e7izgiyi harmanlamak isteyenler i\u00e7in m\u00fckemmel olan koleksiyonumuz, kal\u0131c\u0131 bir etki b\u0131rakman\u0131z\u0131 sa\u011flar.<\/p>\n<p><h3>Rakipsiz Kalite ve Konfor<\/h3>\n<\/p>\n<p>Her bir \u00e7ift <strong>Erkek Kal\u0131n Tabanl\u0131 Deri Derby<\/strong> ayakkab\u0131lar yaln\u0131zca en iyi malzemeler kullan\u0131larak titizlikle \u00fcretilmi\u015ftir. D\u0131\u015f y\u00fczeyi, esnek dokusu, ola\u011fan\u00fcst\u00fc dayan\u0131kl\u0131l\u0131\u011f\u0131 ve zarif g\u00f6r\u00fcn\u00fcm\u00fcyle bilinen birinci s\u0131n\u0131f \u00e7ak\u0131ll\u0131 dana derisine sahiptir. Bu y\u00fcksek kaliteli deri sadece sofistike g\u00f6r\u00fcnmekle kalmaz, ayn\u0131 zamanda zamanla benzersiz bir patine geli\u015ftirerek g\u00fczel bir \u015fekilde ya\u015flan\u0131r.<\/p>\n<p>\u0130\u00e7 k\u0131s\u0131mda, aya\u011f\u0131n\u0131z\u0131 saran l\u00fcks ke\u00e7i derisi astar, nefes alabilirlik ve aya\u011f\u0131n\u0131z\u0131 \u015fekillendiren p\u00fcr\u00fczs\u00fcz, rahat bir uyum sunar. Bu \u00f6zenli kombinasyon, aya\u011f\u0131n\u0131za ge\u00e7irdi\u011finiz andan itibaren ger\u00e7ekten birinci s\u0131n\u0131f bir deneyim sunarak bu ayakkab\u0131lar\u0131 ideal hale getirir. <strong>Erkek Kal\u0131n Tabanl\u0131 Deri Derby<\/strong> t\u00fcm g\u00fcn kullan\u0131m i\u00e7in.<\/p>\n<p><h3>Her Durum i\u00e7in \u00c7ok Y\u00f6nl\u00fc Stil<\/h3>\n<\/p>\n<p>Klasik derby silueti, her k\u0131yafete cesur bir ifade katan kendine \u00f6zg\u00fc kal\u0131n taban\u0131 ile \u00e7a\u011fda\u015f bir yakla\u015f\u0131mla yeniden tasarland\u0131. Bu \u00e7ok y\u00f6nl\u00fc <strong>Erkek Kal\u0131n Tabanl\u0131 Deri Derby<\/strong> ayakkab\u0131lar, \u015f\u0131k ve g\u00fcndelik ofis k\u0131yafetlerinden hafta sonu gezmelerine veya \u00f6zel etkinliklere zahmetsizce ge\u00e7i\u015f yapar. \u0130ster zamans\u0131z Siyah\u0131, ister zengin Bordoyu, ister sofistike Kahverengiyi se\u00e7in, bu ayakkab\u0131lar gard\u0131robunuzu m\u00fckemmel bir \u015fekilde tamamlayacakt\u0131r.<\/p>\n<p>1-3 cm aras\u0131nda de\u011fi\u015fen ince topuk y\u00fcksekli\u011fi, dengeden veya ayakkab\u0131n\u0131n modern esteti\u011finden \u00f6d\u00fcn vermeden rahat bir y\u00fckselme sa\u011flar.<\/p>\n<p><h3>Dayan\u0131kl\u0131 Tasar\u0131m ve Hafif Performans<\/h3>\n<\/p>\n<p>Sa\u011flam EVA taban, m\u00fckemmel \u015fok emilimi, hafif konfor ve \u00e7e\u015fitli y\u00fczeylerde \u00fcst\u00fcn tutu\u015f sa\u011flayan \u00f6nemli bir \u00f6zelliktir. Geleneksel a\u011f\u0131r tabanlardan farkl\u0131 olarak, EVA tasar\u0131m\u0131m\u0131z ayakkab\u0131n\u0131z\u0131n <strong>Erkek Kal\u0131n Tabanl\u0131 Deri Derby<\/strong> ayakkab\u0131lar uzun s\u00fcre rahat kal\u0131r ve ayak yorgunlu\u011funu azalt\u0131r. Bu dayan\u0131kl\u0131 ve pratik yap\u0131, bu ayakkab\u0131lar\u0131n uzun s\u00fcre dayanacak \u015fekilde \u00fcretildi\u011fi ve sezondan sezona kal\u0131c\u0131 bir stil ve g\u00fcvenilirlik sundu\u011fu anlam\u0131na gelir.<\/p>\n<p>Bu ola\u011fan\u00fcst\u00fc model ile stil, konfor ve dayan\u0131kl\u0131l\u0131\u011f\u0131n m\u00fckemmel kar\u0131\u015f\u0131m\u0131n\u0131 deneyimleyin <strong>Erkek Kal\u0131n Tabanl\u0131 Deri Derby<\/strong> Ayakkab\u0131lar.<\/p>\n<p><h3>\u0130\u015fletmeniz i\u00e7in Toplu Kullan\u0131labilirlik<\/h3>\n<\/p>\n<p>Perakendeciler ve i\u015fletmeler i\u00e7in ideal olan bu pop\u00fcler ve \u015f\u0131k ayakkab\u0131y\u0131 stoklayabilmeniz i\u00e7in minimum 8 \u00e7ift sipari\u015f miktar\u0131 sunuyoruz. Teslimat s\u00fcresi 12 g\u00fcn art\u0131 nakliye ile envanterinizi verimli bir \u015fekilde planlayabilirsiniz. M\u00fc\u015fterileriniz \u00fczerinde kal\u0131c\u0131 bir etki b\u0131rakan kaliteli ayakkab\u0131lara yat\u0131r\u0131m yap\u0131n.<\/p>\n<p>Bizim <strong>Erkek Kal\u0131n Tabanl\u0131 Deri Derby<\/strong> koleksiyonu, modern modan\u0131n taleplerini kar\u015f\u0131layan birinci s\u0131n\u0131f bir \u00fcr\u00fcn sunarak envanterinizin vazge\u00e7ilmezi olmay\u0131 bekliyor.<\/p>","protected":false},"excerpt":{"rendered":"<ul>\n<li>\u00dcst k\u0131sm\u0131 birinci s\u0131n\u0131f \u00e7ak\u0131ll\u0131 dana derisinden el yap\u0131m\u0131 olarak \u00fcretilmi\u015ftir.<\/li>\n<li>L\u00fcks ke\u00e7i derisi astar nefes alabilirlik ve \u00fcst\u00fcn konfor sa\u011flar.<\/li>\n<li>\u00dcst\u00fcn tutu\u015f ve destek i\u00e7in sa\u011flam ancak hafif EVA kal\u0131n tabana sahiptir.<\/li>\n<li>Klasik ba\u011fc\u0131kl\u0131 derby stili, \u00e7ok y\u00f6nl\u00fc ak\u0131ll\u0131 g\u00fcndelik giyim i\u00e7in m\u00fckemmeldir.<\/li>\n<li>Sofistike Siyah, zengin Bordo ve zarif Kahverengi renkleri mevcuttur.<\/li>\n<li>Geni\u015f ebat yelpazesi: 39, 40, 41, 42, 43, 44, 45.<\/li>\n<li>Toptan sat\u0131\u015f i\u00e7in minimum sipari\u015f miktar\u0131: 8 \u00e7ift.<\/li>\n<li>H\u0131zl\u0131 teslimat 12 g\u00fcn i\u00e7inde + nakliye.<\/li>\n<\/ul>","protected":false},"featured_media":3925,"template":"","meta":{"_acf_changed":false,"_uag_custom_page_level_css":"","site-sidebar-layout":"default","site-content-layout":"","ast-site-content-layout":"default","site-content-style":"default","site-sidebar-style":"default","ast-global-header-display":"","ast-banner-title-visibility":"","ast-main-header-display":"","ast-hfb-above-header-display":"","ast-hfb-below-header-display":"","ast-hfb-mobile-header-display":"","site-post-title":"","ast-breadcrumbs-content":"","ast-featured-img":"","footer-sml-layout":"","ast-disable-related-posts":"","theme-transparent-header-meta":"","adv-header-id-meta":"","stick-header-meta":"","header-above-stick-meta":"","header-main-stick-meta":"","header-below-stick-meta":"","astra-migrate-meta-layouts":"default","ast-page-background-enabled":"default","ast-page-background-meta":{"desktop":{"background-color":"var(--ast-global-color-4)","background-image":"","background-repeat":"repeat","background-position":"center center","background-size":"auto","background-attachment":"scroll","background-type":"","background-media":"","overlay-type":"","overlay-color":"","overlay-opacity":"","overlay-gradient":""},"tablet":{"background-color":"","background-image":"","background-repeat":"repeat","background-position":"center center","background-size":"auto","background-attachment":"scroll","background-type":"","background-media":"","overlay-type":"","overlay-color":"","overlay-opacity":"","overlay-gradient":""},"mobile":{"background-color":"","background-image":"","background-repeat":"repeat","background-position":"center center","background-size":"auto","background-attachment":"scroll","background-type":"","background-media":"","overlay-type":"","overlay-color":"","overlay-opacity":"","overlay-gradient":""}},"ast-content-background-meta":{"desktop":{"background-color":"var(--ast-global-color-5)","background-image":"","background-repeat":"repeat","background-position":"center center","background-size":"auto","background-attachment":"scroll","background-type":"","background-media":"","overlay-type":"","overlay-color":"","overlay-opacity":"","overlay-gradient":""},"tablet":{"background-color":"var(--ast-global-color-5)","background-image":"","background-repeat":"repeat","background-position":"center center","background-size":"auto","background-attachment":"scroll","background-type":"","background-media":"","overlay-type":"","overlay-color":"","overlay-opacity":"","overlay-gradient":""},"mobile":{"background-color":"var(--ast-global-color-5)","background-image":"","background-repeat":"repeat","background-position":"center center","background-size":"auto","background-attachment":"scroll","background-type":"","background-media":"","overlay-type":"","overlay-color":"","overlay-opacity":"","overlay-gradient":""}}},"product_brand":[],"product_cat":[48,47,49,430,40],"product_tag":[407,613,1075,185,1050,436,1076,290,1077,287,189,1074,310,565,632],"class_list":{"0":"post-5868","1":"product","2":"type-product","3":"status-publish","4":"has-post-thumbnail","6":"product_cat-casual","7":"product_cat-classic","8":"product_cat-loafer","9":"product_cat-men","10":"product_cat-mens-shoes","11":"product_tag-black-derby-shoes","12":"product_tag-brown-derby-shoes","13":"product_tag-burgundy-derby-shoes","14":"product_tag-calf-leather-shoes","15":"product_tag-casual-derby","16":"product_tag-chunky-sole","17":"product_tag-classic-derby","18":"product_tag-comfortable-mens-shoes","19":"product_tag-durable-mens-shoes","20":"product_tag-eva-sole-shoes","21":"product_tag-goat-leather-lining","22":"product_tag-mens-chunky-sole-leather-derby","23":"product_tag-mens-derby-shoes","24":"product_tag-mens-formal-shoes","25":"product_tag-premium-leather-shoes","26":"desktop-align-center","27":"tablet-align-center","28":"mobile-align-center","30":"first","31":"instock","32":"shipping-taxable","33":"purchasable","34":"product-type-variable","35":"has-default-attributes"},"acf":[],"uagb_featured_image_src":{"full":["https:\/\/turkishtrade.co\/wp-content\/uploads\/2026\/01\/2400EJOMN00362-DARK-BROWN-X_341-Fusped-1-usd.png",453,250,false],"thumbnail":["https:\/\/turkishtrade.co\/wp-content\/uploads\/2026\/01\/2400EJOMN00362-DARK-BROWN-X_341-Fusped-1-usd-150x150.png",150,150,true],"medium":["https:\/\/turkishtrade.co\/wp-content\/uploads\/2026\/01\/2400EJOMN00362-DARK-BROWN-X_341-Fusped-1-usd-300x166.png",300,166,true],"medium_large":["https:\/\/turkishtrade.co\/wp-content\/uploads\/2026\/01\/2400EJOMN00362-DARK-BROWN-X_341-Fusped-1-usd.png",453,250,false],"large":["https:\/\/turkishtrade.co\/wp-content\/uploads\/2026\/01\/2400EJOMN00362-DARK-BROWN-X_341-Fusped-1-usd.png",453,250,false],"1536x1536":["https:\/\/turkishtrade.co\/wp-content\/uploads\/2026\/01\/2400EJOMN00362-DARK-BROWN-X_341-Fusped-1-usd.png",453,250,false],"2048x2048":["https:\/\/turkishtrade.co\/wp-content\/uploads\/2026\/01\/2400EJOMN00362-DARK-BROWN-X_341-Fusped-1-usd.png",453,250,false],"trp-custom-language-flag":["https:\/\/turkishtrade.co\/wp-content\/uploads\/2026\/01\/2400EJOMN00362-DARK-BROWN-X_341-Fusped-1-usd-18x10.png",18,10,true],"woocommerce_thumbnail":["https:\/\/turkishtrade.co\/wp-content\/uploads\/2026\/01\/2400EJOMN00362-DARK-BROWN-X_341-Fusped-1-usd-400x250.png",400,250,true],"woocommerce_single":["https:\/\/turkishtrade.co\/wp-content\/uploads\/2026\/01\/2400EJOMN00362-DARK-BROWN-X_341-Fusped-1-usd.png",453,250,false],"woocommerce_gallery_thumbnail":["https:\/\/turkishtrade.co\/wp-content\/uploads\/2026\/01\/2400EJOMN00362-DARK-BROWN-X_341-Fusped-1-usd-100x100.png",100,100,true]},"uagb_author_info":{"display_name":"yaser olabi","author_link":"https:\/\/turkishtrade.co\/tr\/author\/"},"uagb_comment_info":0,"uagb_excerpt":"Handcrafted from premium pebbled calf leather for the upper. Luxurious goat leather lining ensures breathability and ultimate comfort. Features a robust yet lightweight EVA chunky sole for superior traction and support. Classic lace-up derby style, perfect for versatile smart-casual wear. Available in sophisticated Black, rich Burgundy, and elegant Brown. Wide range of sizes: 39, 40,&hellip;","_links":{"self":[{"href":"https:\/\/turkishtrade.co\/tr\/wp-json\/wp\/v2\/product\/5868","targetHints":{"allow":["GET"]}}],"collection":[{"href":"https:\/\/turkishtrade.co\/tr\/wp-json\/wp\/v2\/product"}],"about":[{"href":"https:\/\/turkishtrade.co\/tr\/wp-json\/wp\/v2\/types\/product"}],"wp:featuredmedia":[{"embeddable":true,"href":"https:\/\/turkishtrade.co\/tr\/wp-json\/wp\/v2\/media\/3925"}],"wp:attachment":[{"href":"https:\/\/turkishtrade.co\/tr\/wp-json\/wp\/v2\/media?parent=5868"}],"wp:term":[{"taxonomy":"product_brand","embeddable":true,"href":"https:\/\/turkishtrade.co\/tr\/wp-json\/wp\/v2\/product_brand?post=5868"},{"taxonomy":"product_cat","embeddable":true,"href":"https:\/\/turkishtrade.co\/tr\/wp-json\/wp\/v2\/product_cat?post=5868"},{"taxonomy":"product_tag","embeddable":true,"href":"https:\/\/turkishtrade.co\/tr\/wp-json\/wp\/v2\/product_tag?post=5868"}],"curies":[{"name":"wp","href":"https:\/\/api.w.org\/{rel}","templated":true}]}}