{"id":5865,"date":"2026-01-14T13:34:37","date_gmt":"2026-01-14T13:34:37","guid":{"rendered":"https:\/\/turkishtrade.co\/product\/mens-leather-casual-derby-shoes-2\/"},"modified":"2026-04-09T19:21:48","modified_gmt":"2026-04-09T19:21:48","slug":"mens-leather-casual-derby-shoes-2","status":"publish","type":"product","link":"https:\/\/turkishtrade.co\/tr\/shop\/mens-leather-casual-derby-shoes-2\/","title":{"rendered":"Premium Erkek Deri G\u00fcnl\u00fck Derby Ayakkab\u0131"},"content":{"rendered":"<p><strong>Erkek Deri G\u00fcnl\u00fck Derby Ayakkab\u0131<\/strong><\/p>\n<p>G\u00fcvenle ve benzersiz bir tarzla d\u0131\u015far\u0131 \u00e7\u0131k\u0131n <strong>Premium Erkek Deri G\u00fcnl\u00fck Derby Ayakkab\u0131<\/strong>. Se\u00e7kin beyefendiler i\u00e7in tasarlanan bu ayakkab\u0131lar, klasik esteti\u011fi modern konforla m\u00fckemmel bir \u015fekilde harmanlayarak her gard\u0131robun vazge\u00e7ilmez bir par\u00e7as\u0131 haline geliyor. Detaylara titizlikle \u00f6zen g\u00f6sterilerek \u00fcretilen bu derby ayakkab\u0131lar, bir ayakkab\u0131dan \u00e7ok daha fazlas\u0131d\u0131r; sofistike ve kal\u0131c\u0131 bir kalitenin ifadesidir.<\/p>\n<p>\u0130ster \u015fehir orman\u0131nda geziniyor ister rahat bir hafta sonunun tad\u0131n\u0131 \u00e7\u0131kar\u0131yor olun, bizim <strong>erkek deri\u0307 g\u00fcnl\u00fck derby ayakkabi<\/strong> \u015f\u0131kl\u0131k ve pratiklik aras\u0131nda m\u00fckemmel bir denge sa\u011flar.<\/p>\n<p><h3>Rakipsiz Konfor ve Kaliteli Malzemeler<\/h3>\n<\/p>\n<p>L\u00fcks\u00fc i\u00e7ten d\u0131\u015fa ya\u015fay\u0131n. Bu s\u0131ra d\u0131\u015f\u0131 ayakkab\u0131lar\u0131n d\u0131\u015f y\u00fczeyinde dayan\u0131kl\u0131l\u0131\u011f\u0131, esnek hissi ve zarif y\u00fczeyiyle tan\u0131nan y\u00fcksek kaliteli s\u0131\u011f\u0131r derisi kullan\u0131lm\u0131\u015ft\u0131r. Bu birinci s\u0131n\u0131f malzeme, ayakkab\u0131lar\u0131n\u0131z\u0131n karakterini geli\u015ftiren zengin bir patine geli\u015ftirirken zaman testine dayanmas\u0131n\u0131 sa\u011flar.<\/p>\n<p>\u0130\u00e7 k\u0131s\u0131mda ayaklar\u0131n\u0131z\u0131 saran yumu\u015fak ve nefes alabilen ke\u00e7i derisi astar, \u00fcst\u00fcn konfor ve nem emme \u00f6zellikleri sunar. Bu \u00f6zenli malzeme kombinasyonu, bu ayakkab\u0131y\u0131 <strong>erkek deri\u0307 g\u00fcnl\u00fck derby ayakkabi<\/strong> uzun s\u00fcreli kullan\u0131m i\u00e7in inan\u0131lmaz derecede rahatt\u0131r. Sa\u011flam ancak hafif EVA taban m\u00fckemmel yast\u0131klama ve \u00e7eki\u015f g\u00fcc\u00fc sa\u011flayarak her ad\u0131mda denge ve kolayl\u0131k sunar.<\/p>\n<p>1-3 cm'lik klasik topuk y\u00fcksekli\u011fi ile rahat ve konforlu hissiyattan \u00f6d\u00fcn vermeden ince bir y\u00fckselme sunar.<\/p>\n<p><h3>Her Durum i\u00e7in Zamans\u0131z Stil<\/h3>\n<\/p>\n<p>A\u00e7\u0131k ba\u011fc\u0131k sistemiyle karakterize edilen klasik derby silueti, g\u00fcndelik gezilerden yar\u0131 resmi etkinliklere zahmetsizce ge\u00e7i\u015f yapabilen \u00e7ok y\u00f6nl\u00fc bir g\u00f6r\u00fcn\u00fcm sunar. Sofistike siyah ve \u015f\u0131k lacivert renkleri bulunan bu ayakkab\u0131lar, \u00e7ok \u00e7e\u015fitli k\u0131yafetleri tamamlayacak \u015fekilde tasarlanm\u0131\u015ft\u0131r. \u015e\u0131k ve g\u00fcndelik bir g\u00f6r\u00fcn\u00fcm i\u00e7in chino pantolon ve d\u00fc\u011fmeli g\u00f6mlekle e\u015fle\u015ftirin ya da zarif bir hafta sonu kombini i\u00e7in kot pantolonla kombinleyin.<\/p>\n<p>Bu ayakkab\u0131lar\u0131n sade \u00e7izgileri ve uzman i\u015f\u00e7ili\u011fi, zamans\u0131z \u00e7ekiciliklerini vurgulayarak y\u0131llarca koleksiyonunuzda temel bir par\u00e7a olarak kalmalar\u0131n\u0131 sa\u011flar. Kaliteye olan ba\u011fl\u0131l\u0131\u011f\u0131m\u0131z, bu ayakkab\u0131lar\u0131n her \u00e7iftinin <strong>erkek deri\u0307 g\u00fcnl\u00fck derby ayakkabi<\/strong> hem estetik \u00e7ekicilik hem de kal\u0131c\u0131 performans sunmak i\u00e7in \u00fcretilmi\u015ftir.<\/p>\n<p>Perakendeciler ve i\u015fletmeler i\u00e7in, yaln\u0131zca 8 \u00e7iftlik minimum sipari\u015f miktar\u0131yla toptan sat\u0131\u015f f\u0131rsatlar\u0131 sunuyoruz ve bu y\u00fcksek talep g\u00f6ren \u00fcr\u00fcnleri kolayl\u0131kla stoklayabilmenizi sa\u011fl\u0131yoruz. Tahmini teslimat s\u00fcresi 12 g\u00fcn art\u0131 nakliye ile m\u00fc\u015fterilerinize h\u0131zl\u0131 bir \u015fekilde \u00fcst\u00fcn kaliteli ayakkab\u0131lar sunabilirsiniz. Konfor, dayan\u0131kl\u0131l\u0131k ve zamans\u0131z stil anlam\u0131na gelen ayakkab\u0131lara yat\u0131r\u0131m yap\u0131n.<\/p>\n<p>Premium Erkek Deri G\u00fcnl\u00fck Derby Ayakkab\u0131lar\u0131m\u0131z\u0131 se\u00e7in ve ger\u00e7ek i\u015f\u00e7ili\u011fin yaratt\u0131\u011f\u0131 fark\u0131 deneyimleyin.<\/p>","protected":false},"excerpt":{"rendered":"<ul>\n<li>Dayan\u0131kl\u0131l\u0131k ve Stil i\u00e7in Premium S\u0131\u011f\u0131r Derisi Saya<\/li>\n<li>Nefes Alabilir Konfor i\u00e7in L\u00fcks Ke\u00e7i Derisi Astar<\/li>\n<li>G\u00fcn Boyu Kullan\u0131m i\u00e7in Hafif ve Dayan\u0131kl\u0131 EVA Taban<\/li>\n<li>G\u00fcvenli ve \u015e\u0131k Bir Uyum i\u00e7in Klasik Derby Ba\u011fc\u0131k<\/li>\n<li>Geni\u015f Bir Beden Yelpazesinde Mevcuttur: AB 39, 40, 41, 42, 43, 44, 45<\/li>\n<li>Minimum Sipari\u015f Miktar\u0131: 8 \u00c7ift (Toptan Sat\u0131\u015f)<\/li>\n<li>Tahmini Teslim S\u00fcresi: 12 G\u00fcn + Kargo Transit<\/li>\n<\/ul>","protected":false},"featured_media":3922,"template":"","meta":{"_acf_changed":false,"_uag_custom_page_level_css":"","site-sidebar-layout":"default","site-content-layout":"","ast-site-content-layout":"default","site-content-style":"default","site-sidebar-style":"default","ast-global-header-display":"","ast-banner-title-visibility":"","ast-main-header-display":"","ast-hfb-above-header-display":"","ast-hfb-below-header-display":"","ast-hfb-mobile-header-display":"","site-post-title":"","ast-breadcrumbs-content":"","ast-featured-img":"","footer-sml-layout":"","ast-disable-related-posts":"","theme-transparent-header-meta":"","adv-header-id-meta":"","stick-header-meta":"","header-above-stick-meta":"","header-main-stick-meta":"","header-below-stick-meta":"","astra-migrate-meta-layouts":"default","ast-page-background-enabled":"default","ast-page-background-meta":{"desktop":{"background-color":"var(--ast-global-color-4)","background-image":"","background-repeat":"repeat","background-position":"center center","background-size":"auto","background-attachment":"scroll","background-type":"","background-media":"","overlay-type":"","overlay-color":"","overlay-opacity":"","overlay-gradient":""},"tablet":{"background-color":"","background-image":"","background-repeat":"repeat","background-position":"center center","background-size":"auto","background-attachment":"scroll","background-type":"","background-media":"","overlay-type":"","overlay-color":"","overlay-opacity":"","overlay-gradient":""},"mobile":{"background-color":"","background-image":"","background-repeat":"repeat","background-position":"center center","background-size":"auto","background-attachment":"scroll","background-type":"","background-media":"","overlay-type":"","overlay-color":"","overlay-opacity":"","overlay-gradient":""}},"ast-content-background-meta":{"desktop":{"background-color":"var(--ast-global-color-5)","background-image":"","background-repeat":"repeat","background-position":"center center","background-size":"auto","background-attachment":"scroll","background-type":"","background-media":"","overlay-type":"","overlay-color":"","overlay-opacity":"","overlay-gradient":""},"tablet":{"background-color":"var(--ast-global-color-5)","background-image":"","background-repeat":"repeat","background-position":"center center","background-size":"auto","background-attachment":"scroll","background-type":"","background-media":"","overlay-type":"","overlay-color":"","overlay-opacity":"","overlay-gradient":""},"mobile":{"background-color":"var(--ast-global-color-5)","background-image":"","background-repeat":"repeat","background-position":"center center","background-size":"auto","background-attachment":"scroll","background-type":"","background-media":"","overlay-type":"","overlay-color":"","overlay-opacity":"","overlay-gradient":""}}},"product_brand":[],"product_cat":[48,47,49,430,40],"product_tag":[407,754,272,781,287,556,967,310,1073,614,254],"class_list":{"0":"post-5865","1":"product","2":"type-product","3":"status-publish","4":"has-post-thumbnail","6":"product_cat-casual","7":"product_cat-classic","8":"product_cat-loafer","9":"product_cat-men","10":"product_cat-mens-shoes","11":"product_tag-black-derby-shoes","12":"product_tag-classic-mens-shoes","13":"product_tag-comfort-shoes","14":"product_tag-cowhide-shoes","15":"product_tag-eva-sole-shoes","16":"product_tag-goatskin-lining","17":"product_tag-leather-casual-shoes","18":"product_tag-mens-derby-shoes","19":"product_tag-mens-leather-casual-derby-shoes","20":"product_tag-navy-derby-shoes","21":"product_tag-wholesale-footwear","22":"desktop-align-center","23":"tablet-align-center","24":"mobile-align-center","26":"first","27":"instock","28":"shipping-taxable","29":"purchasable","30":"product-type-variable","31":"has-default-attributes"},"acf":[],"uagb_featured_image_src":{"full":["https:\/\/turkishtrade.co\/wp-content\/uploads\/2026\/01\/2400EJOMN00361-DARK-BLUE-X_340-5-USD.png",453,250,false],"thumbnail":["https:\/\/turkishtrade.co\/wp-content\/uploads\/2026\/01\/2400EJOMN00361-DARK-BLUE-X_340-5-USD-150x150.png",150,150,true],"medium":["https:\/\/turkishtrade.co\/wp-content\/uploads\/2026\/01\/2400EJOMN00361-DARK-BLUE-X_340-5-USD-300x166.png",300,166,true],"medium_large":["https:\/\/turkishtrade.co\/wp-content\/uploads\/2026\/01\/2400EJOMN00361-DARK-BLUE-X_340-5-USD.png",453,250,false],"large":["https:\/\/turkishtrade.co\/wp-content\/uploads\/2026\/01\/2400EJOMN00361-DARK-BLUE-X_340-5-USD.png",453,250,false],"1536x1536":["https:\/\/turkishtrade.co\/wp-content\/uploads\/2026\/01\/2400EJOMN00361-DARK-BLUE-X_340-5-USD.png",453,250,false],"2048x2048":["https:\/\/turkishtrade.co\/wp-content\/uploads\/2026\/01\/2400EJOMN00361-DARK-BLUE-X_340-5-USD.png",453,250,false],"trp-custom-language-flag":["https:\/\/turkishtrade.co\/wp-content\/uploads\/2026\/01\/2400EJOMN00361-DARK-BLUE-X_340-5-USD-18x10.png",18,10,true],"woocommerce_thumbnail":["https:\/\/turkishtrade.co\/wp-content\/uploads\/2026\/01\/2400EJOMN00361-DARK-BLUE-X_340-5-USD-400x250.png",400,250,true],"woocommerce_single":["https:\/\/turkishtrade.co\/wp-content\/uploads\/2026\/01\/2400EJOMN00361-DARK-BLUE-X_340-5-USD.png",453,250,false],"woocommerce_gallery_thumbnail":["https:\/\/turkishtrade.co\/wp-content\/uploads\/2026\/01\/2400EJOMN00361-DARK-BLUE-X_340-5-USD-100x100.png",100,100,true]},"uagb_author_info":{"display_name":"yaser olabi","author_link":"https:\/\/turkishtrade.co\/tr\/author\/"},"uagb_comment_info":0,"uagb_excerpt":"Premium Cowhide Leather Upper for Durability and Style Luxurious Goatskin Leather Lining for Breathable Comfort Lightweight and Durable EVA Sole for All-Day Wear Classic Derby Lacing for a Secure and Stylish Fit Available in a Wide Range of Sizes: EU 39, 40, 41, 42, 43, 44, 45 Minimum Order Quantity: 8 Pairs (Wholesale Availability) Estimated&hellip;","_links":{"self":[{"href":"https:\/\/turkishtrade.co\/tr\/wp-json\/wp\/v2\/product\/5865","targetHints":{"allow":["GET"]}}],"collection":[{"href":"https:\/\/turkishtrade.co\/tr\/wp-json\/wp\/v2\/product"}],"about":[{"href":"https:\/\/turkishtrade.co\/tr\/wp-json\/wp\/v2\/types\/product"}],"wp:featuredmedia":[{"embeddable":true,"href":"https:\/\/turkishtrade.co\/tr\/wp-json\/wp\/v2\/media\/3922"}],"wp:attachment":[{"href":"https:\/\/turkishtrade.co\/tr\/wp-json\/wp\/v2\/media?parent=5865"}],"wp:term":[{"taxonomy":"product_brand","embeddable":true,"href":"https:\/\/turkishtrade.co\/tr\/wp-json\/wp\/v2\/product_brand?post=5865"},{"taxonomy":"product_cat","embeddable":true,"href":"https:\/\/turkishtrade.co\/tr\/wp-json\/wp\/v2\/product_cat?post=5865"},{"taxonomy":"product_tag","embeddable":true,"href":"https:\/\/turkishtrade.co\/tr\/wp-json\/wp\/v2\/product_tag?post=5865"}],"curies":[{"name":"wp","href":"https:\/\/api.w.org\/{rel}","templated":true}]}}