{"id":5860,"date":"2026-01-14T13:25:35","date_gmt":"2026-01-14T13:25:35","guid":{"rendered":"https:\/\/turkishtrade.co\/product\/mens-brown-leather-derby-shoes-6\/"},"modified":"2026-04-09T19:21:57","modified_gmt":"2026-04-09T19:21:57","slug":"mens-brown-leather-derby-shoes-6","status":"publish","type":"product","link":"https:\/\/turkishtrade.co\/tr\/shop\/mens-brown-leather-derby-shoes-6\/","title":{"rendered":"Zarif Erkek Kahverengi Dana Derisi Derby Ayakkab\u0131"},"content":{"rendered":"<p><strong>Erkek Kahverengi Deri Derby Ayakkab\u0131<\/strong><\/p>\n<p>Klasik tarz ve modern konforun m\u00fckemmel kar\u0131\u015f\u0131m\u0131n\u0131 zarif tasar\u0131mlar\u0131m\u0131zla ke\u015ffedin <b>Erkek Kahverengi Deri Derby Ayakkab\u0131<\/b>. Se\u00e7kin beyefendiler i\u00e7in titizlikle haz\u0131rlanan bu ayakkab\u0131lar, her sofistike gard\u0131robun vazge\u00e7ilmez bir par\u00e7as\u0131d\u0131r. Bizim <b>Erkek Kahverengi Deri Derby Ayakkab\u0131<\/b> benzersiz bir stil ve uzun s\u00fcreli dayan\u0131kl\u0131l\u0131k sa\u011flamak \u00fczere tasarlanm\u0131\u015ft\u0131r, bu da onlar\u0131 g\u00fcnl\u00fck i\u015f hayat\u0131ndan hafta sonu \u015f\u0131kl\u0131\u011f\u0131na kadar \u00e7e\u015fitli durumlar i\u00e7in ideal k\u0131lar.<\/p>\n<p><h3>E\u015fsiz Kalite ve \u0130\u015f\u00e7ilik<\/h3>\n<\/p>\n<p>Bu premium \u00fcr\u00fcnlerin her bir \u00e7ifti <b>Erkek Kahverengi Deri Derby Ayakkab\u0131<\/b> hakiki dana derisinden titizlikle tasarlanm\u0131\u015f bir d\u0131\u015f y\u00fczeye sahiptir. Bu malzeme se\u00e7imi l\u00fcks bir g\u00f6r\u00fcn\u00fcm, yumu\u015fak bir dokunu\u015f ve g\u00fcnl\u00fck a\u015f\u0131nmaya kar\u015f\u0131 ola\u011fan\u00fcst\u00fc dayan\u0131kl\u0131l\u0131k sa\u011flar. Bu ayakkab\u0131lar\u0131n zengin, koyu kahverengi tonu <b>Erkek Kahverengi Deri Derby Ayakkab\u0131<\/b> \u00e7e\u015fitli k\u0131yafetlerle zahmetsizce e\u015fle\u015fen \u00e7ok y\u00f6nl\u00fc bir estetik sunar ve zamans\u0131z \u00e7ekicili\u011fiyle ki\u015fisel tarz\u0131n\u0131z\u0131 geli\u015ftirir.<\/p>\n<p>\u0130\u00e7 konforun \u00f6nemini anl\u0131yoruz, bu nedenle i\u00e7 k\u0131s\u0131m esnek ke\u00e7i derisiyle astarlanm\u0131\u015ft\u0131r ve g\u00fcn boyunca p\u00fcr\u00fczs\u00fcz, nefes alabilen ve rahat bir deneyim sa\u011flar. Bu \u00f6zenli malzeme se\u00e7imi, bu ayakkab\u0131lar\u0131n sadece bir ayakkab\u0131 de\u011fil, kaliteli ayakkab\u0131lara yap\u0131lan bir yat\u0131r\u0131m oldu\u011funu garanti eder.<\/p>\n<p><h3>EVA Taban Teknolojisi ile \u00dcst\u00fcn Konfor<\/h3>\n<\/p>\n<p>Konfor her \u015feyden \u00f6nemlidir ve <b>Erkek Kahverengi Deri Derby Ayakkab\u0131<\/b> teslim edin. Yenilik\u00e7i EVA taban, destekten \u00f6d\u00fcn vermeden her ad\u0131m\u0131n\u0131z\u0131 yast\u0131klayarak ola\u011fan\u00fcst\u00fc hafiflik ve esneklik sunar. Geleneksel a\u011f\u0131r tabanlardan farkl\u0131 olarak, EVA taban m\u00fckemmel \u015fok emilimi sa\u011flayarak bu ayakkab\u0131lar\u0131 <b>Erkek Kahverengi Deri Derby Ayakkab\u0131<\/b> uzun s\u00fcreli kullan\u0131m i\u00e7in m\u00fckemmeldir.<\/p>\n<p>1-3 cm aras\u0131nda de\u011fi\u015fen ince topuk y\u00fcksekli\u011fi, sa\u011flam platformla birle\u015ferek rafine bir profil sunarken denge ve rahatl\u0131k sa\u011flar. Sabahtan ak\u015fama kadar g\u00fcvenle ve kolayl\u0131kla hareket etmenizi sa\u011flayan, sa\u011fl\u0131\u011f\u0131n\u0131z i\u00e7in tasarlanm\u0131\u015f bir ayakkab\u0131n\u0131n fark\u0131n\u0131 ya\u015fay\u0131n.<\/p>\n<p><h3>Toptan Sat\u0131\u015f Avantaj\u0131: Premium Ayakkab\u0131lar i\u00e7in Kayna\u011f\u0131n\u0131z<\/h3>\n<\/p>\n<p>Y\u00fcksek kaliteli, talep g\u00f6ren ayakkab\u0131lar\u0131 stoklamak isteyen perakendeciler ve i\u015fletmeler i\u00e7in <b>Erkek Kahverengi Deri Derby Ayakkab\u0131<\/b> toplu al\u0131m i\u00e7in mevcuttur. Minimum sipari\u015f miktar\u0131 sadece 8 \u00e7ift oldu\u011fundan, m\u00fc\u015fterilerinizin tercihlerini kolayca kar\u015f\u0131layabilirsiniz. Kapsaml\u0131 fiyat listemizde ayr\u0131nt\u0131l\u0131 olarak a\u00e7\u0131klanan rekabet\u00e7i fiyatlar sunuyoruz ve yat\u0131r\u0131m\u0131n\u0131z i\u00e7in m\u00fckemmel de\u011fer sa\u011fl\u0131yoruz.<\/p>\n<p>39'dan 45'e kadar sofistike bedenlere sahip bu \u015f\u0131k kahverengi derbiler her koleksiyonu tamamlamaya haz\u0131r. Yakla\u015f\u0131k 12 g\u00fcnl\u00fck g\u00fcvenilir bir teslimat s\u00fcresinin yan\u0131 s\u0131ra sipari\u015finizin en k\u0131sa s\u00fcrede elinize ula\u015fmas\u0131n\u0131 sa\u011flayacak bir kargo bekleyin. Bu klasik ama \u00e7a\u011fda\u015f ayakkab\u0131larla envanterinizi y\u00fckseltin <b>Erkek Kahverengi Deri Derby Ayakkab\u0131<\/b>, M\u00fc\u015fterileriniz aras\u0131nda garantili bir favori.<\/p>","protected":false},"excerpt":{"rendered":"<ul>\n<li>D\u0131\u015f y\u00fczeyi birinci s\u0131n\u0131f dana derisinden, i\u00e7 k\u0131sm\u0131 yumu\u015fak ke\u00e7i derisinden \u00fcretilmi\u015ftir.<\/li>\n<li>G\u00fcn boyu konfor i\u00e7in hafif ve dayan\u0131kl\u0131 EVA tabana sahiptir.<\/li>\n<li>39'dan 45'e kadar kapsaml\u0131 bir beden yelpazesinde mevcuttur.<\/li>\n<li>Geli\u015fmi\u015f stil ve konfor i\u00e7in modern, kal\u0131n bir tabana sahip klasik kahverengi derby tasar\u0131m\u0131.<\/li>\n<li>Minimum sipari\u015f miktar\u0131: 8 \u00e7ift, perakendeciler ve toptan al\u0131c\u0131lar i\u00e7in m\u00fckemmel.<\/li>\n<li>Tahmini teslimat: 12 g\u00fcn art\u0131 nakliye.<\/li>\n<li>Ak\u0131ll\u0131 g\u00fcndelik ve yar\u0131 resmi durumlar i\u00e7in uygun \u00e7ok y\u00f6nl\u00fc tasar\u0131m.<\/li>\n<\/ul>","protected":false},"featured_media":3918,"template":"","meta":{"_acf_changed":false,"_uag_custom_page_level_css":"","site-sidebar-layout":"default","site-content-layout":"","ast-site-content-layout":"default","site-content-style":"default","site-sidebar-style":"default","ast-global-header-display":"","ast-banner-title-visibility":"","ast-main-header-display":"","ast-hfb-above-header-display":"","ast-hfb-below-header-display":"","ast-hfb-mobile-header-display":"","site-post-title":"","ast-breadcrumbs-content":"","ast-featured-img":"","footer-sml-layout":"","ast-disable-related-posts":"","theme-transparent-header-meta":"","adv-header-id-meta":"","stick-header-meta":"","header-above-stick-meta":"","header-main-stick-meta":"","header-below-stick-meta":"","astra-migrate-meta-layouts":"default","ast-page-background-enabled":"default","ast-page-background-meta":{"desktop":{"background-color":"var(--ast-global-color-4)","background-image":"","background-repeat":"repeat","background-position":"center center","background-size":"auto","background-attachment":"scroll","background-type":"","background-media":"","overlay-type":"","overlay-color":"","overlay-opacity":"","overlay-gradient":""},"tablet":{"background-color":"","background-image":"","background-repeat":"repeat","background-position":"center center","background-size":"auto","background-attachment":"scroll","background-type":"","background-media":"","overlay-type":"","overlay-color":"","overlay-opacity":"","overlay-gradient":""},"mobile":{"background-color":"","background-image":"","background-repeat":"repeat","background-position":"center center","background-size":"auto","background-attachment":"scroll","background-type":"","background-media":"","overlay-type":"","overlay-color":"","overlay-opacity":"","overlay-gradient":""}},"ast-content-background-meta":{"desktop":{"background-color":"var(--ast-global-color-5)","background-image":"","background-repeat":"repeat","background-position":"center center","background-size":"auto","background-attachment":"scroll","background-type":"","background-media":"","overlay-type":"","overlay-color":"","overlay-opacity":"","overlay-gradient":""},"tablet":{"background-color":"var(--ast-global-color-5)","background-image":"","background-repeat":"repeat","background-position":"center center","background-size":"auto","background-attachment":"scroll","background-type":"","background-media":"","overlay-type":"","overlay-color":"","overlay-opacity":"","overlay-gradient":""},"mobile":{"background-color":"var(--ast-global-color-5)","background-image":"","background-repeat":"repeat","background-position":"center center","background-size":"auto","background-attachment":"scroll","background-type":"","background-media":"","overlay-type":"","overlay-color":"","overlay-opacity":"","overlay-gradient":""}}},"product_brand":[],"product_cat":[48,47,49,430,40],"product_tag":[1070,185,340,287,189,351,872,787,840,280,1071,262],"class_list":{"0":"post-5860","1":"product","2":"type-product","3":"status-publish","4":"has-post-thumbnail","6":"product_cat-casual","7":"product_cat-classic","8":"product_cat-loafer","9":"product_cat-men","10":"product_cat-mens-shoes","11":"product_tag-brown-derbies","12":"product_tag-calf-leather-shoes","13":"product_tag-comfortable-mens-footwear","14":"product_tag-eva-sole-shoes","15":"product_tag-goat-leather-lining","16":"product_tag-leather-footwear","17":"product_tag-mens-brown-leather-derby-shoes","18":"product_tag-premium-mens-shoes","19":"product_tag-sizes-39-45","20":"product_tag-smart-casual-shoes","21":"product_tag-stylish-mens-derbies","22":"product_tag-wholesale-mens-shoes","23":"desktop-align-center","24":"tablet-align-center","25":"mobile-align-center","27":"first","28":"instock","29":"shipping-taxable","30":"purchasable","31":"product-type-variable","32":"has-default-attributes"},"acf":[],"uagb_featured_image_src":{"full":["https:\/\/turkishtrade.co\/wp-content\/uploads\/2026\/01\/2400EJOMN00359-DARK-BROWN-Z_7630-5-USD.png",453,250,false],"thumbnail":["https:\/\/turkishtrade.co\/wp-content\/uploads\/2026\/01\/2400EJOMN00359-DARK-BROWN-Z_7630-5-USD-150x150.png",150,150,true],"medium":["https:\/\/turkishtrade.co\/wp-content\/uploads\/2026\/01\/2400EJOMN00359-DARK-BROWN-Z_7630-5-USD-300x166.png",300,166,true],"medium_large":["https:\/\/turkishtrade.co\/wp-content\/uploads\/2026\/01\/2400EJOMN00359-DARK-BROWN-Z_7630-5-USD.png",453,250,false],"large":["https:\/\/turkishtrade.co\/wp-content\/uploads\/2026\/01\/2400EJOMN00359-DARK-BROWN-Z_7630-5-USD.png",453,250,false],"1536x1536":["https:\/\/turkishtrade.co\/wp-content\/uploads\/2026\/01\/2400EJOMN00359-DARK-BROWN-Z_7630-5-USD.png",453,250,false],"2048x2048":["https:\/\/turkishtrade.co\/wp-content\/uploads\/2026\/01\/2400EJOMN00359-DARK-BROWN-Z_7630-5-USD.png",453,250,false],"trp-custom-language-flag":["https:\/\/turkishtrade.co\/wp-content\/uploads\/2026\/01\/2400EJOMN00359-DARK-BROWN-Z_7630-5-USD-18x10.png",18,10,true],"woocommerce_thumbnail":["https:\/\/turkishtrade.co\/wp-content\/uploads\/2026\/01\/2400EJOMN00359-DARK-BROWN-Z_7630-5-USD-400x250.png",400,250,true],"woocommerce_single":["https:\/\/turkishtrade.co\/wp-content\/uploads\/2026\/01\/2400EJOMN00359-DARK-BROWN-Z_7630-5-USD.png",453,250,false],"woocommerce_gallery_thumbnail":["https:\/\/turkishtrade.co\/wp-content\/uploads\/2026\/01\/2400EJOMN00359-DARK-BROWN-Z_7630-5-USD-100x100.png",100,100,true]},"uagb_author_info":{"display_name":"yaser olabi","author_link":"https:\/\/turkishtrade.co\/tr\/author\/"},"uagb_comment_info":0,"uagb_excerpt":"Crafted from premium calf leather exterior and soft goat leather interior. Features a lightweight and durable EVA sole for all-day comfort. Available in a comprehensive range of sizes from 39 to 45. Classic brown derby design with a modern, thick sole for enhanced style and comfort. Minimum order quantity: 8 pairs, perfect for retailers and&hellip;","_links":{"self":[{"href":"https:\/\/turkishtrade.co\/tr\/wp-json\/wp\/v2\/product\/5860","targetHints":{"allow":["GET"]}}],"collection":[{"href":"https:\/\/turkishtrade.co\/tr\/wp-json\/wp\/v2\/product"}],"about":[{"href":"https:\/\/turkishtrade.co\/tr\/wp-json\/wp\/v2\/types\/product"}],"wp:featuredmedia":[{"embeddable":true,"href":"https:\/\/turkishtrade.co\/tr\/wp-json\/wp\/v2\/media\/3918"}],"wp:attachment":[{"href":"https:\/\/turkishtrade.co\/tr\/wp-json\/wp\/v2\/media?parent=5860"}],"wp:term":[{"taxonomy":"product_brand","embeddable":true,"href":"https:\/\/turkishtrade.co\/tr\/wp-json\/wp\/v2\/product_brand?post=5860"},{"taxonomy":"product_cat","embeddable":true,"href":"https:\/\/turkishtrade.co\/tr\/wp-json\/wp\/v2\/product_cat?post=5860"},{"taxonomy":"product_tag","embeddable":true,"href":"https:\/\/turkishtrade.co\/tr\/wp-json\/wp\/v2\/product_tag?post=5860"}],"curies":[{"name":"wp","href":"https:\/\/api.w.org\/{rel}","templated":true}]}}