{"id":5855,"date":"2026-01-14T13:24:59","date_gmt":"2026-01-14T13:24:59","guid":{"rendered":"https:\/\/turkishtrade.co\/product\/men-s-black-chunky-oxfords\/"},"modified":"2026-04-09T19:22:05","modified_gmt":"2026-04-09T19:22:05","slug":"mens-black-chunky-oxfords","status":"publish","type":"product","link":"https:\/\/turkishtrade.co\/tr\/shop\/mens-black-chunky-oxfords\/","title":{"rendered":"Premium Erkek Siyah Kal\u0131n Dana Derisi Oxfords"},"content":{"rendered":"<p><strong>Erkek Siyah T\u0131knaz Oxfords<\/strong><\/p>\n<p>Zarif tasar\u0131m\u0131m\u0131zla zamans\u0131z stil ve \u00e7a\u011fda\u015f \u00fcst\u00fcnl\u00fc\u011f\u00fcn m\u00fckemmel kar\u0131\u015f\u0131m\u0131n\u0131 ke\u015ffedin <strong>Erkek Siyah T\u0131knaz Oxfords<\/strong>. Hem benzersiz bir stil hem de ola\u011fan\u00fcst\u00fc bir konfor sunmak i\u00e7in titizlikle \u00fcretilen bu birinci s\u0131n\u0131f ayakkab\u0131lar, her se\u00e7kin gard\u0131robun olmazsa olmaz\u0131d\u0131r. Kaliteyi ve cesur bir moda ifadesini takdir edenler i\u00e7in m\u00fckemmel olan <strong>Erkek Siyah T\u0131knaz Oxfords<\/strong> kalabal\u0131\u011f\u0131n aras\u0131ndan s\u0131yr\u0131larak dikkat \u00e7eken farkl\u0131 bir g\u00f6r\u00fcn\u00fcm sa\u011flar.<\/p>\n<p><h3>\u00dcst\u00fcn \u0130\u015f\u00e7ilik ve Malzemeler<\/h3>\n<\/p>\n<p>Bu ola\u011fan\u00fcst\u00fc \u00e7iftlerin her biri <strong>Erkek Siyah T\u0131knaz Oxfords<\/strong> \u00fcst\u00fcn i\u015f\u00e7ili\u011fin bir kan\u0131t\u0131d\u0131r. D\u0131\u015f y\u00fczeyi, esnek dokusu, dayan\u0131kl\u0131l\u0131\u011f\u0131 ve l\u00fcks g\u00f6r\u00fcn\u00fcm\u00fcyle tan\u0131nan 100% hakiki dana derisinden yap\u0131lm\u0131\u015ft\u0131r. Bu zengin malzeme, zaman i\u00e7inde g\u00fczel bir \u015fekilde eskiyecek sofistike bir y\u00fczey sa\u011flayarak ayakkab\u0131 koleksiyonunuzda uzun \u00f6m\u00fcrl\u00fc bir yat\u0131r\u0131m vaat eder.<\/p>\n<p>Ayaklar\u0131n\u0131z, g\u00fcn boyu kullan\u0131m i\u00e7in \u00fcst\u00fcn nefes alabilirlik ve konfor sunan hakiki ke\u00e7i derisinin yumu\u015fakl\u0131\u011f\u0131yla sar\u0131l\u0131r. Sa\u011flam yap\u0131s\u0131 sayesinde bu <strong>Erkek Siyah T\u0131knaz Oxfords<\/strong> uzun s\u00fcre dayanacak \u015fekilde \u00fcretilmi\u015ftir ve stilden \u00f6d\u00fcn vermeden m\u00fckemmel de\u011fer sa\u011flar.<\/p>\n<p><h3>Farkl\u0131 Stil ve Konfor<\/h3>\n<\/p>\n<p>Bu ayakkab\u0131lar\u0131 di\u011ferlerinden ay\u0131ran en \u00f6nemli \u00f6zellik, \u00f6zg\u00fcn tasar\u0131mlar\u0131d\u0131r. Klasik brogue detaylar\u0131na sahip bu ayakkab\u0131lar, geleneksel ayakkab\u0131 yap\u0131m\u0131na sayg\u0131 g\u00f6sterirken, kal\u0131n platform taban\u0131yla modern bir esteti\u011fi kucakl\u0131yor. Bu sa\u011flam EVA taban sadece modaya uygun, \u00e7a\u011fda\u015f bir hava katmakla kalmaz, ayn\u0131 zamanda ola\u011fan\u00fcst\u00fc yast\u0131klama ve destek sa\u011flayarak bu ayakkab\u0131lar\u0131 <strong>Erkek Siyah T\u0131knaz Oxfords<\/strong> Uzun s\u00fcreler boyunca inan\u0131lmaz derecede rahat.<\/p>\n<p>\u015e\u0131k siyah kaplama \u00e7ok y\u00f6nl\u00fcl\u00fck sa\u011flayarak bu ayakkab\u0131lar\u0131n \u00e7ok \u00e7e\u015fitli k\u0131yafetleri tamamlamas\u0131na olanak tan\u0131r. \u015e\u0131k g\u00fcndelik kombinlerden daha keskin, modaya uygun g\u00f6r\u00fcn\u00fcmlere kadar, bu <strong>Erkek Siyah T\u0131knaz Oxfords<\/strong> klasik zarafet ve modern yetene\u011fin e\u015fsiz kar\u0131\u015f\u0131m\u0131yla etkilemek i\u00e7in tasarlanm\u0131\u015ft\u0131r.<\/p>\n<p><h3>Her Durum i\u00e7in \u00c7ok Y\u00f6nl\u00fc<\/h3>\n<\/p>\n<p>Bizim <strong>Erkek Siyah T\u0131knaz Oxfords<\/strong> inan\u0131lmaz derecede \u00e7ok y\u00f6nl\u00fcd\u00fcr. Sofistike ama modern bir i\u015f g\u00fcndelik g\u00f6r\u00fcn\u00fcm\u00fc i\u00e7in \u00f6zel dikim pantolonlarla e\u015fle\u015ftirin veya y\u00fcksek bir hafta sonu k\u0131yafeti i\u00e7in kot pantolon ve ceketle kombinleyin. Benzersiz tasar\u0131m\u0131 sayesinde \u00e7e\u015fitli durumlar i\u00e7in uygundur ve ki\u015fisel tarz\u0131n\u0131z\u0131 zahmetsizce ifade etmenize olanak tan\u0131r.<\/p>\n<p>Ya\u015fam tarz\u0131n\u0131za uyum sa\u011flayan kaliteli ayakkab\u0131lara olan ihtiyac\u0131n fark\u0131nday\u0131z ve bu <strong>Erkek Siyah T\u0131knaz Oxfords<\/strong> Her zaman g\u00fcvenle ve \u015f\u0131k bir \u015fekilde d\u0131\u015far\u0131 \u00e7\u0131kman\u0131z\u0131 sa\u011flamak i\u00e7in t\u00fcm cephelerde teslimat yap\u0131n.<\/p>\n<p><h3>Toplu Sipari\u015fler &amp; Boyutland\u0131rma<\/h3>\n<\/p>\n<p>Bu premium \u00fcr\u00fcnler <strong>Erkek Siyah T\u0131knaz Oxfords<\/strong> AB 39'dan 45'e kadar kapsaml\u0131 bir beden yelpazesinde mevcuttur ve geni\u015f bir m\u00fc\u015fteri yelpazesi i\u00e7in m\u00fckemmel bir uyum sa\u011flar. Cazip toplu sat\u0131n alma se\u00e7enekleriyle i\u015fletmelere ve perakendecilere hitap ediyoruz. Minimum sipari\u015f miktar\u0131 8 \u00e7ifttir ve g\u00fcvenilir teslimat s\u00fcresi yakla\u015f\u0131k 12 g\u00fcn art\u0131 nakliye \u015feklindedir.<\/p>\n<p>Bu aranan \u00fcr\u00fcnlerle envanterinizi y\u00fckseltin <strong>Erkek Siyah T\u0131knaz Oxfords<\/strong> ve m\u00fc\u015fterilerinize gelenek ile trendi m\u00fckemmel bir \u015fekilde dengeleyen bir ayakkab\u0131 sunun.<\/p>","protected":false},"excerpt":{"rendered":"<ul>\n<li>D\u0131\u015f Malzeme: Premium Hakiki Dana Derisi<\/li>\n<li>\u0130\u00e7 Astar: Yumu\u015fak ve Nefes Alabilir Ke\u00e7i Derisi<\/li>\n<li>Taban Tipi: Dayan\u0131kl\u0131 T\u0131knaz EVA Platform Taban<\/li>\n<li>Tasar\u0131m: Modern Estetik ile Klasik Brogue Detayland\u0131rma<\/li>\n<li>Mevcut Bedenler: AB 39, 40, 41, 42, 43, 44, 45<\/li>\n<li>Toplu Kullan\u0131labilirlik: Minimum sipari\u015f miktar\u0131 8 \u00e7ift<\/li>\n<li>Teslimat Bilgileri: Yakla\u015f\u0131k 12 g\u00fcn + kargo<\/li>\n<\/ul>","protected":false},"featured_media":3975,"template":"","meta":{"_acf_changed":false,"_uag_custom_page_level_css":"","site-sidebar-layout":"default","site-content-layout":"","ast-site-content-layout":"default","site-content-style":"default","site-sidebar-style":"default","ast-global-header-display":"","ast-banner-title-visibility":"","ast-main-header-display":"","ast-hfb-above-header-display":"","ast-hfb-below-header-display":"","ast-hfb-mobile-header-display":"","site-post-title":"","ast-breadcrumbs-content":"","ast-featured-img":"","footer-sml-layout":"","ast-disable-related-posts":"","theme-transparent-header-meta":"","adv-header-id-meta":"","stick-header-meta":"","header-above-stick-meta":"","header-main-stick-meta":"","header-below-stick-meta":"","astra-migrate-meta-layouts":"default","ast-page-background-enabled":"default","ast-page-background-meta":{"desktop":{"background-color":"var(--ast-global-color-4)","background-image":"","background-repeat":"repeat","background-position":"center center","background-size":"auto","background-attachment":"scroll","background-type":"","background-media":"","overlay-type":"","overlay-color":"","overlay-opacity":"","overlay-gradient":""},"tablet":{"background-color":"","background-image":"","background-repeat":"repeat","background-position":"center center","background-size":"auto","background-attachment":"scroll","background-type":"","background-media":"","overlay-type":"","overlay-color":"","overlay-opacity":"","overlay-gradient":""},"mobile":{"background-color":"","background-image":"","background-repeat":"repeat","background-position":"center center","background-size":"auto","background-attachment":"scroll","background-type":"","background-media":"","overlay-type":"","overlay-color":"","overlay-opacity":"","overlay-gradient":""}},"ast-content-background-meta":{"desktop":{"background-color":"var(--ast-global-color-5)","background-image":"","background-repeat":"repeat","background-position":"center center","background-size":"auto","background-attachment":"scroll","background-type":"","background-media":"","overlay-type":"","overlay-color":"","overlay-opacity":"","overlay-gradient":""},"tablet":{"background-color":"var(--ast-global-color-5)","background-image":"","background-repeat":"repeat","background-position":"center center","background-size":"auto","background-attachment":"scroll","background-type":"","background-media":"","overlay-type":"","overlay-color":"","overlay-opacity":"","overlay-gradient":""},"mobile":{"background-color":"var(--ast-global-color-5)","background-image":"","background-repeat":"repeat","background-position":"center center","background-size":"auto","background-attachment":"scroll","background-type":"","background-media":"","overlay-type":"","overlay-color":"","overlay-opacity":"","overlay-gradient":""}}},"product_brand":[],"product_cat":[48,47,49,430,40],"product_tag":[653,654,202,436,284,982,438,1067,437,227,198,1068,1066,280,281],"class_list":{"0":"post-5855","1":"product","2":"type-product","3":"status-publish","4":"has-post-thumbnail","6":"product_cat-casual","7":"product_cat-classic","8":"product_cat-loafer","9":"product_cat-men","10":"product_cat-mens-shoes","11":"product_tag-black-oxfords","12":"product_tag-brogue-shoes","13":"product_tag-calf-leather","14":"product_tag-chunky-sole","15":"product_tag-dress-shoes","16":"product_tag-durable-footwear","17":"product_tag-eva-sole","18":"product_tag-fashion-oxfords","19":"product_tag-goat-leather","20":"product_tag-leather-shoes","21":"product_tag-mens-fashion","22":"product_tag-modern-oxfords","23":"product_tag-platform-oxfords","24":"product_tag-smart-casual-shoes","25":"product_tag-wholesale-shoes","26":"desktop-align-center","27":"tablet-align-center","28":"mobile-align-center","30":"first","31":"instock","32":"shipping-taxable","33":"purchasable","34":"product-type-variable","35":"has-default-attributes"},"acf":[],"uagb_featured_image_src":{"full":["https:\/\/turkishtrade.co\/wp-content\/uploads\/2026\/01\/2400EJOMN00357-DARK-BROWN-DKS_7647-fusped2-USD.png",453,250,false],"thumbnail":["https:\/\/turkishtrade.co\/wp-content\/uploads\/2026\/01\/2400EJOMN00357-DARK-BROWN-DKS_7647-fusped2-USD-150x150.png",150,150,true],"medium":["https:\/\/turkishtrade.co\/wp-content\/uploads\/2026\/01\/2400EJOMN00357-DARK-BROWN-DKS_7647-fusped2-USD-300x166.png",300,166,true],"medium_large":["https:\/\/turkishtrade.co\/wp-content\/uploads\/2026\/01\/2400EJOMN00357-DARK-BROWN-DKS_7647-fusped2-USD.png",453,250,false],"large":["https:\/\/turkishtrade.co\/wp-content\/uploads\/2026\/01\/2400EJOMN00357-DARK-BROWN-DKS_7647-fusped2-USD.png",453,250,false],"1536x1536":["https:\/\/turkishtrade.co\/wp-content\/uploads\/2026\/01\/2400EJOMN00357-DARK-BROWN-DKS_7647-fusped2-USD.png",453,250,false],"2048x2048":["https:\/\/turkishtrade.co\/wp-content\/uploads\/2026\/01\/2400EJOMN00357-DARK-BROWN-DKS_7647-fusped2-USD.png",453,250,false],"trp-custom-language-flag":["https:\/\/turkishtrade.co\/wp-content\/uploads\/2026\/01\/2400EJOMN00357-DARK-BROWN-DKS_7647-fusped2-USD-18x10.png",18,10,true],"woocommerce_thumbnail":["https:\/\/turkishtrade.co\/wp-content\/uploads\/2026\/01\/2400EJOMN00357-DARK-BROWN-DKS_7647-fusped2-USD-400x250.png",400,250,true],"woocommerce_single":["https:\/\/turkishtrade.co\/wp-content\/uploads\/2026\/01\/2400EJOMN00357-DARK-BROWN-DKS_7647-fusped2-USD.png",453,250,false],"woocommerce_gallery_thumbnail":["https:\/\/turkishtrade.co\/wp-content\/uploads\/2026\/01\/2400EJOMN00357-DARK-BROWN-DKS_7647-fusped2-USD-100x100.png",100,100,true]},"uagb_author_info":{"display_name":"yaser olabi","author_link":"https:\/\/turkishtrade.co\/tr\/author\/"},"uagb_comment_info":0,"uagb_excerpt":"Outer Material: Premium Genuine Calf Leather Inner Lining: Soft &amp; Breathable Goat Leather Sole Type: Durable Chunky EVA Platform Sole Design: Classic Brogue Detailing with Modern Aesthetic Available Sizes: EU 39, 40, 41, 42, 43, 44, 45 Bulk Availability: Minimum order quantity of 8 pairs Delivery Information: Approximately 12 days + shipping","_links":{"self":[{"href":"https:\/\/turkishtrade.co\/tr\/wp-json\/wp\/v2\/product\/5855","targetHints":{"allow":["GET"]}}],"collection":[{"href":"https:\/\/turkishtrade.co\/tr\/wp-json\/wp\/v2\/product"}],"about":[{"href":"https:\/\/turkishtrade.co\/tr\/wp-json\/wp\/v2\/types\/product"}],"wp:featuredmedia":[{"embeddable":true,"href":"https:\/\/turkishtrade.co\/tr\/wp-json\/wp\/v2\/media\/3975"}],"wp:attachment":[{"href":"https:\/\/turkishtrade.co\/tr\/wp-json\/wp\/v2\/media?parent=5855"}],"wp:term":[{"taxonomy":"product_brand","embeddable":true,"href":"https:\/\/turkishtrade.co\/tr\/wp-json\/wp\/v2\/product_brand?post=5855"},{"taxonomy":"product_cat","embeddable":true,"href":"https:\/\/turkishtrade.co\/tr\/wp-json\/wp\/v2\/product_cat?post=5855"},{"taxonomy":"product_tag","embeddable":true,"href":"https:\/\/turkishtrade.co\/tr\/wp-json\/wp\/v2\/product_tag?post=5855"}],"curies":[{"name":"wp","href":"https:\/\/api.w.org\/{rel}","templated":true}]}}