{"id":5853,"date":"2026-01-14T13:24:41","date_gmt":"2026-01-14T13:24:41","guid":{"rendered":"https:\/\/turkishtrade.co\/product\/men-s-black-chunky-derby-shoes\/"},"modified":"2026-04-09T19:22:07","modified_gmt":"2026-04-09T19:22:07","slug":"mens-black-chunky-derby-shoes","status":"publish","type":"product","link":"https:\/\/turkishtrade.co\/tr\/shop\/mens-black-chunky-derby-shoes\/","title":{"rendered":"Premium Erkek Siyah T\u0131knaz Derby Ayakkab\u0131"},"content":{"rendered":"<p><strong>Erkek Siyah T\u0131knaz Derby Ayakkab\u0131<\/strong><\/p>\n<p>Klasik \u015f\u0131kl\u0131k ve modern trendin m\u00fckemmel kar\u0131\u015f\u0131m\u0131n\u0131 ke\u015ffedin <strong>Premium Erkek Siyah T\u0131knaz Derby Ayakkab\u0131<\/strong>. Se\u00e7kin bireyler i\u00e7in tasarlanan bu ayakkab\u0131lar, hem ola\u011fan\u00fcst\u00fc stil hem de kal\u0131c\u0131 konfor sunarak \u00e7a\u011fda\u015f ayakkab\u0131y\u0131 yeniden tan\u0131ml\u0131yor. Her bir \u00e7ift, en y\u00fcksek kalite ve estetik standartlar\u0131n\u0131 kar\u015f\u0131layacak \u015fekilde titizlikle \u00fcretilmi\u015ftir ve her sofistike gard\u0131robun vazge\u00e7ilmez bir par\u00e7as\u0131d\u0131r.<\/p>\n<p><h3>Rakipsiz \u0130\u015f\u00e7ilik ve \u00dcst\u00fcn Malzemeler<\/h3>\n<\/p>\n<p>Bu enfes evlerin d\u0131\u015f cephesi <strong>Erkek Siyah T\u0131knaz Derby Ayakkab\u0131<\/strong> en iyi dana derisinden \u00fcretilmi\u015ftir. P\u00fcr\u00fczs\u00fcz dokusu, dayan\u0131kl\u0131l\u0131\u011f\u0131 ve do\u011fal parlakl\u0131\u011f\u0131 ile bilinen dana derisi, hem g\u00f6rsel olarak \u00e7ekici hem de uzun \u00f6m\u00fcrl\u00fc l\u00fcks bir g\u00f6r\u00fcn\u00fcm sa\u011flar. Bu birinci s\u0131n\u0131f malzeme, ayakkab\u0131lar\u0131n\u0131z\u0131n yaln\u0131zca iyi g\u00f6r\u00fcnmesini de\u011fil, ayn\u0131 zamanda zamana ve a\u015f\u0131nmaya kar\u015f\u0131 dayan\u0131kl\u0131 olmas\u0131n\u0131 da sa\u011flar.<\/p>\n<p>\u015e\u0131k siyah renk tonu, bu Derby ayakkab\u0131lar\u0131 \u00e7ok \u00e7e\u015fitli k\u0131yafetler ve durumlar i\u00e7in uygun hale getirerek benzersiz bir \u00e7ok y\u00f6nl\u00fcl\u00fck sunar.<\/p>\n<p>\u0130\u00e7ine ad\u0131m att\u0131\u011f\u0131n\u0131zda tam ke\u00e7i derisi astar\u0131n g\u00f6rkemli hissini ya\u015fayacaks\u0131n\u0131z. Ke\u00e7i derisi yumu\u015fakl\u0131\u011f\u0131, esnekli\u011fi ve m\u00fckemmel nefes alabilirli\u011fi ile \u00fcnl\u00fcd\u00fcr ve benzersiz bir konfor d\u00fczeyi sa\u011flar. Aya\u011f\u0131n\u0131z\u0131 nazik\u00e7e sararak s\u00fcrt\u00fcnmeyi azalt\u0131r ve uzun s\u00fcreler boyunca bile genel kullan\u0131m deneyimini geli\u015ftirir. Bu \u00f6zenli i\u00e7 tasar\u0131m, ayaklar\u0131n\u0131z\u0131n g\u00fcn boyunca rahat ve ferah kalmas\u0131n\u0131 sa\u011flar.<\/p>\n<p><h3>Kal\u0131n EVA Taban ile Modern Tasar\u0131m<\/h3>\n<\/p>\n<p>Bunlar\u0131 belirleyen \u015fey <strong>Erkek Siyah T\u0131knaz Derby Ayakkab\u0131<\/strong> bir di\u011fer \u00f6zelli\u011fi de kendine \u00f6zg\u00fc kal\u0131n EVA taban\u0131d\u0131r. Bu modern taban, klasik Derby sil\u00fcetine \u015f\u0131k ve \u00e7a\u011fda\u015f bir hava katman\u0131n yan\u0131 s\u0131ra \u00f6nemli i\u015flevsel avantajlar da sunar. EVA (Etilen-vinil asetat) hafif, esnek ve y\u00fcksek \u015fok emici bir malzemedir ve her ad\u0131mda \u00fcst\u00fcn yast\u0131klama ve konfor sa\u011flar.<\/p>\n<p>Taban\u0131n sa\u011flam pabu\u00e7 deseni m\u00fckemmel tutu\u015f ve denge sa\u011flayarak bu ayakkab\u0131lar\u0131 \u00e7e\u015fitli kentsel ortamlarda gezinmek i\u00e7in m\u00fckemmel hale getirir. Kal\u0131n tasar\u0131m, duru\u015funuzu iyile\u015ftiren ve y\u00fcr\u00fcy\u00fc\u015f\u00fcn\u00fcze kendinden emin bir ad\u0131m ekleyen ince bir y\u00fckseklik sa\u011flar.<\/p>\n<p><h3>\u00c7ok Y\u00f6nl\u00fcl\u00fck ve Toptan Sat\u0131\u015f F\u0131rsat\u0131<\/h3>\n<\/p>\n<p>Bunlar <strong>Erkek Siyah T\u0131knaz Derby Ayakkab\u0131<\/strong> inan\u0131lmaz derecede \u00e7ok y\u00f6nl\u00fcd\u00fcr. Keskin bir i\u015f-g\u00fcndelik g\u00f6r\u00fcn\u00fcm\u00fc i\u00e7in \u00f6zel dikim pantolonlarla e\u015fle\u015ftirin ya da y\u00fcksek bir hafta sonu kombini i\u00e7in koyu y\u0131kama kot pantolon ve \u015f\u0131k bir ceketle giydirin. Zamans\u0131z siyah rengi ve modern profili, profesyonel toplant\u0131lardan sosyal bulu\u015fmalara kadar \u00e7e\u015fitli etkinlikler i\u00e7in tercih edilmesini sa\u011flar.<\/p>\n<p>39'dan 45'e kadar de\u011fi\u015fen beden se\u00e7enekleriyle geni\u015f bir m\u00fc\u015fteri yelpazesine hitap ederek bir\u00e7ok ki\u015fiye m\u00fckemmel uyum sa\u011fl\u0131yoruz.<\/p>\n<p>Birinci s\u0131n\u0131f ayakkab\u0131lar sunmak isteyen i\u015fletmeler i\u00e7in bu Derby ayakkab\u0131lar, minimum 8 \u00e7ift sipari\u015f miktar\u0131yla toptan sat\u0131n al\u0131nabilir. Yakla\u015f\u0131k 12 g\u00fcnl\u00fck teslimat s\u00fcreleri ve nakliye ile stoklar\u0131n\u0131z\u0131n h\u0131zl\u0131 bir \u015fekilde ula\u015fmas\u0131n\u0131 sa\u011flayan verimli lojistik konusunda kendimizle gurur duyuyoruz. Bu y\u00fcksek kaliteli, modaya uygun ayakkab\u0131larla envanterinizi y\u00fckseltin <strong>Erkek Siyah T\u0131knaz Derby Ayakkab\u0131<\/strong> ve m\u00fc\u015fterilerinize ger\u00e7ekten \u00f6ne \u00e7\u0131kan bir \u00fcr\u00fcn sunun.<\/p>","protected":false},"excerpt":{"rendered":"<ul>\n<li>Sofistike bir \u00e7ekicilik i\u00e7in birinci s\u0131n\u0131f dana derisinden \u00fcretilmi\u015ftir.<\/li>\n<li>L\u00fcks ke\u00e7i derisi i\u00e7 k\u0131s\u0131m maksimum konfor ve nefes alabilirlik sa\u011flar.<\/li>\n<li>M\u00fckemmel kavrama ve modern y\u00fckseklik i\u00e7in \u00e7a\u011fda\u015f, dayan\u0131kl\u0131 kal\u0131n EVA tabana sahiptir.<\/li>\n<li>Kapsaml\u0131 bir beden aral\u0131\u011f\u0131nda mevcuttur: 39, 40, 41, 42, 43, 44, 45.<\/li>\n<li>Minimum sipari\u015f miktar\u0131 8 \u00e7ifttir, toptan ve toplu al\u0131mlar i\u00e7in idealdir.<\/li>\n<li>Art\u0131 nakliye s\u00fcresi olmak \u00fczere 12 g\u00fcn i\u00e7inde g\u00fcvenilir teslimat.<\/li>\n<\/ul>","protected":false},"featured_media":3915,"template":"","meta":{"_acf_changed":false,"_uag_custom_page_level_css":"","site-sidebar-layout":"default","site-content-layout":"","ast-site-content-layout":"default","site-content-style":"default","site-sidebar-style":"default","ast-global-header-display":"","ast-banner-title-visibility":"","ast-main-header-display":"","ast-hfb-above-header-display":"","ast-hfb-below-header-display":"","ast-hfb-mobile-header-display":"","site-post-title":"","ast-breadcrumbs-content":"","ast-featured-img":"","footer-sml-layout":"","ast-disable-related-posts":"","theme-transparent-header-meta":"","adv-header-id-meta":"","stick-header-meta":"","header-above-stick-meta":"","header-main-stick-meta":"","header-below-stick-meta":"","astra-migrate-meta-layouts":"default","ast-page-background-enabled":"default","ast-page-background-meta":{"desktop":{"background-color":"var(--ast-global-color-4)","background-image":"","background-repeat":"repeat","background-position":"center center","background-size":"auto","background-attachment":"scroll","background-type":"","background-media":"","overlay-type":"","overlay-color":"","overlay-opacity":"","overlay-gradient":""},"tablet":{"background-color":"","background-image":"","background-repeat":"repeat","background-position":"center center","background-size":"auto","background-attachment":"scroll","background-type":"","background-media":"","overlay-type":"","overlay-color":"","overlay-opacity":"","overlay-gradient":""},"mobile":{"background-color":"","background-image":"","background-repeat":"repeat","background-position":"center center","background-size":"auto","background-attachment":"scroll","background-type":"","background-media":"","overlay-type":"","overlay-color":"","overlay-opacity":"","overlay-gradient":""}},"ast-content-background-meta":{"desktop":{"background-color":"var(--ast-global-color-5)","background-image":"","background-repeat":"repeat","background-position":"center center","background-size":"auto","background-attachment":"scroll","background-type":"","background-media":"","overlay-type":"","overlay-color":"","overlay-opacity":"","overlay-gradient":""},"tablet":{"background-color":"var(--ast-global-color-5)","background-image":"","background-repeat":"repeat","background-position":"center center","background-size":"auto","background-attachment":"scroll","background-type":"","background-media":"","overlay-type":"","overlay-color":"","overlay-opacity":"","overlay-gradient":""},"mobile":{"background-color":"var(--ast-global-color-5)","background-image":"","background-repeat":"repeat","background-position":"center center","background-size":"auto","background-attachment":"scroll","background-type":"","background-media":"","overlay-type":"","overlay-color":"","overlay-opacity":"","overlay-gradient":""}}},"product_brand":[],"product_cat":[48,47,49,430,40],"product_tag":[949,196,202,436,212,438,732,189,440,400,281],"class_list":{"0":"post-5853","1":"product","2":"type-product","3":"status-publish","4":"has-post-thumbnail","6":"product_cat-casual","7":"product_cat-classic","8":"product_cat-loafer","9":"product_cat-men","10":"product_cat-mens-shoes","11":"product_tag-b2b-footwear","12":"product_tag-black-leather-shoes","13":"product_tag-calf-leather","14":"product_tag-chunky-sole","15":"product_tag-derby-shoes","16":"product_tag-eva-sole","17":"product_tag-fashion-shoes","18":"product_tag-goat-leather-lining","19":"product_tag-modern-derby","20":"product_tag-platform-shoes","21":"product_tag-wholesale-shoes","22":"desktop-align-center","23":"tablet-align-center","24":"mobile-align-center","26":"first","27":"instock","28":"shipping-taxable","29":"purchasable","30":"product-type-variable","31":"has-default-attributes"},"acf":[],"uagb_featured_image_src":{"full":["https:\/\/turkishtrade.co\/wp-content\/uploads\/2026\/01\/2400EJOMN00356-BLACK-DKS_7659_1-fusped-2-USD.png",453,250,false],"thumbnail":["https:\/\/turkishtrade.co\/wp-content\/uploads\/2026\/01\/2400EJOMN00356-BLACK-DKS_7659_1-fusped-2-USD-150x150.png",150,150,true],"medium":["https:\/\/turkishtrade.co\/wp-content\/uploads\/2026\/01\/2400EJOMN00356-BLACK-DKS_7659_1-fusped-2-USD-300x166.png",300,166,true],"medium_large":["https:\/\/turkishtrade.co\/wp-content\/uploads\/2026\/01\/2400EJOMN00356-BLACK-DKS_7659_1-fusped-2-USD.png",453,250,false],"large":["https:\/\/turkishtrade.co\/wp-content\/uploads\/2026\/01\/2400EJOMN00356-BLACK-DKS_7659_1-fusped-2-USD.png",453,250,false],"1536x1536":["https:\/\/turkishtrade.co\/wp-content\/uploads\/2026\/01\/2400EJOMN00356-BLACK-DKS_7659_1-fusped-2-USD.png",453,250,false],"2048x2048":["https:\/\/turkishtrade.co\/wp-content\/uploads\/2026\/01\/2400EJOMN00356-BLACK-DKS_7659_1-fusped-2-USD.png",453,250,false],"trp-custom-language-flag":["https:\/\/turkishtrade.co\/wp-content\/uploads\/2026\/01\/2400EJOMN00356-BLACK-DKS_7659_1-fusped-2-USD-18x10.png",18,10,true],"woocommerce_thumbnail":["https:\/\/turkishtrade.co\/wp-content\/uploads\/2026\/01\/2400EJOMN00356-BLACK-DKS_7659_1-fusped-2-USD-400x250.png",400,250,true],"woocommerce_single":["https:\/\/turkishtrade.co\/wp-content\/uploads\/2026\/01\/2400EJOMN00356-BLACK-DKS_7659_1-fusped-2-USD.png",453,250,false],"woocommerce_gallery_thumbnail":["https:\/\/turkishtrade.co\/wp-content\/uploads\/2026\/01\/2400EJOMN00356-BLACK-DKS_7659_1-fusped-2-USD-100x100.png",100,100,true]},"uagb_author_info":{"display_name":"yaser olabi","author_link":"https:\/\/turkishtrade.co\/tr\/author\/"},"uagb_comment_info":0,"uagb_excerpt":"Crafted from premium calf leather exterior for sophisticated appeal. Luxurious goat leather interior ensures maximum comfort and breathability. Features a contemporary, durable chunky EVA sole for excellent grip and modern elevation. Available in a comprehensive size range: 39, 40, 41, 42, 43, 44, 45. Minimum order quantity of 8 pairs, ideal for wholesale and bulk&hellip;","_links":{"self":[{"href":"https:\/\/turkishtrade.co\/tr\/wp-json\/wp\/v2\/product\/5853","targetHints":{"allow":["GET"]}}],"collection":[{"href":"https:\/\/turkishtrade.co\/tr\/wp-json\/wp\/v2\/product"}],"about":[{"href":"https:\/\/turkishtrade.co\/tr\/wp-json\/wp\/v2\/types\/product"}],"wp:featuredmedia":[{"embeddable":true,"href":"https:\/\/turkishtrade.co\/tr\/wp-json\/wp\/v2\/media\/3915"}],"wp:attachment":[{"href":"https:\/\/turkishtrade.co\/tr\/wp-json\/wp\/v2\/media?parent=5853"}],"wp:term":[{"taxonomy":"product_brand","embeddable":true,"href":"https:\/\/turkishtrade.co\/tr\/wp-json\/wp\/v2\/product_brand?post=5853"},{"taxonomy":"product_cat","embeddable":true,"href":"https:\/\/turkishtrade.co\/tr\/wp-json\/wp\/v2\/product_cat?post=5853"},{"taxonomy":"product_tag","embeddable":true,"href":"https:\/\/turkishtrade.co\/tr\/wp-json\/wp\/v2\/product_tag?post=5853"}],"curies":[{"name":"wp","href":"https:\/\/api.w.org\/{rel}","templated":true}]}}