{"id":5850,"date":"2026-01-14T13:24:25","date_gmt":"2026-01-14T13:24:25","guid":{"rendered":"https:\/\/turkishtrade.co\/product\/mens-chunky-sole-leather-derby\/"},"modified":"2026-04-09T19:22:14","modified_gmt":"2026-04-09T19:22:14","slug":"mens-chunky-sole-leather-derby","status":"publish","type":"product","link":"https:\/\/turkishtrade.co\/tr\/shop\/mens-chunky-sole-leather-derby\/","title":{"rendered":"Erkek Premium Deri Kal\u0131n Tabanl\u0131 Derby Ayakkab\u0131"},"content":{"rendered":"<p><strong>Erkek Kal\u0131n Tabanl\u0131 Deri Derby<\/strong><\/p>\n<p>\u00dcst\u00fcn kaliteli \u00fcr\u00fcnlerimizle sa\u011flam stil ve sofistike konforun m\u00fckemmel kar\u0131\u015f\u0131m\u0131n\u0131 ke\u015ffedin <strong>Erkek Kal\u0131n Tabanl\u0131 Deri Derby<\/strong> ayakkab\u0131lar. Hem esteti\u011fe hem de dayan\u0131kl\u0131l\u0131\u011fa de\u011fer veren modern erkekler i\u00e7in tasarlanan bu derby ayakkab\u0131lar, her g\u00fcndelik gard\u0131robun vazge\u00e7ilmez bir par\u00e7as\u0131d\u0131r. En iyi malzemelerden \u00fcretilen bu ayakkab\u0131lar, giydi\u011finiz andan itibaren benzersiz bir kullan\u0131m deneyimi vaat ediyor.<\/p>\n<p>Bu s\u0131ra d\u0131\u015f\u0131 ayakkab\u0131lar\u0131n d\u0131\u015f y\u00fczeyi yumu\u015fak dokusu, dayan\u0131kl\u0131l\u0131\u011f\u0131 ve zarif y\u00fczeyiyle tan\u0131nan y\u00fcksek kaliteli dana derisinden \u00fcretilmi\u015ftir. Bu l\u00fcks d\u0131\u015f y\u00fczey nefes alabilirlik sa\u011flar ve zamanla aya\u011f\u0131n\u0131za uyum sa\u011flayarak ki\u015fiye \u00f6zel bir uyum sunar. \u0130\u00e7 k\u0131s\u0131mda, \u00fcst\u00fcn konfor sunan ve nemi y\u00f6netmeye yard\u0131mc\u0131 olarak ayaklar\u0131n\u0131z\u0131 g\u00fcn boyunca kuru ve rahat tutan esnek ke\u00e7i derisi astar ayaklar\u0131n\u0131z\u0131 sarar.<\/p>\n<p>\u0130ster derin, sofistike maviyi ister zengin, topraks\u0131 kahverengiyi se\u00e7in, bu ayakkab\u0131lar bir a\u00e7\u0131klama yapmak i\u00e7in tasarlanm\u0131\u015ft\u0131r.<\/p>\n<p><h3>Rakipsiz Konfor ve Modern Stil<\/h3>\n<\/p>\n<p>Bizi ger\u00e7ekten belirleyen \u015fey <strong>Erkek Kal\u0131n Tabanl\u0131 Deri Derby<\/strong> bir di\u011fer \u00f6zelli\u011fi de yenilik\u00e7i EVA taban\u0131d\u0131r. Bu hafif ama sa\u011flam taban m\u00fckemmel yast\u0131klama ve \u015fok emilimi sa\u011flayarak her ad\u0131m\u0131 bir zevk haline getirir. Taban\u0131n kal\u0131n profili klasik derby sil\u00fcetine \u00e7a\u011fda\u015f bir hava katmakla kalmaz, ayn\u0131 zamanda \u00e7e\u015fitli kentsel arazilerde gezinmek i\u00e7in m\u00fckemmel olan geli\u015fmi\u015f kavrama ve denge sunar.<\/p>\n<p>Bu benzersiz kombinasyon, stil i\u00e7in konfordan \u00f6d\u00fcn vermek zorunda kalmaman\u0131z\u0131 sa\u011flar.<\/p>\n<p>Hafta sonu gezilerinden yar\u0131 resmi toplant\u0131lara kadar \u00e7ok \u00e7e\u015fitli g\u00fcndelik durumlar i\u00e7in ideal olan bu ayakkab\u0131lar kot pantolon, chino pantolon veya \u015f\u0131k pantolonlarla zahmetsizce e\u015fle\u015fir. \u00c7ok y\u00f6nl\u00fc tasar\u0131mlar\u0131, dayan\u0131kl\u0131 ve \u015f\u0131k ayakkab\u0131lar arayan t\u00fcm se\u00e7ici beyler i\u00e7in onlar\u0131 tercih edilebilir k\u0131l\u0131yor. 39'dan 45'e kadar kapsaml\u0131 bir beden aral\u0131\u011f\u0131nda mevcut olup, geni\u015f bir m\u00fc\u015fteri kitlesi i\u00e7in m\u00fckemmel bir uyum sa\u011fl\u0131yoruz.<\/p>\n<p><h3>Toptan Sat\u0131\u015f F\u0131rsatlar\u0131<\/h3>\n<\/p>\n<p>Y\u00fcksek kaliteli ayakkab\u0131lar sunmak isteyen perakendeciler ve i\u015fletmeler i\u00e7in <strong>Erkek Kal\u0131n Tabanl\u0131 Deri Derby<\/strong> ayakkab\u0131lar toplu sipari\u015fler i\u00e7in mevcuttur. Minimum 8 \u00e7ift sipari\u015f miktar\u0131 ile bu pop\u00fcler stili kolayca stoklayabilirsiniz. Teslimat s\u00fcresi sadece 12 g\u00fcn art\u0131 nakliye ile verimli hizmet vermeye kararl\u0131y\u0131z.<\/p>\n<p>M\u00fc\u015fterilerinizi memnun edece\u011finden emin oldu\u011funuz i\u015f\u00e7ilik, konfor ve son teknoloji tasar\u0131m\u0131 bir araya getiren ayakkab\u0131larla envanterinizi y\u00fckseltin.<\/p>","protected":false},"excerpt":{"rendered":"<ul>\n<li>Premium Dana Derisi Saya<\/li>\n<li>Yumu\u015fak Ke\u00e7i Derisi Astar<\/li>\n<li>Hafif ve Dayan\u0131kl\u0131 EVA Taban<\/li>\n<li>Bedenleri mevcuttur: 39, 40, 41, 42, 43, 44, 45<\/li>\n<li>Minimum sipari\u015f miktar\u0131: 8 \u00e7ift<\/li>\n<li>Teslimat S\u00fcresi: 12 g\u00fcn + Kargo<\/li>\n<\/ul>","protected":false},"featured_media":3914,"template":"","meta":{"_acf_changed":false,"_uag_custom_page_level_css":"","site-sidebar-layout":"default","site-content-layout":"","ast-site-content-layout":"default","site-content-style":"default","site-sidebar-style":"default","ast-global-header-display":"","ast-banner-title-visibility":"","ast-main-header-display":"","ast-hfb-above-header-display":"","ast-hfb-below-header-display":"","ast-hfb-mobile-header-display":"","site-post-title":"","ast-breadcrumbs-content":"","ast-featured-img":"","footer-sml-layout":"","ast-disable-related-posts":"","theme-transparent-header-meta":"","adv-header-id-meta":"","stick-header-meta":"","header-above-stick-meta":"","header-main-stick-meta":"","header-below-stick-meta":"","astra-migrate-meta-layouts":"default","ast-page-background-enabled":"default","ast-page-background-meta":{"desktop":{"background-color":"var(--ast-global-color-4)","background-image":"","background-repeat":"repeat","background-position":"center center","background-size":"auto","background-attachment":"scroll","background-type":"","background-media":"","overlay-type":"","overlay-color":"","overlay-opacity":"","overlay-gradient":""},"tablet":{"background-color":"","background-image":"","background-repeat":"repeat","background-position":"center center","background-size":"auto","background-attachment":"scroll","background-type":"","background-media":"","overlay-type":"","overlay-color":"","overlay-opacity":"","overlay-gradient":""},"mobile":{"background-color":"","background-image":"","background-repeat":"repeat","background-position":"center center","background-size":"auto","background-attachment":"scroll","background-type":"","background-media":"","overlay-type":"","overlay-color":"","overlay-opacity":"","overlay-gradient":""}},"ast-content-background-meta":{"desktop":{"background-color":"var(--ast-global-color-5)","background-image":"","background-repeat":"repeat","background-position":"center center","background-size":"auto","background-attachment":"scroll","background-type":"","background-media":"","overlay-type":"","overlay-color":"","overlay-opacity":"","overlay-gradient":""},"tablet":{"background-color":"var(--ast-global-color-5)","background-image":"","background-repeat":"repeat","background-position":"center center","background-size":"auto","background-attachment":"scroll","background-type":"","background-media":"","overlay-type":"","overlay-color":"","overlay-opacity":"","overlay-gradient":""},"mobile":{"background-color":"var(--ast-global-color-5)","background-image":"","background-repeat":"repeat","background-position":"center center","background-size":"auto","background-attachment":"scroll","background-type":"","background-media":"","overlay-type":"","overlay-color":"","overlay-opacity":"","overlay-gradient":""}}},"product_brand":[],"product_cat":[48,47,49,430,40],"product_tag":[582,449,436,222,212,982,438,583,227,198,250,281],"class_list":{"0":"post-5850","1":"product","2":"type-product","3":"status-publish","4":"has-post-thumbnail","6":"product_cat-casual","7":"product_cat-classic","8":"product_cat-loafer","9":"product_cat-men","10":"product_cat-mens-shoes","11":"product_tag-calfskin","12":"product_tag-casual-shoes","13":"product_tag-chunky-sole","14":"product_tag-comfortable-shoes","15":"product_tag-derby-shoes","16":"product_tag-durable-footwear","17":"product_tag-eva-sole","18":"product_tag-goatskin","19":"product_tag-leather-shoes","20":"product_tag-mens-fashion","21":"product_tag-premium-leather","22":"product_tag-wholesale-shoes","23":"desktop-align-center","24":"tablet-align-center","25":"mobile-align-center","27":"first","28":"instock","29":"shipping-taxable","30":"purchasable","31":"product-type-variable","32":"has-default-attributes"},"acf":[],"uagb_featured_image_src":{"full":["https:\/\/turkishtrade.co\/wp-content\/uploads\/2026\/01\/2400EJOMN00352-DARK-BROWN-ZL_301-4-USD.png",453,250,false],"thumbnail":["https:\/\/turkishtrade.co\/wp-content\/uploads\/2026\/01\/2400EJOMN00352-DARK-BROWN-ZL_301-4-USD-150x150.png",150,150,true],"medium":["https:\/\/turkishtrade.co\/wp-content\/uploads\/2026\/01\/2400EJOMN00352-DARK-BROWN-ZL_301-4-USD-300x166.png",300,166,true],"medium_large":["https:\/\/turkishtrade.co\/wp-content\/uploads\/2026\/01\/2400EJOMN00352-DARK-BROWN-ZL_301-4-USD.png",453,250,false],"large":["https:\/\/turkishtrade.co\/wp-content\/uploads\/2026\/01\/2400EJOMN00352-DARK-BROWN-ZL_301-4-USD.png",453,250,false],"1536x1536":["https:\/\/turkishtrade.co\/wp-content\/uploads\/2026\/01\/2400EJOMN00352-DARK-BROWN-ZL_301-4-USD.png",453,250,false],"2048x2048":["https:\/\/turkishtrade.co\/wp-content\/uploads\/2026\/01\/2400EJOMN00352-DARK-BROWN-ZL_301-4-USD.png",453,250,false],"trp-custom-language-flag":["https:\/\/turkishtrade.co\/wp-content\/uploads\/2026\/01\/2400EJOMN00352-DARK-BROWN-ZL_301-4-USD-18x10.png",18,10,true],"woocommerce_thumbnail":["https:\/\/turkishtrade.co\/wp-content\/uploads\/2026\/01\/2400EJOMN00352-DARK-BROWN-ZL_301-4-USD-400x250.png",400,250,true],"woocommerce_single":["https:\/\/turkishtrade.co\/wp-content\/uploads\/2026\/01\/2400EJOMN00352-DARK-BROWN-ZL_301-4-USD.png",453,250,false],"woocommerce_gallery_thumbnail":["https:\/\/turkishtrade.co\/wp-content\/uploads\/2026\/01\/2400EJOMN00352-DARK-BROWN-ZL_301-4-USD-100x100.png",100,100,true]},"uagb_author_info":{"display_name":"yaser olabi","author_link":"https:\/\/turkishtrade.co\/tr\/author\/"},"uagb_comment_info":0,"uagb_excerpt":"Premium Calfskin Leather Upper Soft Goatskin Leather Lining Lightweight and Durable EVA Sole Available in sizes: 39, 40, 41, 42, 43, 44, 45 Minimum order quantity: 8 pairs Delivery Time: 12 days + Shipping","_links":{"self":[{"href":"https:\/\/turkishtrade.co\/tr\/wp-json\/wp\/v2\/product\/5850","targetHints":{"allow":["GET"]}}],"collection":[{"href":"https:\/\/turkishtrade.co\/tr\/wp-json\/wp\/v2\/product"}],"about":[{"href":"https:\/\/turkishtrade.co\/tr\/wp-json\/wp\/v2\/types\/product"}],"wp:featuredmedia":[{"embeddable":true,"href":"https:\/\/turkishtrade.co\/tr\/wp-json\/wp\/v2\/media\/3914"}],"wp:attachment":[{"href":"https:\/\/turkishtrade.co\/tr\/wp-json\/wp\/v2\/media?parent=5850"}],"wp:term":[{"taxonomy":"product_brand","embeddable":true,"href":"https:\/\/turkishtrade.co\/tr\/wp-json\/wp\/v2\/product_brand?post=5850"},{"taxonomy":"product_cat","embeddable":true,"href":"https:\/\/turkishtrade.co\/tr\/wp-json\/wp\/v2\/product_cat?post=5850"},{"taxonomy":"product_tag","embeddable":true,"href":"https:\/\/turkishtrade.co\/tr\/wp-json\/wp\/v2\/product_tag?post=5850"}],"curies":[{"name":"wp","href":"https:\/\/api.w.org\/{rel}","templated":true}]}}