{"id":5839,"date":"2026-01-14T13:23:08","date_gmt":"2026-01-14T13:23:08","guid":{"rendered":"https:\/\/turkishtrade.co\/product\/mens-brown-leather-derby-shoes-5\/"},"modified":"2026-04-09T19:22:32","modified_gmt":"2026-04-09T19:22:32","slug":"mens-brown-leather-derby-shoes-5","status":"publish","type":"product","link":"https:\/\/turkishtrade.co\/tr\/shop\/mens-brown-leather-derby-shoes-5\/","title":{"rendered":"EVA Tabanl\u0131 Premium Erkek Kahverengi Dana Derisi Derby Ayakkab\u0131"},"content":{"rendered":"<p><strong>Erkek Kahverengi Deri Derby Ayakkab\u0131<\/strong><\/p>\n<p>Ola\u011fan\u00fcst\u00fc koleksiyonumuzla tan\u0131\u015f\u0131n <strong>erkek kahverengi deri derby ayakkab\u0131<\/strong>, Hem stil hem de konfora de\u011fer veren se\u00e7ici beyefendiler i\u00e7in titizlikle \u00fcretilmi\u015ftir. Bu birinci s\u0131n\u0131f <strong>kahverengi deri derby ayakkab\u0131<\/strong> g\u00fcnl\u00fck k\u0131yafetlerinizi y\u00fckseltmek i\u00e7in tasarlanm\u0131\u015ft\u0131r ve ofis k\u0131yafetlerinden hafta sonu sofistikeli\u011fine sorunsuz bir \u015fekilde ge\u00e7i\u015f yapar. Her bir \u00e7ift, kal\u0131c\u0131 kalite ve benzersiz bir kullan\u0131m deneyimi sa\u011flamak i\u00e7in yaln\u0131zca en iyi malzemelerin kullan\u0131ld\u0131\u011f\u0131 \u00fcst\u00fcn i\u015f\u00e7ili\u011fin bir kan\u0131t\u0131d\u0131r.<\/p>\n<p>Bunlar\u0131n zengin, koyu kahverengi tonu <strong>erkek kahverengi deri derby ayakkab\u0131<\/strong> inan\u0131lmaz bir \u00e7ok y\u00f6nl\u00fcl\u00fck sunarak her modern gard\u0131rop i\u00e7in temel bir par\u00e7a haline getirir. Bunlar\u0131n neden <strong>erkek kahverengi deri derby ayakkab\u0131<\/strong> sofistike erkekler i\u00e7in nihai se\u00e7imdir.<\/p>\n<p><h3>Sofistike Stil ve E\u015fsiz Konfor<\/h3>\n<\/p>\n<p>Dayan\u0131kl\u0131l\u0131\u011f\u0131, do\u011fal zarafeti ve zaman i\u00e7inde g\u00fczel bir patine geli\u015ftirme yetene\u011fi i\u00e7in se\u00e7ilen d\u0131\u015f y\u00fczeydeki hakiki dana derisinin l\u00fcks hissini ya\u015fay\u0131n. \u0130nce dokulu vampir, bu ayakkab\u0131lar\u0131 farkl\u0131 bir karaktere b\u00fcr\u00fcnd\u00fcr\u00fcr. <strong>erkek kahverengi deri derby ayakkab\u0131<\/strong> s\u0131radan ayakkab\u0131lardan farkl\u0131d\u0131r. Sa\u011flam d\u0131\u015f y\u00fczeyi tamamlayan i\u00e7 k\u0131s\u0131m, inan\u0131lmaz yumu\u015fakl\u0131\u011f\u0131 ve nefes alabilirli\u011fi ile tan\u0131nan esnek ke\u00e7i derisi ile astarlanm\u0131\u015ft\u0131r.<\/p>\n<p>Birinci s\u0131n\u0131f derilerin bu \u00f6zenli kombinasyonu, ister \u015fehir sokaklar\u0131nda geziniyor ister \u00f6nemli bir toplant\u0131ya kat\u0131l\u0131yor olun, maksimum konfor sa\u011flar, s\u00fcrt\u00fcnmeyi azalt\u0131r ve ayaklar\u0131n\u0131z\u0131n g\u00fcn boyunca nefes almas\u0131na izin verir. Bunlar sadece ayakkab\u0131 de\u011fil; kaliteli kahverengi deri ayakkab\u0131lar\u0131n \u00f6z\u00fcn\u00fc temsil eden, kal\u0131c\u0131 konfor ve stile yap\u0131lan bir yat\u0131r\u0131md\u0131r.<\/p>\n<p>Hafif ama son derece sa\u011flam EVA taban, geli\u015fmi\u015f yast\u0131klama ve m\u00fckemmel \u015fok emilimi sa\u011flar. Geleneksel a\u011f\u0131r tabanlardan farkl\u0131 olarak, yenilik\u00e7i EVA malzemesi destek veya kavramadan \u00f6d\u00fcn vermeden modern ve rahat bir ad\u0131m sunar. Bu yenilik\u00e7i taban tasar\u0131m\u0131, ayakkab\u0131m\u0131z\u0131n <strong>erkek kahverengi deri derby ayakkab\u0131<\/strong> sadece \u015f\u0131k de\u011fil, ayn\u0131 zamanda uzun s\u00fcreli kullan\u0131m i\u00e7in pratiktir ve klasik estetik ile \u00e7a\u011fda\u015f konfor teknolojisinin m\u00fckemmel bir kar\u0131\u015f\u0131m\u0131n\u0131 sunar.<\/p>\n<p>1-3 cm'lik ince topuk y\u00fcksekli\u011fi, dengeli ve ergonomik bir uyum sa\u011flayarak bu zarif ayakkab\u0131n\u0131n genel konforunu art\u0131r\u0131r. <strong>kahverengi deri derby ayakkab\u0131<\/strong>.<\/p>\n<p>Bu \u00e7ok y\u00f6nl\u00fc <strong>erkek kahverengi deri derby ayakkab\u0131<\/strong> \u00e7ok \u00e7e\u015fitli durumlar i\u00e7in m\u00fckemmel bir se\u00e7imdir. \u015e\u0131k bir i\u015f g\u00fcndelik g\u00f6r\u00fcn\u00fcm\u00fc i\u00e7in \u00f6zel dikim pantolon ve blazer ceketle e\u015fle\u015ftirin ya da rahat ama zarif bir kombin i\u00e7in chino pantolon ve \u015f\u0131k bir \u00f6rg\u00fc ile giydirin. Zamans\u0131z tasar\u0131mlar\u0131, sezondan sezona vazge\u00e7ilmez bir par\u00e7a olarak kalmalar\u0131n\u0131 sa\u011flar ve sonsuz stil olanaklar\u0131 sunar.<\/p>\n<p>Her diki\u015f ve biti\u015fte detaylara g\u00f6sterdi\u011fimiz \u00f6zenle gurur duyuyor, hem estetik hem de performans a\u00e7\u0131s\u0131ndan beklentileri a\u015fan bir \u00fcr\u00fcn sunarak bunlar\u0131 ideal hale getiriyoruz. <strong>erkek kahverengi deri derby ayakkab\u0131<\/strong> moda bilincine sahip her birey i\u00e7in.<\/p>\n<p>39 ila 45 beden aras\u0131nda mevcut olan bu birinci s\u0131n\u0131f <strong>erkek kahverengi deri derby ayakkab\u0131<\/strong> geni\u015f bir tercih yelpazesine hitap etmektedir. Ticari m\u00fc\u015fterilerimiz i\u00e7in, minimum 8 \u00e7ift sipari\u015fle toplu sat\u0131n alma se\u00e7enekleri sunarak envanterinizin y\u00fcksek kaliteli ayakkab\u0131larla dolu olmas\u0131n\u0131 sa\u011fl\u0131yoruz. Sadece 12 g\u00fcnl\u00fck bir teslimat s\u00fcresi ve nakliye ile m\u00fc\u015fterilerinize bu se\u00e7kin ayakkab\u0131lar\u0131 h\u0131zl\u0131 bir \u015fekilde sa\u011flayabilirsiniz <strong>erkek kahverengi deri derby ayakkab\u0131<\/strong>.<\/p>\n<p>Benzersiz erkek kahverengi deri derby ayakkab\u0131lar\u0131m\u0131zla kaliteye, konfora ve sofistike stile yat\u0131r\u0131m yap\u0131n.<\/p>","protected":false},"excerpt":{"rendered":"<ul>\n<li>Sofistike bir stil i\u00e7in d\u0131\u015f k\u0131sm\u0131 birinci s\u0131n\u0131f Dana Derisinden el yap\u0131m\u0131 olarak \u00fcretilmi\u015ftir.<\/li>\n<li>L\u00fcks Ke\u00e7i Derisi i\u00e7 astar, \u00fcst\u00fcn konfor ve nefes alabilirlik sa\u011flar.<\/li>\n<li>Hafif ve dayan\u0131kl\u0131 EVA Taban ola\u011fan\u00fcst\u00fc yast\u0131klama ve destek sa\u011flar.<\/li>\n<li>Rahat ve ergonomik bir uyum i\u00e7in klasik 1-3 cm topuk y\u00fcksekli\u011fi.<\/li>\n<li>Geni\u015f bir beden yelpazesinde mevcuttur: 39, 40, 41, 42, 43, 44, 45.<\/li>\n<li>Minimum sipari\u015f miktar\u0131: 8 \u00e7ift.<\/li>\n<li>Teslimat s\u00fcresi: 12 g\u00fcn art\u0131 nakliye.<\/li>\n<\/ul>","protected":false},"featured_media":3909,"template":"","meta":{"_acf_changed":false,"_uag_custom_page_level_css":"","site-sidebar-layout":"default","site-content-layout":"","ast-site-content-layout":"default","site-content-style":"default","site-sidebar-style":"default","ast-global-header-display":"","ast-banner-title-visibility":"","ast-main-header-display":"","ast-hfb-above-header-display":"","ast-hfb-below-header-display":"","ast-hfb-mobile-header-display":"","site-post-title":"","ast-breadcrumbs-content":"","ast-featured-img":"","footer-sml-layout":"","ast-disable-related-posts":"","theme-transparent-header-meta":"","adv-header-id-meta":"","stick-header-meta":"","header-above-stick-meta":"","header-main-stick-meta":"","header-below-stick-meta":"","astra-migrate-meta-layouts":"default","ast-page-background-enabled":"default","ast-page-background-meta":{"desktop":{"background-color":"var(--ast-global-color-4)","background-image":"","background-repeat":"repeat","background-position":"center center","background-size":"auto","background-attachment":"scroll","background-type":"","background-media":"","overlay-type":"","overlay-color":"","overlay-opacity":"","overlay-gradient":""},"tablet":{"background-color":"","background-image":"","background-repeat":"repeat","background-position":"center center","background-size":"auto","background-attachment":"scroll","background-type":"","background-media":"","overlay-type":"","overlay-color":"","overlay-opacity":"","overlay-gradient":""},"mobile":{"background-color":"","background-image":"","background-repeat":"repeat","background-position":"center center","background-size":"auto","background-attachment":"scroll","background-type":"","background-media":"","overlay-type":"","overlay-color":"","overlay-opacity":"","overlay-gradient":""}},"ast-content-background-meta":{"desktop":{"background-color":"var(--ast-global-color-5)","background-image":"","background-repeat":"repeat","background-position":"center center","background-size":"auto","background-attachment":"scroll","background-type":"","background-media":"","overlay-type":"","overlay-color":"","overlay-opacity":"","overlay-gradient":""},"tablet":{"background-color":"var(--ast-global-color-5)","background-image":"","background-repeat":"repeat","background-position":"center center","background-size":"auto","background-attachment":"scroll","background-type":"","background-media":"","overlay-type":"","overlay-color":"","overlay-opacity":"","overlay-gradient":""},"mobile":{"background-color":"var(--ast-global-color-5)","background-image":"","background-repeat":"repeat","background-position":"center center","background-size":"auto","background-attachment":"scroll","background-type":"","background-media":"","overlay-type":"","overlay-color":"","overlay-opacity":"","overlay-gradient":""}}},"product_brand":[],"product_cat":[48,47,49,430,40],"product_tag":[486,200,202,449,222,212,284,438,487,251,437,198,250],"class_list":{"0":"post-5839","1":"product","2":"type-product","3":"status-publish","4":"has-post-thumbnail","6":"product_cat-casual","7":"product_cat-classic","8":"product_cat-loafer","9":"product_cat-men","10":"product_cat-mens-shoes","11":"product_tag-brown-leather","12":"product_tag-business-casual","13":"product_tag-calf-leather","14":"product_tag-casual-shoes","15":"product_tag-comfortable-shoes","16":"product_tag-derby-shoes","17":"product_tag-dress-shoes","18":"product_tag-eva-sole","19":"product_tag-footwear","20":"product_tag-formal-shoes","21":"product_tag-goat-leather","22":"product_tag-mens-fashion","23":"product_tag-premium-leather","24":"desktop-align-center","25":"tablet-align-center","26":"mobile-align-center","28":"first","29":"instock","30":"shipping-taxable","31":"purchasable","32":"product-type-variable","33":"has-default-attributes"},"acf":[],"uagb_featured_image_src":{"full":["https:\/\/turkishtrade.co\/wp-content\/uploads\/2026\/01\/2400EJOMN00343DARK-BLUE-X_624-4-USD.png",453,250,false],"thumbnail":["https:\/\/turkishtrade.co\/wp-content\/uploads\/2026\/01\/2400EJOMN00343DARK-BLUE-X_624-4-USD-150x150.png",150,150,true],"medium":["https:\/\/turkishtrade.co\/wp-content\/uploads\/2026\/01\/2400EJOMN00343DARK-BLUE-X_624-4-USD-300x166.png",300,166,true],"medium_large":["https:\/\/turkishtrade.co\/wp-content\/uploads\/2026\/01\/2400EJOMN00343DARK-BLUE-X_624-4-USD.png",453,250,false],"large":["https:\/\/turkishtrade.co\/wp-content\/uploads\/2026\/01\/2400EJOMN00343DARK-BLUE-X_624-4-USD.png",453,250,false],"1536x1536":["https:\/\/turkishtrade.co\/wp-content\/uploads\/2026\/01\/2400EJOMN00343DARK-BLUE-X_624-4-USD.png",453,250,false],"2048x2048":["https:\/\/turkishtrade.co\/wp-content\/uploads\/2026\/01\/2400EJOMN00343DARK-BLUE-X_624-4-USD.png",453,250,false],"trp-custom-language-flag":["https:\/\/turkishtrade.co\/wp-content\/uploads\/2026\/01\/2400EJOMN00343DARK-BLUE-X_624-4-USD-18x10.png",18,10,true],"woocommerce_thumbnail":["https:\/\/turkishtrade.co\/wp-content\/uploads\/2026\/01\/2400EJOMN00343DARK-BLUE-X_624-4-USD-400x250.png",400,250,true],"woocommerce_single":["https:\/\/turkishtrade.co\/wp-content\/uploads\/2026\/01\/2400EJOMN00343DARK-BLUE-X_624-4-USD.png",453,250,false],"woocommerce_gallery_thumbnail":["https:\/\/turkishtrade.co\/wp-content\/uploads\/2026\/01\/2400EJOMN00343DARK-BLUE-X_624-4-USD-100x100.png",100,100,true]},"uagb_author_info":{"display_name":"yaser olabi","author_link":"https:\/\/turkishtrade.co\/tr\/author\/"},"uagb_comment_info":0,"uagb_excerpt":"Handcrafted from premium Calf Leather outer for sophisticated style. Luxurious Goat Leather inner lining ensures ultimate comfort and breathability. Lightweight and durable EVA Sole provides exceptional cushioning and support. Classic 1-3 cm heel height for a comfortable, ergonomic fit. Available in a wide range of sizes: 39, 40, 41, 42, 43, 44, 45. Minimum order&hellip;","_links":{"self":[{"href":"https:\/\/turkishtrade.co\/tr\/wp-json\/wp\/v2\/product\/5839","targetHints":{"allow":["GET"]}}],"collection":[{"href":"https:\/\/turkishtrade.co\/tr\/wp-json\/wp\/v2\/product"}],"about":[{"href":"https:\/\/turkishtrade.co\/tr\/wp-json\/wp\/v2\/types\/product"}],"wp:featuredmedia":[{"embeddable":true,"href":"https:\/\/turkishtrade.co\/tr\/wp-json\/wp\/v2\/media\/3909"}],"wp:attachment":[{"href":"https:\/\/turkishtrade.co\/tr\/wp-json\/wp\/v2\/media?parent=5839"}],"wp:term":[{"taxonomy":"product_brand","embeddable":true,"href":"https:\/\/turkishtrade.co\/tr\/wp-json\/wp\/v2\/product_brand?post=5839"},{"taxonomy":"product_cat","embeddable":true,"href":"https:\/\/turkishtrade.co\/tr\/wp-json\/wp\/v2\/product_cat?post=5839"},{"taxonomy":"product_tag","embeddable":true,"href":"https:\/\/turkishtrade.co\/tr\/wp-json\/wp\/v2\/product_tag?post=5839"}],"curies":[{"name":"wp","href":"https:\/\/api.w.org\/{rel}","templated":true}]}}