{"id":5836,"date":"2026-01-14T13:22:44","date_gmt":"2026-01-14T13:22:44","guid":{"rendered":"https:\/\/turkishtrade.co\/product\/mens-classic-leather-loafers-3\/"},"modified":"2026-04-09T19:22:38","modified_gmt":"2026-04-09T19:22:38","slug":"mens-classic-leather-loafers-3","status":"publish","type":"product","link":"https:\/\/turkishtrade.co\/tr\/shop\/mens-classic-leather-loafers-3\/","title":{"rendered":"Erkek Klasik Deri Loafer'lar | Premium Penny Stili"},"content":{"rendered":"<p><strong>Erkek Klasik Deri Loafer'lar<\/strong><\/p>\n<p>Ayakkab\u0131 koleksiyonunuzu se\u00e7kin \u00fcr\u00fcnlerimizle geli\u015ftirin <b>Erkek Klasik Deri Loafer'lar<\/b>. Hem stil hem de konforu takdir eden modern beyefendiler i\u00e7in tasarlanan bu birinci s\u0131n\u0131f penny loafer'lar, zamans\u0131z i\u015f\u00e7ili\u011fin ger\u00e7ek bir kan\u0131t\u0131d\u0131r. \u0130ster bir i\u015f toplant\u0131s\u0131, ister \u015f\u0131k ve g\u00fcndelik bir etkinlik i\u00e7in giyiniyor olun, ister sadece sofistike bir g\u00fcnl\u00fck giyim ar\u0131yor olun, bu <b>Erkek Klasik Deri Loafer'lar<\/b> benzersiz \u00e7ok y\u00f6nl\u00fcl\u00fck ve zarafet sunar.<\/p>\n<p>Her bir \u00e7ift, kal\u0131c\u0131 kalite ve se\u00e7kin bir g\u00f6r\u00fcn\u00fcm sa\u011flamak i\u00e7in titizlikle \u00fcretilmi\u015ftir.<\/p>\n<p><h3>Erkek Klasik Deri Loafer'lar\u0131m\u0131zla Rakipsiz Konforu ve Zamans\u0131z Stili Deneyimleyin<\/h3>\n<\/p>\n<p>Her ad\u0131mda l\u00fcks konfora ad\u0131m at\u0131n. Bu ola\u011fan\u00fcst\u00fc ayakkab\u0131n\u0131n d\u0131\u015f <b>Erkek Klasik Deri Loafer'lar<\/b> p\u00fcr\u00fczs\u00fcz dokusu, dayan\u0131kl\u0131l\u0131\u011f\u0131 ve g\u00fczel ya\u015flanma kabiliyetiyle bilinen en iyi dana derisinden \u00fcretilmi\u015ftir. Bu sa\u011flam d\u0131\u015f y\u00fczeyi tamamlayan i\u00e7 k\u0131s\u0131m yumu\u015fak, esnek ke\u00e7i derisiyle astarlanm\u0131\u015ft\u0131r ve g\u00fcn boyunca nefes alabilir ve rahat bir deneyim sa\u011flar.<\/p>\n<p>\u0130konik penny kay\u0131\u015f ve ince p\u00fcsk\u00fcl detay\u0131, geleneksel cazibeye bir dokunu\u015f katarak bu <b>Erkek Klasik Deri Loafer'lar<\/b> her se\u00e7kin gard\u0131rop i\u00e7in sofistike bir se\u00e7im.<\/p>\n<p><h3>Kal\u0131c\u0131 Kalite i\u00e7in \u00dcst\u00fcn \u0130\u015f\u00e7ilik<\/h3>\n<\/p>\n<p>Kaliteye olan ba\u011fl\u0131l\u0131\u011f\u0131m\u0131z her diki\u015fte kendini g\u00f6sterir. Sa\u011flam EVA taban\u0131 m\u00fckemmel yast\u0131klama ve destek sa\u011flayarak bu ayakkab\u0131lar\u0131 <b>Erkek Klasik Deri Loafer'lar<\/b> 1-3 cm'lik ince topuk y\u00fcksekli\u011fi ile klasik profilini korurken, uzun s\u00fcreli kullan\u0131m i\u00e7in inan\u0131lmaz derecede rahatt\u0131r.<\/p>\n<p>Bu \u00f6zenli malzeme kombinasyonu yaln\u0131zca an\u0131nda konfor de\u011fil, ayn\u0131 zamanda uzun s\u00fcreli dayan\u0131kl\u0131l\u0131k da sa\u011flayarak ayakkab\u0131n\u0131z\u0131n keyfini y\u0131llarca \u00e7\u0131karman\u0131za olanak tan\u0131r. Bir \u00e7ift ayakkab\u0131ya yat\u0131r\u0131m yap\u0131n <b>Erkek Klasik Deri Loafer'lar<\/b> uzun s\u00fcre dayanacak \u015fekilde \u00fcretilmi\u015f ve etkilemek i\u00e7in tasarlanm\u0131\u015ft\u0131r.<\/p>\n<p><h3>Gard\u0131robunuzun Olmazsa Olmaz\u0131: Erkek Klasik Deri Loafer'lar<\/h3>\n<\/p>\n<p>Temel Siyah ve zengin Kahverengi renkleri mevcuttur. <b>Erkek Klasik Deri Loafer'lar<\/b> \u00e7ok \u00e7e\u015fitli k\u0131yafetleri tamamlamak i\u00e7in m\u00fckemmel \u015fekilde uygundur. Keskin bir ofis g\u00f6r\u00fcn\u00fcm\u00fc i\u00e7in \u00f6zel dikim pantolonlarla, y\u00fcksek bir g\u00fcnl\u00fck kombin i\u00e7in chino pantolonlarla ve hatta sofistike bir hafta sonu stili i\u00e7in koyu renk kot pantolonlarla e\u015fle\u015ftirin. Uyarlanabilir tasar\u0131mlar\u0131, resmi ortamlardan rahat sosyal toplant\u0131lara kolayca ge\u00e7i\u015f yapabilen bu ayakkab\u0131lar\u0131 her erke\u011fin ayakkab\u0131 koleksiyonuna vazge\u00e7ilmez bir katk\u0131 haline getirir.<\/p>\n<p>Her m\u00fc\u015fteri i\u00e7in m\u00fckemmel bir uyum sa\u011flayan 39 ila 45 aras\u0131nda kapsaml\u0131 bir beden aral\u0131\u011f\u0131 sunuyoruz.<\/p>\n<p>Perakendeciler ve i\u015fletmeler i\u00e7in bu y\u00fcksek kaliteli <b>Erkek Klasik Deri Loafer'lar<\/b> minimum 8 \u00e7ift sipari\u015fle toptan sat\u0131n al\u0131nabilir. Sadece 12 g\u00fcn teslim s\u00fcresi ve nakliye ile envanterinizi m\u00fc\u015fteri memnuniyeti vaat eden bir \u00fcr\u00fcnle h\u0131zl\u0131 bir \u015fekilde stoklayabilirsiniz. M\u00fc\u015fterilerinize bu ola\u011fan\u00fcst\u00fc ayakkab\u0131lar\u0131n \u00fcst\u00fcn konforunu ve kal\u0131c\u0131 stilini sunun. <b>Erkek Klasik Deri Loafer'lar<\/b> ve en \u00e7ok satanlar listesine girmelerini izleyin.<\/p>\n<p>Geleneksel ve modern zarafetin m\u00fckemmel kar\u0131\u015f\u0131m\u0131n\u0131 bug\u00fcn ke\u015ffedin.<\/p>","protected":false},"excerpt":{"rendered":"<ul>\n<li><b>D\u0131\u015far\u0131dan:<\/b> Zarif bir g\u00f6r\u00fcn\u00fcm i\u00e7in Premium Dana Derisi.<\/li>\n<li><b>\u0130\u00e7 mekan:<\/b> \u00dcst\u00fcn konfor i\u00e7in yumu\u015fak ve nefes alabilen Ke\u00e7i Derisi astar.<\/li>\n<li><b>Taban:<\/b> Hafif ve dayan\u0131kl\u0131 EVA taban.<\/li>\n<li><b>Topuk Y\u00fcksekli\u011fi:<\/b> Klasik loafer y\u00fcksekli\u011fi, t\u00fcm g\u00fcn kullan\u0131m i\u00e7in 1-3 cm.<\/li>\n<li><b>Mevcut Boyutlar:<\/b> 39, 40, 41, 42, 43, 44, 45.<\/li>\n<li><b>Toptan Sat\u0131\u015f:<\/b> Minimum 8 \u00e7ift sipari\u015f.<\/li>\n<li><b>Teslimat:<\/b> 12 g\u00fcn + standart kargo s\u00fcresi i\u00e7inde g\u00f6nderilir.<\/li>\n<\/ul>","protected":false},"featured_media":3907,"template":"","meta":{"_acf_changed":false,"_uag_custom_page_level_css":"","site-sidebar-layout":"default","site-content-layout":"","ast-site-content-layout":"default","site-content-style":"default","site-sidebar-style":"default","ast-global-header-display":"","ast-banner-title-visibility":"","ast-main-header-display":"","ast-hfb-above-header-display":"","ast-hfb-below-header-display":"","ast-hfb-mobile-header-display":"","site-post-title":"","ast-breadcrumbs-content":"","ast-featured-img":"","footer-sml-layout":"","ast-disable-related-posts":"","theme-transparent-header-meta":"","adv-header-id-meta":"","stick-header-meta":"","header-above-stick-meta":"","header-main-stick-meta":"","header-below-stick-meta":"","astra-migrate-meta-layouts":"default","ast-page-background-enabled":"default","ast-page-background-meta":{"desktop":{"background-color":"var(--ast-global-color-4)","background-image":"","background-repeat":"repeat","background-position":"center center","background-size":"auto","background-attachment":"scroll","background-type":"","background-media":"","overlay-type":"","overlay-color":"","overlay-opacity":"","overlay-gradient":""},"tablet":{"background-color":"","background-image":"","background-repeat":"repeat","background-position":"center center","background-size":"auto","background-attachment":"scroll","background-type":"","background-media":"","overlay-type":"","overlay-color":"","overlay-opacity":"","overlay-gradient":""},"mobile":{"background-color":"","background-image":"","background-repeat":"repeat","background-position":"center center","background-size":"auto","background-attachment":"scroll","background-type":"","background-media":"","overlay-type":"","overlay-color":"","overlay-opacity":"","overlay-gradient":""}},"ast-content-background-meta":{"desktop":{"background-color":"var(--ast-global-color-5)","background-image":"","background-repeat":"repeat","background-position":"center center","background-size":"auto","background-attachment":"scroll","background-type":"","background-media":"","overlay-type":"","overlay-color":"","overlay-opacity":"","overlay-gradient":""},"tablet":{"background-color":"var(--ast-global-color-5)","background-image":"","background-repeat":"repeat","background-position":"center center","background-size":"auto","background-attachment":"scroll","background-type":"","background-media":"","overlay-type":"","overlay-color":"","overlay-opacity":"","overlay-gradient":""},"mobile":{"background-color":"var(--ast-global-color-5)","background-image":"","background-repeat":"repeat","background-position":"center center","background-size":"auto","background-attachment":"scroll","background-type":"","background-media":"","overlay-type":"","overlay-color":"","overlay-opacity":"","overlay-gradient":""}}},"product_brand":[],"product_cat":[48,47,49,430,40],"product_tag":[370,147,202,449,457,220,284,352,483,437,215,186,279,184,281],"class_list":{"0":"post-5836","1":"product","2":"type-product","3":"status-publish","4":"has-post-thumbnail","6":"product_cat-casual","7":"product_cat-classic","8":"product_cat-loafer","9":"product_cat-men","10":"product_cat-mens-shoes","11":"product_tag-black-loafers","12":"product_tag-brown-loafers","13":"product_tag-calf-leather","14":"product_tag-casual-shoes","15":"product_tag-classic-loafers","16":"product_tag-comfortable-loafers","17":"product_tag-dress-shoes","18":"product_tag-formal-loafers","19":"product_tag-fringe-loafers","20":"product_tag-goat-leather","21":"product_tag-leather-loafers","22":"product_tag-mens-loafers","23":"product_tag-penny-loafers","24":"product_tag-slip-on-shoes","25":"product_tag-wholesale-shoes","26":"desktop-align-center","27":"tablet-align-center","28":"mobile-align-center","30":"first","31":"instock","32":"shipping-taxable","33":"purchasable","34":"product-type-variable","35":"has-default-attributes"},"acf":[],"uagb_featured_image_src":{"full":["https:\/\/turkishtrade.co\/wp-content\/uploads\/2026\/01\/2400EJOMN00321-DARK-BROWN-X_78.png",453,250,false],"thumbnail":["https:\/\/turkishtrade.co\/wp-content\/uploads\/2026\/01\/2400EJOMN00321-DARK-BROWN-X_78-150x150.png",150,150,true],"medium":["https:\/\/turkishtrade.co\/wp-content\/uploads\/2026\/01\/2400EJOMN00321-DARK-BROWN-X_78-300x166.png",300,166,true],"medium_large":["https:\/\/turkishtrade.co\/wp-content\/uploads\/2026\/01\/2400EJOMN00321-DARK-BROWN-X_78.png",453,250,false],"large":["https:\/\/turkishtrade.co\/wp-content\/uploads\/2026\/01\/2400EJOMN00321-DARK-BROWN-X_78.png",453,250,false],"1536x1536":["https:\/\/turkishtrade.co\/wp-content\/uploads\/2026\/01\/2400EJOMN00321-DARK-BROWN-X_78.png",453,250,false],"2048x2048":["https:\/\/turkishtrade.co\/wp-content\/uploads\/2026\/01\/2400EJOMN00321-DARK-BROWN-X_78.png",453,250,false],"trp-custom-language-flag":["https:\/\/turkishtrade.co\/wp-content\/uploads\/2026\/01\/2400EJOMN00321-DARK-BROWN-X_78-18x10.png",18,10,true],"woocommerce_thumbnail":["https:\/\/turkishtrade.co\/wp-content\/uploads\/2026\/01\/2400EJOMN00321-DARK-BROWN-X_78-400x250.png",400,250,true],"woocommerce_single":["https:\/\/turkishtrade.co\/wp-content\/uploads\/2026\/01\/2400EJOMN00321-DARK-BROWN-X_78.png",453,250,false],"woocommerce_gallery_thumbnail":["https:\/\/turkishtrade.co\/wp-content\/uploads\/2026\/01\/2400EJOMN00321-DARK-BROWN-X_78-100x100.png",100,100,true]},"uagb_author_info":{"display_name":"yaser olabi","author_link":"https:\/\/turkishtrade.co\/tr\/author\/"},"uagb_comment_info":0,"uagb_excerpt":"Exterior: Premium Calf Leather for a refined finish. Interior: Soft and breathable Goat Leather lining for ultimate comfort. Sole: Lightweight and durable EVA sole. Heel Height: Classic loafer height, 1-3 cm for all-day wear. Sizes Available: 39, 40, 41, 42, 43, 44, 45. Wholesale Availability: Minimum order of 8 pairs. Delivery: Ships in 12 days&hellip;","_links":{"self":[{"href":"https:\/\/turkishtrade.co\/tr\/wp-json\/wp\/v2\/product\/5836","targetHints":{"allow":["GET"]}}],"collection":[{"href":"https:\/\/turkishtrade.co\/tr\/wp-json\/wp\/v2\/product"}],"about":[{"href":"https:\/\/turkishtrade.co\/tr\/wp-json\/wp\/v2\/types\/product"}],"wp:featuredmedia":[{"embeddable":true,"href":"https:\/\/turkishtrade.co\/tr\/wp-json\/wp\/v2\/media\/3907"}],"wp:attachment":[{"href":"https:\/\/turkishtrade.co\/tr\/wp-json\/wp\/v2\/media?parent=5836"}],"wp:term":[{"taxonomy":"product_brand","embeddable":true,"href":"https:\/\/turkishtrade.co\/tr\/wp-json\/wp\/v2\/product_brand?post=5836"},{"taxonomy":"product_cat","embeddable":true,"href":"https:\/\/turkishtrade.co\/tr\/wp-json\/wp\/v2\/product_cat?post=5836"},{"taxonomy":"product_tag","embeddable":true,"href":"https:\/\/turkishtrade.co\/tr\/wp-json\/wp\/v2\/product_tag?post=5836"}],"curies":[{"name":"wp","href":"https:\/\/api.w.org\/{rel}","templated":true}]}}