{"id":5833,"date":"2026-01-14T13:22:19","date_gmt":"2026-01-14T13:22:19","guid":{"rendered":"https:\/\/turkishtrade.co\/product\/men-patina-leather-derby-shoes\/"},"modified":"2026-04-09T19:22:44","modified_gmt":"2026-04-09T19:22:44","slug":"mens-patina-leather-derby-shoes","status":"publish","type":"product","link":"https:\/\/turkishtrade.co\/tr\/shop\/mens-patina-leather-derby-shoes\/","title":{"rendered":"EVA Tabanl\u0131 El Yap\u0131m\u0131 Erkek Patina Deri Derby Ayakkab\u0131"},"content":{"rendered":"<p><strong>Erkek Patina Deri Derby Ayakkab\u0131<\/strong><\/p>\n<p>Enfes tasar\u0131m\u0131m\u0131zla benzersiz bir stil ve konfora ad\u0131m at\u0131n <strong>Erkek Patina Deri Derby Ayakkab\u0131<\/strong>. Se\u00e7kin beyefendiler i\u00e7in tasarlanan bu l\u00fcks <strong>patina deri Derby ayakkab\u0131<\/strong> geleneksel i\u015f\u00e7ilik ile modern esteti\u011fi harmanl\u0131yor. Her bir \u00e7ift, kalitenin bir kan\u0131t\u0131d\u0131r ve hi\u00e7bir \u00e7iftin birbirine tam olarak benzememesini sa\u011flayan benzersiz bir elle uygulanan patine kaplamaya sahiptir.<\/p>\n<p>Bunlar sadece bir ayakkab\u0131 de\u011fil; sofistike g\u00fcndelik \u015f\u0131kl\u0131\u011f\u0131n bir ifadesidir ve her t\u00fcrl\u00fc kombini y\u00fckseltmek i\u00e7in m\u00fckemmeldir. Birinci s\u0131n\u0131f ayakkab\u0131lar\u0131m\u0131z\u0131n se\u00e7kin g\u00f6r\u00fcn\u00fcm\u00fcn\u00fc kucaklay\u0131n. <strong>erkek patine deri Derby ayakkab\u0131<\/strong>.<\/p>\n<p><h3>Rakipsiz \u0130\u015f\u00e7ilik ve Birinci S\u0131n\u0131f Malzemeler<\/h3>\n<\/p>\n<p>Koleksiyonumuz <strong>erkek patine deri Derby ayakkab\u0131<\/strong> hem l\u00fcks hem de dayan\u0131kl\u0131l\u0131k sunmak i\u00e7in en iyi malzemelerden titizlikle \u00fcretilmi\u015ftir. D\u0131\u015f y\u00fczeyi, p\u00fcr\u00fczs\u00fcz dokusu, esnekli\u011fi ve zanaatkar patina cilam\u0131z\u0131 g\u00fczelce emebilme kabiliyetiyle tan\u0131nan birinci s\u0131n\u0131f dana derisine sahiptir. Bu titiz i\u015flem, bu g\u00f6z kama\u015ft\u0131r\u0131c\u0131 derileri ortaya \u00e7\u0131karan zengin, \u00e7ok tonlu bir derinlik yarat\u0131r. <strong>patina deri Derby ayakkab\u0131<\/strong> ayr\u0131.<\/p>\n<p>Sa\u011flam d\u0131\u015f y\u00fczeyi tamamlayan yumu\u015fak, esnek ke\u00e7i derisiyle kapl\u0131 i\u00e7 k\u0131s\u0131m, g\u00fcn boyunca ola\u011fan\u00fcst\u00fc konfor ve nefes alabilirlik sa\u011flar. Ger\u00e7ek, y\u00fcksek kaliteli derinin yaratt\u0131\u011f\u0131 fark\u0131 bu ola\u011fan\u00fcst\u00fc ayakkab\u0131larla her ad\u0131mda ya\u015fay\u0131n. <strong>Erkekler i\u00e7in derby ayakkab\u0131lar<\/strong>.<\/p>\n<p><h3>Konfor ve \u00c7ok Y\u00f6nl\u00fcl\u00fck i\u00e7in Tasarland\u0131<\/h3>\n<\/p>\n<p>Tasar\u0131m felsefemizde konfor her \u015feyden \u00f6nemlidir. Bunlar <strong>erkek patine deri Derby ayakkab\u0131<\/strong> hafif ama son derece dayan\u0131kl\u0131 EVA tabana sahiptir. Bu geli\u015fmi\u015f taban teknolojisi \u00fcst\u00fcn yast\u0131klama ve esneklik sa\u011flayarak, ister \u015fehir sokaklar\u0131nda geziniyor ister g\u00fcndelik i\u015f toplant\u0131lar\u0131na kat\u0131l\u0131yor olun, ayaklar\u0131n\u0131z\u0131n \u00fczerinde ge\u00e7irece\u011finiz uzun g\u00fcnler i\u00e7in idealdir.<\/p>\n<p>A\u00e7\u0131k ba\u011fc\u0131k sistemiyle bilinen klasik Derby silueti, \u00f6zel dikim pantolonlardan \u015f\u0131k kotlara kadar \u00e7ok \u00e7e\u015fitli k\u0131yafetlerle zahmetsizce e\u015fle\u015fen zamans\u0131z bir \u00e7ekicilik sunar. \u00c7arp\u0131c\u0131 patine kaplama, bu \u00e7ok y\u00f6nl\u00fc ayakkab\u0131y\u0131 bireysel bir dokunu\u015f haline getiriyor. <strong>erkek patine deri Derby ayakkab\u0131<\/strong> her durum i\u00e7in ak\u0131ll\u0131ca bir se\u00e7im.<\/p>\n<p><h3>Perakendeciler i\u00e7in Toptan Sat\u0131\u015f F\u0131rsat\u0131<\/h3>\n<\/p>\n<p>M\u00fc\u015fterilerine birinci s\u0131n\u0131f ayakkab\u0131lar sunmak isteyen perakendeciler i\u00e7in <strong>Erkek Patina Deri Derby Ayakkab\u0131<\/strong> toptan sat\u0131n al\u0131nabilir. Minimum sipari\u015f miktar\u0131 sadece 8 \u00e7ift oldu\u011fundan, bu aranan \u00fcr\u00fcnleri kolayca stoklayabilirsiniz. Yakla\u015f\u0131k 12 g\u00fcn art\u0131 nakliye ile h\u0131zl\u0131 bir teslimat s\u00fcresi sa\u011flayarak envanterinizi derhal yenilemenize olanak tan\u0131yoruz.<\/p>\n<p>Bedenler EU 39 ila 45 aras\u0131nda de\u011fi\u015fir ve geni\u015f bir m\u00fc\u015fteri taban\u0131na hitap eder. M\u00fc\u015fterilerinize sadece el yap\u0131m\u0131 ayakkab\u0131lar\u0131m\u0131z\u0131n sundu\u011fu l\u00fcks, konfor ve \u00f6zg\u00fcn stil kar\u0131\u015f\u0131m\u0131n\u0131 sunun. <strong>erkek patine deri Derby ayakkab\u0131<\/strong> sa\u011flayabilir.<\/p>","protected":false},"excerpt":{"rendered":"<ul>\n<li><strong>Minimum Sipari\u015f:<\/strong> Toptan sat\u0131\u015f i\u00e7in mevcuttur, minimum 8 \u00e7ift sipari\u015f.<\/li>\n<li><strong>\u0130\u015f\u00e7ilik:<\/strong> E\u015fsiz el yap\u0131m\u0131 patine efektiyle ustal\u0131kla el yap\u0131m\u0131.<\/li>\n<li><strong>Premium Malzemeler:<\/strong> L\u00fcks dana derisi saya ve yumu\u015fak ke\u00e7i derisi astar.<\/li>\n<li><strong>Konfor ve Dayan\u0131kl\u0131l\u0131k:<\/strong> G\u00fcn boyu konfor i\u00e7in hafif ve esnek EVA taban.<\/li>\n<li><strong>Stil:<\/strong> \u00c7ok y\u00f6nl\u00fc erkek Derby ayakkab\u0131lar\u0131, smart-casual ve business casual giyim i\u00e7in m\u00fckemmeldir.<\/li>\n<li><strong>Boyutlar:<\/strong> EU 39'dan 45'e kadar kapsaml\u0131 bir yelpazede sunulmaktad\u0131r.<\/li>\n<\/ul>","protected":false},"featured_media":3905,"template":"","meta":{"_acf_changed":false,"_uag_custom_page_level_css":"","site-sidebar-layout":"default","site-content-layout":"","ast-site-content-layout":"default","site-content-style":"default","site-sidebar-style":"default","ast-global-header-display":"","ast-banner-title-visibility":"","ast-main-header-display":"","ast-hfb-above-header-display":"","ast-hfb-below-header-display":"","ast-hfb-mobile-header-display":"","site-post-title":"","ast-breadcrumbs-content":"","ast-featured-img":"","footer-sml-layout":"","ast-disable-related-posts":"","theme-transparent-header-meta":"","adv-header-id-meta":"","stick-header-meta":"","header-above-stick-meta":"","header-main-stick-meta":"","header-below-stick-meta":"","astra-migrate-meta-layouts":"default","ast-page-background-enabled":"default","ast-page-background-meta":{"desktop":{"background-color":"var(--ast-global-color-4)","background-image":"","background-repeat":"repeat","background-position":"center center","background-size":"auto","background-attachment":"scroll","background-type":"","background-media":"","overlay-type":"","overlay-color":"","overlay-opacity":"","overlay-gradient":""},"tablet":{"background-color":"","background-image":"","background-repeat":"repeat","background-position":"center center","background-size":"auto","background-attachment":"scroll","background-type":"","background-media":"","overlay-type":"","overlay-color":"","overlay-opacity":"","overlay-gradient":""},"mobile":{"background-color":"","background-image":"","background-repeat":"repeat","background-position":"center center","background-size":"auto","background-attachment":"scroll","background-type":"","background-media":"","overlay-type":"","overlay-color":"","overlay-opacity":"","overlay-gradient":""}},"ast-content-background-meta":{"desktop":{"background-color":"var(--ast-global-color-5)","background-image":"","background-repeat":"repeat","background-position":"center center","background-size":"auto","background-attachment":"scroll","background-type":"","background-media":"","overlay-type":"","overlay-color":"","overlay-opacity":"","overlay-gradient":""},"tablet":{"background-color":"var(--ast-global-color-5)","background-image":"","background-repeat":"repeat","background-position":"center center","background-size":"auto","background-attachment":"scroll","background-type":"","background-media":"","overlay-type":"","overlay-color":"","overlay-opacity":"","overlay-gradient":""},"mobile":{"background-color":"var(--ast-global-color-5)","background-image":"","background-repeat":"repeat","background-position":"center center","background-size":"auto","background-attachment":"scroll","background-type":"","background-media":"","overlay-type":"","overlay-color":"","overlay-opacity":"","overlay-gradient":""}}},"product_brand":[],"product_cat":[48,47,49,430,40],"product_tag":[322,292,185,248,756,438,189,450,310,1064,280,281],"class_list":{"0":"post-5833","1":"product","2":"type-product","3":"status-publish","4":"has-post-thumbnail","6":"product_cat-casual","7":"product_cat-classic","8":"product_cat-loafer","9":"product_cat-men","10":"product_cat-mens-shoes","11":"product_tag-blue-leather-shoes","12":"product_tag-brown-leather-shoes","13":"product_tag-calf-leather-shoes","14":"product_tag-casual-leather-shoes","15":"product_tag-european-sizes","16":"product_tag-eva-sole","17":"product_tag-goat-leather-lining","18":"product_tag-handcrafted-shoes","19":"product_tag-mens-derby-shoes","20":"product_tag-patina-leather-shoes","21":"product_tag-smart-casual-shoes","22":"product_tag-wholesale-shoes","23":"desktop-align-center","24":"tablet-align-center","25":"mobile-align-center","27":"first","28":"instock","29":"shipping-taxable","30":"purchasable","31":"product-type-variable","32":"has-default-attributes"},"acf":[],"uagb_featured_image_src":{"full":["https:\/\/turkishtrade.co\/wp-content\/uploads\/2026\/01\/2400EJOMN00309-DARK-BLUE-X_7751-4-USD.png",453,250,false],"thumbnail":["https:\/\/turkishtrade.co\/wp-content\/uploads\/2026\/01\/2400EJOMN00309-DARK-BLUE-X_7751-4-USD-150x150.png",150,150,true],"medium":["https:\/\/turkishtrade.co\/wp-content\/uploads\/2026\/01\/2400EJOMN00309-DARK-BLUE-X_7751-4-USD-300x166.png",300,166,true],"medium_large":["https:\/\/turkishtrade.co\/wp-content\/uploads\/2026\/01\/2400EJOMN00309-DARK-BLUE-X_7751-4-USD.png",453,250,false],"large":["https:\/\/turkishtrade.co\/wp-content\/uploads\/2026\/01\/2400EJOMN00309-DARK-BLUE-X_7751-4-USD.png",453,250,false],"1536x1536":["https:\/\/turkishtrade.co\/wp-content\/uploads\/2026\/01\/2400EJOMN00309-DARK-BLUE-X_7751-4-USD.png",453,250,false],"2048x2048":["https:\/\/turkishtrade.co\/wp-content\/uploads\/2026\/01\/2400EJOMN00309-DARK-BLUE-X_7751-4-USD.png",453,250,false],"trp-custom-language-flag":["https:\/\/turkishtrade.co\/wp-content\/uploads\/2026\/01\/2400EJOMN00309-DARK-BLUE-X_7751-4-USD-18x10.png",18,10,true],"woocommerce_thumbnail":["https:\/\/turkishtrade.co\/wp-content\/uploads\/2026\/01\/2400EJOMN00309-DARK-BLUE-X_7751-4-USD-400x250.png",400,250,true],"woocommerce_single":["https:\/\/turkishtrade.co\/wp-content\/uploads\/2026\/01\/2400EJOMN00309-DARK-BLUE-X_7751-4-USD.png",453,250,false],"woocommerce_gallery_thumbnail":["https:\/\/turkishtrade.co\/wp-content\/uploads\/2026\/01\/2400EJOMN00309-DARK-BLUE-X_7751-4-USD-100x100.png",100,100,true]},"uagb_author_info":{"display_name":"yaser olabi","author_link":"https:\/\/turkishtrade.co\/tr\/author\/"},"uagb_comment_info":0,"uagb_excerpt":"Minimum Order: Available for wholesale, minimum order of 8 pairs. Craftsmanship: Expertly handcrafted with a unique hand-finished patina effect. Premium Materials: Luxurious calf leather upper and soft goat leather lining. Comfort &amp; Durability: Lightweight and flexible EVA sole for all-day comfort. Style: Versatile men's Derby shoes, perfect for smart-casual and business casual wear. Sizes: Offered&hellip;","_links":{"self":[{"href":"https:\/\/turkishtrade.co\/tr\/wp-json\/wp\/v2\/product\/5833","targetHints":{"allow":["GET"]}}],"collection":[{"href":"https:\/\/turkishtrade.co\/tr\/wp-json\/wp\/v2\/product"}],"about":[{"href":"https:\/\/turkishtrade.co\/tr\/wp-json\/wp\/v2\/types\/product"}],"wp:featuredmedia":[{"embeddable":true,"href":"https:\/\/turkishtrade.co\/tr\/wp-json\/wp\/v2\/media\/3905"}],"wp:attachment":[{"href":"https:\/\/turkishtrade.co\/tr\/wp-json\/wp\/v2\/media?parent=5833"}],"wp:term":[{"taxonomy":"product_brand","embeddable":true,"href":"https:\/\/turkishtrade.co\/tr\/wp-json\/wp\/v2\/product_brand?post=5833"},{"taxonomy":"product_cat","embeddable":true,"href":"https:\/\/turkishtrade.co\/tr\/wp-json\/wp\/v2\/product_cat?post=5833"},{"taxonomy":"product_tag","embeddable":true,"href":"https:\/\/turkishtrade.co\/tr\/wp-json\/wp\/v2\/product_tag?post=5833"}],"curies":[{"name":"wp","href":"https:\/\/api.w.org\/{rel}","templated":true}]}}