{"id":5826,"date":"2026-01-14T13:21:18","date_gmt":"2026-01-14T13:21:18","guid":{"rendered":"https:\/\/turkishtrade.co\/product\/men-s-calf-leather-derby-shoes-3\/"},"modified":"2026-04-09T19:22:54","modified_gmt":"2026-04-09T19:22:54","slug":"mens-calf-leather-derby-shoes-5","status":"publish","type":"product","link":"https:\/\/turkishtrade.co\/tr\/shop\/mens-calf-leather-derby-shoes-5\/","title":{"rendered":"EVA Tabanl\u0131 Premium Erkek Dana Derisi Derby Ayakkab\u0131"},"content":{"rendered":"<p><strong>Erkek Dana Derisi Derby Ayakkab\u0131<\/strong><\/p>\n<p>Modern beyefendiler i\u00e7in \u00f6zenle tasarlanm\u0131\u015f Premium Erkek Dana Derisi Derby Ayakkab\u0131lar\u0131m\u0131zla sofistike bir konfora ad\u0131m at\u0131n. Klasik stili \u00e7a\u011fda\u015f konforla harmanlayan bu ola\u011fan\u00fcst\u00fc ayakkab\u0131lar, her se\u00e7kin gard\u0131robun olmazsa olmaz\u0131d\u0131r. D\u0131\u015f y\u00fczeyi en iyi dana derisinden \u00fcretilen ve i\u00e7 k\u0131sm\u0131 son derece yumu\u015fak ke\u00e7i derisiyle astarlanan bu derby ayakkab\u0131lar, yaln\u0131zca l\u00fcks bir his de\u011fil, ayn\u0131 zamanda g\u00fcn boyunca nefes alabilen bir rahatl\u0131k da vaat ediyor.<\/p>\n<p><h3>Rakipsiz \u0130\u015f\u00e7ilik ve Birinci S\u0131n\u0131f Malzemeler<\/h3>\n<\/p>\n<p>Her bir \u00e7iftimiz <b>Erkek Dana Derisi Derby Ayakkab\u0131<\/b> \u00fcst\u00fcn i\u015f\u00e7ili\u011fin bir kan\u0131t\u0131d\u0131r. D\u0131\u015f y\u00fczeyi, p\u00fcr\u00fczs\u00fcz dokusu, dayan\u0131kl\u0131l\u0131\u011f\u0131 ve zaman i\u00e7inde g\u00fczel bir patine geli\u015ftirme kabiliyetiyle bilinen y\u00fcksek kaliteli dana derisine sahiptir. Derinlik yaratmak i\u00e7in incelikle de\u011fi\u015ftirilen zengin kahverengi tonu, bu ayakkab\u0131lar\u0131n \u00f6ne \u00e7\u0131kmas\u0131n\u0131 sa\u011flar.<\/p>\n<p>\u0130\u00e7 k\u0131s\u0131mdaki hakiki ke\u00e7i derisi astar, ayaklar\u0131n\u0131z i\u00e7in pel\u00fc\u015f ve rahat bir ortam sa\u011flar, nemi uzakla\u015ft\u0131r\u0131r ve \u00f6zel bir his i\u00e7in ayak \u015feklinize uyum sa\u011flar. Bu zarif malzeme kombinasyonu hem uzun \u00f6m\u00fcr hem de benzersiz konfor sa\u011flayarak g\u00fcndelik k\u0131yafet ayakkab\u0131lar\u0131na yeni bir standart getiriyor.<\/p>\n<p><h3>EVA Taban ile E\u015fsiz Konforu Ya\u015fay\u0131n<\/h3>\n<\/p>\n<p>Geleneksel a\u011f\u0131r elbise ayakkab\u0131lar\u0131n\u0131n aksine, bizim <b>Erkek Dana Derisi Derby Ayakkab\u0131<\/b> stilden \u00f6d\u00fcn vermeden t\u00fcm g\u00fcn kullan\u0131m i\u00e7in \u00fcretilmi\u015ftir. Hafif ve son derece esnek bir EVA (Etilen-vinil asetat) tabana sahiptir. Bu yenilik\u00e7i taban malzemesi m\u00fckemmel yast\u0131klama ve \u015fok emilimi sunarak yorgunlu\u011fu azalt\u0131r ve yayl\u0131 bir ad\u0131m sa\u011flar.<\/p>\n<p>1-3 cm aras\u0131nda de\u011fi\u015fen ince topuk y\u00fcksekli\u011fi, dengeli ve rahat bir ad\u0131m atmaya katk\u0131da bulunarak bu ayakkab\u0131lar\u0131 uzun s\u00fcre ayakta durmak veya y\u00fcr\u00fcmek i\u00e7in ideal hale getirir. \u0130ster \u015fehir sokaklar\u0131nda geziniyor ister uzun bir etkinli\u011fe kat\u0131l\u0131yor olun, bu ayakkab\u0131lar zarafetten zerre \u00f6d\u00fcn vermeden ola\u011fan\u00fcst\u00fc konfor sunar.<\/p>\n<p><h3>Her Durum i\u00e7in \u00c7ok Y\u00f6nl\u00fc Stil<\/h3>\n<\/p>\n<p>\u0130nce tasar\u0131m \u00f6\u011feleri ve sofistike ba\u011fc\u0131klarla tamamlanan bu ayakkab\u0131lar\u0131n zamans\u0131z derby silueti, onlar\u0131 inan\u0131lmaz derecede \u00e7ok y\u00f6nl\u00fc hale getiriyor. \u015e\u0131k ve rahat ofis k\u0131yafetlerinden hafta sonu gezmelerine veya yar\u0131 resmi toplant\u0131lara sorunsuz bir \u015fekilde ge\u00e7i\u015f yaparlar. Zarif bir g\u00fcndelik g\u00f6r\u00fcn\u00fcm i\u00e7in chino pantolon ve blazer ceketle veya daha g\u00f6steri\u015fli bir kombin i\u00e7in \u00f6zel dikim pantolonlarla e\u015fle\u015ftirin.<\/p>\n<p>Zengin kahverengi rengi \u00e7ok y\u00f6nl\u00fcl\u00fck sunar, \u00e7ok \u00e7e\u015fitli k\u0131yafet renklerini ve stillerini kolayca tamamlar, bu da bunlar\u0131 ger\u00e7ekten <b>Erkek Dana Derisi Derby Ayakkab\u0131<\/b> koleksiyonunuz i\u00e7in vazge\u00e7ilmez bir ek. Geni\u015f bir m\u00fc\u015fteri kitlesi i\u00e7in m\u00fckemmel bir uyum sa\u011flayan 39 ila 45 Avrupa bedenlerinde mevcuttur.<\/p>\n<p><h3>Toptan Sat\u0131\u015f F\u0131rsat\u0131 &amp; Teslimat<\/h3>\n<\/p>\n<p>Ayakkab\u0131 koleksiyonlar\u0131n\u0131 geli\u015ftirmek isteyen perakendeciler ve i\u015fletmeler i\u00e7in bu birinci s\u0131n\u0131f derby ayakkab\u0131lar toptan sat\u0131n al\u0131nabilir. Bu pop\u00fcler stili stoklayabilmeniz i\u00e7in minimum 8 \u00e7ift sipari\u015fe ihtiyac\u0131m\u0131z var. Yakla\u015f\u0131k 12 g\u00fcnl\u00fck teslimat s\u00fcresi ve nakliye ile bu y\u00fcksek talep g\u00f6ren ayakkab\u0131lar\u0131 envanterinize h\u0131zl\u0131 bir \u015fekilde entegre edebilirsiniz.<\/p>\n<p>Ayr\u0131nt\u0131l\u0131 fiyatland\u0131rma ve bu zarif ve rahat erkek ayakkab\u0131lar\u0131n\u0131n \u00fcr\u00fcn tekliflerinizi nas\u0131l y\u00fckseltebilece\u011fini g\u00f6r\u00fc\u015fmek i\u00e7in bizimle ileti\u015fime ge\u00e7in.<\/p>","protected":false},"excerpt":{"rendered":"<ul>\n<li><b>Premium Malzemeler:<\/b> \u00dcst\u00fcn konfor ve dayan\u0131kl\u0131l\u0131k i\u00e7in hakiki dana derisi saya ve yumu\u015fak ke\u00e7i derisi astar ile \u00fcretilmi\u015ftir.<\/li>\n<li><b>Hafif Konfor:<\/b> Esnek ve yast\u0131kl\u0131 EVA taban\u0131, 1-3 cm'lik ince topu\u011fu ile g\u00fcn boyu giyilebilirlik sa\u011flar.<\/li>\n<li><b>\u00c7ok Y\u00f6nl\u00fc Stil:<\/b> Klasik derby tasar\u0131m\u0131, hem \u015f\u0131k g\u00fcndelik hem de yar\u0131 resmi durumlar i\u00e7in uygundur ve her k\u0131yafeti zenginle\u015ftirir.<\/li>\n<li><b>Mevcut Boyutlar:<\/b> Avrupa bedenleri 39, 40, 41, 42, 43, 44, 45 geni\u015f bir m\u00fc\u015fteri yelpazesine uyacak \u015fekilde.<\/li>\n<li><b>Toptan Sat\u0131\u015f F\u0131rsat\u0131:<\/b> Talep \u00fczerine rekabet\u00e7i fiyatland\u0131rma ile minimum 8 \u00e7ift sipari\u015f.<\/li>\n<\/ul>","protected":false},"featured_media":3900,"template":"","meta":{"_acf_changed":false,"_uag_custom_page_level_css":"","site-sidebar-layout":"default","site-content-layout":"","ast-site-content-layout":"default","site-content-style":"default","site-sidebar-style":"default","ast-global-header-display":"","ast-banner-title-visibility":"","ast-main-header-display":"","ast-hfb-above-header-display":"","ast-hfb-below-header-display":"","ast-hfb-mobile-header-display":"","site-post-title":"","ast-breadcrumbs-content":"","ast-featured-img":"","footer-sml-layout":"","ast-disable-related-posts":"","theme-transparent-header-meta":"","adv-header-id-meta":"","stick-header-meta":"","header-above-stick-meta":"","header-main-stick-meta":"","header-below-stick-meta":"","astra-migrate-meta-layouts":"default","ast-page-background-enabled":"default","ast-page-background-meta":{"desktop":{"background-color":"var(--ast-global-color-4)","background-image":"","background-repeat":"repeat","background-position":"center center","background-size":"auto","background-attachment":"scroll","background-type":"","background-media":"","overlay-type":"","overlay-color":"","overlay-opacity":"","overlay-gradient":""},"tablet":{"background-color":"","background-image":"","background-repeat":"repeat","background-position":"center center","background-size":"auto","background-attachment":"scroll","background-type":"","background-media":"","overlay-type":"","overlay-color":"","overlay-opacity":"","overlay-gradient":""},"mobile":{"background-color":"","background-image":"","background-repeat":"repeat","background-position":"center center","background-size":"auto","background-attachment":"scroll","background-type":"","background-media":"","overlay-type":"","overlay-color":"","overlay-opacity":"","overlay-gradient":""}},"ast-content-background-meta":{"desktop":{"background-color":"var(--ast-global-color-5)","background-image":"","background-repeat":"repeat","background-position":"center center","background-size":"auto","background-attachment":"scroll","background-type":"","background-media":"","overlay-type":"","overlay-color":"","overlay-opacity":"","overlay-gradient":""},"tablet":{"background-color":"var(--ast-global-color-5)","background-image":"","background-repeat":"repeat","background-position":"center center","background-size":"auto","background-attachment":"scroll","background-type":"","background-media":"","overlay-type":"","overlay-color":"","overlay-opacity":"","overlay-gradient":""},"mobile":{"background-color":"var(--ast-global-color-5)","background-image":"","background-repeat":"repeat","background-position":"center center","background-size":"auto","background-attachment":"scroll","background-type":"","background-media":"","overlay-type":"","overlay-color":"","overlay-opacity":"","overlay-gradient":""}}},"product_brand":[],"product_cat":[48,47,49,430,40],"product_tag":[292,185,290,212,287,959,189,981,351,324,362,280,262],"class_list":{"0":"post-5826","1":"product","2":"type-product","3":"status-publish","4":"has-post-thumbnail","6":"product_cat-casual","7":"product_cat-classic","8":"product_cat-loafer","9":"product_cat-men","10":"product_cat-mens-shoes","11":"product_tag-brown-leather-shoes","12":"product_tag-calf-leather-shoes","13":"product_tag-comfortable-mens-shoes","14":"product_tag-derby-shoes","15":"product_tag-eva-sole-shoes","16":"product_tag-formal-casual-shoes","17":"product_tag-goat-leather-lining","18":"product_tag-leather-derby","19":"product_tag-leather-footwear","20":"product_tag-mens-dress-shoes","21":"product_tag-premium-footwear","22":"product_tag-smart-casual-shoes","23":"product_tag-wholesale-mens-shoes","24":"desktop-align-center","25":"tablet-align-center","26":"mobile-align-center","28":"first","29":"instock","30":"shipping-taxable","31":"purchasable","32":"product-type-variable","33":"has-default-attributes"},"acf":[],"uagb_featured_image_src":{"full":["https:\/\/turkishtrade.co\/wp-content\/uploads\/2026\/01\/2400EJOMN00302-DARK-BROWN-X_7751-4-USD.png",453,250,false],"thumbnail":["https:\/\/turkishtrade.co\/wp-content\/uploads\/2026\/01\/2400EJOMN00302-DARK-BROWN-X_7751-4-USD-150x150.png",150,150,true],"medium":["https:\/\/turkishtrade.co\/wp-content\/uploads\/2026\/01\/2400EJOMN00302-DARK-BROWN-X_7751-4-USD-300x166.png",300,166,true],"medium_large":["https:\/\/turkishtrade.co\/wp-content\/uploads\/2026\/01\/2400EJOMN00302-DARK-BROWN-X_7751-4-USD.png",453,250,false],"large":["https:\/\/turkishtrade.co\/wp-content\/uploads\/2026\/01\/2400EJOMN00302-DARK-BROWN-X_7751-4-USD.png",453,250,false],"1536x1536":["https:\/\/turkishtrade.co\/wp-content\/uploads\/2026\/01\/2400EJOMN00302-DARK-BROWN-X_7751-4-USD.png",453,250,false],"2048x2048":["https:\/\/turkishtrade.co\/wp-content\/uploads\/2026\/01\/2400EJOMN00302-DARK-BROWN-X_7751-4-USD.png",453,250,false],"trp-custom-language-flag":["https:\/\/turkishtrade.co\/wp-content\/uploads\/2026\/01\/2400EJOMN00302-DARK-BROWN-X_7751-4-USD-18x10.png",18,10,true],"woocommerce_thumbnail":["https:\/\/turkishtrade.co\/wp-content\/uploads\/2026\/01\/2400EJOMN00302-DARK-BROWN-X_7751-4-USD-400x250.png",400,250,true],"woocommerce_single":["https:\/\/turkishtrade.co\/wp-content\/uploads\/2026\/01\/2400EJOMN00302-DARK-BROWN-X_7751-4-USD.png",453,250,false],"woocommerce_gallery_thumbnail":["https:\/\/turkishtrade.co\/wp-content\/uploads\/2026\/01\/2400EJOMN00302-DARK-BROWN-X_7751-4-USD-100x100.png",100,100,true]},"uagb_author_info":{"display_name":"yaser olabi","author_link":"https:\/\/turkishtrade.co\/tr\/author\/"},"uagb_comment_info":0,"uagb_excerpt":"Premium Materials: Crafted with genuine calf leather upper and soft goat leather lining for ultimate comfort and durability. Lightweight Comfort: Features a flexible and cushioned EVA sole, ensuring all-day wearability with a subtle 1-3 cm heel. Versatile Style: Classic derby design suitable for both smart casual and semi-formal occasions, enhancing any outfit. Available Sizes: European&hellip;","_links":{"self":[{"href":"https:\/\/turkishtrade.co\/tr\/wp-json\/wp\/v2\/product\/5826","targetHints":{"allow":["GET"]}}],"collection":[{"href":"https:\/\/turkishtrade.co\/tr\/wp-json\/wp\/v2\/product"}],"about":[{"href":"https:\/\/turkishtrade.co\/tr\/wp-json\/wp\/v2\/types\/product"}],"wp:featuredmedia":[{"embeddable":true,"href":"https:\/\/turkishtrade.co\/tr\/wp-json\/wp\/v2\/media\/3900"}],"wp:attachment":[{"href":"https:\/\/turkishtrade.co\/tr\/wp-json\/wp\/v2\/media?parent=5826"}],"wp:term":[{"taxonomy":"product_brand","embeddable":true,"href":"https:\/\/turkishtrade.co\/tr\/wp-json\/wp\/v2\/product_brand?post=5826"},{"taxonomy":"product_cat","embeddable":true,"href":"https:\/\/turkishtrade.co\/tr\/wp-json\/wp\/v2\/product_cat?post=5826"},{"taxonomy":"product_tag","embeddable":true,"href":"https:\/\/turkishtrade.co\/tr\/wp-json\/wp\/v2\/product_tag?post=5826"}],"curies":[{"name":"wp","href":"https:\/\/api.w.org\/{rel}","templated":true}]}}