{"id":5822,"date":"2026-01-14T13:20:29","date_gmt":"2026-01-14T13:20:29","guid":{"rendered":"https:\/\/turkishtrade.co\/product\/classic-black-leather-loafers\/"},"modified":"2026-04-09T19:23:00","modified_gmt":"2026-04-09T19:23:00","slug":"classic-black-leather-loafers","status":"publish","type":"product","link":"https:\/\/turkishtrade.co\/tr\/shop\/classic-black-leather-loafers\/","title":{"rendered":"Erkek Premium Siyah Deri Chunky Penny Loafer"},"content":{"rendered":"<p><strong>klasik siyah deri mokasen ayakkab\u0131lar<\/strong><\/p>\n<p>Zamans\u0131z sofistikeli\u011fe ad\u0131m at\u0131n <b>klasik siyah deri mokasen ayakkab\u0131lar<\/b>, hem stil hem de konfora de\u011fer veren modern erkekler i\u00e7in tasarland\u0131. Bu birinci s\u0131n\u0131f erkek mokasen ayakkab\u0131lar, geleneksel tasar\u0131m\u0131 \u00e7a\u011fda\u015f bir \u00e7izgiyle harmanlayarak her gard\u0131rop i\u00e7in vazge\u00e7ilmez bir eklenti haline geliyor. Detaylara titizlikle \u00f6zen g\u00f6sterilerek \u00fcretilen bu <b>klasik siyah deri mokasen ayakkab\u0131lar<\/b> Sadece zarif bir g\u00f6r\u00fcn\u00fcm de\u011fil, ayn\u0131 zamanda g\u00fcnl\u00fck kullan\u0131m i\u00e7in benzersiz dayan\u0131kl\u0131l\u0131k ve konfor vaat ediyor.<\/p>\n<p>Klasik \u00e7ekicilik ve modern sa\u011flam tasar\u0131m\u0131n m\u00fckemmel birle\u015fimini bu temel \u00fcr\u00fcnlerle kucaklay\u0131n <b>klasik siyah deri mokasen ayakkab\u0131lar<\/b>.<\/p>\n<p><h3>Rakipsiz \u0130\u015f\u00e7ilik ve Birinci S\u0131n\u0131f Malzemeler<\/h3>\n<\/p>\n<p>Bu zarif mokasenlerin her bir \u00e7ifti, p\u00fcr\u00fczs\u00fcz dokusu, esnekli\u011fi ve l\u00fcks hissi ile bilinen en iyi hakiki dana derisinden yap\u0131lm\u0131\u015f bir d\u0131\u015f y\u00fczeye sahiptir. \u0130\u00e7 k\u0131sm\u0131 yumu\u015fak ke\u00e7i derisiyle astarlanm\u0131\u015ft\u0131r ve giydi\u011finiz andan itibaren nefes alabilen ve son derece rahat bir deneyim sa\u011flar. Birinci s\u0131n\u0131f derilerin bu \u00f6zenli kombinasyonu hem zarif bir estetik hem de uzun \u00f6m\u00fcrl\u00fc bir kalite sa\u011flayarak bu <b>klasik siyah deri mokasen ayakkab\u0131lar<\/b> ayr\u0131.<\/p>\n<p>Bunlar\u0131n tan\u0131mlay\u0131c\u0131 \u00f6zelli\u011fi <b>klasik siyah deri mokasen ayakkab\u0131lar<\/b> sa\u011flam ama hafif EVA taban\u0131d\u0131r. Bu yenilik\u00e7i taban malzemesi \u00fcst\u00fcn yast\u0131klama ve \u015fok emilimi sunarak her ad\u0131m\u0131 bir zevk haline getirir. 1-3 cm'lik ince bir topu\u011fa sahip olan bu ince topuklu mokasen ayakkab\u0131lar, dengeden \u00f6d\u00fcn vermeden rahat bir y\u00fckseli\u015f sa\u011flar ve uzun s\u00fcre ayakta durmak veya y\u00fcr\u00fcmek i\u00e7in m\u00fckemmeldir.<\/p>\n<p><h3>Her Durum i\u00e7in \u00c7ok Y\u00f6nl\u00fc Stil<\/h3>\n<\/p>\n<p>Bu erkek chunky penny loafer'lar\u0131n tasar\u0131m\u0131, klasik \u015f\u0131kl\u0131k ile g\u00fcndelik \u015f\u0131kl\u0131k aras\u0131ndaki bo\u015flu\u011fu zahmetsizce dolduruyor. \u0130ster bir i\u015f toplant\u0131s\u0131, ister bir hafta sonu brunch'\u0131 ya da d\u0131\u015far\u0131da bir ak\u015fam i\u00e7in giyiniyor olun, bu <b>klasik siyah deri mokasen ayakkab\u0131lar<\/b> inan\u0131lmaz derecede \u00e7ok y\u00f6nl\u00fcd\u00fcr. \u00d6zel dikim pantolonlar, chino pantolonlar ve hatta koyu renk denimlerle m\u00fckemmel uyum sa\u011flayarak her t\u00fcrl\u00fc kombine g\u00f6steri\u015fli bir g\u00f6r\u00fcn\u00fcm kazand\u0131r\u0131r.<\/p>\n<p>Vampir k\u0131sm\u0131ndaki geleneksel penny yuvas\u0131 detay\u0131 miras stiline bir dokunu\u015f katarken, \u00e7a\u011fda\u015f kal\u0131n taban\u0131 taze ve modern bir dokunu\u015f sa\u011flayarak bu ayakkab\u0131y\u0131 <b>klasik siyah deri mokasen ayakkab\u0131lar<\/b> ger\u00e7ek bir gard\u0131rop vazge\u00e7ilmezi.<\/p>\n<p><h3>Kaliteli Ayakkab\u0131lar i\u00e7in Toptan Sat\u0131\u015f F\u0131rsat\u0131<\/h3>\n<\/p>\n<p>Toptan sat\u0131\u015f ortaklar\u0131m\u0131z\u0131n ihtiya\u00e7lar\u0131n\u0131 anl\u0131yor ve \u015fu y\u00fcksek kaliteli \u00fcr\u00fcnleri sunuyoruz <b>klasik siyah deri mokasen ayakkab\u0131lar<\/b> Minimum sipari\u015f miktar\u0131 sadece 8 \u00e7ifttir. Verimli \u00fcretim s\u00fcrecimiz, sipari\u015finizin 12 g\u00fcn i\u00e7inde sevkiyata haz\u0131r olmas\u0131n\u0131 ve ard\u0131ndan standart sevkiyat s\u00fcrelerinin gelmesini sa\u011flar. Bu dayan\u0131kl\u0131 \u00fcr\u00fcnlere yat\u0131r\u0131m yap\u0131n <b>klasik siyah deri mokasen ayakkab\u0131lar<\/b> ve m\u00fc\u015fterilerinize \u00fcst\u00fcn i\u015f\u00e7ilik, \u00fcst\u00fcn konfor ve zamans\u0131z stili bir araya getiren bir ayakkab\u0131 se\u00e7ene\u011fi sunun.<\/p>\n<p>39'dan 45'e (AB) kadar kapsaml\u0131 bir beden yelpazesinde sunulan bu mokasen ayakkab\u0131lar, t\u00fcm premium ayakkab\u0131 koleksiyonlar\u0131n\u0131n vazge\u00e7ilmezi olmaya aday.<\/p>","protected":false},"excerpt":{"rendered":"<ul>\n<li><b>Premium Malzemeler:<\/b> Hakiki dana derisi d\u0131\u015f y\u00fczeyi ve yumu\u015fak, nefes alabilen ke\u00e7i derisi i\u00e7 k\u0131sm\u0131 ile ustal\u0131kla \u00fcretilmi\u015ftir.<\/li>\n<li><b>Konfor ve Dayan\u0131kl\u0131l\u0131k:<\/b> T\u00fcm g\u00fcn kullan\u0131m i\u00e7in hafif ve \u015fok emici EVA tabana sahiptir.<\/li>\n<li><b>Klasik Tasar\u0131m:<\/b> Modern, rahat 1-3 cm kal\u0131n topuklu zamans\u0131z penny loafer stili.<\/li>\n<li><b>Geni\u015f Boyut Aral\u0131\u011f\u0131:<\/b> 39, 40, 41, 42, 43, 44, 45 (AB) bedenlerde mevcuttur.<\/li>\n<li><b>Toplu Bulunabilirlik:<\/b> Minimum sipari\u015f miktar\u0131 8 \u00e7ifttir.<\/li>\n<li><b>Etkili Teslimat:<\/b> \u00dcretim ve sevkiyat 12 g\u00fcn i\u00e7inde, art\u0131 standart nakliye s\u00fcresi.<\/li>\n<\/ul>","protected":false},"featured_media":3897,"template":"","meta":{"_acf_changed":false,"_uag_custom_page_level_css":"","site-sidebar-layout":"default","site-content-layout":"","ast-site-content-layout":"default","site-content-style":"default","site-sidebar-style":"default","ast-global-header-display":"","ast-banner-title-visibility":"","ast-main-header-display":"","ast-hfb-above-header-display":"","ast-hfb-below-header-display":"","ast-hfb-mobile-header-display":"","site-post-title":"","ast-breadcrumbs-content":"","ast-featured-img":"","footer-sml-layout":"","ast-disable-related-posts":"","theme-transparent-header-meta":"","adv-header-id-meta":"","stick-header-meta":"","header-above-stick-meta":"","header-main-stick-meta":"","header-below-stick-meta":"","astra-migrate-meta-layouts":"default","ast-page-background-enabled":"default","ast-page-background-meta":{"desktop":{"background-color":"var(--ast-global-color-4)","background-image":"","background-repeat":"repeat","background-position":"center center","background-size":"auto","background-attachment":"scroll","background-type":"","background-media":"","overlay-type":"","overlay-color":"","overlay-opacity":"","overlay-gradient":""},"tablet":{"background-color":"","background-image":"","background-repeat":"repeat","background-position":"center center","background-size":"auto","background-attachment":"scroll","background-type":"","background-media":"","overlay-type":"","overlay-color":"","overlay-opacity":"","overlay-gradient":""},"mobile":{"background-color":"","background-image":"","background-repeat":"repeat","background-position":"center center","background-size":"auto","background-attachment":"scroll","background-type":"","background-media":"","overlay-type":"","overlay-color":"","overlay-opacity":"","overlay-gradient":""}},"ast-content-background-meta":{"desktop":{"background-color":"var(--ast-global-color-5)","background-image":"","background-repeat":"repeat","background-position":"center center","background-size":"auto","background-attachment":"scroll","background-type":"","background-media":"","overlay-type":"","overlay-color":"","overlay-opacity":"","overlay-gradient":""},"tablet":{"background-color":"var(--ast-global-color-5)","background-image":"","background-repeat":"repeat","background-position":"center center","background-size":"auto","background-attachment":"scroll","background-type":"","background-media":"","overlay-type":"","overlay-color":"","overlay-opacity":"","overlay-gradient":""},"mobile":{"background-color":"var(--ast-global-color-5)","background-image":"","background-repeat":"repeat","background-position":"center center","background-size":"auto","background-attachment":"scroll","background-type":"","background-media":"","overlay-type":"","overlay-color":"","overlay-opacity":"","overlay-gradient":""}}},"product_brand":[],"product_cat":[48,47,49,430,40],"product_tag":[814,674,202,449,409,457,220,439,438,251,221,437,227,198,186,279,456],"class_list":{"0":"post-5822","1":"product","2":"type-product","3":"status-publish","4":"has-post-thumbnail","6":"product_cat-casual","7":"product_cat-classic","8":"product_cat-loafer","9":"product_cat-men","10":"product_cat-mens-shoes","11":"product_tag-black-leather-loafers","12":"product_tag-bulk-shoes","13":"product_tag-calf-leather","14":"product_tag-casual-shoes","15":"product_tag-chunky-loafers","16":"product_tag-classic-loafers","17":"product_tag-comfortable-loafers","18":"product_tag-durable-shoes","19":"product_tag-eva-sole","20":"product_tag-formal-shoes","21":"product_tag-genuine-leather","22":"product_tag-goat-leather","23":"product_tag-leather-shoes","24":"product_tag-mens-fashion","25":"product_tag-mens-loafers","26":"product_tag-penny-loafers","27":"product_tag-wholesale-loafers","28":"desktop-align-center","29":"tablet-align-center","30":"mobile-align-center","32":"first","33":"instock","34":"shipping-taxable","35":"purchasable","36":"product-type-variable","37":"has-default-attributes"},"acf":[],"uagb_featured_image_src":{"full":["https:\/\/turkishtrade.co\/wp-content\/uploads\/2026\/01\/2400EJOMN00299-BLACK-DKS-7645-2-USD.png",453,250,false],"thumbnail":["https:\/\/turkishtrade.co\/wp-content\/uploads\/2026\/01\/2400EJOMN00299-BLACK-DKS-7645-2-USD-150x150.png",150,150,true],"medium":["https:\/\/turkishtrade.co\/wp-content\/uploads\/2026\/01\/2400EJOMN00299-BLACK-DKS-7645-2-USD-300x166.png",300,166,true],"medium_large":["https:\/\/turkishtrade.co\/wp-content\/uploads\/2026\/01\/2400EJOMN00299-BLACK-DKS-7645-2-USD.png",453,250,false],"large":["https:\/\/turkishtrade.co\/wp-content\/uploads\/2026\/01\/2400EJOMN00299-BLACK-DKS-7645-2-USD.png",453,250,false],"1536x1536":["https:\/\/turkishtrade.co\/wp-content\/uploads\/2026\/01\/2400EJOMN00299-BLACK-DKS-7645-2-USD.png",453,250,false],"2048x2048":["https:\/\/turkishtrade.co\/wp-content\/uploads\/2026\/01\/2400EJOMN00299-BLACK-DKS-7645-2-USD.png",453,250,false],"trp-custom-language-flag":["https:\/\/turkishtrade.co\/wp-content\/uploads\/2026\/01\/2400EJOMN00299-BLACK-DKS-7645-2-USD-18x10.png",18,10,true],"woocommerce_thumbnail":["https:\/\/turkishtrade.co\/wp-content\/uploads\/2026\/01\/2400EJOMN00299-BLACK-DKS-7645-2-USD-400x250.png",400,250,true],"woocommerce_single":["https:\/\/turkishtrade.co\/wp-content\/uploads\/2026\/01\/2400EJOMN00299-BLACK-DKS-7645-2-USD.png",453,250,false],"woocommerce_gallery_thumbnail":["https:\/\/turkishtrade.co\/wp-content\/uploads\/2026\/01\/2400EJOMN00299-BLACK-DKS-7645-2-USD-100x100.png",100,100,true]},"uagb_author_info":{"display_name":"yaser olabi","author_link":"https:\/\/turkishtrade.co\/tr\/author\/"},"uagb_comment_info":0,"uagb_excerpt":"Premium Materials: Expertly crafted with a genuine calf leather exterior and a soft, breathable goat leather interior. Comfort &amp; Durability: Features a lightweight and shock-absorbing EVA sole for all-day wear. Classic Design: Timeless penny loafer style with a modern, comfortable 1-3cm chunky heel lift. Wide Size Range: Available in sizes 39, 40, 41, 42, 43,&hellip;","_links":{"self":[{"href":"https:\/\/turkishtrade.co\/tr\/wp-json\/wp\/v2\/product\/5822","targetHints":{"allow":["GET"]}}],"collection":[{"href":"https:\/\/turkishtrade.co\/tr\/wp-json\/wp\/v2\/product"}],"about":[{"href":"https:\/\/turkishtrade.co\/tr\/wp-json\/wp\/v2\/types\/product"}],"wp:featuredmedia":[{"embeddable":true,"href":"https:\/\/turkishtrade.co\/tr\/wp-json\/wp\/v2\/media\/3897"}],"wp:attachment":[{"href":"https:\/\/turkishtrade.co\/tr\/wp-json\/wp\/v2\/media?parent=5822"}],"wp:term":[{"taxonomy":"product_brand","embeddable":true,"href":"https:\/\/turkishtrade.co\/tr\/wp-json\/wp\/v2\/product_brand?post=5822"},{"taxonomy":"product_cat","embeddable":true,"href":"https:\/\/turkishtrade.co\/tr\/wp-json\/wp\/v2\/product_cat?post=5822"},{"taxonomy":"product_tag","embeddable":true,"href":"https:\/\/turkishtrade.co\/tr\/wp-json\/wp\/v2\/product_tag?post=5822"}],"curies":[{"name":"wp","href":"https:\/\/api.w.org\/{rel}","templated":true}]}}