{"id":5820,"date":"2026-01-14T13:20:08","date_gmt":"2026-01-14T13:20:08","guid":{"rendered":"https:\/\/turkishtrade.co\/product\/mens-brown-leather-shoes\/"},"modified":"2026-04-09T19:23:04","modified_gmt":"2026-04-09T19:23:04","slug":"mens-brown-leather-shoes","status":"publish","type":"product","link":"https:\/\/turkishtrade.co\/tr\/shop\/mens-brown-leather-shoes\/","title":{"rendered":"Erkek Premium Kahverengi Deri G\u00fcnl\u00fck Ayakkab\u0131"},"content":{"rendered":"<p><strong>Erkek Kahverengi Deri Ayakkab\u0131<\/strong><\/p>\n<p>G\u00fcnl\u00fck gard\u0131robunuzu zarif \u00fcr\u00fcnlerimizle y\u00fckseltin <strong>Erkek Premium Kahverengi Deri G\u00fcnl\u00fck Ayakkab\u0131<\/strong>. Hem stil hem de konfora de\u011fer veren se\u00e7ici bireyler i\u00e7in tasarlanan bu ayakkab\u0131lar, \u00fcst\u00fcn i\u015f\u00e7ilik ve kaliteli malzemelerin bir kan\u0131t\u0131d\u0131r. \u0130ster g\u00fcndelik bir i\u015f toplant\u0131s\u0131na gidiyor ister hafta sonu gezintisinin tad\u0131n\u0131 \u00e7\u0131kar\u0131yor olun, bu <strong>erkek kahverengi\u0307 deri\u0307 ayakkabi<\/strong> \u015f\u0131kl\u0131k ve rahat sofistikeli\u011fin m\u00fckemmel bir kar\u0131\u015f\u0131m\u0131n\u0131 sunar.<\/p>\n<p>Zengin kahverengi tonu ve zamans\u0131z tasar\u0131m\u0131yla her erkek ayakkab\u0131 koleksiyonuna \u00e7ok y\u00f6nl\u00fc bir katk\u0131 sa\u011flayan bu ayakkab\u0131lar, her zaman en iyi ad\u0131m\u0131n\u0131z\u0131 \u00f6ne \u00e7\u0131karman\u0131z\u0131 sa\u011flar.<\/p>\n<p><h3>Benzersiz Konfor ve \u00dcst\u00fcn Kaliteli Malzemeler<\/h3>\n<\/p>\n<p>Bu ola\u011fan\u00fcst\u00fc tasar\u0131m\u0131n birinci s\u0131n\u0131f yap\u0131s\u0131 sayesinde her ad\u0131mda l\u00fcks\u00fc ya\u015fay\u0131n <strong>Erkek Kahverengi Deri G\u00fcnl\u00fck Ayakkab\u0131<\/strong>. D\u0131\u015f y\u00fczeyi, yumu\u015fak dokusu, dayan\u0131kl\u0131l\u0131\u011f\u0131 ve zaman i\u00e7inde g\u00fczel bir patine geli\u015ftirme yetene\u011fi ile tan\u0131nan y\u00fcksek kaliteli dana derisinden titizlikle \u00fcretilmi\u015ftir. \u0130\u00e7 k\u0131s\u0131mda ayaklar\u0131n\u0131z, benzersiz nefes alabilirlik ve g\u00fcn boyu s\u00fcren p\u00fcr\u00fczs\u00fcz, rahat bir his sunan ke\u00e7i derisi astar\u0131n esnek kuca\u011f\u0131nda sar\u0131l\u0131r.<\/p>\n<p>Bu \u00f6zenli malzeme kombinasyonu, bu kahverengi deri ayakkab\u0131lar\u0131n sadece \u015f\u0131k de\u011fil, ayn\u0131 zamanda inan\u0131lmaz derecede rahat ve uzun \u00f6m\u00fcrl\u00fc olmas\u0131n\u0131 sa\u011flayarak onlar\u0131 her erkek i\u00e7in ak\u0131ll\u0131ca bir yat\u0131r\u0131m haline getirir.<\/p>\n<p><h3>G\u00fcnl\u00fck Kullan\u0131m i\u00e7in Dayan\u0131kl\u0131 Tasar\u0131m<\/h3>\n<\/p>\n<p>\u00c7arp\u0131c\u0131 esteti\u011finin \u00f6tesinde, bu <strong>Erkek Kahverengi Deri G\u00fcnl\u00fck Ayakkab\u0131<\/strong> kal\u0131c\u0131 performans i\u00e7in \u00fcretilmi\u015ftir. Sa\u011flam EVA taban, hafif esneklik ve m\u00fckemmel \u015fok emilimi sa\u011flayarak \u00e7e\u015fitli y\u00fczeylerde \u00fcst\u00fcn konfor ve denge sunar. 1-3 cm aras\u0131nda rahat bir topuk y\u00fcksekli\u011fine sahip bu ayakkab\u0131lar, klasik \u00e7ekicilik ile modern ergonomik tasar\u0131m aras\u0131nda m\u00fckemmel bir denge kurar.<\/p>\n<p>Sa\u011flam yap\u0131s\u0131, bu kahverengi deri ayakkab\u0131lar\u0131n sofistike g\u00f6r\u00fcn\u00fcm\u00fcn\u00fc korurken g\u00fcnl\u00fck kullan\u0131m\u0131n zorluklar\u0131na dayanaca\u011f\u0131n\u0131 garanti eder. Bu da onlar\u0131 g\u00fcvenilir ve \u015f\u0131k ayakkab\u0131lar arayan \u00e7a\u011fda\u015f erkekler i\u00e7in ideal bir se\u00e7im haline getiriyor.<\/p>\n<p><h3>Her Durum i\u00e7in \u00c7ok Y\u00f6nl\u00fc Stil<\/h3>\n<\/p>\n<p>Bizim <strong>Erkek Premium Kahverengi Deri G\u00fcnl\u00fck Ayakkab\u0131<\/strong> \u00e7ok y\u00f6nl\u00fc modan\u0131n \u00f6z\u00fcd\u00fcr. Klasik ba\u011fc\u0131kl\u0131 tasar\u0131m\u0131 ve zengin kahverengi rengi, \u015f\u0131k g\u00fcnl\u00fck pantolonlar ve chino pantolonlardan daha rahat denimlere kadar \u00e7ok \u00e7e\u015fitli k\u0131yafetler i\u00e7in uygun hale getirir. Resmi e\u011filimli g\u00fcndelik bir tak\u0131mdan rahat bir hafta sonu g\u00f6r\u00fcn\u00fcm\u00fcne sorunsuzca ge\u00e7i\u015f yaparak her zaman kusursuz bir \u015fekilde giyinmenizi sa\u011flar.<\/p>\n<p>Bu y\u00fcksek kaliteli \u00fcr\u00fcnlere yat\u0131r\u0131m yap\u0131n <strong>erkek kahverengi\u0307 deri\u0307 ayakkabi<\/strong> ve onlar\u0131 her durum i\u00e7in h\u0131zl\u0131 bir \u015fekilde tercih edece\u011finiz yeni bir stil ve konfor seviyesini ke\u015ffedin.<\/p>","protected":false},"excerpt":{"rendered":"<ul>\n<li>Sofistike bir \u00e7ekicilik i\u00e7in birinci s\u0131n\u0131f dana derisi d\u0131\u015f y\u00fczeyle ustal\u0131kla \u00fcretilmi\u015ftir.<\/li>\n<li>Ola\u011fan\u00fcst\u00fc konfor ve nefes alabilirlik sa\u011flayan l\u00fcks ke\u00e7i derisi i\u00e7 k\u0131sma sahiptir.<\/li>\n<li>\u00dcst\u00fcn yast\u0131klama ve kavrama i\u00e7in dayan\u0131kl\u0131 ve hafif EVA taban ile donat\u0131lm\u0131\u015ft\u0131r.<\/li>\n<li>Klasik ba\u011fc\u0131kl\u0131 tasar\u0131m, \u00e7e\u015fitli durumlar i\u00e7in \u00e7ok y\u00f6nl\u00fc stil sunar.<\/li>\n<li>39'dan 45'e kadar kapsaml\u0131 bir beden aral\u0131\u011f\u0131nda mevcuttur.<\/li>\n<li>Minimum sipari\u015f miktar\u0131: 8 \u00e7ift.<\/li>\n<\/ul>","protected":false},"featured_media":3896,"template":"","meta":{"_acf_changed":false,"_uag_custom_page_level_css":"","site-sidebar-layout":"default","site-content-layout":"","ast-site-content-layout":"default","site-content-style":"default","site-sidebar-style":"default","ast-global-header-display":"","ast-banner-title-visibility":"","ast-main-header-display":"","ast-hfb-above-header-display":"","ast-hfb-below-header-display":"","ast-hfb-mobile-header-display":"","site-post-title":"","ast-breadcrumbs-content":"","ast-featured-img":"","footer-sml-layout":"","ast-disable-related-posts":"","theme-transparent-header-meta":"","adv-header-id-meta":"","stick-header-meta":"","header-above-stick-meta":"","header-main-stick-meta":"","header-below-stick-meta":"","astra-migrate-meta-layouts":"default","ast-page-background-enabled":"default","ast-page-background-meta":{"desktop":{"background-color":"var(--ast-global-color-4)","background-image":"","background-repeat":"repeat","background-position":"center center","background-size":"auto","background-attachment":"scroll","background-type":"","background-media":"","overlay-type":"","overlay-color":"","overlay-opacity":"","overlay-gradient":""},"tablet":{"background-color":"","background-image":"","background-repeat":"repeat","background-position":"center center","background-size":"auto","background-attachment":"scroll","background-type":"","background-media":"","overlay-type":"","overlay-color":"","overlay-opacity":"","overlay-gradient":""},"mobile":{"background-color":"","background-image":"","background-repeat":"repeat","background-position":"center center","background-size":"auto","background-attachment":"scroll","background-type":"","background-media":"","overlay-type":"","overlay-color":"","overlay-opacity":"","overlay-gradient":""}},"ast-content-background-meta":{"desktop":{"background-color":"var(--ast-global-color-5)","background-image":"","background-repeat":"repeat","background-position":"center center","background-size":"auto","background-attachment":"scroll","background-type":"","background-media":"","overlay-type":"","overlay-color":"","overlay-opacity":"","overlay-gradient":""},"tablet":{"background-color":"var(--ast-global-color-5)","background-image":"","background-repeat":"repeat","background-position":"center center","background-size":"auto","background-attachment":"scroll","background-type":"","background-media":"","overlay-type":"","overlay-color":"","overlay-opacity":"","overlay-gradient":""},"mobile":{"background-color":"var(--ast-global-color-5)","background-image":"","background-repeat":"repeat","background-position":"center center","background-size":"auto","background-attachment":"scroll","background-type":"","background-media":"","overlay-type":"","overlay-color":"","overlay-opacity":"","overlay-gradient":""}}},"product_brand":[],"product_cat":[48,47,49,430,40],"product_tag":[202,449,222,438,459,437,351,807,632,281],"class_list":{"0":"post-5820","1":"product","2":"type-product","3":"status-publish","4":"has-post-thumbnail","6":"product_cat-casual","7":"product_cat-classic","8":"product_cat-loafer","9":"product_cat-men","10":"product_cat-mens-shoes","11":"product_tag-calf-leather","12":"product_tag-casual-shoes","13":"product_tag-comfortable-shoes","14":"product_tag-eva-sole","15":"product_tag-everyday-shoes","16":"product_tag-goat-leather","17":"product_tag-leather-footwear","18":"product_tag-mens-brown-leather-shoes","19":"product_tag-premium-leather-shoes","20":"product_tag-wholesale-shoes","21":"desktop-align-center","22":"tablet-align-center","23":"mobile-align-center","25":"first","26":"instock","27":"shipping-taxable","28":"purchasable","29":"product-type-variable","30":"has-default-attributes"},"acf":[],"uagb_featured_image_src":{"full":["https:\/\/turkishtrade.co\/wp-content\/uploads\/2026\/01\/2400EJOMN00297-DARK-BROWN-Z_76.png",453,250,false],"thumbnail":["https:\/\/turkishtrade.co\/wp-content\/uploads\/2026\/01\/2400EJOMN00297-DARK-BROWN-Z_76-150x150.png",150,150,true],"medium":["https:\/\/turkishtrade.co\/wp-content\/uploads\/2026\/01\/2400EJOMN00297-DARK-BROWN-Z_76-300x166.png",300,166,true],"medium_large":["https:\/\/turkishtrade.co\/wp-content\/uploads\/2026\/01\/2400EJOMN00297-DARK-BROWN-Z_76.png",453,250,false],"large":["https:\/\/turkishtrade.co\/wp-content\/uploads\/2026\/01\/2400EJOMN00297-DARK-BROWN-Z_76.png",453,250,false],"1536x1536":["https:\/\/turkishtrade.co\/wp-content\/uploads\/2026\/01\/2400EJOMN00297-DARK-BROWN-Z_76.png",453,250,false],"2048x2048":["https:\/\/turkishtrade.co\/wp-content\/uploads\/2026\/01\/2400EJOMN00297-DARK-BROWN-Z_76.png",453,250,false],"trp-custom-language-flag":["https:\/\/turkishtrade.co\/wp-content\/uploads\/2026\/01\/2400EJOMN00297-DARK-BROWN-Z_76-18x10.png",18,10,true],"woocommerce_thumbnail":["https:\/\/turkishtrade.co\/wp-content\/uploads\/2026\/01\/2400EJOMN00297-DARK-BROWN-Z_76-400x250.png",400,250,true],"woocommerce_single":["https:\/\/turkishtrade.co\/wp-content\/uploads\/2026\/01\/2400EJOMN00297-DARK-BROWN-Z_76.png",453,250,false],"woocommerce_gallery_thumbnail":["https:\/\/turkishtrade.co\/wp-content\/uploads\/2026\/01\/2400EJOMN00297-DARK-BROWN-Z_76-100x100.png",100,100,true]},"uagb_author_info":{"display_name":"yaser olabi","author_link":"https:\/\/turkishtrade.co\/tr\/author\/"},"uagb_comment_info":0,"uagb_excerpt":"Expertly crafted with a premium calf leather exterior for sophisticated appeal. Features a luxurious goat leather interior, ensuring exceptional comfort and breathability. Equipped with a durable and lightweight EVA sole for superior cushioning and grip. Classic lace-up design, offering versatile styling for various occasions. Available in a comprehensive size range from 39 to 45. Minimum&hellip;","_links":{"self":[{"href":"https:\/\/turkishtrade.co\/tr\/wp-json\/wp\/v2\/product\/5820","targetHints":{"allow":["GET"]}}],"collection":[{"href":"https:\/\/turkishtrade.co\/tr\/wp-json\/wp\/v2\/product"}],"about":[{"href":"https:\/\/turkishtrade.co\/tr\/wp-json\/wp\/v2\/types\/product"}],"wp:featuredmedia":[{"embeddable":true,"href":"https:\/\/turkishtrade.co\/tr\/wp-json\/wp\/v2\/media\/3896"}],"wp:attachment":[{"href":"https:\/\/turkishtrade.co\/tr\/wp-json\/wp\/v2\/media?parent=5820"}],"wp:term":[{"taxonomy":"product_brand","embeddable":true,"href":"https:\/\/turkishtrade.co\/tr\/wp-json\/wp\/v2\/product_brand?post=5820"},{"taxonomy":"product_cat","embeddable":true,"href":"https:\/\/turkishtrade.co\/tr\/wp-json\/wp\/v2\/product_cat?post=5820"},{"taxonomy":"product_tag","embeddable":true,"href":"https:\/\/turkishtrade.co\/tr\/wp-json\/wp\/v2\/product_tag?post=5820"}],"curies":[{"name":"wp","href":"https:\/\/api.w.org\/{rel}","templated":true}]}}