{"id":5818,"date":"2026-01-14T13:19:48","date_gmt":"2026-01-14T13:19:48","guid":{"rendered":"https:\/\/turkishtrade.co\/product\/men-s-leather-derby-shoes\/"},"modified":"2026-04-09T19:23:07","modified_gmt":"2026-04-09T19:23:07","slug":"mens-leather-derby-shoes-13","status":"publish","type":"product","link":"https:\/\/turkishtrade.co\/tr\/shop\/mens-leather-derby-shoes-13\/","title":{"rendered":"EVA Tabanl\u0131 Klasik Siyah Dana Derisi Derby Ayakkab\u0131"},"content":{"rendered":"<p><strong>Erkek Deri Derby Ayakkab\u0131<\/strong><\/p>\n<p>Zamans\u0131z \u015f\u0131kl\u0131\u011fa ve e\u015fsiz konfora ad\u0131m at\u0131n <b>Erkek Deri Derby Ayakkab\u0131<\/b>. Se\u00e7kin beyefendiler i\u00e7in ustal\u0131kla haz\u0131rlanm\u0131\u015f bu birinci s\u0131n\u0131f <b>erkek deri derby ayakkab\u0131<\/b> klasik stili modern i\u015flevsellikle harmanl\u0131yor. \u0130ster yo\u011fun bir i\u015f g\u00fcn\u00fc ge\u00e7iriyor ister rahat bir hafta sonunun tad\u0131n\u0131 \u00e7\u0131kar\u0131yor olun <b>erkek deri derby ayakkab\u0131<\/b> \u00fcst\u00fcn konfor ve sofistike bir \u00e7ekicilik sa\u011flamak \u00fczere tasarlanm\u0131\u015ft\u0131r.<\/p>\n<p><h3>Benzersiz \u0130\u015f\u00e7ilik ve \u00dcst\u00fcn Kaliteli Malzemeler<\/h3>\n<\/p>\n<p>Bu zarif \u00e7iftlerin her biri <b>erkek deri derby ayakkab\u0131<\/b> kaliteli i\u015f\u00e7ili\u011fin bir kan\u0131t\u0131d\u0131r. D\u0131\u015f y\u00fczey, p\u00fcr\u00fczs\u00fcz dokusu ve uzun \u00f6m\u00fcrl\u00fc esnekli\u011fiyle bilinen zengin, dayan\u0131kl\u0131 dana derisinden titizlikle \u00fcretilmi\u015ftir. Bu birinci s\u0131n\u0131f dana derisi, ayakkab\u0131n\u0131z\u0131n <b>erkek deri derby ayakkab\u0131<\/b> sadece m\u00fckemmel g\u00f6r\u00fcnmekle kalmaz, ayn\u0131 zamanda g\u00fcnl\u00fck kullan\u0131m\u0131n zorluklar\u0131na da dayan\u0131r ve zaman i\u00e7inde benzersiz bir patina geli\u015ftirir.<\/p>\n<p>\u0130\u00e7 k\u0131s\u0131mda ayaklar\u0131n\u0131z, giydi\u011finiz andan itibaren ola\u011fan\u00fcst\u00fc nefes alabilirlik ve rahatl\u0131k sunan hakiki ke\u00e7i derisi astar\u0131n l\u00fcks yumu\u015fakl\u0131\u011f\u0131yla sarmalanacak. Bu \u00f6zenli malzeme kombinasyonu, rahat ve tahri\u015fsiz bir deneyim sa\u011flayarak bu ayakkab\u0131lar\u0131 <b>erkek deri derby ayakkab\u0131<\/b> G\u00fcn boyu giymek bir zevk.<\/p>\n<p><h3>T\u00fcm G\u00fcn Konfor ve Stil i\u00e7in Tasarland\u0131<\/h3>\n<\/p>\n<p>Tasar\u0131m felsefemizde konfor her \u015feyden \u00f6nemlidir. Bunlar <b>erkek deri derby ayakkab\u0131<\/b> hafif ama sa\u011flam EVA tabana sahiptir ve her ad\u0131mda m\u00fckemmel yast\u0131klama ve \u015fok emilimi sa\u011flar. 1-3 cm topuk y\u00fcksekli\u011fi, klasik loafer g\u00fcndelik esteti\u011fini m\u00fckemmel bir \u015fekilde tamamlayarak dengeden \u00f6d\u00fcn vermeden ince bir y\u00fckselme sunar.<\/p>\n<p>Ergonomik tasar\u0131m do\u011fal ayak hareketini destekleyerek bu <b>erkek deri derby ayakkab\u0131<\/b> Uzun s\u00fcre ayakta durmak veya y\u00fcr\u00fcmek i\u00e7in idealdir. \u00c7ok y\u00f6nl\u00fc siyah y\u00fczeyi, keskin i\u015f k\u0131yafetlerinden daha rahat hafta sonu kombinlerine kadar \u00e7e\u015fitli k\u0131yafetlerle zahmetsizce e\u015fle\u015fmesini sa\u011flar ve her gard\u0131robun vazge\u00e7ilmez bir eklentisi haline getirir.<\/p>\n<p><h3>Toptan Sat\u0131\u015f F\u0131rsatlar\u0131 ve Boyutland\u0131rma<\/h3>\n<\/p>\n<p>\u0130\u015f ortaklar\u0131m\u0131z\u0131n ihtiya\u00e7lar\u0131n\u0131 anl\u0131yoruz. Bu zarif <b>erkek deri derby ayakkab\u0131<\/b> minimum 8 \u00e7ift sipari\u015f miktar\u0131 ile toptan sat\u0131n al\u0131nabilir. Geni\u015f bir m\u00fc\u015fteri kitlesine hitap edebilmenizi sa\u011flamak i\u00e7in AB 39'dan 45'e kadar kapsaml\u0131 bir beden aral\u0131\u011f\u0131 sunuyoruz.<\/p>\n<p>Etkin teslimat s\u00fcrecimiz, sipari\u015finizin 12 g\u00fcn art\u0131 nakliye s\u00fcresi i\u00e7inde g\u00f6nderilece\u011fi ve zaman\u0131nda stok yenilemesine izin verilece\u011fi anlam\u0131na gelir. Bu y\u00fcksek kaliteli \u00fcr\u00fcnlere yat\u0131r\u0131m yap\u0131n <b>erkek deri derby ayakkab\u0131<\/b> ve m\u00fc\u015fterilerinize stil, konfor ve dayan\u0131kl\u0131l\u0131\u011f\u0131 \u00f6rnekleyen bir \u00fcr\u00fcn sunun. Etkilemek ve uzun \u00f6m\u00fcrl\u00fc olmak i\u00e7in tasarlanm\u0131\u015f ayakkab\u0131larla ger\u00e7ek i\u015f\u00e7ili\u011fin yaratt\u0131\u011f\u0131 fark\u0131 ya\u015fay\u0131n.<\/p>","protected":false},"excerpt":{"rendered":"<ul>\n<li>\u00dcst\u00fcn dayan\u0131kl\u0131l\u0131k ve stil i\u00e7in Premium Dana Derisi Saya.<\/li>\n<li>Yumu\u015fak Ke\u00e7i Derisi Astar nefes alabilir, g\u00fcn boyu konfor sa\u011flar.<\/li>\n<li>Hafif EVA Taban m\u00fckemmel yast\u0131klama ve \u015fok emilimi sa\u011flar.<\/li>\n<li>1-3 cm rahat topuk y\u00fcksekli\u011fine sahip klasik Derby stili.<\/li>\n<li>\u00c7ok \u00e7e\u015fitli AB Bedenlerinde mevcuttur: 39, 40, 41, 42, 43, 44, 45.<\/li>\n<li>Toptan Sat\u0131\u015f F\u0131rsat\u0131: Minimum Sipari\u015f Miktar\u0131 8 \u00c7ift.<\/li>\n<\/ul>","protected":false},"featured_media":3895,"template":"","meta":{"_acf_changed":false,"_uag_custom_page_level_css":"","site-sidebar-layout":"default","site-content-layout":"","ast-site-content-layout":"default","site-content-style":"default","site-sidebar-style":"default","ast-global-header-display":"","ast-banner-title-visibility":"","ast-main-header-display":"","ast-hfb-above-header-display":"","ast-hfb-below-header-display":"","ast-hfb-mobile-header-display":"","site-post-title":"","ast-breadcrumbs-content":"","ast-featured-img":"","footer-sml-layout":"","ast-disable-related-posts":"","theme-transparent-header-meta":"","adv-header-id-meta":"","stick-header-meta":"","header-above-stick-meta":"","header-main-stick-meta":"","header-below-stick-meta":"","astra-migrate-meta-layouts":"default","ast-page-background-enabled":"default","ast-page-background-meta":{"desktop":{"background-color":"var(--ast-global-color-4)","background-image":"","background-repeat":"repeat","background-position":"center center","background-size":"auto","background-attachment":"scroll","background-type":"","background-media":"","overlay-type":"","overlay-color":"","overlay-opacity":"","overlay-gradient":""},"tablet":{"background-color":"","background-image":"","background-repeat":"repeat","background-position":"center center","background-size":"auto","background-attachment":"scroll","background-type":"","background-media":"","overlay-type":"","overlay-color":"","overlay-opacity":"","overlay-gradient":""},"mobile":{"background-color":"","background-image":"","background-repeat":"repeat","background-position":"center center","background-size":"auto","background-attachment":"scroll","background-type":"","background-media":"","overlay-type":"","overlay-color":"","overlay-opacity":"","overlay-gradient":""}},"ast-content-background-meta":{"desktop":{"background-color":"var(--ast-global-color-5)","background-image":"","background-repeat":"repeat","background-position":"center center","background-size":"auto","background-attachment":"scroll","background-type":"","background-media":"","overlay-type":"","overlay-color":"","overlay-opacity":"","overlay-gradient":""},"tablet":{"background-color":"var(--ast-global-color-5)","background-image":"","background-repeat":"repeat","background-position":"center center","background-size":"auto","background-attachment":"scroll","background-type":"","background-media":"","overlay-type":"","overlay-color":"","overlay-opacity":"","overlay-gradient":""},"mobile":{"background-color":"var(--ast-global-color-5)","background-image":"","background-repeat":"repeat","background-position":"center center","background-size":"auto","background-attachment":"scroll","background-type":"","background-media":"","overlay-type":"","overlay-color":"","overlay-opacity":"","overlay-gradient":""}}},"product_brand":[],"product_cat":[48,47,49,430,40],"product_tag":[605,200,202,449,551,222,212,438,437,227,198,632,281],"class_list":{"0":"post-5818","1":"product","2":"type-product","3":"status-publish","4":"has-post-thumbnail","6":"product_cat-casual","7":"product_cat-classic","8":"product_cat-loafer","9":"product_cat-men","10":"product_cat-mens-shoes","11":"product_tag-black-shoes","12":"product_tag-business-casual","13":"product_tag-calf-leather","14":"product_tag-casual-shoes","15":"product_tag-classic-style","16":"product_tag-comfortable-shoes","17":"product_tag-derby-shoes","18":"product_tag-eva-sole","19":"product_tag-goat-leather","20":"product_tag-leather-shoes","21":"product_tag-mens-fashion","22":"product_tag-premium-leather-shoes","23":"product_tag-wholesale-shoes","24":"desktop-align-center","25":"tablet-align-center","26":"mobile-align-center","28":"first","29":"instock","30":"shipping-taxable","31":"purchasable","32":"product-type-variable","33":"has-default-attributes"},"acf":[],"uagb_featured_image_src":{"full":["https:\/\/turkishtrade.co\/wp-content\/uploads\/2026\/01\/2400EJOMN00296-BLACK-X_082_14-USD.png",453,250,false],"thumbnail":["https:\/\/turkishtrade.co\/wp-content\/uploads\/2026\/01\/2400EJOMN00296-BLACK-X_082_14-USD.png",150,83,false],"medium":["https:\/\/turkishtrade.co\/wp-content\/uploads\/2026\/01\/2400EJOMN00296-BLACK-X_082_14-USD.png",300,166,false],"medium_large":["https:\/\/turkishtrade.co\/wp-content\/uploads\/2026\/01\/2400EJOMN00296-BLACK-X_082_14-USD.png",453,250,false],"large":["https:\/\/turkishtrade.co\/wp-content\/uploads\/2026\/01\/2400EJOMN00296-BLACK-X_082_14-USD.png",453,250,false],"1536x1536":["https:\/\/turkishtrade.co\/wp-content\/uploads\/2026\/01\/2400EJOMN00296-BLACK-X_082_14-USD.png",453,250,false],"2048x2048":["https:\/\/turkishtrade.co\/wp-content\/uploads\/2026\/01\/2400EJOMN00296-BLACK-X_082_14-USD.png",453,250,false],"trp-custom-language-flag":["https:\/\/turkishtrade.co\/wp-content\/uploads\/2026\/01\/2400EJOMN00296-BLACK-X_082_14-USD.png",18,10,false],"woocommerce_thumbnail":["https:\/\/turkishtrade.co\/wp-content\/uploads\/2026\/01\/2400EJOMN00296-BLACK-X_082_14-USD-400x250.png",400,250,true],"woocommerce_single":["https:\/\/turkishtrade.co\/wp-content\/uploads\/2026\/01\/2400EJOMN00296-BLACK-X_082_14-USD.png",453,250,false],"woocommerce_gallery_thumbnail":["https:\/\/turkishtrade.co\/wp-content\/uploads\/2026\/01\/2400EJOMN00296-BLACK-X_082_14-USD-100x100.png",100,100,true]},"uagb_author_info":{"display_name":"yaser olabi","author_link":"https:\/\/turkishtrade.co\/tr\/author\/"},"uagb_comment_info":0,"uagb_excerpt":"Premium Calf Leather Upper for superior durability and style. Soft Goat Leather Lining ensures breathable, all-day comfort. Lightweight EVA Sole provides excellent cushioning and shock absorption. Classic Derby style with a comfortable 1-3 cm heel height. Available in a wide range of EU Sizes: 39, 40, 41, 42, 43, 44, 45. Wholesale Opportunity: Minimum Order&hellip;","_links":{"self":[{"href":"https:\/\/turkishtrade.co\/tr\/wp-json\/wp\/v2\/product\/5818","targetHints":{"allow":["GET"]}}],"collection":[{"href":"https:\/\/turkishtrade.co\/tr\/wp-json\/wp\/v2\/product"}],"about":[{"href":"https:\/\/turkishtrade.co\/tr\/wp-json\/wp\/v2\/types\/product"}],"wp:featuredmedia":[{"embeddable":true,"href":"https:\/\/turkishtrade.co\/tr\/wp-json\/wp\/v2\/media\/3895"}],"wp:attachment":[{"href":"https:\/\/turkishtrade.co\/tr\/wp-json\/wp\/v2\/media?parent=5818"}],"wp:term":[{"taxonomy":"product_brand","embeddable":true,"href":"https:\/\/turkishtrade.co\/tr\/wp-json\/wp\/v2\/product_brand?post=5818"},{"taxonomy":"product_cat","embeddable":true,"href":"https:\/\/turkishtrade.co\/tr\/wp-json\/wp\/v2\/product_cat?post=5818"},{"taxonomy":"product_tag","embeddable":true,"href":"https:\/\/turkishtrade.co\/tr\/wp-json\/wp\/v2\/product_tag?post=5818"}],"curies":[{"name":"wp","href":"https:\/\/api.w.org\/{rel}","templated":true}]}}