{"id":5807,"date":"2026-01-14T13:18:06","date_gmt":"2026-01-14T13:18:06","guid":{"rendered":"https:\/\/turkishtrade.co\/product\/mens-crocodile-embossed-loafers-3\/"},"modified":"2026-04-09T19:23:25","modified_gmt":"2026-04-09T19:23:25","slug":"mens-crocodile-embossed-loafers-3","status":"publish","type":"product","link":"https:\/\/turkishtrade.co\/tr\/shop\/mens-crocodile-embossed-loafers-3\/","title":{"rendered":"L\u00fcks Erkek Timsah Kabartmal\u0131 Dana Derisi Loafer"},"content":{"rendered":"<p><strong>Erkek Timsah Kabartmal\u0131 Loafer<\/strong><\/p>\n<p>Enfes \u00fcr\u00fcnlerimizle benzersiz bir sofistike ortama ad\u0131m at\u0131n <strong>Erkek Timsah Kabartmal\u0131 Loafer<\/strong>. Bu l\u00fcks ayakkab\u0131lar, hem stil hem de konfora \u00f6nem veren se\u00e7ici beyefendiler i\u00e7in tasarlanm\u0131\u015ft\u0131r. En iyi malzemelerden titizlikle \u00fcretilen bu mokasen ayakkab\u0131lar, hem g\u00fcndelik hem de yar\u0131 resmi k\u0131yafetlerle kusursuz bir uyum sa\u011flayan zamans\u0131z bir \u00e7ekicili\u011fe sahiptir ve her \u00fcst d\u00fczey ayakkab\u0131 koleksiyonunun vazge\u00e7ilmez bir par\u00e7as\u0131d\u0131r. Bunlar sadece ayakkab\u0131 de\u011fil; rafine bir zevkin ifadesidir.<\/p>\n<p>Bu birinci s\u0131n\u0131f\u0131n d\u0131\u015f y\u00fczeyi <strong>Erkek Timsah Kabartmal\u0131 Loafer<\/strong> timsah derisinin kendine \u00f6zg\u00fc dokusunu taklit etmek i\u00e7in ustal\u0131kla i\u015flenmi\u015f ve kabart\u0131lm\u0131\u015f hakiki dana derisine sahiptir. Bu karma\u015f\u0131k detaylar sadece g\u00f6rsel olarak \u00e7arp\u0131c\u0131 bir y\u00fczey sa\u011flamakla kalmaz, ayn\u0131 zamanda her bir \u00e7ift i\u00e7in dayan\u0131kl\u0131l\u0131k ve benzersiz bir karakter sa\u011flar. <strong>Erkek Timsah Kabartmal\u0131 Loafer<\/strong>. Her bir tasar\u0131ma giren titiz i\u015f\u00e7ilikten gurur duyuyoruz.<\/p>\n<p>Sa\u011flam d\u0131\u015f y\u00fczeyi tamamlayan i\u00e7 k\u0131s\u0131m, esnek ke\u00e7i derisiyle astarlanm\u0131\u015ft\u0131r ve g\u00fcn boyunca ayaklar\u0131n\u0131z i\u00e7in inan\u0131lmaz derecede yumu\u015fak ve nefes alabilen bir ortam sunar. Y\u00fcksek kaliteli derilerin bu kombinasyonu, ayakkab\u0131m\u0131zla att\u0131\u011f\u0131n\u0131z her ad\u0131mda kal\u0131c\u0131 konforu ve l\u00fcks hissi garanti eder. <strong>Erkek Timsah Kabartmal\u0131 Loafer<\/strong>.<\/p>\n<p><h3>E\u015fsiz Konfor ve Tarz\u0131 Deneyimleyin<\/h3>\n<\/p>\n<p>Geli\u015fmi\u015f EVA taban sayesinde ola\u011fan\u00fcst\u00fc destek ve hafif esneklik deneyimi ya\u015fay\u0131n. Bu modern malzeme m\u00fckemmel \u015fok emilimi sa\u011flar ve rahat bir y\u00fcr\u00fcy\u00fc\u015f sa\u011flar. <strong>Erkek Timsah Kabartmal\u0131 Loafer<\/strong> uzun s\u00fcreli kullan\u0131m i\u00e7in m\u00fckemmel. 1-3 cm aras\u0131nda de\u011fi\u015fen klasik topuk y\u00fcksekli\u011fine sahip bu ayakkab\u0131lar, geleneksel \u015f\u0131kl\u0131k ve \u00e7a\u011fda\u015f konfor aras\u0131nda m\u00fckemmel bir denge kurar.<\/p>\n<p>\u0130ster \u015fehir sokaklar\u0131nda geziniyor ister \u00f6zel bir etkinli\u011fe kat\u0131l\u0131yor olun, bu tabanlar\u0131n sa\u011flad\u0131\u011f\u0131 denge ve rahatl\u0131\u011f\u0131 takdir edeceksiniz. <strong>Erkek Timsah Kabartmal\u0131 Loafer<\/strong>.<\/p>\n<p>Koleksiyonumuz <strong>Erkek Timsah Kabartmal\u0131 Loafer<\/strong> ayakkab\u0131dan \u00e7ok daha fazlas\u0131d\u0131r; rafine bir zevkin ve kusursuz bir kalitenin ifadesidir. 39'dan 45'e kadar zengin bir beden yelpazesinde ve derin, zarif bir mavi ve s\u0131cak, sofistike bir kahverengi gibi \u00e7arp\u0131c\u0131 y\u00fczeylerde mevcut olan bu ayakkab\u0131lar\u0131n her gard\u0131robu tamamlayacak m\u00fckemmel bir \u00e7ifti vard\u0131r.<\/p>\n<p>Bu l\u00fcks mokasen ayakkab\u0131lar\u0131n \u00e7ok y\u00f6nl\u00fcl\u00fc\u011f\u00fcn\u00fc benimseyin, i\u015f ortam\u0131ndan ak\u015fam sosyal toplant\u0131lar\u0131na zahmetsizce ge\u00e7i\u015f yap\u0131n ve bu kaliteli ayakkab\u0131larla her zaman kal\u0131c\u0131 bir izlenim b\u0131rak\u0131n <strong>Erkek Timsah Kabartmal\u0131 Loafer<\/strong>.<\/p>\n<p><h3>Toplu Sipari\u015fler ve Kalite G\u00fcvencesi<\/h3>\n<\/p>\n<p>Perakendeciler ve i\u015fletmeler i\u00e7in, yaln\u0131zca 8 \u00e7iftlik minimum sipari\u015f miktar\u0131yla rekabet\u00e7i toplu fiyatland\u0131rma sunuyoruz. Standart teslimat s\u00fcresi 12 g\u00fcn art\u0131 nakliye ile bu talep g\u00f6ren l\u00fcks \u00fcr\u00fcnleri h\u0131zl\u0131 bir \u015fekilde stoklayabilirsiniz. Ayr\u0131nt\u0131l\u0131 fiyat bilgisi i\u00e7in l\u00fctfen fiyat listemize bak\u0131n veya do\u011frudan sat\u0131\u015f ekibimizle ileti\u015fime ge\u00e7in. En iyi i\u015f\u00e7ili\u011fe yat\u0131r\u0131m yap\u0131n ve koleksiyonunuzu bu ay\u0131rt edici \u00fcr\u00fcnlerle y\u00fckseltin <strong>Erkek Timsah Kabartmal\u0131 Loafer<\/strong>.<\/p>","protected":false},"excerpt":{"rendered":"<ul>\n<li>Premium Dana Derisi D\u0131\u015f Y\u00fczey (Timsah Kabartmal\u0131 Doku)<\/li>\n<li>Yumu\u015fak, Nefes Alabilen Ke\u00e7i Derisi \u0130\u00e7 Astar<\/li>\n<li>Konfor i\u00e7in Dayan\u0131kl\u0131 ve Hafif EVA Taban<\/li>\n<li>Zarif Ad\u0131mlar i\u00e7in Klasik 1-3cm Topuk Y\u00fcksekli\u011fi<\/li>\n<li>Geni\u015f Bir Beden Yelpazesinde Mevcuttur: 39-45<\/li>\n<li>Minimum Sipari\u015f Miktar\u0131: 8 \u00c7ift (Toplu Bulunabilirlik)<\/li>\n<li>Sofistike Mavi ve S\u0131cak Kahverengi Renklerde mevcuttur<\/li>\n<\/ul>","protected":false},"featured_media":3889,"template":"","meta":{"_acf_changed":false,"_uag_custom_page_level_css":"","site-sidebar-layout":"default","site-content-layout":"","ast-site-content-layout":"default","site-content-style":"default","site-sidebar-style":"default","ast-global-header-display":"","ast-banner-title-visibility":"","ast-main-header-display":"","ast-hfb-above-header-display":"","ast-hfb-below-header-display":"","ast-hfb-mobile-header-display":"","site-post-title":"","ast-breadcrumbs-content":"","ast-featured-img":"","footer-sml-layout":"","ast-disable-related-posts":"","theme-transparent-header-meta":"","adv-header-id-meta":"","stick-header-meta":"","header-above-stick-meta":"","header-main-stick-meta":"","header-below-stick-meta":"","astra-migrate-meta-layouts":"default","ast-page-background-enabled":"default","ast-page-background-meta":{"desktop":{"background-color":"var(--ast-global-color-4)","background-image":"","background-repeat":"repeat","background-position":"center center","background-size":"auto","background-attachment":"scroll","background-type":"","background-media":"","overlay-type":"","overlay-color":"","overlay-opacity":"","overlay-gradient":""},"tablet":{"background-color":"","background-image":"","background-repeat":"repeat","background-position":"center center","background-size":"auto","background-attachment":"scroll","background-type":"","background-media":"","overlay-type":"","overlay-color":"","overlay-opacity":"","overlay-gradient":""},"mobile":{"background-color":"","background-image":"","background-repeat":"repeat","background-position":"center center","background-size":"auto","background-attachment":"scroll","background-type":"","background-media":"","overlay-type":"","overlay-color":"","overlay-opacity":"","overlay-gradient":""}},"ast-content-background-meta":{"desktop":{"background-color":"var(--ast-global-color-5)","background-image":"","background-repeat":"repeat","background-position":"center center","background-size":"auto","background-attachment":"scroll","background-type":"","background-media":"","overlay-type":"","overlay-color":"","overlay-opacity":"","overlay-gradient":""},"tablet":{"background-color":"var(--ast-global-color-5)","background-image":"","background-repeat":"repeat","background-position":"center center","background-size":"auto","background-attachment":"scroll","background-type":"","background-media":"","overlay-type":"","overlay-color":"","overlay-opacity":"","overlay-gradient":""},"mobile":{"background-color":"var(--ast-global-color-5)","background-image":"","background-repeat":"repeat","background-position":"center center","background-size":"auto","background-attachment":"scroll","background-type":"","background-media":"","overlay-type":"","overlay-color":"","overlay-opacity":"","overlay-gradient":""}}},"product_brand":[],"product_cat":[48,47,49,430,40],"product_tag":[635,147,1057,185,449,457,534,438,189,450,378,324,186,632],"class_list":{"0":"post-5807","1":"product","2":"type-product","3":"status-publish","4":"has-post-thumbnail","6":"product_cat-casual","7":"product_cat-classic","8":"product_cat-loafer","9":"product_cat-men","10":"product_cat-mens-shoes","11":"product_tag-blue-loafers","12":"product_tag-brown-loafers","13":"product_tag-business-casual-footwear","14":"product_tag-calf-leather-shoes","15":"product_tag-casual-shoes","16":"product_tag-classic-loafers","17":"product_tag-crocodile-embossed-shoes","18":"product_tag-eva-sole","19":"product_tag-goat-leather-lining","20":"product_tag-handcrafted-shoes","21":"product_tag-luxury-mens-footwear","22":"product_tag-mens-dress-shoes","23":"product_tag-mens-loafers","24":"product_tag-premium-leather-shoes","25":"desktop-align-center","26":"tablet-align-center","27":"mobile-align-center","29":"first","30":"instock","31":"shipping-taxable","32":"purchasable","33":"product-type-variable","34":"has-default-attributes"},"acf":[],"uagb_featured_image_src":{"full":["https:\/\/turkishtrade.co\/wp-content\/uploads\/2026\/01\/2400EJOMN00290-DARK-BROWN-X_1351-1-usd.png",453,250,false],"thumbnail":["https:\/\/turkishtrade.co\/wp-content\/uploads\/2026\/01\/2400EJOMN00290-DARK-BROWN-X_1351-1-usd-150x150.png",150,150,true],"medium":["https:\/\/turkishtrade.co\/wp-content\/uploads\/2026\/01\/2400EJOMN00290-DARK-BROWN-X_1351-1-usd-300x166.png",300,166,true],"medium_large":["https:\/\/turkishtrade.co\/wp-content\/uploads\/2026\/01\/2400EJOMN00290-DARK-BROWN-X_1351-1-usd.png",453,250,false],"large":["https:\/\/turkishtrade.co\/wp-content\/uploads\/2026\/01\/2400EJOMN00290-DARK-BROWN-X_1351-1-usd.png",453,250,false],"1536x1536":["https:\/\/turkishtrade.co\/wp-content\/uploads\/2026\/01\/2400EJOMN00290-DARK-BROWN-X_1351-1-usd.png",453,250,false],"2048x2048":["https:\/\/turkishtrade.co\/wp-content\/uploads\/2026\/01\/2400EJOMN00290-DARK-BROWN-X_1351-1-usd.png",453,250,false],"trp-custom-language-flag":["https:\/\/turkishtrade.co\/wp-content\/uploads\/2026\/01\/2400EJOMN00290-DARK-BROWN-X_1351-1-usd-18x10.png",18,10,true],"woocommerce_thumbnail":["https:\/\/turkishtrade.co\/wp-content\/uploads\/2026\/01\/2400EJOMN00290-DARK-BROWN-X_1351-1-usd-400x250.png",400,250,true],"woocommerce_single":["https:\/\/turkishtrade.co\/wp-content\/uploads\/2026\/01\/2400EJOMN00290-DARK-BROWN-X_1351-1-usd.png",453,250,false],"woocommerce_gallery_thumbnail":["https:\/\/turkishtrade.co\/wp-content\/uploads\/2026\/01\/2400EJOMN00290-DARK-BROWN-X_1351-1-usd-100x100.png",100,100,true]},"uagb_author_info":{"display_name":"yaser olabi","author_link":"https:\/\/turkishtrade.co\/tr\/author\/"},"uagb_comment_info":0,"uagb_excerpt":"Premium Calf Leather Outer (Crocodile Embossed Texture) Soft, Breathable Goat Leather Inner Lining Durable and Lightweight EVA Sole for Comfort Classic 1-3cm Heel Height for Elegant Stride Available in a Wide Range of Sizes: 39-45 Minimum Order Quantity: 8 Pairs (Bulk Availability) Available in Sophisticated Blue and Warm Brown Finishes","_links":{"self":[{"href":"https:\/\/turkishtrade.co\/tr\/wp-json\/wp\/v2\/product\/5807","targetHints":{"allow":["GET"]}}],"collection":[{"href":"https:\/\/turkishtrade.co\/tr\/wp-json\/wp\/v2\/product"}],"about":[{"href":"https:\/\/turkishtrade.co\/tr\/wp-json\/wp\/v2\/types\/product"}],"wp:featuredmedia":[{"embeddable":true,"href":"https:\/\/turkishtrade.co\/tr\/wp-json\/wp\/v2\/media\/3889"}],"wp:attachment":[{"href":"https:\/\/turkishtrade.co\/tr\/wp-json\/wp\/v2\/media?parent=5807"}],"wp:term":[{"taxonomy":"product_brand","embeddable":true,"href":"https:\/\/turkishtrade.co\/tr\/wp-json\/wp\/v2\/product_brand?post=5807"},{"taxonomy":"product_cat","embeddable":true,"href":"https:\/\/turkishtrade.co\/tr\/wp-json\/wp\/v2\/product_cat?post=5807"},{"taxonomy":"product_tag","embeddable":true,"href":"https:\/\/turkishtrade.co\/tr\/wp-json\/wp\/v2\/product_tag?post=5807"}],"curies":[{"name":"wp","href":"https:\/\/api.w.org\/{rel}","templated":true}]}}