{"id":5803,"date":"2026-01-14T13:17:37","date_gmt":"2026-01-14T13:17:37","guid":{"rendered":"https:\/\/turkishtrade.co\/product\/mens-leather-tassel-loafers-4\/"},"modified":"2026-04-09T19:23:32","modified_gmt":"2026-04-09T19:23:32","slug":"mens-leather-tassel-loafers-4","status":"publish","type":"product","link":"https:\/\/turkishtrade.co\/tr\/shop\/mens-leather-tassel-loafers-4\/","title":{"rendered":"Klasik Erkek Dana Derisi P\u00fcsk\u00fcll\u00fc Loafer"},"content":{"rendered":"<p><strong>Erkek Deri P\u00fcsk\u00fcll\u00fc Loafer<\/strong><\/p>\n<p>Enfes tasar\u0131m\u0131m\u0131zla zamans\u0131z \u015f\u0131kl\u0131\u011fa ad\u0131m at\u0131n <b>Erkek Deri P\u00fcsk\u00fcll\u00fc Loafer<\/b>. Se\u00e7kin beyefendiler i\u00e7in titizlikle tasarlanan bu mokasen ayakkab\u0131lar, klasik stili modern konforla zahmetsizce harmanl\u0131yor. En iyi malzemelerden \u00fcretilen bu birinci s\u0131n\u0131f <b>erkek deri\u0307 p\u00fcsk\u00fcll\u00fc mokasen<\/b> hem resmi hem de g\u00fcndelik ortamlar i\u00e7in \u00e7ok y\u00f6nl\u00fcl\u00fck sunan sofistike bir gard\u0131rop i\u00e7in vazge\u00e7ilmez bir ektir. Ayakkab\u0131lar\u0131m\u0131z\u0131 di\u011ferlerinden ay\u0131ran \u00fcst\u00fcn i\u015f\u00e7ili\u011fi deneyimleyin.<\/p>\n<p><h3>Rakipsiz Kalite ve Konfor<\/h3>\n<\/p>\n<p>Bu ola\u011fan\u00fcst\u00fc binan\u0131n d\u0131\u015f cephesi <b>erkek deri\u0307 p\u00fcsk\u00fcll\u00fc mokasen<\/b> dayan\u0131kl\u0131l\u0131\u011f\u0131 ve l\u00fcks hissiyle tan\u0131nan esnek dana derisine sahiptir. \u0130\u00e7 k\u0131s\u0131mda, ayaklar\u0131n\u0131z g\u00fcn boyunca nefes alabilirlik ve benzersiz konfor sa\u011flayan hakiki ke\u00e7i derisi astar\u0131n yumu\u015fak kuca\u011f\u0131yla sar\u0131lacak. \u00d6zenle tasarlanm\u0131\u015f EVA taban hafif yast\u0131klama ve m\u00fckemmel tutu\u015f sa\u011flarken, hafif bir y\u00fckseklik sunarken klasik loafer sil\u00fcetini koruyan 1-3 cm'lik ince bir topukla tamamlan\u0131r.<\/p>\n<p>Birinci s\u0131n\u0131f malzemelerden olu\u015fan bu kombinasyon, her bir \u00e7iftin <b>erkek deri\u0307 p\u00fcsk\u00fcll\u00fc mokasen<\/b> uzun s\u00fcre dayanacak \u015fekilde \u00fcretilmi\u015ftir ve ola\u011fan\u00fcst\u00fc bir kullan\u0131m deneyimi sa\u011flar.<\/p>\n<p><h3>Her Durum i\u00e7in \u00c7ok Y\u00f6nl\u00fc Stil<\/h3>\n<\/p>\n<p>\u0130ster bir i\u015f toplant\u0131s\u0131na, ister g\u00fcndelik bir brunch'a ya da \u00f6zel bir ak\u015fam etkinli\u011fine gidiyor olun <b>erkek deri\u0307 p\u00fcsk\u00fcll\u00fc mokasen<\/b> m\u00fckemmel bir \u015f\u0131kl\u0131k se\u00e7imi sunuyor. \u0130konik p\u00fcsk\u00fcl detay\u0131, rafine bir sofistike dokunu\u015f katarak bu slip-on ayakkab\u0131lar\u0131 ger\u00e7ek bir ifade par\u00e7as\u0131 haline getirir. Derin Siyah, zengin Mavi ve zarif Kahverengi gibi bir dizi klasik renkte mevcut olup, ki\u015fisel tarz\u0131n\u0131z\u0131 tamamlayacak m\u00fckemmel tonu se\u00e7ebilirsiniz.<\/p>\n<p>Bunlar <b>erkek deri\u0307 p\u00fcsk\u00fcll\u00fc mokasen<\/b> sadece ayakkab\u0131 de\u011fildir; kaliteye ve kal\u0131c\u0131 modaya yap\u0131lan bir yat\u0131r\u0131md\u0131r.<\/p>\n<p><h3>Toptan Bulunabilirlik ve G\u00fcvenilir Teslimat<\/h3>\n<\/p>\n<p>Bu y\u00fcksek kaliteli \u00fcr\u00fcnleri sunuyoruz <b>erkek deri\u0307 p\u00fcsk\u00fcll\u00fc mokasen<\/b> 39'dan 45'e kadar kapsaml\u0131 bir Avrupa beden yelpazesinde, \u00e7ok \u00e7e\u015fitli ayaklar i\u00e7in m\u00fckemmel bir uyum sa\u011flar. \u00dcst\u00fcn kaliteli ayakkab\u0131 stoklamak isteyen perakendeciler ve i\u015fletmeler i\u00e7in, minimum 8 \u00e7ift sipari\u015f miktar\u0131yla cazip toptan sat\u0131\u015f se\u00e7enekleri sunuyoruz. Verimli \u00fcretim ve teslimat s\u00fcrecimiz, tahmini teslim s\u00fcresi 12 g\u00fcn art\u0131 nakliye ile sipari\u015finizin derhal ula\u015fmas\u0131n\u0131 sa\u011flar.<\/p>\n<p>Ayakkab\u0131 koleksiyonunuzu birinci s\u0131n\u0131f \u00fcr\u00fcnlerimizle geli\u015ftirin <b>erkek deri\u0307 p\u00fcsk\u00fcll\u00fc mokasen<\/b> bug\u00fcn ve ger\u00e7ek l\u00fcks\u00fc tan\u0131mlayan gelenek ve konfor kar\u0131\u015f\u0131m\u0131n\u0131 deneyimleyin.<\/p>","protected":false},"excerpt":{"rendered":"<ul>\n<li>Birinci s\u0131n\u0131f dana derisi (d\u0131\u015f) ve yumu\u015fak ke\u00e7i derisinden (i\u00e7) el yap\u0131m\u0131.<\/li>\n<li>\u015e\u0131k p\u00fcsk\u00fcll\u00fc loafer tasar\u0131m\u0131, hem elbise hem de g\u00fcndelik durumlar i\u00e7in m\u00fckemmeldir.<\/li>\n<li>Al\u00e7ak topuklu (1-3 cm) hafif ve rahat EVA taban.<\/li>\n<li>Sofistike Siyah, Mavi ve Kahverengi renklerde mevcuttur.<\/li>\n<li>39-45 (AB) bedenleri mevcuttur.<\/li>\n<li>Minimum sipari\u015f miktar\u0131: 8 \u00e7ift. Talep \u00fczerine toptan fiyatland\u0131rma mevcuttur.<\/li>\n<li>Tahmini teslimat: 12 g\u00fcn + nakliye.<\/li>\n<\/ul>","protected":false},"featured_media":3887,"template":"","meta":{"_acf_changed":false,"_uag_custom_page_level_css":"","site-sidebar-layout":"default","site-content-layout":"","ast-site-content-layout":"default","site-content-style":"default","site-sidebar-style":"default","ast-global-header-display":"","ast-banner-title-visibility":"","ast-main-header-display":"","ast-hfb-above-header-display":"","ast-hfb-below-header-display":"","ast-hfb-mobile-header-display":"","site-post-title":"","ast-breadcrumbs-content":"","ast-featured-img":"","footer-sml-layout":"","ast-disable-related-posts":"","theme-transparent-header-meta":"","adv-header-id-meta":"","stick-header-meta":"","header-above-stick-meta":"","header-main-stick-meta":"","header-below-stick-meta":"","astra-migrate-meta-layouts":"default","ast-page-background-enabled":"default","ast-page-background-meta":{"desktop":{"background-color":"var(--ast-global-color-4)","background-image":"","background-repeat":"repeat","background-position":"center center","background-size":"auto","background-attachment":"scroll","background-type":"","background-media":"","overlay-type":"","overlay-color":"","overlay-opacity":"","overlay-gradient":""},"tablet":{"background-color":"","background-image":"","background-repeat":"repeat","background-position":"center center","background-size":"auto","background-attachment":"scroll","background-type":"","background-media":"","overlay-type":"","overlay-color":"","overlay-opacity":"","overlay-gradient":""},"mobile":{"background-color":"","background-image":"","background-repeat":"repeat","background-position":"center center","background-size":"auto","background-attachment":"scroll","background-type":"","background-media":"","overlay-type":"","overlay-color":"","overlay-opacity":"","overlay-gradient":""}},"ast-content-background-meta":{"desktop":{"background-color":"var(--ast-global-color-5)","background-image":"","background-repeat":"repeat","background-position":"center center","background-size":"auto","background-attachment":"scroll","background-type":"","background-media":"","overlay-type":"","overlay-color":"","overlay-opacity":"","overlay-gradient":""},"tablet":{"background-color":"var(--ast-global-color-5)","background-image":"","background-repeat":"repeat","background-position":"center center","background-size":"auto","background-attachment":"scroll","background-type":"","background-media":"","overlay-type":"","overlay-color":"","overlay-opacity":"","overlay-gradient":""},"mobile":{"background-color":"var(--ast-global-color-5)","background-image":"","background-repeat":"repeat","background-position":"center center","background-size":"auto","background-attachment":"scroll","background-type":"","background-media":"","overlay-type":"","overlay-color":"","overlay-opacity":"","overlay-gradient":""}}},"product_brand":[],"product_cat":[48,47,49,430,40],"product_tag":[370,635,147,185,1056,512,457,284,756,438,591,189,219,930,250,184,1055],"class_list":{"0":"post-5803","1":"product","2":"type-product","3":"status-publish","4":"has-post-thumbnail","6":"product_cat-casual","7":"product_cat-classic","8":"product_cat-loafer","9":"product_cat-men","10":"product_cat-mens-shoes","11":"product_tag-black-loafers","12":"product_tag-blue-loafers","13":"product_tag-brown-loafers","14":"product_tag-calf-leather-shoes","15":"product_tag-casual-elegance","16":"product_tag-casual-loafers","17":"product_tag-classic-loafers","18":"product_tag-dress-shoes","19":"product_tag-european-sizes","20":"product_tag-eva-sole","21":"product_tag-formal-wear","22":"product_tag-goat-leather-lining","23":"product_tag-handmade-shoes","24":"product_tag-mens-leather-tassel-loafers","25":"product_tag-premium-leather","26":"product_tag-slip-on-shoes","27":"product_tag-tassel-shoes","28":"desktop-align-center","29":"tablet-align-center","30":"mobile-align-center","32":"first","33":"instock","34":"shipping-taxable","35":"purchasable","36":"product-type-variable","37":"has-default-attributes"},"acf":[],"uagb_featured_image_src":{"full":["https:\/\/turkishtrade.co\/wp-content\/uploads\/2026\/01\/2400EJOMN00289-DARK-BROWN-TNC_74_1.png",453,250,false],"thumbnail":["https:\/\/turkishtrade.co\/wp-content\/uploads\/2026\/01\/2400EJOMN00289-DARK-BROWN-TNC_74_1.png",150,83,false],"medium":["https:\/\/turkishtrade.co\/wp-content\/uploads\/2026\/01\/2400EJOMN00289-DARK-BROWN-TNC_74_1.png",300,166,false],"medium_large":["https:\/\/turkishtrade.co\/wp-content\/uploads\/2026\/01\/2400EJOMN00289-DARK-BROWN-TNC_74_1.png",453,250,false],"large":["https:\/\/turkishtrade.co\/wp-content\/uploads\/2026\/01\/2400EJOMN00289-DARK-BROWN-TNC_74_1.png",453,250,false],"1536x1536":["https:\/\/turkishtrade.co\/wp-content\/uploads\/2026\/01\/2400EJOMN00289-DARK-BROWN-TNC_74_1.png",453,250,false],"2048x2048":["https:\/\/turkishtrade.co\/wp-content\/uploads\/2026\/01\/2400EJOMN00289-DARK-BROWN-TNC_74_1.png",453,250,false],"trp-custom-language-flag":["https:\/\/turkishtrade.co\/wp-content\/uploads\/2026\/01\/2400EJOMN00289-DARK-BROWN-TNC_74_1.png",18,10,false],"woocommerce_thumbnail":["https:\/\/turkishtrade.co\/wp-content\/uploads\/2026\/01\/2400EJOMN00289-DARK-BROWN-TNC_74_1-400x250.png",400,250,true],"woocommerce_single":["https:\/\/turkishtrade.co\/wp-content\/uploads\/2026\/01\/2400EJOMN00289-DARK-BROWN-TNC_74_1.png",453,250,false],"woocommerce_gallery_thumbnail":["https:\/\/turkishtrade.co\/wp-content\/uploads\/2026\/01\/2400EJOMN00289-DARK-BROWN-TNC_74_1-100x100.png",100,100,true]},"uagb_author_info":{"display_name":"yaser olabi","author_link":"https:\/\/turkishtrade.co\/tr\/author\/"},"uagb_comment_info":0,"uagb_excerpt":"Handcrafted from premium calf leather (outer) and soft goat leather (inner). Stylish tassel loafer design, perfect for both dress and casual occasions. Lightweight and comfortable EVA sole with a low heel (1-3 cm). Available in sophisticated Black, Blue, and Brown finishes. Sizes 39-45 (EU) available. Minimum order quantity: 8 pairs. Wholesale pricing available upon request.&hellip;","_links":{"self":[{"href":"https:\/\/turkishtrade.co\/tr\/wp-json\/wp\/v2\/product\/5803","targetHints":{"allow":["GET"]}}],"collection":[{"href":"https:\/\/turkishtrade.co\/tr\/wp-json\/wp\/v2\/product"}],"about":[{"href":"https:\/\/turkishtrade.co\/tr\/wp-json\/wp\/v2\/types\/product"}],"wp:featuredmedia":[{"embeddable":true,"href":"https:\/\/turkishtrade.co\/tr\/wp-json\/wp\/v2\/media\/3887"}],"wp:attachment":[{"href":"https:\/\/turkishtrade.co\/tr\/wp-json\/wp\/v2\/media?parent=5803"}],"wp:term":[{"taxonomy":"product_brand","embeddable":true,"href":"https:\/\/turkishtrade.co\/tr\/wp-json\/wp\/v2\/product_brand?post=5803"},{"taxonomy":"product_cat","embeddable":true,"href":"https:\/\/turkishtrade.co\/tr\/wp-json\/wp\/v2\/product_cat?post=5803"},{"taxonomy":"product_tag","embeddable":true,"href":"https:\/\/turkishtrade.co\/tr\/wp-json\/wp\/v2\/product_tag?post=5803"}],"curies":[{"name":"wp","href":"https:\/\/api.w.org\/{rel}","templated":true}]}}