{"id":5796,"date":"2026-01-14T13:16:40","date_gmt":"2026-01-14T13:16:40","guid":{"rendered":"https:\/\/turkishtrade.co\/product\/men-s-suede-loafer-shoes\/"},"modified":"2026-04-09T19:23:46","modified_gmt":"2026-04-09T19:23:46","slug":"mens-suede-loafer-shoes-3","status":"publish","type":"product","link":"https:\/\/turkishtrade.co\/tr\/shop\/mens-suede-loafer-shoes-3\/","title":{"rendered":"Ku\u015fg\u00f6z\u00fc Detayl\u0131 Erkek Premium S\u00fcet Loafer Ayakkab\u0131"},"content":{"rendered":"<p><strong>Erkek S\u00fcet Loafer Ayakkab\u0131<\/strong><\/p>\n<p>Enfes tasar\u0131m\u0131m\u0131zla benzersiz bir stil ve konfora ad\u0131m at\u0131n <strong>Ku\u015fg\u00f6z\u00fc Detayl\u0131 Erkek Premium S\u00fcet Loafer Ayakkab\u0131<\/strong>. Modern beyefendiler i\u00e7in tasarlanan bu <strong>erkek s\u00fcet mokasen ayakkabi<\/strong> geleneksel i\u015f\u00e7ili\u011fi \u00e7a\u011fda\u015f yetenekle kusursuz bir \u015fekilde harmanlayan g\u00fcndelik \u015f\u0131kl\u0131\u011f\u0131n \u00f6z\u00fcd\u00fcr. Her bir \u00e7ift, yaln\u0131zca se\u00e7kin bir g\u00f6r\u00fcn\u00fcm de\u011fil, ayn\u0131 zamanda uzun s\u00fcreli dayan\u0131kl\u0131l\u0131k ve \u00fcst\u00fcn konfor sa\u011flamak i\u00e7in titizlikle \u00fcretilmi\u015ftir, bu da onlar\u0131 her sofistike gard\u0131rop i\u00e7in vazge\u00e7ilmez bir eklenti haline getirir.<\/p>\n<p><h3>Rakipsiz \u0130\u015f\u00e7ilik ve Birinci S\u0131n\u0131f Malzemeler<\/h3>\n<\/p>\n<p>Bizim <strong>erkek s\u00fcet mokasen ayakkabi<\/strong> sadece en iyi malzemeler kullan\u0131larak \u00fcretilmi\u015ftir. D\u0131\u015f y\u00fczeyi, hem g\u00f6rsel olarak \u00e7ekici hem de dokunu\u015fu ho\u015f olan yumu\u015fak, l\u00fcks bir doku sunan hakiki dana derisi s\u00fcete sahiptir. Bu birinci s\u0131n\u0131f dana derisi, g\u00fczel bir \u015fekilde eskiyen zengin ve zarif bir y\u00fczey sa\u011flayarak mokasenlerinizin y\u0131llarca koleksiyonunuzun de\u011ferli bir par\u00e7as\u0131 olarak kalmas\u0131n\u0131 sa\u011flar.<\/p>\n<p>\u0130\u00e7 k\u0131s\u0131mda, ayaklar\u0131n\u0131z ola\u011fan\u00fcst\u00fc yumu\u015fakl\u0131\u011f\u0131, nefes alabilirli\u011fi ve nemi emme \u00f6zellikleriyle tan\u0131nan ke\u00e7i derisi astar\u0131n l\u00fcks konforuyla sar\u0131lacak ve ayaklar\u0131n\u0131z\u0131 g\u00fcn boyunca rahat ve ferah tutacakt\u0131r.<\/p>\n<p><h3>Konfor ve Stil i\u00e7in Tasarland\u0131<\/h3>\n<\/p>\n<p>Bu ola\u011fan\u00fcst\u00fc eserlerin temeli <strong>s\u00fcet mokasen<\/strong> hafif ama son derece dayan\u0131kl\u0131 bir EVA taband\u0131r. Bu yenilik\u00e7i taban malzemesi m\u00fckemmel yast\u0131klama ve \u015fok emilimi sa\u011flayarak ister \u015fehir sokaklar\u0131nda gezinirken ister hafta sonu dinlenirken rahat bir ad\u0131m atman\u0131z\u0131 sa\u011flar. Klasik topuk y\u00fcksekli\u011fi 1-3 cm olan bu g\u00fcndelik mokasen ayakkab\u0131lar, geleneksel siluetini korurken ince bir y\u00fckseklik sunar.<\/p>\n<p>Ay\u0131rt edici ku\u015fg\u00f6z\u00fc kay\u0131\u015f detay\u0131 benzersiz bir dokunu\u015f katarak bu loafer'lar\u0131 geleneksel tasar\u0131mlardan ay\u0131r\u0131r ve \u0131smarlama kalitesini vurgular. Bunlar sadece ayakkab\u0131 de\u011fil; hem \u015f\u0131k g\u00fcndelik hem de rahat profesyonel ortamlar i\u00e7in m\u00fckemmel olan rafine bir zevk ifadesidir.<\/p>\n<p><h3>Her Durum i\u00e7in \u00c7ok Y\u00f6nl\u00fcl\u00fck ve Toplu Bulunabilirlik<\/h3>\n<\/p>\n<p>\u0130ster \u00f6zel dikim pantolonlar, ister chino pantolonlar ve hatta birinci s\u0131n\u0131f denimlerle e\u015fle\u015ftirilsin, bu <strong>erkek s\u00fcet mokasen ayakkabi<\/strong> her k\u0131yafeti zahmetsizce y\u00fckselten inan\u0131lmaz bir \u00e7ok y\u00f6nl\u00fcl\u00fck sunar. 39'dan 45'e kadar geni\u015f bir beden yelpazesinde mevcut olup, her ayak i\u00e7in m\u00fckemmel bir uyum sa\u011fl\u0131yoruz. Y\u00fcksek kaliteli ayakkab\u0131lar stoklamak isteyen perakendeciler ve i\u015fletmeler i\u00e7in bu premium <strong>g\u00fcndelik mokasen ayakkab\u0131lar<\/strong> minimum 8 \u00e7ift sipari\u015f ile toptan sat\u0131n al\u0131nabilir.<\/p>\n<p>Sipari\u015finizi en k\u0131sa s\u00fcrede teslim alman\u0131z\u0131 sa\u011flamak i\u00e7in sadece 12 g\u00fcn art\u0131 nakliye s\u00fcresi ile verimlilik konusunda kendimizle gurur duyuyoruz. Ola\u011fan\u00fcst\u00fc erkek s\u00fcet loafer ayakkab\u0131lar\u0131m\u0131zla l\u00fcks, konfor ve stilin m\u00fckemmel birle\u015fimini ya\u015fay\u0131n.<\/p>","protected":false},"excerpt":{"rendered":"<ul>\n<li>Sofistike bir g\u00f6r\u00fcn\u00fcm i\u00e7in l\u00fcks dana derisi s\u00fcetten \u00fcretilmi\u015ftir.<\/li>\n<li>\u00dcst\u00fcn konfor ve nefes alabilirlik i\u00e7in esnek ke\u00e7i derisi i\u00e7 astara sahiptir.<\/li>\n<li>T\u00fcm g\u00fcn kullan\u0131m i\u00e7in dayan\u0131kl\u0131 ve hafif EVA taban ile donat\u0131lm\u0131\u015ft\u0131r.<\/li>\n<li>Zamans\u0131z \u015f\u0131kl\u0131k i\u00e7in 1-3 cm'lik klasik loafer topuk y\u00fcksekli\u011fi.<\/li>\n<li>39'dan 45'e kadar kapsaml\u0131 bir beden aral\u0131\u011f\u0131nda mevcuttur.<\/li>\n<li>Minimum sipari\u015f miktar\u0131 8 \u00e7ifttir, toptan ve toplu al\u0131mlar i\u00e7in idealdir.<\/li>\n<li>Nakliye s\u00fcresi dahil 12 g\u00fcn i\u00e7inde h\u0131zl\u0131 teslimat\u0131n keyfini \u00e7\u0131kar\u0131n.<\/li>\n<\/ul>","protected":false},"featured_media":3882,"template":"","meta":{"_acf_changed":false,"_uag_custom_page_level_css":"","site-sidebar-layout":"default","site-content-layout":"","ast-site-content-layout":"default","site-content-style":"default","site-sidebar-style":"default","ast-global-header-display":"","ast-banner-title-visibility":"","ast-main-header-display":"","ast-hfb-above-header-display":"","ast-hfb-below-header-display":"","ast-hfb-mobile-header-display":"","site-post-title":"","ast-breadcrumbs-content":"","ast-featured-img":"","footer-sml-layout":"","ast-disable-related-posts":"","theme-transparent-header-meta":"","adv-header-id-meta":"","stick-header-meta":"","header-above-stick-meta":"","header-main-stick-meta":"","header-below-stick-meta":"","astra-migrate-meta-layouts":"default","ast-page-background-enabled":"default","ast-page-background-meta":{"desktop":{"background-color":"var(--ast-global-color-4)","background-image":"","background-repeat":"repeat","background-position":"center center","background-size":"auto","background-attachment":"scroll","background-type":"","background-media":"","overlay-type":"","overlay-color":"","overlay-opacity":"","overlay-gradient":""},"tablet":{"background-color":"","background-image":"","background-repeat":"repeat","background-position":"center center","background-size":"auto","background-attachment":"scroll","background-type":"","background-media":"","overlay-type":"","overlay-color":"","overlay-opacity":"","overlay-gradient":""},"mobile":{"background-color":"","background-image":"","background-repeat":"repeat","background-position":"center center","background-size":"auto","background-attachment":"scroll","background-type":"","background-media":"","overlay-type":"","overlay-color":"","overlay-opacity":"","overlay-gradient":""}},"ast-content-background-meta":{"desktop":{"background-color":"var(--ast-global-color-5)","background-image":"","background-repeat":"repeat","background-position":"center center","background-size":"auto","background-attachment":"scroll","background-type":"","background-media":"","overlay-type":"","overlay-color":"","overlay-opacity":"","overlay-gradient":""},"tablet":{"background-color":"var(--ast-global-color-5)","background-image":"","background-repeat":"repeat","background-position":"center center","background-size":"auto","background-attachment":"scroll","background-type":"","background-media":"","overlay-type":"","overlay-color":"","overlay-opacity":"","overlay-gradient":""},"mobile":{"background-color":"var(--ast-global-color-5)","background-image":"","background-repeat":"repeat","background-position":"center center","background-size":"auto","background-attachment":"scroll","background-type":"","background-media":"","overlay-type":"","overlay-color":"","overlay-opacity":"","overlay-gradient":""}}},"product_brand":[],"product_cat":[48,47,49,430,40],"product_tag":[147,555,457,287,1052,189,384,1049,1053,198,1027,557,936,184,149,760,456],"class_list":{"0":"post-5796","1":"product","2":"type-product","3":"status-publish","4":"has-post-thumbnail","6":"product_cat-casual","7":"product_cat-classic","8":"product_cat-loafer","9":"product_cat-men","10":"product_cat-mens-shoes","11":"product_tag-brown-loafers","12":"product_tag-calfskin-loafers","13":"product_tag-classic-loafers","14":"product_tag-eva-sole-shoes","15":"product_tag-eyelet-loafers","16":"product_tag-goat-leather-lining","17":"product_tag-luxury-loafers","18":"product_tag-mens-casual-loafers","19":"product_tag-mens-dress-casual-shoes","20":"product_tag-mens-fashion","21":"product_tag-mens-suede-loafer-shoes","22":"product_tag-navy-loafers","23":"product_tag-premium-mens-footwear","24":"product_tag-slip-on-shoes","25":"product_tag-suede-loafers","26":"product_tag-tan-loafers","27":"product_tag-wholesale-loafers","28":"desktop-align-center","29":"tablet-align-center","30":"mobile-align-center","32":"first","33":"instock","34":"shipping-taxable","35":"purchasable","36":"product-type-variable","37":"has-default-attributes"},"acf":[],"uagb_featured_image_src":{"full":["https:\/\/turkishtrade.co\/wp-content\/uploads\/2026\/01\/2400EJOMN00278-DARK-BLUE-DKS_06.png",453,250,false],"thumbnail":["https:\/\/turkishtrade.co\/wp-content\/uploads\/2026\/01\/2400EJOMN00278-DARK-BLUE-DKS_06-150x150.png",150,150,true],"medium":["https:\/\/turkishtrade.co\/wp-content\/uploads\/2026\/01\/2400EJOMN00278-DARK-BLUE-DKS_06-300x166.png",300,166,true],"medium_large":["https:\/\/turkishtrade.co\/wp-content\/uploads\/2026\/01\/2400EJOMN00278-DARK-BLUE-DKS_06.png",453,250,false],"large":["https:\/\/turkishtrade.co\/wp-content\/uploads\/2026\/01\/2400EJOMN00278-DARK-BLUE-DKS_06.png",453,250,false],"1536x1536":["https:\/\/turkishtrade.co\/wp-content\/uploads\/2026\/01\/2400EJOMN00278-DARK-BLUE-DKS_06.png",453,250,false],"2048x2048":["https:\/\/turkishtrade.co\/wp-content\/uploads\/2026\/01\/2400EJOMN00278-DARK-BLUE-DKS_06.png",453,250,false],"trp-custom-language-flag":["https:\/\/turkishtrade.co\/wp-content\/uploads\/2026\/01\/2400EJOMN00278-DARK-BLUE-DKS_06-18x10.png",18,10,true],"woocommerce_thumbnail":["https:\/\/turkishtrade.co\/wp-content\/uploads\/2026\/01\/2400EJOMN00278-DARK-BLUE-DKS_06-400x250.png",400,250,true],"woocommerce_single":["https:\/\/turkishtrade.co\/wp-content\/uploads\/2026\/01\/2400EJOMN00278-DARK-BLUE-DKS_06.png",453,250,false],"woocommerce_gallery_thumbnail":["https:\/\/turkishtrade.co\/wp-content\/uploads\/2026\/01\/2400EJOMN00278-DARK-BLUE-DKS_06-100x100.png",100,100,true]},"uagb_author_info":{"display_name":"yaser olabi","author_link":"https:\/\/turkishtrade.co\/tr\/author\/"},"uagb_comment_info":0,"uagb_excerpt":"Crafted from luxurious calfskin suede for a sophisticated look. Features a supple goat leather interior lining for ultimate comfort and breathability. Equipped with a durable and lightweight EVA sole for all-day wear. Classic loafer heel height of 1-3 cm for timeless elegance. Available in a comprehensive size range from 39 to 45. Minimum order quantity&hellip;","_links":{"self":[{"href":"https:\/\/turkishtrade.co\/tr\/wp-json\/wp\/v2\/product\/5796","targetHints":{"allow":["GET"]}}],"collection":[{"href":"https:\/\/turkishtrade.co\/tr\/wp-json\/wp\/v2\/product"}],"about":[{"href":"https:\/\/turkishtrade.co\/tr\/wp-json\/wp\/v2\/types\/product"}],"wp:featuredmedia":[{"embeddable":true,"href":"https:\/\/turkishtrade.co\/tr\/wp-json\/wp\/v2\/media\/3882"}],"wp:attachment":[{"href":"https:\/\/turkishtrade.co\/tr\/wp-json\/wp\/v2\/media?parent=5796"}],"wp:term":[{"taxonomy":"product_brand","embeddable":true,"href":"https:\/\/turkishtrade.co\/tr\/wp-json\/wp\/v2\/product_brand?post=5796"},{"taxonomy":"product_cat","embeddable":true,"href":"https:\/\/turkishtrade.co\/tr\/wp-json\/wp\/v2\/product_cat?post=5796"},{"taxonomy":"product_tag","embeddable":true,"href":"https:\/\/turkishtrade.co\/tr\/wp-json\/wp\/v2\/product_tag?post=5796"}],"curies":[{"name":"wp","href":"https:\/\/api.w.org\/{rel}","templated":true}]}}