{"id":5793,"date":"2026-01-14T13:16:13","date_gmt":"2026-01-14T13:16:13","guid":{"rendered":"https:\/\/turkishtrade.co\/product\/mens-leather-loafer-shoes-7\/"},"modified":"2026-04-09T19:23:51","modified_gmt":"2026-04-09T19:23:51","slug":"mens-leather-loafer-shoes-7","status":"publish","type":"product","link":"https:\/\/turkishtrade.co\/tr\/shop\/mens-leather-loafer-shoes-7\/","title":{"rendered":"Toka Detayl\u0131 Premium Erkek Deri Loafer Ayakkab\u0131"},"content":{"rendered":"<p><strong>erkek deri\u0307 mokasen ayakkabi<\/strong><\/p>\n<p>\u00dcst\u00fcn kaliteli \u00fcr\u00fcnlerimizle g\u00fcnl\u00fck stilinizi y\u00fckseltin <b>erkek deri\u0307 mokasen ayakkabi<\/b>, hem \u015f\u0131kl\u0131\u011fa hem de konfora de\u011fer veren modern beyefendiler i\u00e7in tasarlanm\u0131\u015ft\u0131r. Bu zarif <b>erkek deri\u0307 mokasen ayakkabi<\/b> bir ayakkab\u0131dan \u00e7ok daha fazlas\u0131d\u0131r; sofistike bir zevkin ve \u00fcst\u00fcn i\u015f\u00e7ili\u011fin ifadesidir. G\u00fcnl\u00fck gezintilerden smart-casual i\u015f ortamlar\u0131na kadar \u00e7ok \u00e7e\u015fitli durumlar i\u00e7in m\u00fckemmel olan bu loaferlar, gard\u0131robunuzun vazge\u00e7ilmez bir par\u00e7as\u0131 olmaya aday.<\/p>\n<p>Bunlar\u0131n nedenini ke\u015ffedin <b>erkek deri\u0307 mokasen ayakkabi<\/b> se\u00e7ici bireyler i\u00e7in nihai se\u00e7imdir.<\/p>\n<p><h3>E\u015fsiz Konfor ve Premium Malzemeler<\/h3>\n<\/p>\n<p>En iyi malzemelerden \u00fcretilmi\u015f olan <b>erkek deri\u0307 mokasen ayakkabi<\/b> benzersiz bir kullan\u0131m deneyimi vaat eder. D\u0131\u015f y\u00fczeyi, esnek dokusu, dayan\u0131kl\u0131l\u0131\u011f\u0131 ve l\u00fcks g\u00f6r\u00fcn\u00fcm\u00fcyle bilinen hakiki dana derisine sahiptir. Bu y\u00fcksek kaliteli dana derisi, zaman i\u00e7inde aya\u011f\u0131n\u0131za g\u00fczel bir \u015fekilde uyum sa\u011flayarak ki\u015fiselle\u015ftirilmi\u015f bir uyum sa\u011flar.<\/p>\n<p>\u0130\u00e7 k\u0131s\u0131mda, ayaklar\u0131n\u0131z t\u00fcm g\u00fcn s\u00fcren ola\u011fan\u00fcst\u00fc nefes alabilirlik ve konfor sa\u011flayan hakiki ke\u00e7i derisi astar\u0131n yumu\u015fakl\u0131\u011f\u0131yla sar\u0131lacak. Bu ola\u011fan\u00fcst\u00fc ayakkab\u0131n\u0131n temeli <b>erkek deri\u0307 mokasen ayakkabi<\/b> m\u00fckemmel yast\u0131klama ve \u015fok emilimi sunan hafif ama sa\u011flam bir EVA taband\u0131r. \u0130nce 1-3 cm klasik loafer topuk ile konfor veya dengeden \u00f6d\u00fcn vermeden do\u011fru miktarda y\u00fckselme elde edersiniz.<\/p>\n<p><h3>Zamans\u0131z Tasar\u0131m ve \u00c7ok Y\u00f6nl\u00fc Stil<\/h3>\n<\/p>\n<p>Bunlar\u0131n tasar\u0131m\u0131 <b>erkek deri\u0307 mokasen ayakkabi<\/b> \u00e7a\u011fda\u015f \u00e7ekicilik i\u00e7in yeniden tasarlanan klasik zarafete bir selamd\u0131r. Farkl\u0131 renk se\u00e7eneklerini tamamlamak i\u00e7in hem sofistike g\u00fcm\u00fc\u015f hem de zengin alt\u0131n tonlar\u0131nda sunulan \u015f\u0131k toka detay\u0131na sahip bu mokasen ayakkab\u0131lar, her kombine farkl\u0131 bir dokunu\u015f katar. \u0130ster \u015f\u0131k siyah\u0131 ister s\u0131cak kahverengiyi tercih edin, her bir \u00e7ift zarif bir cazibe yayar.<\/p>\n<p>Bu \u00e7ok y\u00f6nl\u00fc <b>erkek deri\u0307 mokasen ayakkabi<\/b> rahat bir hafta sonu g\u00f6r\u00fcn\u00fcm\u00fc i\u00e7in chino pantolonlarla veya \u015f\u0131k bir smart-casual k\u0131yafet i\u00e7in \u00f6zel dikim pantolonlarla giydirin. Slip-on tasar\u0131m\u0131 zahmetsizce giyilebilirlik sa\u011flar ve bu da onlar\u0131 hem stil hem de rahatl\u0131k arayan yo\u011fun bireyler i\u00e7in ideal bir se\u00e7im haline getirir. <b>erkek deri\u0307 mokasen ayakkabi<\/b>.<\/p>\n<p><h3>Kaliteye Yat\u0131r\u0131m Yap\u0131n: Dayan\u0131kl\u0131l\u0131k ve \u0130\u015f\u00e7ilik<\/h3>\n<\/p>\n<p>Bizi se\u00e7ti\u011finizde <b>erkek deri\u0307 mokasen ayakkabi<\/b>, uzun \u00f6m\u00fcrl\u00fc ayakkab\u0131lara yat\u0131r\u0131m yap\u0131yorsunuz. Her bir \u00e7ift, \u00fcst\u00fcn kalite ve kal\u0131c\u0131 stil sa\u011flamak i\u00e7in detaylara \u00f6zen g\u00f6sterilerek titizlikle \u00fcretilmi\u015ftir. Dayan\u0131kl\u0131 dana derisi, nefes alabilen ke\u00e7i derisi ve esnek EVA taban\u0131n birle\u015fimi, bu mokasenlerin zaman\u0131n testine dayanacak \u015fekilde tasarland\u0131\u011f\u0131, say\u0131s\u0131z kullan\u0131mda bozulmam\u0131\u015f g\u00f6r\u00fcn\u00fcm\u00fcn\u00fc ve rahatl\u0131\u011f\u0131n\u0131 korudu\u011fu anlam\u0131na gelir.<\/p>\n<p>Bunlar <b>erkek deri\u0307 mokasen ayakkabi<\/b> g\u00fcndelik sofistikeli\u011fin zirvesini temsil eder. Bu ola\u011fan\u00fcst\u00fc modellerle gelenek ve modernli\u011fin m\u00fckemmel kar\u0131\u015f\u0131m\u0131n\u0131 ke\u015ffedin. <b>erkek deri\u0307 mokasen ayakkabi<\/b>, AB 39'dan 45'e kadar kapsaml\u0131 bir beden yelpazesinde mevcuttur. Birinci s\u0131n\u0131f ayakkab\u0131lar sunmak isteyen i\u015fletmeler i\u00e7in bu mokasen ayakkab\u0131lar, minimum 8 \u00e7ift sipari\u015fle toplu olarak sat\u0131n al\u0131nabilir ve bu \u00e7ok sevilen ayakkab\u0131lar\u0131 stoklayabilmenizi sa\u011flar <b>erkek deri\u0307 mokasen ayakkabi<\/b>.<\/p>","protected":false},"excerpt":{"rendered":"<ul>\n<li><b>Premium Malzemeler:<\/b> Hakiki dana derisi d\u0131\u015f y\u00fczey, yumu\u015fak ke\u00e7i derisi astar.<\/li>\n<li><b>Konfor Taban:<\/b> G\u00fcn boyu konfor i\u00e7in hafif ve dayan\u0131kl\u0131 EVA taban.<\/li>\n<li><b>Klasik topuk:<\/b> Zamans\u0131z \u00e7ekicilik ve duru\u015f i\u00e7in ince 1-3 cm topuk.<\/li>\n<li><b>Mevcut Boyutlar:<\/b> AB 39, 40, 41, 42, 43, 44, 45.<\/li>\n<li><b>Toplu Bulunabilirlik:<\/b> Toptan sat\u0131\u015f i\u00e7in minimum 8 \u00e7ift sipari\u015f verilebilir.<\/li>\n<li><b>H\u0131zl\u0131 Teslimat:<\/b> Sevkiyat i\u00e7in 12 g\u00fcn + nakliye s\u00fcresi i\u00e7inde haz\u0131r.<\/li>\n<\/ul>","protected":false},"featured_media":3879,"template":"","meta":{"_acf_changed":false,"_uag_custom_page_level_css":"","site-sidebar-layout":"default","site-content-layout":"","ast-site-content-layout":"default","site-content-style":"default","site-sidebar-style":"default","ast-global-header-display":"","ast-banner-title-visibility":"","ast-main-header-display":"","ast-hfb-above-header-display":"","ast-hfb-below-header-display":"","ast-hfb-mobile-header-display":"","site-post-title":"","ast-breadcrumbs-content":"","ast-featured-img":"","footer-sml-layout":"","ast-disable-related-posts":"","theme-transparent-header-meta":"","adv-header-id-meta":"","stick-header-meta":"","header-above-stick-meta":"","header-main-stick-meta":"","header-below-stick-meta":"","astra-migrate-meta-layouts":"default","ast-page-background-enabled":"default","ast-page-background-meta":{"desktop":{"background-color":"var(--ast-global-color-4)","background-image":"","background-repeat":"repeat","background-position":"center center","background-size":"auto","background-attachment":"scroll","background-type":"","background-media":"","overlay-type":"","overlay-color":"","overlay-opacity":"","overlay-gradient":""},"tablet":{"background-color":"","background-image":"","background-repeat":"repeat","background-position":"center center","background-size":"auto","background-attachment":"scroll","background-type":"","background-media":"","overlay-type":"","overlay-color":"","overlay-opacity":"","overlay-gradient":""},"mobile":{"background-color":"","background-image":"","background-repeat":"repeat","background-position":"center center","background-size":"auto","background-attachment":"scroll","background-type":"","background-media":"","overlay-type":"","overlay-color":"","overlay-opacity":"","overlay-gradient":""}},"ast-content-background-meta":{"desktop":{"background-color":"var(--ast-global-color-5)","background-image":"","background-repeat":"repeat","background-position":"center center","background-size":"auto","background-attachment":"scroll","background-type":"","background-media":"","overlay-type":"","overlay-color":"","overlay-opacity":"","overlay-gradient":""},"tablet":{"background-color":"var(--ast-global-color-5)","background-image":"","background-repeat":"repeat","background-position":"center center","background-size":"auto","background-attachment":"scroll","background-type":"","background-media":"","overlay-type":"","overlay-color":"","overlay-opacity":"","overlay-gradient":""},"mobile":{"background-color":"var(--ast-global-color-5)","background-image":"","background-repeat":"repeat","background-position":"center center","background-size":"auto","background-attachment":"scroll","background-type":"","background-media":"","overlay-type":"","overlay-color":"","overlay-opacity":"","overlay-gradient":""}}},"product_brand":[],"product_cat":[48,47,49,430,40],"product_tag":[315,513,566,449,222,438,189,227,148,198,184,380],"class_list":{"0":"post-5793","1":"product","2":"type-product","3":"status-publish","4":"has-post-thumbnail","6":"product_cat-casual","7":"product_cat-classic","8":"product_cat-loafer","9":"product_cat-men","10":"product_cat-mens-shoes","11":"product_tag-buckle-loafers","12":"product_tag-business-casual-shoes","13":"product_tag-calfskin-shoes","14":"product_tag-casual-shoes","15":"product_tag-comfortable-shoes","16":"product_tag-eva-sole","17":"product_tag-goat-leather-lining","18":"product_tag-leather-shoes","19":"product_tag-loafers","20":"product_tag-mens-fashion","21":"product_tag-slip-on-shoes","22":"product_tag-smart-casual-footwear","23":"desktop-align-center","24":"tablet-align-center","25":"mobile-align-center","27":"first","28":"instock","29":"shipping-taxable","30":"purchasable","31":"product-type-variable","32":"has-default-attributes"},"acf":[],"uagb_featured_image_src":{"full":["https:\/\/turkishtrade.co\/wp-content\/uploads\/2026\/01\/2400EJOMN00277-BROWN-K_627-2-USD.png",453,250,false],"thumbnail":["https:\/\/turkishtrade.co\/wp-content\/uploads\/2026\/01\/2400EJOMN00277-BROWN-K_627-2-USD-150x150.png",150,150,true],"medium":["https:\/\/turkishtrade.co\/wp-content\/uploads\/2026\/01\/2400EJOMN00277-BROWN-K_627-2-USD-300x166.png",300,166,true],"medium_large":["https:\/\/turkishtrade.co\/wp-content\/uploads\/2026\/01\/2400EJOMN00277-BROWN-K_627-2-USD.png",453,250,false],"large":["https:\/\/turkishtrade.co\/wp-content\/uploads\/2026\/01\/2400EJOMN00277-BROWN-K_627-2-USD.png",453,250,false],"1536x1536":["https:\/\/turkishtrade.co\/wp-content\/uploads\/2026\/01\/2400EJOMN00277-BROWN-K_627-2-USD.png",453,250,false],"2048x2048":["https:\/\/turkishtrade.co\/wp-content\/uploads\/2026\/01\/2400EJOMN00277-BROWN-K_627-2-USD.png",453,250,false],"trp-custom-language-flag":["https:\/\/turkishtrade.co\/wp-content\/uploads\/2026\/01\/2400EJOMN00277-BROWN-K_627-2-USD-18x10.png",18,10,true],"woocommerce_thumbnail":["https:\/\/turkishtrade.co\/wp-content\/uploads\/2026\/01\/2400EJOMN00277-BROWN-K_627-2-USD-400x250.png",400,250,true],"woocommerce_single":["https:\/\/turkishtrade.co\/wp-content\/uploads\/2026\/01\/2400EJOMN00277-BROWN-K_627-2-USD.png",453,250,false],"woocommerce_gallery_thumbnail":["https:\/\/turkishtrade.co\/wp-content\/uploads\/2026\/01\/2400EJOMN00277-BROWN-K_627-2-USD-100x100.png",100,100,true]},"uagb_author_info":{"display_name":"yaser olabi","author_link":"https:\/\/turkishtrade.co\/tr\/author\/"},"uagb_comment_info":0,"uagb_excerpt":"Premium Materials: Genuine calfskin outer, soft goat leather lining. Comfort Sole: Lightweight and durable EVA sole for all-day comfort. Classic Heel: Subtle 1-3 cm heel for timeless appeal and posture. Available Sizes: EU 39, 40, 41, 42, 43, 44, 45. Bulk Availability: Minimum order of 8 pairs available for wholesale. Fast Delivery: Ready for dispatch&hellip;","_links":{"self":[{"href":"https:\/\/turkishtrade.co\/tr\/wp-json\/wp\/v2\/product\/5793","targetHints":{"allow":["GET"]}}],"collection":[{"href":"https:\/\/turkishtrade.co\/tr\/wp-json\/wp\/v2\/product"}],"about":[{"href":"https:\/\/turkishtrade.co\/tr\/wp-json\/wp\/v2\/types\/product"}],"wp:featuredmedia":[{"embeddable":true,"href":"https:\/\/turkishtrade.co\/tr\/wp-json\/wp\/v2\/media\/3879"}],"wp:attachment":[{"href":"https:\/\/turkishtrade.co\/tr\/wp-json\/wp\/v2\/media?parent=5793"}],"wp:term":[{"taxonomy":"product_brand","embeddable":true,"href":"https:\/\/turkishtrade.co\/tr\/wp-json\/wp\/v2\/product_brand?post=5793"},{"taxonomy":"product_cat","embeddable":true,"href":"https:\/\/turkishtrade.co\/tr\/wp-json\/wp\/v2\/product_cat?post=5793"},{"taxonomy":"product_tag","embeddable":true,"href":"https:\/\/turkishtrade.co\/tr\/wp-json\/wp\/v2\/product_tag?post=5793"}],"curies":[{"name":"wp","href":"https:\/\/api.w.org\/{rel}","templated":true}]}}