{"id":5787,"date":"2026-01-14T13:15:20","date_gmt":"2026-01-14T13:15:20","guid":{"rendered":"https:\/\/turkishtrade.co\/product\/mens-classic-leather-shoes-2\/"},"modified":"2026-04-09T19:24:03","modified_gmt":"2026-04-09T19:24:03","slug":"mens-classic-leather-shoes-2","status":"publish","type":"product","link":"https:\/\/turkishtrade.co\/tr\/shop\/mens-classic-leather-shoes-2\/","title":{"rendered":"EVA Tabanl\u0131 Erkek Premium Klasik Deri Derby Ayakkab\u0131"},"content":{"rendered":"<p><strong>Erkek Klasik Deri Ayakkab\u0131<\/strong><\/p>\n<p>Enfes koleksiyonumuzla benzersiz konfora ve zamans\u0131z stile ad\u0131m at\u0131n <strong>Erkek Klasik Deri Ayakkab\u0131<\/strong>. Se\u00e7kin beyefendiler i\u00e7in ustal\u0131kla \u00fcretilen bu ayakkab\u0131lar, geleneksel tasar\u0131m\u0131 modern i\u015flevsellikle harmanlayarak her gard\u0131rop i\u00e7in vazge\u00e7ilmez bir eklenti haline geliyor. \u0130ster \u015fehir manzaras\u0131nda geziniyor ister rahat bir hafta sonunun tad\u0131n\u0131 \u00e7\u0131kar\u0131yor olun, bu rahat derby ayakkab\u0131lar hem sofistike hem de kolay bir kullan\u0131m sunmay\u0131 vaat ederek rafine g\u00fcnl\u00fck ayakkab\u0131lar\u0131n temel ta\u015f\u0131 haline geliyor.<\/p>\n<h3>\u00dcst\u00fcn \u0130\u015f\u00e7ilik ve Birinci S\u0131n\u0131f Malzemeler<\/h3>\n<p>Bizim <strong>Erkek Klasik Deri Ayakkab\u0131<\/strong> kal\u0131c\u0131 kalite ve ola\u011fan\u00fcst\u00fc konfor sa\u011flamak i\u00e7in en iyi malzemelerden \u00fcretilmi\u015ftir. D\u0131\u015f y\u00fczey, esnek dokusu, do\u011fal parlakl\u0131\u011f\u0131 ve ola\u011fan\u00fcst\u00fc dayan\u0131kl\u0131l\u0131\u011f\u0131 ile bilinen birinci s\u0131n\u0131f dana derisine sahiptir. Bu y\u00fcksek kaliteli deri, zaman i\u00e7inde aya\u011f\u0131n\u0131za g\u00fczel bir \u015fekilde uyum sa\u011flayarak yaln\u0131zca giydik\u00e7e iyile\u015fen ki\u015fiselle\u015ftirilmi\u015f bir uyum sa\u011flar.<\/p>\n<p>Sa\u011flam d\u0131\u015f y\u00fczeyi tamamlayan i\u00e7 astar yumu\u015fak, nefes alabilen ke\u00e7i derisinden titizlikle \u00fcretilmi\u015ftir, cildinize l\u00fcks bir his verir ve g\u00fcn boyunca genel konforu art\u0131r\u0131r.<\/p>\n<p>Bu ola\u011fan\u00fcst\u00fc eserlerin temeli <strong>Erkek Klasik Deri Ayakkab\u0131<\/strong> hafif ancak son derece dayan\u0131kl\u0131 bir EVA taband\u0131r. Bu geli\u015fmi\u015f taban teknolojisi \u00fcst\u00fcn \u015fok emilimi sa\u011flayarak yorgunlu\u011fu azalt\u0131r ve \u00e7e\u015fitli y\u00fczeylerde m\u00fckemmel \u00e7eki\u015f g\u00fcc\u00fc sunarak dengeli ve kendinden emin ad\u0131mlar at\u0131lmas\u0131n\u0131 sa\u011flar. Yakla\u015f\u0131k 1-3 cm'lik rahat topuk y\u00fcksekli\u011fi ile bu ayakkab\u0131lar m\u00fckemmel bir y\u00fckseklik ve denge dengesi sunarak konfordan \u00f6d\u00fcn vermeden uzun s\u00fcreli kullan\u0131m i\u00e7in idealdir.<\/p>\n<h3>Her Durum i\u00e7in \u00c7ok Y\u00f6nl\u00fc Stil<\/h3>\n<p>\u00c7ok y\u00f6nl\u00fcl\u00fck g\u00f6z \u00f6n\u00fcnde bulundurularak tasarlanan <strong>Erkek Klasik Deri Ayakkab\u0131<\/strong> \u015f\u0131k ve g\u00fcndelik ortamlardan daha rahat ortamlara zahmetsizce ge\u00e7i\u015f yapar. Klasik derby silueti, titiz diki\u015fler ve zarif bir y\u00fczeyle birle\u015fti\u011finde, \u00e7ok \u00e7e\u015fitli k\u0131yafetleri tamamlayan sade bir \u015f\u0131kl\u0131k ortaya \u00e7\u0131kar\u0131r. Klasik siyah, zengin kahverengi ve koyu koyu kahverengi (genellikle koyu bordo tonu olarak g\u00f6r\u00fcn\u00fcr) gibi sofistike bir palette mevcut olup, ki\u015fisel tarz\u0131n\u0131za ve gard\u0131rop ihtiya\u00e7lar\u0131n\u0131za uygun m\u00fckemmel \u00e7ifti se\u00e7ebilirsiniz.<\/p>\n<p>Bu \u00e7ok y\u00f6nl\u00fc renkler sayesinde <strong>Erkek Klasik Deri Ayakkab\u0131<\/strong> \u00f6zel dikim pantolonlardan en sevdi\u011finiz kot pantolonlara kadar her \u015feyle e\u015fle\u015ftirilebilir, bu da onlar\u0131 ger\u00e7ekten uyarlanabilir k\u0131lar.<\/p>\n<h3>Kaliteli Ayakkab\u0131lar i\u00e7in G\u00fcvenilir Orta\u011f\u0131n\u0131z<\/h3>\n<p>Zamana meydan okuyan ola\u011fan\u00fcst\u00fc ayakkab\u0131lar sunmaya kararl\u0131y\u0131z. Bunlar <strong>Erkek Klasik Deri Ayakkab\u0131<\/strong> kalite ve tasar\u0131ma olan ba\u011fl\u0131l\u0131\u011f\u0131m\u0131z\u0131n bir kan\u0131t\u0131d\u0131r ve \u00fcst\u00fcn i\u015f\u00e7ili\u011fe olan tutkumuzu yans\u0131t\u0131r. EU 39'dan 45'e kadar kapsaml\u0131 bir beden yelpazesinde mevcut olan bu ayakkab\u0131lar, geni\u015f bir m\u00fc\u015fteri kitlesi i\u00e7in m\u00fckemmel bir uyum sa\u011fl\u0131yor.<\/p>\n<p>Birinci s\u0131n\u0131f ayakkab\u0131 stoklamak isteyen i\u015fletmeler i\u00e7in, minimum sipari\u015f miktar\u0131 sadece 8 \u00e7ift olan cazip toplu sat\u0131n alma se\u00e7enekleri sunuyoruz. Klasik deri koleksiyonumuzla gelenek ve yenili\u011fin m\u00fckemmel birle\u015fimini deneyimleyin, 12 g\u00fcn art\u0131 kargo s\u00fcresi i\u00e7inde kap\u0131n\u0131za teslim edilsin. Bu zamans\u0131z ve rahat ayakkab\u0131larla ayakkab\u0131 koleksiyonunuzu geli\u015ftirin <strong>Erkek Klasik Deri Ayakkab\u0131<\/strong>.<\/p>\n<p>Kaliteye yat\u0131r\u0131m yap\u0131n; bize yat\u0131r\u0131m yap\u0131n <strong>Erkek Klasik Deri Ayakkab\u0131<\/strong> Bug\u00fcn.<\/p>","protected":false},"excerpt":{"rendered":"<ul>\n<li><b>D\u0131\u015f Malzeme:<\/b> Premium Dana Derisi<\/li>\n<li><b>\u0130\u00e7 Astar:<\/b> Yumu\u015fak Ke\u00e7i Derisi<\/li>\n<li><b>Taban Malzemesi:<\/b> Hafif ve Dayan\u0131kl\u0131 EVA<\/li>\n<li><b>Topuk Y\u00fcksekli\u011fi:<\/b> Yakla\u015f\u0131k 1-3 cm<\/li>\n<li><b>Mevcut Boyutlar:<\/b> AB 39-45<\/li>\n<li><b>Minimum Sipari\u015f Miktar\u0131:<\/b> 8 \u00c7ift<\/li>\n<li><b>Teslimat S\u00fcresi:<\/b> 12 G\u00fcn + Kargo<\/li>\n<\/ul>","protected":false},"featured_media":3876,"template":"","meta":{"_acf_changed":false,"_uag_custom_page_level_css":"","site-sidebar-layout":"default","site-content-layout":"","ast-site-content-layout":"default","site-content-style":"default","site-sidebar-style":"default","ast-global-header-display":"","ast-banner-title-visibility":"","ast-main-header-display":"","ast-hfb-above-header-display":"","ast-hfb-below-header-display":"","ast-hfb-mobile-header-display":"","site-post-title":"","ast-breadcrumbs-content":"","ast-featured-img":"","footer-sml-layout":"","ast-disable-related-posts":"","theme-transparent-header-meta":"default","adv-header-id-meta":"","stick-header-meta":"","header-above-stick-meta":"","header-main-stick-meta":"","header-below-stick-meta":"","astra-migrate-meta-layouts":"set","ast-page-background-enabled":"default","ast-page-background-meta":{"desktop":{"background-color":"var(--ast-global-color-4)","background-image":"","background-repeat":"repeat","background-position":"center center","background-size":"auto","background-attachment":"scroll","background-type":"","background-media":"","overlay-type":"","overlay-color":"","overlay-opacity":"","overlay-gradient":""},"tablet":{"background-color":"","background-image":"","background-repeat":"repeat","background-position":"center center","background-size":"auto","background-attachment":"scroll","background-type":"","background-media":"","overlay-type":"","overlay-color":"","overlay-opacity":"","overlay-gradient":""},"mobile":{"background-color":"","background-image":"","background-repeat":"repeat","background-position":"center center","background-size":"auto","background-attachment":"scroll","background-type":"","background-media":"","overlay-type":"","overlay-color":"","overlay-opacity":"","overlay-gradient":""}},"ast-content-background-meta":{"desktop":{"background-color":"var(--ast-global-color-5)","background-image":"","background-repeat":"repeat","background-position":"center center","background-size":"auto","background-attachment":"scroll","background-type":"","background-media":"","overlay-type":"","overlay-color":"","overlay-opacity":"","overlay-gradient":""},"tablet":{"background-color":"var(--ast-global-color-5)","background-image":"","background-repeat":"repeat","background-position":"center center","background-size":"auto","background-attachment":"scroll","background-type":"","background-media":"","overlay-type":"","overlay-color":"","overlay-opacity":"","overlay-gradient":""},"mobile":{"background-color":"var(--ast-global-color-5)","background-image":"","background-repeat":"repeat","background-position":"center center","background-size":"auto","background-attachment":"scroll","background-type":"","background-media":"","overlay-type":"","overlay-color":"","overlay-opacity":"","overlay-gradient":""}}},"product_brand":[],"product_cat":[48,47,49,430,40],"product_tag":[196,292,200,202,1050,990,222,408,439,438,189,362,546,281],"class_list":{"0":"post-5787","1":"product","2":"type-product","3":"status-publish","4":"has-post-thumbnail","6":"product_cat-casual","7":"product_cat-classic","8":"product_cat-loafer","9":"product_cat-men","10":"product_cat-mens-shoes","11":"product_tag-black-leather-shoes","12":"product_tag-brown-leather-shoes","13":"product_tag-business-casual","14":"product_tag-calf-leather","15":"product_tag-casual-derby","16":"product_tag-classic-leather-shoes","17":"product_tag-comfortable-shoes","18":"product_tag-dark-brown-shoes","19":"product_tag-durable-shoes","20":"product_tag-eva-sole","21":"product_tag-goat-leather-lining","22":"product_tag-premium-footwear","23":"product_tag-stylish-mens-shoes","24":"product_tag-wholesale-shoes","25":"desktop-align-center","26":"tablet-align-center","27":"mobile-align-center","29":"first","30":"instock","31":"shipping-taxable","32":"purchasable","33":"product-type-variable","34":"has-default-attributes"},"acf":[],"uagb_featured_image_src":{"full":["https:\/\/turkishtrade.co\/wp-content\/uploads\/2026\/01\/2400EJOMN00265-DARK-BROWN-X_433.png",453,250,false],"thumbnail":["https:\/\/turkishtrade.co\/wp-content\/uploads\/2026\/01\/2400EJOMN00265-DARK-BROWN-X_433-150x150.png",150,150,true],"medium":["https:\/\/turkishtrade.co\/wp-content\/uploads\/2026\/01\/2400EJOMN00265-DARK-BROWN-X_433-300x166.png",300,166,true],"medium_large":["https:\/\/turkishtrade.co\/wp-content\/uploads\/2026\/01\/2400EJOMN00265-DARK-BROWN-X_433.png",453,250,false],"large":["https:\/\/turkishtrade.co\/wp-content\/uploads\/2026\/01\/2400EJOMN00265-DARK-BROWN-X_433.png",453,250,false],"1536x1536":["https:\/\/turkishtrade.co\/wp-content\/uploads\/2026\/01\/2400EJOMN00265-DARK-BROWN-X_433.png",453,250,false],"2048x2048":["https:\/\/turkishtrade.co\/wp-content\/uploads\/2026\/01\/2400EJOMN00265-DARK-BROWN-X_433.png",453,250,false],"trp-custom-language-flag":["https:\/\/turkishtrade.co\/wp-content\/uploads\/2026\/01\/2400EJOMN00265-DARK-BROWN-X_433-18x10.png",18,10,true],"woocommerce_thumbnail":["https:\/\/turkishtrade.co\/wp-content\/uploads\/2026\/01\/2400EJOMN00265-DARK-BROWN-X_433-400x250.png",400,250,true],"woocommerce_single":["https:\/\/turkishtrade.co\/wp-content\/uploads\/2026\/01\/2400EJOMN00265-DARK-BROWN-X_433.png",453,250,false],"woocommerce_gallery_thumbnail":["https:\/\/turkishtrade.co\/wp-content\/uploads\/2026\/01\/2400EJOMN00265-DARK-BROWN-X_433-100x100.png",100,100,true]},"uagb_author_info":{"display_name":"yaser olabi","author_link":"https:\/\/turkishtrade.co\/tr\/author\/"},"uagb_comment_info":0,"uagb_excerpt":"Outer Material: Premium Calf Leather Inner Lining: Soft Goat Leather Sole Material: Lightweight &amp; Durable EVA Heel Height: Approximately 1-3 cm Available Sizes: EU 39-45 Minimum Order Quantity: 8 Pairs Delivery Time: 12 Days + Shipping","_links":{"self":[{"href":"https:\/\/turkishtrade.co\/tr\/wp-json\/wp\/v2\/product\/5787","targetHints":{"allow":["GET"]}}],"collection":[{"href":"https:\/\/turkishtrade.co\/tr\/wp-json\/wp\/v2\/product"}],"about":[{"href":"https:\/\/turkishtrade.co\/tr\/wp-json\/wp\/v2\/types\/product"}],"wp:featuredmedia":[{"embeddable":true,"href":"https:\/\/turkishtrade.co\/tr\/wp-json\/wp\/v2\/media\/3876"}],"wp:attachment":[{"href":"https:\/\/turkishtrade.co\/tr\/wp-json\/wp\/v2\/media?parent=5787"}],"wp:term":[{"taxonomy":"product_brand","embeddable":true,"href":"https:\/\/turkishtrade.co\/tr\/wp-json\/wp\/v2\/product_brand?post=5787"},{"taxonomy":"product_cat","embeddable":true,"href":"https:\/\/turkishtrade.co\/tr\/wp-json\/wp\/v2\/product_cat?post=5787"},{"taxonomy":"product_tag","embeddable":true,"href":"https:\/\/turkishtrade.co\/tr\/wp-json\/wp\/v2\/product_tag?post=5787"}],"curies":[{"name":"wp","href":"https:\/\/api.w.org\/{rel}","templated":true}]}}