{"id":5785,"date":"2026-01-14T13:14:57","date_gmt":"2026-01-14T13:14:57","guid":{"rendered":"https:\/\/turkishtrade.co\/product\/mens-brown-leather-derby-shoes-4\/"},"modified":"2026-04-09T19:24:07","modified_gmt":"2026-04-09T19:24:07","slug":"mens-brown-leather-derby-shoes-4","status":"publish","type":"product","link":"https:\/\/turkishtrade.co\/tr\/shop\/mens-brown-leather-derby-shoes-4\/","title":{"rendered":"T\u0131knaz EVA Tabanl\u0131 Premium Kahverengi Dana Derisi Derby Ayakkab\u0131"},"content":{"rendered":"<p><strong>Erkek Kahverengi Deri Derby Ayakkab\u0131<\/strong><\/p>\n<p>Stil, konfor ve dayan\u0131kl\u0131l\u0131\u011f\u0131n m\u00fckemmel kar\u0131\u015f\u0131m\u0131n\u0131 ke\u015ffedin <b>Premium Kahverengi Dana Derisi Derby Ayakkab\u0131<\/b>. Modern erkek i\u00e7in tasarlanan bu ola\u011fan\u00fcst\u00fc <b>erkek kahverengi deri derby ayakkab\u0131<\/b> \u015f\u0131k g\u00fcndelik giyimden sofistike g\u00fcnl\u00fck giyime zahmetsizce ge\u00e7i\u015f yaparak her se\u00e7kin gard\u0131rop i\u00e7in temel bir unsurdur. Bu ayakkab\u0131lar\u0131 di\u011ferlerinden ay\u0131ran benzersiz i\u015f\u00e7ili\u011fi ve g\u00f6z al\u0131c\u0131 tasar\u0131m\u0131 deneyimleyin.<\/p>\n<p><h3>Rakipsiz Kalite ve Malzemeler<\/h3>\n<\/p>\n<p>Bu zarif \u00e7iftlerin her biri <b>erkek kahverengi deri derby ayakkab\u0131<\/b> d\u0131\u015f y\u00fczeyi i\u00e7in en iyi hakiki dana derisinden titizlikle \u00fcretilmi\u015ftir. Bu birinci s\u0131n\u0131f dana derisi sadece \u00e7arp\u0131c\u0131 bir zengin kahverengi renk tonu sa\u011flamakla kalmaz, ayn\u0131 zamanda ola\u011fan\u00fcst\u00fc dayan\u0131kl\u0131l\u0131k ve zaman i\u00e7inde g\u00fczel bir \u015fekilde ya\u015flanacak do\u011fal, zarif bir doku sunar. Sa\u011flam yap\u0131s\u0131, bu ayakkab\u0131lar\u0131n bozulmam\u0131\u015f g\u00f6r\u00fcn\u00fcm\u00fcn\u00fc korurken g\u00fcnl\u00fck kullan\u0131m\u0131n zorluklar\u0131na dayanabilmesini sa\u011flar.<\/p>\n<p>Yumu\u015fak ve nefes alabilen ke\u00e7i derisi astar sayesinde ayaklar\u0131n\u0131z l\u00fcks i\u00e7inde sar\u0131lacak ve g\u00fcn boyunca maksimum konfor sa\u011flayacakt\u0131r. Bu \u00fcst\u00fcn malzeme kombinasyonu, her bir \u00e7ift i\u00e7in harcanan kalite ve detaylara g\u00f6sterilen \u00f6zen hakk\u0131nda \u00e7ok \u015fey anlat\u0131yor.<\/p>\n<p><h3>T\u0131knaz EVA Taban ile Konfor \u00c7a\u011fda\u015f Stil ile Bulu\u015fuyor<\/h3>\n<\/p>\n<p>Bunlar\u0131 ger\u00e7ekten belirleyen \u015fey <b>erkek kahverengi deri derby ayakkab\u0131<\/b> bir di\u011fer \u00f6zelli\u011fi de yenilik\u00e7i kal\u0131n EVA taban\u0131d\u0131r. Bu hafif ama inan\u0131lmaz derecede dayan\u0131kl\u0131 EVA taban, \u00fcst\u00fcn yast\u0131klama, \u015fok emilimi ve esneklik sa\u011flayarak her ad\u0131m\u0131 bir zevk haline getirir. Kal\u0131n tasar\u0131m\u0131 modern ve modaya uygun bir estetik katmakla kalmaz, ayn\u0131 zamanda geli\u015fmi\u015f destek ve denge sunar.<\/p>\n<p>Geleneksel elbise ayakkab\u0131lar\u0131n\u0131n aksine EVA taban, dengeden \u00f6d\u00fcn vermeden rahat bir y\u00fckselme sa\u011flar ve ayaklar\u0131n\u0131z\u0131n \u00fczerinde ge\u00e7irece\u011finiz uzun g\u00fcnler i\u00e7in m\u00fckemmeldir. Ba\u011fc\u0131kl\u0131 tasar\u0131m, ki\u015fiselle\u015ftirilmi\u015f konfor i\u00e7in aya\u011f\u0131n\u0131za uyum sa\u011flayarak g\u00fcvenli ve ayarlanabilir bir uyum sa\u011flar.<\/p>\n<p><h3>Toptan ve Toplu Sipari\u015fler i\u00e7in \u0130deal<\/h3>\n<\/p>\n<p>M\u00fc\u015fterilerine birinci s\u0131n\u0131f, \u015f\u0131k ve rahat ayakkab\u0131lar sunmak isteyen i\u015fletmeler i\u00e7in bu <b>erkek kahverengi deri derby ayakkab\u0131<\/b> m\u00fckemmel bir se\u00e7imdir. Sadece 8 \u00e7ift minimum sipari\u015f gereksinimi ile toptan sat\u0131\u015f taleplerini kar\u015f\u0131l\u0131yoruz, bu da bu pop\u00fcler stili stoklamay\u0131 kolayla\u015ft\u0131r\u0131yor. Yakla\u015f\u0131k 12 g\u00fcnl\u00fck g\u00fcvenilir teslimat s\u00fcresi ve nakliye ile envanterinizin verimli bir \u015fekilde yenilenmesini sa\u011flayabilirsiniz.<\/p>\n<p>Bu y\u00fcksek kaliteli ayakkab\u0131lar, m\u00fc\u015fterilerinizin farkl\u0131 ihtiya\u00e7lar\u0131n\u0131 kar\u015f\u0131layabilmenizi sa\u011flamak i\u00e7in 39 ila 45 numara aras\u0131nda kapsaml\u0131 bir yelpazede mevcuttur. Bu birinci s\u0131n\u0131f kahverengi dana derisi derby ayakkab\u0131larla ayakkab\u0131 koleksiyonunuzu geli\u015ftirin ve m\u00fc\u015fterilerinizi memnun edin.<\/p>","protected":false},"excerpt":{"rendered":"<ul>\n<li><b>Enfes Malzeme:<\/b> Zengin ve dayan\u0131kl\u0131 bir d\u0131\u015f y\u00fczey i\u00e7in 100% hakiki dana derisinden \u00fcretilmi\u015ftir.<\/li>\n<li><b>\u00dcst\u00fcn Konfor:<\/b> Ola\u011fan\u00fcst\u00fc nefes alabilirlik ve l\u00fcks his i\u00e7in yumu\u015fak ke\u00e7i derisi ile astarlanm\u0131\u015ft\u0131r.<\/li>\n<li><b>Modern Tasar\u0131m:<\/b> \u00dcst\u00fcn konfor ve \u00e7a\u011fda\u015f bir g\u00f6r\u00fcn\u00fcm i\u00e7in kendine \u00f6zg\u00fc kal\u0131n EVA tabana sahiptir.<\/li>\n<li><b>\u00c7ok Y\u00f6nl\u00fc Boyutland\u0131rma:<\/b> Geni\u015f bir m\u00fc\u015fteri yelpazesine uymas\u0131 i\u00e7in 39, 40, 41, 42, 43, 44, 45 bedenleri mevcuttur.<\/li>\n<li><b>Toptan Sat\u0131\u015fa Haz\u0131r:<\/b> Minimum 8 \u00e7ift sipari\u015f ve tahmini teslimat s\u00fcresi 12 g\u00fcn art\u0131 nakliye.<\/li>\n<\/ul>","protected":false},"featured_media":3873,"template":"","meta":{"_acf_changed":false,"_uag_custom_page_level_css":"","site-sidebar-layout":"default","site-content-layout":"","ast-site-content-layout":"default","site-content-style":"default","site-sidebar-style":"default","ast-global-header-display":"","ast-banner-title-visibility":"","ast-main-header-display":"","ast-hfb-above-header-display":"","ast-hfb-below-header-display":"","ast-hfb-mobile-header-display":"","site-post-title":"","ast-breadcrumbs-content":"","ast-featured-img":"","footer-sml-layout":"","ast-disable-related-posts":"","theme-transparent-header-meta":"","adv-header-id-meta":"","stick-header-meta":"","header-above-stick-meta":"","header-main-stick-meta":"","header-below-stick-meta":"","astra-migrate-meta-layouts":"default","ast-page-background-enabled":"default","ast-page-background-meta":{"desktop":{"background-color":"var(--ast-global-color-4)","background-image":"","background-repeat":"repeat","background-position":"center center","background-size":"auto","background-attachment":"scroll","background-type":"","background-media":"","overlay-type":"","overlay-color":"","overlay-opacity":"","overlay-gradient":""},"tablet":{"background-color":"","background-image":"","background-repeat":"repeat","background-position":"center center","background-size":"auto","background-attachment":"scroll","background-type":"","background-media":"","overlay-type":"","overlay-color":"","overlay-opacity":"","overlay-gradient":""},"mobile":{"background-color":"","background-image":"","background-repeat":"repeat","background-position":"center center","background-size":"auto","background-attachment":"scroll","background-type":"","background-media":"","overlay-type":"","overlay-color":"","overlay-opacity":"","overlay-gradient":""}},"ast-content-background-meta":{"desktop":{"background-color":"var(--ast-global-color-5)","background-image":"","background-repeat":"repeat","background-position":"center center","background-size":"auto","background-attachment":"scroll","background-type":"","background-media":"","overlay-type":"","overlay-color":"","overlay-opacity":"","overlay-gradient":""},"tablet":{"background-color":"var(--ast-global-color-5)","background-image":"","background-repeat":"repeat","background-position":"center center","background-size":"auto","background-attachment":"scroll","background-type":"","background-media":"","overlay-type":"","overlay-color":"","overlay-opacity":"","overlay-gradient":""},"mobile":{"background-color":"var(--ast-global-color-5)","background-image":"","background-repeat":"repeat","background-position":"center center","background-size":"auto","background-attachment":"scroll","background-type":"","background-media":"","overlay-type":"","overlay-color":"","overlay-opacity":"","overlay-gradient":""}}},"product_brand":[],"product_cat":[48,47,49,430,40],"product_tag":[218,202,449,436,212,438,437,227,198,362,281],"class_list":{"0":"post-5785","1":"product","2":"type-product","3":"status-publish","4":"has-post-thumbnail","6":"product_cat-casual","7":"product_cat-classic","8":"product_cat-loafer","9":"product_cat-men","10":"product_cat-mens-shoes","11":"product_tag-brown-shoes","12":"product_tag-calf-leather","13":"product_tag-casual-shoes","14":"product_tag-chunky-sole","15":"product_tag-derby-shoes","16":"product_tag-eva-sole","17":"product_tag-goat-leather","18":"product_tag-leather-shoes","19":"product_tag-mens-fashion","20":"product_tag-premium-footwear","21":"product_tag-wholesale-shoes","22":"desktop-align-center","23":"tablet-align-center","24":"mobile-align-center","26":"first","27":"instock","28":"shipping-taxable","29":"purchasable","30":"product-type-variable","31":"has-default-attributes"},"acf":[],"uagb_featured_image_src":{"full":["https:\/\/turkishtrade.co\/wp-content\/uploads\/2026\/01\/2400EJOMN00264-CAMEL-DKS_876-6-USD.png",453,250,false],"thumbnail":["https:\/\/turkishtrade.co\/wp-content\/uploads\/2026\/01\/2400EJOMN00264-CAMEL-DKS_876-6-USD-150x150.png",150,150,true],"medium":["https:\/\/turkishtrade.co\/wp-content\/uploads\/2026\/01\/2400EJOMN00264-CAMEL-DKS_876-6-USD-300x166.png",300,166,true],"medium_large":["https:\/\/turkishtrade.co\/wp-content\/uploads\/2026\/01\/2400EJOMN00264-CAMEL-DKS_876-6-USD.png",453,250,false],"large":["https:\/\/turkishtrade.co\/wp-content\/uploads\/2026\/01\/2400EJOMN00264-CAMEL-DKS_876-6-USD.png",453,250,false],"1536x1536":["https:\/\/turkishtrade.co\/wp-content\/uploads\/2026\/01\/2400EJOMN00264-CAMEL-DKS_876-6-USD.png",453,250,false],"2048x2048":["https:\/\/turkishtrade.co\/wp-content\/uploads\/2026\/01\/2400EJOMN00264-CAMEL-DKS_876-6-USD.png",453,250,false],"trp-custom-language-flag":["https:\/\/turkishtrade.co\/wp-content\/uploads\/2026\/01\/2400EJOMN00264-CAMEL-DKS_876-6-USD-18x10.png",18,10,true],"woocommerce_thumbnail":["https:\/\/turkishtrade.co\/wp-content\/uploads\/2026\/01\/2400EJOMN00264-CAMEL-DKS_876-6-USD-400x250.png",400,250,true],"woocommerce_single":["https:\/\/turkishtrade.co\/wp-content\/uploads\/2026\/01\/2400EJOMN00264-CAMEL-DKS_876-6-USD.png",453,250,false],"woocommerce_gallery_thumbnail":["https:\/\/turkishtrade.co\/wp-content\/uploads\/2026\/01\/2400EJOMN00264-CAMEL-DKS_876-6-USD-100x100.png",100,100,true]},"uagb_author_info":{"display_name":"yaser olabi","author_link":"https:\/\/turkishtrade.co\/tr\/author\/"},"uagb_comment_info":0,"uagb_excerpt":"Exquisite Material: Crafted from 100% genuine calf leather for a rich, durable exterior. Ultimate Comfort: Lined with soft goat leather for exceptional breathability and luxurious feel. Modern Design: Features a distinctive chunky EVA sole for superior comfort and a contemporary look. Versatile Sizing: Available in sizes 39, 40, 41, 42, 43, 44, 45 to fit&hellip;","_links":{"self":[{"href":"https:\/\/turkishtrade.co\/tr\/wp-json\/wp\/v2\/product\/5785","targetHints":{"allow":["GET"]}}],"collection":[{"href":"https:\/\/turkishtrade.co\/tr\/wp-json\/wp\/v2\/product"}],"about":[{"href":"https:\/\/turkishtrade.co\/tr\/wp-json\/wp\/v2\/types\/product"}],"wp:featuredmedia":[{"embeddable":true,"href":"https:\/\/turkishtrade.co\/tr\/wp-json\/wp\/v2\/media\/3873"}],"wp:attachment":[{"href":"https:\/\/turkishtrade.co\/tr\/wp-json\/wp\/v2\/media?parent=5785"}],"wp:term":[{"taxonomy":"product_brand","embeddable":true,"href":"https:\/\/turkishtrade.co\/tr\/wp-json\/wp\/v2\/product_brand?post=5785"},{"taxonomy":"product_cat","embeddable":true,"href":"https:\/\/turkishtrade.co\/tr\/wp-json\/wp\/v2\/product_cat?post=5785"},{"taxonomy":"product_tag","embeddable":true,"href":"https:\/\/turkishtrade.co\/tr\/wp-json\/wp\/v2\/product_tag?post=5785"}],"curies":[{"name":"wp","href":"https:\/\/api.w.org\/{rel}","templated":true}]}}