{"id":5781,"date":"2026-01-14T13:14:12","date_gmt":"2026-01-14T13:14:12","guid":{"rendered":"https:\/\/turkishtrade.co\/product\/mens-navy-leather-derby-shoes-3\/"},"modified":"2026-04-09T19:24:14","modified_gmt":"2026-04-09T19:24:14","slug":"mens-navy-leather-derby-shoes-3","status":"publish","type":"product","link":"https:\/\/turkishtrade.co\/tr\/shop\/mens-navy-leather-derby-shoes-3\/","title":{"rendered":"L\u00fcks Erkek Lacivert Dana Derisi Derby Ayakkab\u0131, Timsah Kabartmal\u0131 Detay"},"content":{"rendered":"<p><strong>Erkek Lacivert Deri Derby Ayakkab\u0131<\/strong><\/p>\n<p>Ayakkab\u0131 koleksiyonunuzu se\u00e7kin \u00fcr\u00fcnlerimizle geli\u015ftirin <b>Erkek Lacivert Deri Derby Ayakkab\u0131<\/b>. Se\u00e7kin beyefendiler i\u00e7in haz\u0131rlanm\u0131\u015f bu birinci s\u0131n\u0131f <b>Erkek Lacivert Deri Derby Ayakkab\u0131<\/b> klasik \u015f\u0131kl\u0131\u011f\u0131 modern konforla harmanl\u0131yor. Benzersiz timsah kabartmal\u0131 dana derisi panellerle tamamlanan sofistike lacivert tonu, bu <b>Erkek Lacivert Deri Derby Ayakkab\u0131<\/b> i\u015f hayat\u0131ndan hafta sonu \u015f\u0131kl\u0131\u011f\u0131na kadar her durum i\u00e7in g\u00f6ze \u00e7arpan bir se\u00e7im.<\/p>\n<p><h3>Benzersiz \u0130\u015f\u00e7ilik ve Malzemeler<\/h3>\n<\/p>\n<p>\u00dcst\u00fcn malzemelerin fark\u0131n\u0131 ya\u015fay\u0131n. Bunlar\u0131n d\u0131\u015f y\u00fczeyi <b>Erkek Lacivert Deri Derby Ayakkab\u0131<\/b> dayan\u0131kl\u0131l\u0131\u011f\u0131 ve l\u00fcks y\u00fczeyiyle tan\u0131nan y\u00fcksek kaliteli dana derisinden titizlikle \u00fcretilmi\u015ftir. Burun kapa\u011f\u0131 ve yan panellerdeki ay\u0131rt edici timsah kabartmal\u0131 doku, \u0131smarlama sanatsal bir dokunu\u015f katarak bu ayakkab\u0131lar\u0131 <b>Erkek Lacivert Deri Derby Ayakkab\u0131<\/b> ayr\u0131.<\/p>\n<p>\u0130\u00e7 k\u0131s\u0131mda, ayaklar\u0131n\u0131z g\u00fcn boyunca nefes alabilirlik ve ola\u011fan\u00fcst\u00fc konfor sa\u011flayan hakiki ke\u00e7i derisi astar\u0131n yumu\u015fakl\u0131\u011f\u0131n\u0131n keyfini \u00e7\u0131karacak. Kaliteye olan bu ba\u011fl\u0131l\u0131k, bu ayakkab\u0131lar\u0131 <b>Erkek Lacivert Deri Derby Ayakkab\u0131<\/b> sadece bir ayakkab\u0131 de\u011fil, stil ve konfora yap\u0131lan bir yat\u0131r\u0131md\u0131r.<\/p>\n<p><h3>Konfor ve Stil i\u00e7in Tasarland\u0131<\/h3>\n<\/p>\n<p>Bizim <b>Erkek Lacivert Deri Derby Ayakkab\u0131<\/b> m\u00fckemmel \u015fok emilimi ve esneklik sa\u011flayan hafif ancak sa\u011flam bir EVA taban ile tasarlanm\u0131\u015ft\u0131r. Bu kal\u0131n, pabu\u00e7lu taban, ayakkab\u0131n\u0131n zarif profilini korurken \u00e7a\u011fda\u015f bir kenar sunar ve onu \u00e7e\u015fitli araziler ve uzun s\u00fcreli kullan\u0131mlar i\u00e7in uygun hale getirir. 1-3 cm'lik rahat topuk y\u00fcksekli\u011fi ile bu <b>Erkek Lacivert Deri Derby Ayakkab\u0131<\/b> dengeden \u00f6d\u00fcn vermeden ince bir y\u00fckselme sunar.<\/p>\n<p>39'dan 45'e kadar geni\u015f bir beden yelpazesinde mevcut oldu\u011fundan, m\u00fckemmel uyumunuzu bulmak zahmetsizdir.<\/p>\n<p><h3>Toptan Sat\u0131\u015f F\u0131rsat\u0131<\/h3>\n<\/p>\n<p>\u00dcst\u00fcn kaliteli ayakkab\u0131lar sunmak isteyen perakendeciler ve i\u015fletmeler i\u00e7in <b>Erkek Lacivert Deri Derby Ayakkab\u0131<\/b> toptan sat\u0131n al\u0131nabilir. Minimum 8 \u00e7ift sipari\u015f ile bu pop\u00fcler stili kolayca stoklayabilirsiniz. Sipari\u015flerin 12 g\u00fcn art\u0131 nakliye s\u00fcresi i\u00e7inde g\u00f6nderilmesiyle h\u0131zl\u0131 teslimat sa\u011fl\u0131yoruz. Ayr\u0131nt\u0131l\u0131 fiyat bilgisi almak ve bu ola\u011fan\u00fcst\u00fc \u00fcr\u00fcnlere y\u00f6nelik toptan sipari\u015finizi vermek i\u00e7in bug\u00fcn bize ula\u015f\u0131n <b>Erkek Lacivert Deri Derby Ayakkab\u0131<\/b>.<\/p>","protected":false},"excerpt":{"rendered":"<ul>\n<li>Kendine \u00f6zg\u00fc krok kabartmal\u0131 panellere sahip birinci s\u0131n\u0131f dana derisinden \u00fcretilmi\u015ftir.<\/li>\n<li>\u00dcst\u00fcn konfor ve nefes alabilirlik i\u00e7in esnek ke\u00e7i derisi ile astarlanm\u0131\u015ft\u0131r.<\/li>\n<li>G\u00fcn boyu kullan\u0131m i\u00e7in hafif ama dayan\u0131kl\u0131 EVA tabanla donat\u0131lm\u0131\u015ft\u0131r.<\/li>\n<li>Zarif ba\u011fc\u0131kl\u0131 kapamas\u0131yla sofistike lacivert renk tonuna sahiptir.<\/li>\n<li>Geni\u015f bir beden yelpazesinde mevcuttur: 39, 40, 41, 42, 43, 44, 45.<\/li>\n<li>Toptan sat\u0131\u015f i\u00e7in minimum sipari\u015f miktar\u0131: 8 \u00e7ift.<\/li>\n<li>Talep \u00fczerine toptan fiyatland\u0131rma mevcuttur.<\/li>\n<li>Teslimat s\u00fcresi: 12 g\u00fcn art\u0131 nakliye.<\/li>\n<\/ul>","protected":false},"featured_media":3871,"template":"","meta":{"_acf_changed":false,"_uag_custom_page_level_css":"","site-sidebar-layout":"default","site-content-layout":"","ast-site-content-layout":"default","site-content-style":"default","site-sidebar-style":"default","ast-global-header-display":"","ast-banner-title-visibility":"","ast-main-header-display":"","ast-hfb-above-header-display":"","ast-hfb-below-header-display":"","ast-hfb-mobile-header-display":"","site-post-title":"","ast-breadcrumbs-content":"","ast-featured-img":"","footer-sml-layout":"","ast-disable-related-posts":"","theme-transparent-header-meta":"","adv-header-id-meta":"","stick-header-meta":"","header-above-stick-meta":"","header-main-stick-meta":"","header-below-stick-meta":"","astra-migrate-meta-layouts":"default","ast-page-background-enabled":"default","ast-page-background-meta":{"desktop":{"background-color":"var(--ast-global-color-4)","background-image":"","background-repeat":"repeat","background-position":"center center","background-size":"auto","background-attachment":"scroll","background-type":"","background-media":"","overlay-type":"","overlay-color":"","overlay-opacity":"","overlay-gradient":""},"tablet":{"background-color":"","background-image":"","background-repeat":"repeat","background-position":"center center","background-size":"auto","background-attachment":"scroll","background-type":"","background-media":"","overlay-type":"","overlay-color":"","overlay-opacity":"","overlay-gradient":""},"mobile":{"background-color":"","background-image":"","background-repeat":"repeat","background-position":"center center","background-size":"auto","background-attachment":"scroll","background-type":"","background-media":"","overlay-type":"","overlay-color":"","overlay-opacity":"","overlay-gradient":""}},"ast-content-background-meta":{"desktop":{"background-color":"var(--ast-global-color-5)","background-image":"","background-repeat":"repeat","background-position":"center center","background-size":"auto","background-attachment":"scroll","background-type":"","background-media":"","overlay-type":"","overlay-color":"","overlay-opacity":"","overlay-gradient":""},"tablet":{"background-color":"var(--ast-global-color-5)","background-image":"","background-repeat":"repeat","background-position":"center center","background-size":"auto","background-attachment":"scroll","background-type":"","background-media":"","overlay-type":"","overlay-color":"","overlay-opacity":"","overlay-gradient":""},"mobile":{"background-color":"var(--ast-global-color-5)","background-image":"","background-repeat":"repeat","background-position":"center center","background-size":"auto","background-attachment":"scroll","background-type":"","background-media":"","overlay-type":"","overlay-color":"","overlay-opacity":"","overlay-gradient":""}}},"product_brand":[],"product_cat":[48,47,49,430,40],"product_tag":[200,202,638,978,438,189,981,416,198,479,380,281],"class_list":{"0":"post-5781","1":"product","2":"type-product","3":"status-publish","4":"has-post-thumbnail","6":"product_cat-casual","7":"product_cat-classic","8":"product_cat-loafer","9":"product_cat-men","10":"product_cat-mens-shoes","11":"product_tag-business-casual","12":"product_tag-calf-leather","13":"product_tag-cap-toe","14":"product_tag-dress-casual-shoes","15":"product_tag-eva-sole","16":"product_tag-goat-leather-lining","17":"product_tag-leather-derby","18":"product_tag-luxury-shoes","19":"product_tag-mens-fashion","20":"product_tag-navy-shoes","21":"product_tag-smart-casual-footwear","22":"product_tag-wholesale-shoes","23":"desktop-align-center","24":"tablet-align-center","25":"mobile-align-center","27":"first","28":"instock","29":"shipping-taxable","30":"purchasable","31":"product-type-variable","32":"has-default-attributes"},"acf":[],"uagb_featured_image_src":{"full":["https:\/\/turkishtrade.co\/wp-content\/uploads\/2026\/01\/2400EJOMN00262-DARK-BLUE-Z_874-1-usd.png",453,250,false],"thumbnail":["https:\/\/turkishtrade.co\/wp-content\/uploads\/2026\/01\/2400EJOMN00262-DARK-BLUE-Z_874-1-usd-150x150.png",150,150,true],"medium":["https:\/\/turkishtrade.co\/wp-content\/uploads\/2026\/01\/2400EJOMN00262-DARK-BLUE-Z_874-1-usd-300x166.png",300,166,true],"medium_large":["https:\/\/turkishtrade.co\/wp-content\/uploads\/2026\/01\/2400EJOMN00262-DARK-BLUE-Z_874-1-usd.png",453,250,false],"large":["https:\/\/turkishtrade.co\/wp-content\/uploads\/2026\/01\/2400EJOMN00262-DARK-BLUE-Z_874-1-usd.png",453,250,false],"1536x1536":["https:\/\/turkishtrade.co\/wp-content\/uploads\/2026\/01\/2400EJOMN00262-DARK-BLUE-Z_874-1-usd.png",453,250,false],"2048x2048":["https:\/\/turkishtrade.co\/wp-content\/uploads\/2026\/01\/2400EJOMN00262-DARK-BLUE-Z_874-1-usd.png",453,250,false],"trp-custom-language-flag":["https:\/\/turkishtrade.co\/wp-content\/uploads\/2026\/01\/2400EJOMN00262-DARK-BLUE-Z_874-1-usd-18x10.png",18,10,true],"woocommerce_thumbnail":["https:\/\/turkishtrade.co\/wp-content\/uploads\/2026\/01\/2400EJOMN00262-DARK-BLUE-Z_874-1-usd-400x250.png",400,250,true],"woocommerce_single":["https:\/\/turkishtrade.co\/wp-content\/uploads\/2026\/01\/2400EJOMN00262-DARK-BLUE-Z_874-1-usd.png",453,250,false],"woocommerce_gallery_thumbnail":["https:\/\/turkishtrade.co\/wp-content\/uploads\/2026\/01\/2400EJOMN00262-DARK-BLUE-Z_874-1-usd-100x100.png",100,100,true]},"uagb_author_info":{"display_name":"yaser olabi","author_link":"https:\/\/turkishtrade.co\/tr\/author\/"},"uagb_comment_info":0,"uagb_excerpt":"Crafted from premium calf leather with distinctive croc-embossed panels. Lined with supple goat leather for superior comfort and breathability. Equipped with a lightweight yet durable EVA sole for all-day wear. Features a sophisticated navy blue hue with elegant lace-up closure. Available in a wide range of sizes: 39, 40, 41, 42, 43, 44, 45. Minimum&hellip;","_links":{"self":[{"href":"https:\/\/turkishtrade.co\/tr\/wp-json\/wp\/v2\/product\/5781","targetHints":{"allow":["GET"]}}],"collection":[{"href":"https:\/\/turkishtrade.co\/tr\/wp-json\/wp\/v2\/product"}],"about":[{"href":"https:\/\/turkishtrade.co\/tr\/wp-json\/wp\/v2\/types\/product"}],"wp:featuredmedia":[{"embeddable":true,"href":"https:\/\/turkishtrade.co\/tr\/wp-json\/wp\/v2\/media\/3871"}],"wp:attachment":[{"href":"https:\/\/turkishtrade.co\/tr\/wp-json\/wp\/v2\/media?parent=5781"}],"wp:term":[{"taxonomy":"product_brand","embeddable":true,"href":"https:\/\/turkishtrade.co\/tr\/wp-json\/wp\/v2\/product_brand?post=5781"},{"taxonomy":"product_cat","embeddable":true,"href":"https:\/\/turkishtrade.co\/tr\/wp-json\/wp\/v2\/product_cat?post=5781"},{"taxonomy":"product_tag","embeddable":true,"href":"https:\/\/turkishtrade.co\/tr\/wp-json\/wp\/v2\/product_tag?post=5781"}],"curies":[{"name":"wp","href":"https:\/\/api.w.org\/{rel}","templated":true}]}}