{"id":5774,"date":"2026-01-14T13:13:03","date_gmt":"2026-01-14T13:13:03","guid":{"rendered":"https:\/\/turkishtrade.co\/product\/mens-black-leather-derby-shoes-6\/"},"modified":"2026-04-09T19:24:26","modified_gmt":"2026-04-09T19:24:26","slug":"mens-black-leather-derby-shoes-6","status":"publish","type":"product","link":"https:\/\/turkishtrade.co\/tr\/shop\/mens-black-leather-derby-shoes-6\/","title":{"rendered":"Erkek Premium Siyah Deri Derby Ayakkab\u0131"},"content":{"rendered":"<p><strong>Erkek Siyah Deri Derby Ayakkab\u0131<\/strong><\/p>\n<p>S\u0131ra d\u0131\u015f\u0131 \u00fcr\u00fcnlerimizle stil, konfor ve dayan\u0131kl\u0131l\u0131\u011f\u0131n m\u00fckemmel kar\u0131\u015f\u0131m\u0131n\u0131 ke\u015ffedin <strong>Erkek Siyah Deri Derby Ayakkab\u0131<\/strong>. Modern erkekler i\u00e7in tasarlanan bu ayakkab\u0131lar, profesyonel ortamlardan rahat hafta sonu gezmelerine sorunsuz bir \u015fekilde ge\u00e7i\u015f yapan sofistike bir g\u00f6r\u00fcn\u00fcm sunar. Bu ayakkab\u0131lar\u0131n her bir \u00e7ifti <strong>Erkek Siyah Deri Derby Ayakkab\u0131<\/strong> \u00fcst\u00fcn i\u015f\u00e7ili\u011fin bir kan\u0131t\u0131d\u0131r ve sadece iyi g\u00f6r\u00fcnmenizi de\u011fil, g\u00fcn boyunca harika hissetmenizi sa\u011flar.<\/p>\n<p><h3>Benzersiz \u0130\u015f\u00e7ilik ve \u00dcst\u00fcn Kaliteli Malzemeler<\/h3>\n<\/p>\n<p>Bu ola\u011fan\u00fcst\u00fc ayakkab\u0131lar\u0131n kalbinde kaliteye olan ba\u011fl\u0131l\u0131k yat\u0131yor. D\u0131\u015f y\u00fczeyi, esnek dokusu, sa\u011flaml\u0131\u011f\u0131 ve zarif y\u00fczeyiyle tan\u0131nan hakiki dana derisinden titizlikle \u00fcretilmi\u015ftir. Bu birinci s\u0131n\u0131f deri, ayakkab\u0131n\u0131z\u0131n <strong>Erkek Siyah Deri Derby Ayakkab\u0131<\/strong> zaman i\u00e7inde benzersiz bir patine geli\u015ftirerek g\u00fczelce ya\u015flanacakt\u0131r.<\/p>\n<p>\u0130\u00e7 k\u0131s\u0131mda, ayaklar\u0131n\u0131z ke\u00e7i derisi astar\u0131n l\u00fcks yumu\u015fakl\u0131\u011f\u0131 ile sar\u0131l\u0131r ve uzun s\u00fcreli kullan\u0131mda bile yorgunlu\u011fu azaltan ola\u011fan\u00fcst\u00fc nefes alabilirlik ve konfor sa\u011flar. Sa\u011flam ancak hafif EVA taban, m\u00fckemmel yast\u0131klama ve \u015fok emilimi sunarak bu ayakkab\u0131lar\u0131 g\u00fcnl\u00fck kullan\u0131m i\u00e7in inan\u0131lmaz derecede rahat hale getirir. 1-3 cm aras\u0131nda de\u011fi\u015fen klasik al\u00e7ak topuk \u00f6l\u00e7\u00fcs\u00fcne sahip bu g\u00fcndelik derby ayakkab\u0131lar, stilden \u00f6d\u00fcn vermeden dengeli bir destek sa\u011flar.<\/p>\n<p><h3>\u00c7ok Y\u00f6nl\u00fcl\u00fck ve Zamans\u0131z \u00c7ekicilik<\/h3>\n<\/p>\n<p>Bizim <strong>Erkek Siyah Deri Derby Ayakkab\u0131<\/strong> ayakkab\u0131dan daha fazlas\u0131d\u0131r; \u00e7ok y\u00f6nl\u00fc stile yap\u0131lan bir yat\u0131r\u0131md\u0131r. Zamans\u0131z siyah rengi ve klasik derby ba\u011fc\u0131klar\u0131yla her gard\u0131rop i\u00e7in vazge\u00e7ilmez bir eklentidir. Keskin bir i\u015f rahatl\u0131\u011f\u0131 g\u00f6r\u00fcn\u00fcm\u00fc i\u00e7in \u00f6zel dikim pantolonlarla e\u015fle\u015ftirin veya g\u00fcnl\u00fck bir topluluk i\u00e7in kot pantolon veya chino pantolonlarla giydirin.<\/p>\n<p>\u0130ster bir toplant\u0131ya kat\u0131l\u0131n, ister ak\u015fam yeme\u011fi i\u00e7in d\u0131\u015far\u0131 \u00e7\u0131k\u0131n ya da sadece y\u00fcr\u00fcy\u00fc\u015f\u00fcn tad\u0131n\u0131 \u00e7\u0131kar\u0131n, bu ayakkab\u0131lar \u00e7e\u015fitli durumlara zahmetsizce uyum sa\u011flar ve ger\u00e7ek bir gard\u0131rop elyaf\u0131 olarak de\u011ferini kan\u0131tlar. Dayan\u0131kl\u0131 yap\u0131s\u0131, bu ayakkab\u0131lar\u0131n <strong>Erkek Siyah Deri Derby Ayakkab\u0131<\/strong> gelecek sezonlar i\u00e7in tercih edilecek bir se\u00e7enek olacakt\u0131r.<\/p>\n<p><h3>Toptan Sat\u0131\u015f i\u00e7in Mevcut<\/h3>\n<\/p>\n<p>Y\u00fcksek kaliteli erkek ayakkab\u0131s\u0131 arayan perakendecilere ve i\u015fletmelere hitap ediyoruz. Bunlar <strong>Erkek Siyah Deri Derby Ayakkab\u0131<\/strong> minimum sipari\u015f miktar\u0131 8 \u00e7ift olmak \u00fczere toplu al\u0131m i\u00e7in mevcuttur. Geni\u015f bir m\u00fc\u015fteri taban\u0131na uyum sa\u011flamak i\u00e7in EU 39'dan 45'e kadar kapsaml\u0131 bir beden aral\u0131\u011f\u0131 sunuyoruz.<\/p>\n<p>Yakla\u015f\u0131k 12 g\u00fcnl\u00fck teslimat s\u00fcresinin yan\u0131 s\u0131ra sipari\u015finizin en k\u0131sa s\u00fcrede elinize ula\u015fmas\u0131n\u0131 sa\u011flayacak nakliye s\u00fcresini de bekleyin. Hem m\u00fc\u015fteri memnuniyeti hem de zamans\u0131z bir \u00e7ekicilik vaat eden bir \u00fcr\u00fcnle envanterinizi y\u00fckseltin. Kaliteye yat\u0131r\u0131m yap\u0131n, stile yat\u0131r\u0131m yap\u0131n ve birinci s\u0131n\u0131f \u00fcr\u00fcnlerimizi se\u00e7in <strong>Erkek Siyah Deri Derby Ayakkab\u0131<\/strong> Koleksiyonunuz i\u00e7in.<\/p>","protected":false},"excerpt":{"rendered":"<ul>\n<li><b>Enfes Malzeme:<\/b> \u00dcst\u00fcn konfor ve dayan\u0131kl\u0131l\u0131k i\u00e7in hakiki dana derisi d\u0131\u015f y\u00fczey ve yumu\u015fak ke\u00e7i derisi i\u00e7 k\u0131s\u0131m ile \u00fcretilmi\u015ftir.<\/li>\n<li><b>Konfor Odakl\u0131 Tasar\u0131m:<\/b> Hafif EVA taban ve g\u00fcn boyu kullan\u0131m i\u00e7in klasik al\u00e7ak topuk (1-3 cm) \u00f6zelliklerine sahiptir.<\/li>\n<li><b>\u00c7ok Y\u00f6nl\u00fc Stil:<\/b> Hem smart-casual hem de yar\u0131 resmi durumlar i\u00e7in m\u00fckemmeldir ve her k\u0131yafeti g\u00fczelle\u015ftirir.<\/li>\n<li><b>Mevcut Boyutlar:<\/b> EU 39'dan 45'e kadar kapsaml\u0131 bir yelpazede sunulmaktad\u0131r.<\/li>\n<li><b>Toplu Bulunabilirlik:<\/b> Minimum 8 \u00e7ift sipari\u015f; perakendeciler ve toptan sat\u0131\u015f ortaklar\u0131 i\u00e7in idealdir.<\/li>\n<li><b>Teslimat S\u00fcresi:<\/b> Kargo dahil 12 g\u00fcn i\u00e7inde teslim edilmesini bekleyin.<\/li>\n<\/ul>","protected":false},"featured_media":3867,"template":"","meta":{"_acf_changed":false,"_uag_custom_page_level_css":"","site-sidebar-layout":"default","site-content-layout":"","ast-site-content-layout":"default","site-content-style":"default","site-sidebar-style":"default","ast-global-header-display":"","ast-banner-title-visibility":"","ast-main-header-display":"","ast-hfb-above-header-display":"","ast-hfb-below-header-display":"","ast-hfb-mobile-header-display":"","site-post-title":"","ast-breadcrumbs-content":"","ast-featured-img":"","footer-sml-layout":"","ast-disable-related-posts":"","theme-transparent-header-meta":"","adv-header-id-meta":"","stick-header-meta":"","header-above-stick-meta":"","header-main-stick-meta":"","header-below-stick-meta":"","astra-migrate-meta-layouts":"default","ast-page-background-enabled":"default","ast-page-background-meta":{"desktop":{"background-color":"var(--ast-global-color-4)","background-image":"","background-repeat":"repeat","background-position":"center center","background-size":"auto","background-attachment":"scroll","background-type":"","background-media":"","overlay-type":"","overlay-color":"","overlay-opacity":"","overlay-gradient":""},"tablet":{"background-color":"","background-image":"","background-repeat":"repeat","background-position":"center center","background-size":"auto","background-attachment":"scroll","background-type":"","background-media":"","overlay-type":"","overlay-color":"","overlay-opacity":"","overlay-gradient":""},"mobile":{"background-color":"","background-image":"","background-repeat":"repeat","background-position":"center center","background-size":"auto","background-attachment":"scroll","background-type":"","background-media":"","overlay-type":"","overlay-color":"","overlay-opacity":"","overlay-gradient":""}},"ast-content-background-meta":{"desktop":{"background-color":"var(--ast-global-color-5)","background-image":"","background-repeat":"repeat","background-position":"center center","background-size":"auto","background-attachment":"scroll","background-type":"","background-media":"","overlay-type":"","overlay-color":"","overlay-opacity":"","overlay-gradient":""},"tablet":{"background-color":"var(--ast-global-color-5)","background-image":"","background-repeat":"repeat","background-position":"center center","background-size":"auto","background-attachment":"scroll","background-type":"","background-media":"","overlay-type":"","overlay-color":"","overlay-opacity":"","overlay-gradient":""},"mobile":{"background-color":"var(--ast-global-color-5)","background-image":"","background-repeat":"repeat","background-position":"center center","background-size":"auto","background-attachment":"scroll","background-type":"","background-media":"","overlay-type":"","overlay-color":"","overlay-opacity":"","overlay-gradient":""}}},"product_brand":[],"product_cat":[48,47,49,430,40],"product_tag":[605,202,449,222,212,438,487,221,437,227,198,1033,210],"class_list":{"0":"post-5774","1":"product","2":"type-product","3":"status-publish","4":"has-post-thumbnail","6":"product_cat-casual","7":"product_cat-classic","8":"product_cat-loafer","9":"product_cat-men","10":"product_cat-mens-shoes","11":"product_tag-black-shoes","12":"product_tag-calf-leather","13":"product_tag-casual-shoes","14":"product_tag-comfortable-shoes","15":"product_tag-derby-shoes","16":"product_tag-eva-sole","17":"product_tag-footwear","18":"product_tag-genuine-leather","19":"product_tag-goat-leather","20":"product_tag-leather-shoes","21":"product_tag-mens-fashion","22":"product_tag-mens-leather-casual-shoes","23":"product_tag-smart-casual","24":"desktop-align-center","25":"tablet-align-center","26":"mobile-align-center","28":"first","29":"instock","30":"shipping-taxable","31":"purchasable","32":"product-type-variable","33":"has-default-attributes"},"acf":[],"uagb_featured_image_src":{"full":["https:\/\/turkishtrade.co\/wp-content\/uploads\/2026\/01\/2400EJOMN00259-BLACK-TMO_2-3USD.png",453,250,false],"thumbnail":["https:\/\/turkishtrade.co\/wp-content\/uploads\/2026\/01\/2400EJOMN00259-BLACK-TMO_2-3USD-150x150.png",150,150,true],"medium":["https:\/\/turkishtrade.co\/wp-content\/uploads\/2026\/01\/2400EJOMN00259-BLACK-TMO_2-3USD-300x166.png",300,166,true],"medium_large":["https:\/\/turkishtrade.co\/wp-content\/uploads\/2026\/01\/2400EJOMN00259-BLACK-TMO_2-3USD.png",453,250,false],"large":["https:\/\/turkishtrade.co\/wp-content\/uploads\/2026\/01\/2400EJOMN00259-BLACK-TMO_2-3USD.png",453,250,false],"1536x1536":["https:\/\/turkishtrade.co\/wp-content\/uploads\/2026\/01\/2400EJOMN00259-BLACK-TMO_2-3USD.png",453,250,false],"2048x2048":["https:\/\/turkishtrade.co\/wp-content\/uploads\/2026\/01\/2400EJOMN00259-BLACK-TMO_2-3USD.png",453,250,false],"trp-custom-language-flag":["https:\/\/turkishtrade.co\/wp-content\/uploads\/2026\/01\/2400EJOMN00259-BLACK-TMO_2-3USD-18x10.png",18,10,true],"woocommerce_thumbnail":["https:\/\/turkishtrade.co\/wp-content\/uploads\/2026\/01\/2400EJOMN00259-BLACK-TMO_2-3USD-400x250.png",400,250,true],"woocommerce_single":["https:\/\/turkishtrade.co\/wp-content\/uploads\/2026\/01\/2400EJOMN00259-BLACK-TMO_2-3USD.png",453,250,false],"woocommerce_gallery_thumbnail":["https:\/\/turkishtrade.co\/wp-content\/uploads\/2026\/01\/2400EJOMN00259-BLACK-TMO_2-3USD-100x100.png",100,100,true]},"uagb_author_info":{"display_name":"yaser olabi","author_link":"https:\/\/turkishtrade.co\/tr\/author\/"},"uagb_comment_info":0,"uagb_excerpt":"Exquisite Material: Crafted with a genuine calf leather exterior and soft goat leather interior for ultimate comfort and durability. Comfort-Focused Design: Features a lightweight EVA sole and a classic low heel (1-3 cm) for all-day wear. Versatile Style: Perfect for both smart-casual and semi-formal occasions, enhancing any outfit. Available Sizes: Offered in a comprehensive range&hellip;","_links":{"self":[{"href":"https:\/\/turkishtrade.co\/tr\/wp-json\/wp\/v2\/product\/5774","targetHints":{"allow":["GET"]}}],"collection":[{"href":"https:\/\/turkishtrade.co\/tr\/wp-json\/wp\/v2\/product"}],"about":[{"href":"https:\/\/turkishtrade.co\/tr\/wp-json\/wp\/v2\/types\/product"}],"wp:featuredmedia":[{"embeddable":true,"href":"https:\/\/turkishtrade.co\/tr\/wp-json\/wp\/v2\/media\/3867"}],"wp:attachment":[{"href":"https:\/\/turkishtrade.co\/tr\/wp-json\/wp\/v2\/media?parent=5774"}],"wp:term":[{"taxonomy":"product_brand","embeddable":true,"href":"https:\/\/turkishtrade.co\/tr\/wp-json\/wp\/v2\/product_brand?post=5774"},{"taxonomy":"product_cat","embeddable":true,"href":"https:\/\/turkishtrade.co\/tr\/wp-json\/wp\/v2\/product_cat?post=5774"},{"taxonomy":"product_tag","embeddable":true,"href":"https:\/\/turkishtrade.co\/tr\/wp-json\/wp\/v2\/product_tag?post=5774"}],"curies":[{"name":"wp","href":"https:\/\/api.w.org\/{rel}","templated":true}]}}