{"id":5771,"date":"2026-01-14T13:12:34","date_gmt":"2026-01-14T13:12:34","guid":{"rendered":"https:\/\/turkishtrade.co\/product\/mens-leather-brogue-shoes-3\/"},"modified":"2026-04-09T19:24:31","modified_gmt":"2026-04-09T19:24:31","slug":"mens-leather-brogue-shoes-3","status":"publish","type":"product","link":"https:\/\/turkishtrade.co\/tr\/shop\/mens-leather-brogue-shoes-3\/","title":{"rendered":"EVA Tabanl\u0131 Premium Erkek Deri Wingtip Brogue Ayakkab\u0131"},"content":{"rendered":"<p><strong>Erkek Deri Brogue Ayakkab\u0131<\/strong><\/p>\n<p>Premium Erkek Deri Wingtip Brogue Ayakkab\u0131lar\u0131m\u0131zla sofistike bir stile ad\u0131m at\u0131n. Modern beyefendiler i\u00e7in titizlikle \u00fcretilen bu zarif ayakkab\u0131lar, zamans\u0131z tasar\u0131m\u0131 \u00e7a\u011fda\u015f konforla kusursuz bir \u015fekilde harmanl\u0131yor. \u0130ster bir i\u015f toplant\u0131s\u0131na, ister resmi bir etkinli\u011fe gidiyor olun, ister sadece g\u00fcndelik bir gezintinin tad\u0131n\u0131 \u00e7\u0131kar\u0131n, bu \u00e7ok y\u00f6nl\u00fc <b>erkek deri\u0307 brogue ayakkabi<\/b> bir a\u00e7\u0131klama yapmak i\u00e7in tasarlanm\u0131\u015ft\u0131r.<\/p>\n<p><h3>Rakipsiz \u0130\u015f\u00e7ilik ve Birinci S\u0131n\u0131f Malzemeler<\/h3>\n<\/p>\n<p>Kaliteye olan ba\u011fl\u0131l\u0131\u011f\u0131m\u0131z malzemelerle ba\u015flar. Bu ola\u011fan\u00fcst\u00fc \u00fcr\u00fcnlerin d\u0131\u015f y\u00fczeyi <b>erkek deri\u0307 brogue ayakkabi<\/b> p\u00fcr\u00fczs\u00fcz y\u00fczeyi, dayan\u0131kl\u0131l\u0131\u011f\u0131 ve g\u00fczel bir \u015fekilde eskime kabiliyeti ile tan\u0131nan \u00fcst\u00fcn hakiki dana derisinden \u00fcretilmi\u015ftir. Bu birinci s\u0131n\u0131f deri, her gard\u0131robu zenginle\u015ftirecek zarif bir estetik sunar.<\/p>\n<p>\u0130\u00e7 k\u0131s\u0131mdaki yumu\u015fak ve nefes alabilen ke\u00e7i derisi astar sayesinde ayaklar\u0131n\u0131z benzersiz bir konfor ya\u015fayacak. Bu i\u00e7 astar nemi uzakla\u015ft\u0131rarak ayaklar\u0131n\u0131z\u0131n g\u00fcn boyunca kuru ve rahat kalmas\u0131n\u0131 sa\u011flar ve bu ayakkab\u0131lar\u0131 ideal hale getirir. <b>erkek deri\u0307 brogue ayakkabi<\/b> uzun s\u00fcreli kullan\u0131m i\u00e7in.<\/p>\n<p><h3>Konfor Klasik Tarzla Bulu\u015fuyor<\/h3>\n<\/p>\n<p>L\u00fcks malzemelerinin \u00f6tesinde, bu wingtip broglar hafif ve son derece esnek bir EVA tabana sahiptir. Bu yenilik\u00e7i taban malzemesi m\u00fckemmel \u015fok emilimi ve \u00fcst\u00fcn \u00e7eki\u015f g\u00fcc\u00fc sa\u011flayarak her ad\u0131m\u0131 bir zevk haline getirir. Geleneksel a\u011f\u0131r tabanlardan farkl\u0131 olarak EVA taban, ayakkab\u0131n\u0131n klasik cazibesinden \u00f6d\u00fcn vermeden modern ve rahat bir temel sunar.<\/p>\n<p>Karma\u015f\u0131k kanat ucu detaylar\u0131 ve delikler, klasik brogue tasar\u0131m\u0131n\u0131n ay\u0131rt edici \u00f6zelliklerindendir ve bu tasar\u0131mlara zarafet ve karakter katar. <b>erkek deri\u0307 brogue ayakkabi<\/b> ayr\u0131.<\/p>\n<p>39'dan 45'e kadar kapsaml\u0131 bir AB beden yelpazesinde mevcut olan bu <b>erkek deri\u0307 brogue ayakkabi<\/b> farkl\u0131 ayak boyutlar\u0131na hitap eder. Zamans\u0131z tasar\u0131mlar\u0131, \u00f6zel tak\u0131m elbiseler, \u015f\u0131k pantolonlar ve hatta g\u00f6steri\u015fli bir g\u00fcndelik g\u00f6r\u00fcn\u00fcm i\u00e7in birinci s\u0131n\u0131f kot pantolonlarla m\u00fckemmel uyum sa\u011flar. Kaliteye olan ihtiyac\u0131n fark\u0131nday\u0131z, bu nedenle bu premium <b>erkek deri\u0307 brogue ayakkabi<\/b> minimum 8 \u00e7ift sipari\u015fle toptan sat\u0131n al\u0131nabilir, 12 g\u00fcn i\u00e7inde art\u0131 nakliye ile teslim edilir.<\/p>\n<p>Hem kal\u0131c\u0131 stil hem de ola\u011fan\u00fcst\u00fc konfor vaat eden bir \u00e7ift ayakkab\u0131ya yat\u0131r\u0131m yap\u0131n.<\/p>","protected":false},"excerpt":{"rendered":"<ul>\n<li>\u00dcst\u00fcn dayan\u0131kl\u0131l\u0131k ve \u015f\u0131kl\u0131k i\u00e7in hakiki dana derisi saya ile el yap\u0131m\u0131 olarak \u00fcretilmi\u015ftir.<\/li>\n<li>L\u00fcks ke\u00e7i derisi astar ola\u011fan\u00fcst\u00fc konfor ve nefes alabilirlik sa\u011flar.<\/li>\n<li>Hafif ve esnek EVA taban g\u00fcn boyu konfor ve m\u00fckemmel tutu\u015f sa\u011flar.<\/li>\n<li>Hem resmi hem de g\u00fcndelik k\u0131yafetler i\u00e7in uygun olan klasik wingtip brogue tasar\u0131ma sahiptir.<\/li>\n<li>Geni\u015f bir yelpazedeki se\u00e7kin beyefendilere uymas\u0131 i\u00e7in 39-45 AB bedenlerinde mevcuttur.<\/li>\n<li>Minimum 8 \u00e7ift sipari\u015f miktar\u0131 ile toptan fiyatland\u0131rma mevcuttur.<\/li>\n<li>12 g\u00fcn i\u00e7inde teslimat art\u0131 nakliye.<\/li>\n<\/ul>","protected":false},"featured_media":3866,"template":"","meta":{"_acf_changed":false,"_uag_custom_page_level_css":"","site-sidebar-layout":"default","site-content-layout":"","ast-site-content-layout":"default","site-content-style":"default","site-sidebar-style":"default","ast-global-header-display":"","ast-banner-title-visibility":"","ast-main-header-display":"","ast-hfb-above-header-display":"","ast-hfb-below-header-display":"","ast-hfb-mobile-header-display":"","site-post-title":"","ast-breadcrumbs-content":"","ast-featured-img":"","footer-sml-layout":"","ast-disable-related-posts":"","theme-transparent-header-meta":"","adv-header-id-meta":"","stick-header-meta":"","header-above-stick-meta":"","header-main-stick-meta":"","header-below-stick-meta":"","astra-migrate-meta-layouts":"default","ast-page-background-enabled":"default","ast-page-background-meta":{"desktop":{"background-color":"var(--ast-global-color-4)","background-image":"","background-repeat":"repeat","background-position":"center center","background-size":"auto","background-attachment":"scroll","background-type":"","background-media":"","overlay-type":"","overlay-color":"","overlay-opacity":"","overlay-gradient":""},"tablet":{"background-color":"","background-image":"","background-repeat":"repeat","background-position":"center center","background-size":"auto","background-attachment":"scroll","background-type":"","background-media":"","overlay-type":"","overlay-color":"","overlay-opacity":"","overlay-gradient":""},"mobile":{"background-color":"","background-image":"","background-repeat":"repeat","background-position":"center center","background-size":"auto","background-attachment":"scroll","background-type":"","background-media":"","overlay-type":"","overlay-color":"","overlay-opacity":"","overlay-gradient":""}},"ast-content-background-meta":{"desktop":{"background-color":"var(--ast-global-color-5)","background-image":"","background-repeat":"repeat","background-position":"center center","background-size":"auto","background-attachment":"scroll","background-type":"","background-media":"","overlay-type":"","overlay-color":"","overlay-opacity":"","overlay-gradient":""},"tablet":{"background-color":"var(--ast-global-color-5)","background-image":"","background-repeat":"repeat","background-position":"center center","background-size":"auto","background-attachment":"scroll","background-type":"","background-media":"","overlay-type":"","overlay-color":"","overlay-opacity":"","overlay-gradient":""},"mobile":{"background-color":"var(--ast-global-color-5)","background-image":"","background-repeat":"repeat","background-position":"center center","background-size":"auto","background-attachment":"scroll","background-type":"","background-media":"","overlay-type":"","overlay-color":"","overlay-opacity":"","overlay-gradient":""}}},"product_brand":[],"product_cat":[48,47,49,430,40],"product_tag":[295,199,185,213,809,1048,287,251,189,895,700,262,702],"class_list":{"0":"post-5771","1":"product","2":"type-product","3":"status-publish","4":"has-post-thumbnail","6":"product_cat-casual","7":"product_cat-classic","8":"product_cat-loafer","9":"product_cat-men","10":"product_cat-mens-shoes","11":"product_tag-black-dress-shoes","12":"product_tag-brown-dress-shoes","13":"product_tag-calf-leather-shoes","14":"product_tag-casual-dress-shoes","15":"product_tag-classic-mens-footwear","16":"product_tag-comfortable-brogues","17":"product_tag-eva-sole-shoes","18":"product_tag-formal-shoes","19":"product_tag-goat-leather-lining","20":"product_tag-leather-brogues","21":"product_tag-mens-brogue-shoes","22":"product_tag-wholesale-mens-shoes","23":"product_tag-wingtip-shoes","24":"desktop-align-center","25":"tablet-align-center","26":"mobile-align-center","28":"first","29":"instock","30":"shipping-taxable","31":"purchasable","32":"product-type-variable","33":"has-default-attributes"},"acf":[],"uagb_featured_image_src":{"full":["https:\/\/turkishtrade.co\/wp-content\/uploads\/2026\/01\/2400EJOMN00258-BROWN-TMO_3-3USD.png",453,250,false],"thumbnail":["https:\/\/turkishtrade.co\/wp-content\/uploads\/2026\/01\/2400EJOMN00258-BROWN-TMO_3-3USD-150x150.png",150,150,true],"medium":["https:\/\/turkishtrade.co\/wp-content\/uploads\/2026\/01\/2400EJOMN00258-BROWN-TMO_3-3USD-300x166.png",300,166,true],"medium_large":["https:\/\/turkishtrade.co\/wp-content\/uploads\/2026\/01\/2400EJOMN00258-BROWN-TMO_3-3USD.png",453,250,false],"large":["https:\/\/turkishtrade.co\/wp-content\/uploads\/2026\/01\/2400EJOMN00258-BROWN-TMO_3-3USD.png",453,250,false],"1536x1536":["https:\/\/turkishtrade.co\/wp-content\/uploads\/2026\/01\/2400EJOMN00258-BROWN-TMO_3-3USD.png",453,250,false],"2048x2048":["https:\/\/turkishtrade.co\/wp-content\/uploads\/2026\/01\/2400EJOMN00258-BROWN-TMO_3-3USD.png",453,250,false],"trp-custom-language-flag":["https:\/\/turkishtrade.co\/wp-content\/uploads\/2026\/01\/2400EJOMN00258-BROWN-TMO_3-3USD-18x10.png",18,10,true],"woocommerce_thumbnail":["https:\/\/turkishtrade.co\/wp-content\/uploads\/2026\/01\/2400EJOMN00258-BROWN-TMO_3-3USD-400x250.png",400,250,true],"woocommerce_single":["https:\/\/turkishtrade.co\/wp-content\/uploads\/2026\/01\/2400EJOMN00258-BROWN-TMO_3-3USD.png",453,250,false],"woocommerce_gallery_thumbnail":["https:\/\/turkishtrade.co\/wp-content\/uploads\/2026\/01\/2400EJOMN00258-BROWN-TMO_3-3USD-100x100.png",100,100,true]},"uagb_author_info":{"display_name":"yaser olabi","author_link":"https:\/\/turkishtrade.co\/tr\/author\/"},"uagb_comment_info":0,"uagb_excerpt":"Handcrafted with genuine calf leather upper for superior durability and elegance. Luxurious goat leather lining provides exceptional comfort and breathability. Lightweight and flexible EVA sole ensures all-day comfort and excellent traction. Features a classic wingtip brogue design, suitable for both formal and casual ensembles. Available in EU sizes 39-45 to fit a wide range of&hellip;","_links":{"self":[{"href":"https:\/\/turkishtrade.co\/tr\/wp-json\/wp\/v2\/product\/5771","targetHints":{"allow":["GET"]}}],"collection":[{"href":"https:\/\/turkishtrade.co\/tr\/wp-json\/wp\/v2\/product"}],"about":[{"href":"https:\/\/turkishtrade.co\/tr\/wp-json\/wp\/v2\/types\/product"}],"wp:featuredmedia":[{"embeddable":true,"href":"https:\/\/turkishtrade.co\/tr\/wp-json\/wp\/v2\/media\/3866"}],"wp:attachment":[{"href":"https:\/\/turkishtrade.co\/tr\/wp-json\/wp\/v2\/media?parent=5771"}],"wp:term":[{"taxonomy":"product_brand","embeddable":true,"href":"https:\/\/turkishtrade.co\/tr\/wp-json\/wp\/v2\/product_brand?post=5771"},{"taxonomy":"product_cat","embeddable":true,"href":"https:\/\/turkishtrade.co\/tr\/wp-json\/wp\/v2\/product_cat?post=5771"},{"taxonomy":"product_tag","embeddable":true,"href":"https:\/\/turkishtrade.co\/tr\/wp-json\/wp\/v2\/product_tag?post=5771"}],"curies":[{"name":"wp","href":"https:\/\/api.w.org\/{rel}","templated":true}]}}