{"id":5769,"date":"2026-01-14T13:12:09","date_gmt":"2026-01-14T13:12:09","guid":{"rendered":"https:\/\/turkishtrade.co\/product\/mens-croc-embossed-leather-derby\/"},"modified":"2026-04-09T19:24:34","modified_gmt":"2026-04-09T19:24:34","slug":"mens-croc-embossed-leather-derby","status":"publish","type":"product","link":"https:\/\/turkishtrade.co\/tr\/shop\/mens-croc-embossed-leather-derby\/","title":{"rendered":"EVA Tabanl\u0131 Erkek Premium Siyah Timsah Kabartmal\u0131 Deri Derby Ayakkab\u0131"},"content":{"rendered":"<p><strong>Erkek Timsah Kabartmal\u0131 Deri Derby<\/strong><\/p>\n<p>\u00dcst\u00fcn kaliteli \u00fcr\u00fcnlerimizle sofistike bir tarza ve benzersiz bir konfora ad\u0131m at\u0131n <b>Erkek Timsah Kabartmal\u0131 Deri Derby<\/b> ayakkab\u0131lar. Modern beyefendiler i\u00e7in tasarlanan bu se\u00e7kin derby ayakkab\u0131lar, klasik ayakkab\u0131 tasar\u0131m\u0131n\u0131 \u00e7arp\u0131c\u0131 bir \u00e7a\u011fda\u015fl\u0131kla harmanl\u0131yor. Her bir \u00e7ift titizlikle el i\u015f\u00e7ili\u011fiyle \u00fcretilmi\u015ftir ve ger\u00e7ekten \u00f6ne \u00e7\u0131kan bir kalite ve biti\u015f d\u00fczeyi sa\u011flar.<\/p>\n<p>Zengin, siyah d\u0131\u015f y\u00fczeyi, y\u00fcksek kaliteli hakiki dana derisinden \u00fcretilen b\u00fcy\u00fcleyici bir timsah kabartmal\u0131 dokuya sahiptir. Bu karma\u015f\u0131k detaylar, l\u00fcks ve egzotik bir \u00e7ekicilik sunarak bu ayakkab\u0131lar\u0131 hem g\u00fcndelik i\u015f k\u0131yafetlerinize hem de \u015f\u0131k gece k\u0131yafetlerinize \u00e7ok y\u00f6nl\u00fc bir eklenti haline getirir.<\/p>\n<p><h3>E\u015fsiz Kalite ve \u0130\u015f\u00e7ilik<\/h3>\n<\/p>\n<p>M\u00fckemmellik taahh\u00fcd\u00fc, bu zarif ayakkab\u0131lar\u0131n her bile\u015fenine uzanmaktad\u0131r. D\u0131\u015f y\u00fczey, dayan\u0131kl\u0131l\u0131\u011f\u0131 ve zaman i\u00e7inde g\u00fczel bir patina geli\u015ftirme kabiliyetiyle tan\u0131nan esnek dana derisinden yap\u0131lm\u0131\u015ft\u0131r. G\u00f6z al\u0131c\u0131 timsah kabartmal\u0131 desen sadece g\u00f6rsel bir \u015f\u00f6len sunmakla kalmaz, ayn\u0131 zamanda sofistike bir katman da ekler.<\/p>\n<p>\u0130\u00e7 k\u0131s\u0131mda, son derece yumu\u015fak ke\u00e7i derisi astar sayesinde ayaklar\u0131n\u0131z en \u00fcst d\u00fczeyde konforla sar\u0131l\u0131r. Ke\u00e7i derisi, nefes alabilirli\u011fi ve esnekli\u011fi ile \u00fcnl\u00fcd\u00fcr ve ilk giyimden itibaren ki\u015fiye \u00f6zel bir uyum i\u00e7in aya\u011f\u0131n\u0131z\u0131n \u015fekline uyum sa\u011flar. Bu birinci s\u0131n\u0131f malzeme kombinasyonu hem uzun \u00f6m\u00fcrl\u00fcl\u00fck hem de l\u00fcks bir his sa\u011flar.<\/p>\n<p><h3>Konfor ve Stil i\u00e7in Tasarland\u0131<\/h3>\n<\/p>\n<p>\u00c7arp\u0131c\u0131 esteti\u011finin \u00f6tesinde, bu <b>Erkek Timsah Kabartmal\u0131 Deri Derby<\/b> ayakkab\u0131lar \u00fcst\u00fcn konfor i\u00e7in tasarlanm\u0131\u015ft\u0131r. Sa\u011flam ancak son derece hafif EVA taban, her ad\u0131mda darbeyi emerek m\u00fckemmel yast\u0131klama ve destek sa\u011flar. Bu modern taban malzemesi esneklik ve kavrama sunarak \u00e7e\u015fitli y\u00fczeylerde denge sa\u011flar.<\/p>\n<p>Entegre al\u00e7ak blok topuk, ayakkab\u0131n\u0131n \u015f\u0131k profilinden \u00f6d\u00fcn vermeden rahat bir y\u00fcr\u00fcy\u00fc\u015f deneyimine katk\u0131da bulunur. \u0130ster \u015fehir manzaralar\u0131nda geziniyor ister resmi bir etkinli\u011fe kat\u0131l\u0131yor olun, bu ayakkab\u0131lar ergonomik tasar\u0131m ve l\u00fcks modan\u0131n m\u00fckemmel bir kar\u0131\u015f\u0131m\u0131n\u0131 sunar. Klasik ba\u011fc\u0131kl\u0131 derby silueti, t\u00fcm ayak tipleri i\u00e7in g\u00fcvenli ve ayarlanabilir bir uyum sa\u011flar.<\/p>\n<p><h3>Her Durum i\u00e7in \u00c7ok Y\u00f6nl\u00fcl\u00fck<\/h3>\n<\/p>\n<p>Bizim <b>Erkek Timsah Kabartmal\u0131 Deri Derby<\/b> ayakkab\u0131lar \u00e7ok y\u00f6nl\u00fc stilin bir kan\u0131t\u0131d\u0131r. Koyu siyah tonu ve egzotik dokusu, bu ayakkab\u0131lar\u0131 \u00e7ok \u00e7e\u015fitli durumlar i\u00e7in m\u00fckemmel bir se\u00e7im haline getiriyor. Zarif bir ofis g\u00f6r\u00fcn\u00fcm\u00fc i\u00e7in \u00f6zel dikim pantolonlar ve blazer ceketle e\u015fle\u015ftirin ya da g\u00fcnl\u00fck bir kombin i\u00e7in koyu renk kot pantolon ve \u015f\u0131k bir g\u00f6mlekle kombinleyin.<\/p>\n<p>39'dan 45'e kadar geni\u015f bir beden aral\u0131\u011f\u0131nda mevcut oldu\u011fundan, m\u00fckemmel uyumunuzu bulmak zahmetsizdir. Ayr\u0131ca, rekabet\u00e7i fiyatland\u0131rma ve g\u00fcvenilir stok sa\u011flamak i\u00e7in minimum 8 \u00e7ift sipari\u015f gereksinimi ile toptan sat\u0131\u015f ortaklar\u0131m\u0131za da hizmet veriyoruz. Geleneksel ve \u00e7a\u011fda\u015f l\u00fcks\u00fcn birle\u015fimini deneyimleyin, 12 g\u00fcn i\u00e7inde size teslim edilen art\u0131 nakliye, bunlar\u0131 se\u00e7ici m\u00fc\u015fteriler i\u00e7in g\u00f6ze \u00e7arpan bir se\u00e7im haline getiriyor.<\/p>","protected":false},"excerpt":{"rendered":"<ul>\n<li>Kendine \u00f6zg\u00fc timsah kabartmal\u0131 dokuya sahip hakiki dana derisinden zarif bir \u015fekilde \u00fcretilmi\u015ftir.<\/li>\n<li>L\u00fcks ke\u00e7i derisi i\u00e7 astar ola\u011fan\u00fcst\u00fc konfor ve nefes alabilirlik sa\u011flar.<\/li>\n<li>G\u00fcn boyu konfor ve denge sa\u011flayan hafif ve dayan\u0131kl\u0131 EVA taban ile donat\u0131lm\u0131\u015ft\u0131r.<\/li>\n<li>Kapsaml\u0131 bir boyut yelpazesinde mevcuttur: 39, 40, 41, 42, 43, 44, 45.<\/li>\n<li>Minimum sipari\u015f miktar\u0131: 8 \u00e7ift, toplu al\u0131mlar ve perakende ortaklar i\u00e7in idealdir.<\/li>\n<li>Etkili teslimat zaman \u00e7izelgesi: Sipari\u015fler 12 g\u00fcn art\u0131 standart nakliye s\u00fcresi i\u00e7inde g\u00f6nderilir.<\/li>\n<\/ul>","protected":false},"featured_media":3864,"template":"","meta":{"_acf_changed":false,"_uag_custom_page_level_css":"","site-sidebar-layout":"default","site-content-layout":"","ast-site-content-layout":"default","site-content-style":"default","site-sidebar-style":"default","ast-global-header-display":"","ast-banner-title-visibility":"","ast-main-header-display":"","ast-hfb-above-header-display":"","ast-hfb-below-header-display":"","ast-hfb-mobile-header-display":"","site-post-title":"","ast-breadcrumbs-content":"","ast-featured-img":"","footer-sml-layout":"","ast-disable-related-posts":"","theme-transparent-header-meta":"","adv-header-id-meta":"","stick-header-meta":"","header-above-stick-meta":"","header-main-stick-meta":"","header-below-stick-meta":"","astra-migrate-meta-layouts":"default","ast-page-background-enabled":"default","ast-page-background-meta":{"desktop":{"background-color":"var(--ast-global-color-4)","background-image":"","background-repeat":"repeat","background-position":"center center","background-size":"auto","background-attachment":"scroll","background-type":"","background-media":"","overlay-type":"","overlay-color":"","overlay-opacity":"","overlay-gradient":""},"tablet":{"background-color":"","background-image":"","background-repeat":"repeat","background-position":"center center","background-size":"auto","background-attachment":"scroll","background-type":"","background-media":"","overlay-type":"","overlay-color":"","overlay-opacity":"","overlay-gradient":""},"mobile":{"background-color":"","background-image":"","background-repeat":"repeat","background-position":"center center","background-size":"auto","background-attachment":"scroll","background-type":"","background-media":"","overlay-type":"","overlay-color":"","overlay-opacity":"","overlay-gradient":""}},"ast-content-background-meta":{"desktop":{"background-color":"var(--ast-global-color-5)","background-image":"","background-repeat":"repeat","background-position":"center center","background-size":"auto","background-attachment":"scroll","background-type":"","background-media":"","overlay-type":"","overlay-color":"","overlay-opacity":"","overlay-gradient":""},"tablet":{"background-color":"var(--ast-global-color-5)","background-image":"","background-repeat":"repeat","background-position":"center center","background-size":"auto","background-attachment":"scroll","background-type":"","background-media":"","overlay-type":"","overlay-color":"","overlay-opacity":"","overlay-gradient":""},"mobile":{"background-color":"var(--ast-global-color-5)","background-image":"","background-repeat":"repeat","background-position":"center center","background-size":"auto","background-attachment":"scroll","background-type":"","background-media":"","overlay-type":"","overlay-color":"","overlay-opacity":"","overlay-gradient":""}}},"product_brand":[],"product_cat":[48,47,49,430,40],"product_tag":[605,202,449,1047,212,438,251,437,351,416,406,281],"class_list":{"0":"post-5769","1":"product","2":"type-product","3":"status-publish","4":"has-post-thumbnail","6":"product_cat-casual","7":"product_cat-classic","8":"product_cat-loafer","9":"product_cat-men","10":"product_cat-mens-shoes","11":"product_tag-black-shoes","12":"product_tag-calf-leather","13":"product_tag-casual-shoes","14":"product_tag-croc-embossed-leather","15":"product_tag-derby-shoes","16":"product_tag-eva-sole","17":"product_tag-formal-shoes","18":"product_tag-goat-leather","19":"product_tag-leather-footwear","20":"product_tag-luxury-shoes","21":"product_tag-premium-shoes","22":"product_tag-wholesale-shoes","23":"desktop-align-center","24":"tablet-align-center","25":"mobile-align-center","27":"first","28":"instock","29":"shipping-taxable","30":"purchasable","31":"product-type-variable","32":"has-default-attributes"},"acf":[],"uagb_featured_image_src":{"full":["https:\/\/turkishtrade.co\/wp-content\/uploads\/2026\/01\/2400EJOMN00256-BLACK-X_12582-6-USD.png",453,250,false],"thumbnail":["https:\/\/turkishtrade.co\/wp-content\/uploads\/2026\/01\/2400EJOMN00256-BLACK-X_12582-6-USD-150x150.png",150,150,true],"medium":["https:\/\/turkishtrade.co\/wp-content\/uploads\/2026\/01\/2400EJOMN00256-BLACK-X_12582-6-USD-300x166.png",300,166,true],"medium_large":["https:\/\/turkishtrade.co\/wp-content\/uploads\/2026\/01\/2400EJOMN00256-BLACK-X_12582-6-USD.png",453,250,false],"large":["https:\/\/turkishtrade.co\/wp-content\/uploads\/2026\/01\/2400EJOMN00256-BLACK-X_12582-6-USD.png",453,250,false],"1536x1536":["https:\/\/turkishtrade.co\/wp-content\/uploads\/2026\/01\/2400EJOMN00256-BLACK-X_12582-6-USD.png",453,250,false],"2048x2048":["https:\/\/turkishtrade.co\/wp-content\/uploads\/2026\/01\/2400EJOMN00256-BLACK-X_12582-6-USD.png",453,250,false],"trp-custom-language-flag":["https:\/\/turkishtrade.co\/wp-content\/uploads\/2026\/01\/2400EJOMN00256-BLACK-X_12582-6-USD-18x10.png",18,10,true],"woocommerce_thumbnail":["https:\/\/turkishtrade.co\/wp-content\/uploads\/2026\/01\/2400EJOMN00256-BLACK-X_12582-6-USD-400x250.png",400,250,true],"woocommerce_single":["https:\/\/turkishtrade.co\/wp-content\/uploads\/2026\/01\/2400EJOMN00256-BLACK-X_12582-6-USD.png",453,250,false],"woocommerce_gallery_thumbnail":["https:\/\/turkishtrade.co\/wp-content\/uploads\/2026\/01\/2400EJOMN00256-BLACK-X_12582-6-USD-100x100.png",100,100,true]},"uagb_author_info":{"display_name":"yaser olabi","author_link":"https:\/\/turkishtrade.co\/tr\/author\/"},"uagb_comment_info":0,"uagb_excerpt":"Exquisitely crafted from genuine calf leather featuring a distinctive croc-embossed texture. Luxurious goat leather interior lining provides exceptional comfort and breathability. Equipped with a lightweight and durable EVA sole, ensuring all-day comfort and stability. Available in a comprehensive range of sizes: 39, 40, 41, 42, 43, 44, 45. Minimum order quantity: 8 pairs, ideal for&hellip;","_links":{"self":[{"href":"https:\/\/turkishtrade.co\/tr\/wp-json\/wp\/v2\/product\/5769","targetHints":{"allow":["GET"]}}],"collection":[{"href":"https:\/\/turkishtrade.co\/tr\/wp-json\/wp\/v2\/product"}],"about":[{"href":"https:\/\/turkishtrade.co\/tr\/wp-json\/wp\/v2\/types\/product"}],"wp:featuredmedia":[{"embeddable":true,"href":"https:\/\/turkishtrade.co\/tr\/wp-json\/wp\/v2\/media\/3864"}],"wp:attachment":[{"href":"https:\/\/turkishtrade.co\/tr\/wp-json\/wp\/v2\/media?parent=5769"}],"wp:term":[{"taxonomy":"product_brand","embeddable":true,"href":"https:\/\/turkishtrade.co\/tr\/wp-json\/wp\/v2\/product_brand?post=5769"},{"taxonomy":"product_cat","embeddable":true,"href":"https:\/\/turkishtrade.co\/tr\/wp-json\/wp\/v2\/product_cat?post=5769"},{"taxonomy":"product_tag","embeddable":true,"href":"https:\/\/turkishtrade.co\/tr\/wp-json\/wp\/v2\/product_tag?post=5769"}],"curies":[{"name":"wp","href":"https:\/\/api.w.org\/{rel}","templated":true}]}}