{"id":5766,"date":"2026-01-14T13:11:45","date_gmt":"2026-01-14T13:11:45","guid":{"rendered":"https:\/\/turkishtrade.co\/product\/mens-cap-toe-derby-shoes-2\/"},"modified":"2026-04-09T19:24:40","modified_gmt":"2026-04-09T19:24:40","slug":"mens-cap-toe-derby-shoes-2","status":"publish","type":"product","link":"https:\/\/turkishtrade.co\/tr\/shop\/mens-cap-toe-derby-shoes-2\/","title":{"rendered":"Klasik Erkek \u015eapkal\u0131 Derby Ayakkab\u0131 - Dana Derisi"},"content":{"rendered":"<p><strong>Erkek \u015eapkal\u0131 Derby Ayakkab\u0131<\/strong><\/p>\n<p><h3>Premium Erkek Cap Toe Derby Ayakkab\u0131 ile Stilinizi Y\u00fckseltin<\/h3>\n<\/p>\n<p>Enfes koleksiyonumuzla zamans\u0131z sofistikeli\u011fe ad\u0131m at\u0131n <strong>erkek \u015fapkal\u0131 derby ayakkab\u0131<\/strong>. Benzersiz bir stil ve konfor sunmak i\u00e7in titizlikle \u00fcretilen bu ayakkab\u0131lar, se\u00e7ici beyefendiler i\u00e7in m\u00fckemmel bir se\u00e7imdir. \u0130ster resmi bir etkinli\u011fe kat\u0131l\u0131yor, ister yo\u011fun bir i\u015f g\u00fcn\u00fcnde \u00e7al\u0131\u015f\u0131yor ya da sadece g\u00fcnl\u00fck k\u0131yafetlerinizi y\u00fckseltmek istiyor olun, bu <strong>erkek \u015fapkal\u0131 derby ayakkab\u0131<\/strong> klasik tasar\u0131m\u0131 modern giyilebilirlikle harmanl\u0131yor.<\/p>\n<p>Ayakkab\u0131lar\u0131m\u0131z\u0131 di\u011ferlerinden ay\u0131ran birinci s\u0131n\u0131f malzemeler ve uzman i\u015f\u00e7ili\u011fin m\u00fckemmel uyumunu deneyimleyin.<\/p>\n<p><h3>Kal\u0131c\u0131 Kalite i\u00e7in \u00dcst\u00fcn Malzemeler<\/h3>\n<\/p>\n<p>Bu s\u0131ra d\u0131\u015f\u0131 ayakkab\u0131lar\u0131n d\u0131\u015f y\u00fczeyinde, esnek dokusu ve dayan\u0131kl\u0131l\u0131\u011f\u0131yla bilinen y\u00fcksek kaliteli dana derisi kullan\u0131lm\u0131\u015ft\u0131r. Ayakkab\u0131n\u0131n ana g\u00f6vdesine belirgin bir \u00e7ak\u0131ll\u0131 kaplama ekledik ve rafine bir zarafet yans\u0131tan cilal\u0131, p\u00fcr\u00fczs\u00fcz deri burunla g\u00fczel bir kontrast olu\u015fturduk. Yan k\u0131s\u0131mlardaki ince, kabartmal\u0131 detaylar benzersiz bir dokunu\u015f katarak bu ayakkab\u0131y\u0131 s\u0131radan bir ayakkab\u0131dan daha fazlas\u0131 haline getiriyor. <strong>erkek \u015fapkal\u0131 derby ayakkab\u0131<\/strong>.<\/p>\n<p>\u0130\u00e7 k\u0131sm\u0131 l\u00fcks ke\u00e7i derisiyle astarlanm\u0131\u015ft\u0131r ve ayaklar\u0131n\u0131z i\u00e7in inan\u0131lmaz derecede yumu\u015fak ve nefes alabilir bir ortam sa\u011flayarak uzun s\u00fcreli kullan\u0131mdan sonra bile rahatl\u0131k sa\u011flar. Bu \u00f6zenli malzeme kombinasyonu hem estetik \u00e7ekicilik hem de uzun \u00f6m\u00fcrl\u00fc performans sa\u011flar.<\/p>\n<p><h3>Konfor ve \u00c7ok Y\u00f6nl\u00fcl\u00fck i\u00e7in Tasarland\u0131<\/h3>\n<\/p>\n<p>Konfor her \u015feyden \u00f6nemlidir ve <strong>erkek \u015fapkal\u0131 derby ayakkab\u0131<\/strong> teslim edin. Hafif EVA taban, m\u00fckemmel \u015fok emilimi ve esneklik sunarak her ad\u0131m\u0131 bir zevk haline getirir. Bu yenilik\u00e7i taban malzemesi, hareket kolayl\u0131\u011f\u0131ndan \u00f6d\u00fcn vermeden klasik stili takdir edenler i\u00e7in m\u00fckemmel olan rahat, al\u00e7ak bir topuk profili (yakla\u015f\u0131k 1-3 cm) sa\u011flar.<\/p>\n<p>Geleneksel ba\u011fc\u0131kl\u0131 Derby tasar\u0131m\u0131, \u00e7e\u015fitli ayak \u015fekillerine zarif bir \u015fekilde uyum sa\u011flayarak g\u00fcvenli ve ayarlanabilir bir uyum sunar. Klasik siyah ve zengin kahverengiden olu\u015fan \u00e7ok y\u00f6nl\u00fc bir palette sunulan bu ayakkab\u0131lar, keskin i\u015f tak\u0131mlar\u0131ndan \u015f\u0131k g\u00fcndelik topluluklara kadar \u00e7ok \u00e7e\u015fitli k\u0131yafetleri tamamlayacak \u015fekilde tasarlanm\u0131\u015ft\u0131r.<\/p>\n<p><h3>El Yap\u0131m\u0131 M\u00fckemmellik ve Toplu Bulunabilirlik<\/h3>\n<\/p>\n<p>Her bir \u00e7iftimiz <strong>erkek \u015fapkal\u0131 derby ayakkab\u0131<\/strong> geleneksel ayakkab\u0131c\u0131l\u0131k tekniklerine olan ba\u011fl\u0131l\u0131\u011f\u0131 \u00e7a\u011fda\u015f tasar\u0131mla birle\u015ftirerek yans\u0131t\u0131yor. Hassas diki\u015flerden deri kalitesine kadar detaylara g\u00f6sterilen \u00f6zen, zanaatkar\u0131n adanm\u0131\u015fl\u0131\u011f\u0131 hakk\u0131nda \u00e7ok \u015fey anlat\u0131yor. B\u00fcy\u00fck miktarlarda kaliteli ayakkab\u0131 ihtiyac\u0131n\u0131 anl\u0131yoruz, bu nedenle bu birinci s\u0131n\u0131f ayakkab\u0131lar minimum 8 \u00e7ift sat\u0131n al\u0131narak toplu sipari\u015fler i\u00e7in kullan\u0131labilir.<\/p>\n<p>Teslimat s\u00fcresi 12 g\u00fcn art\u0131 nakliye ile envanterinizin y\u00fcksek talep g\u00f6ren, y\u00fcksek kaliteli \u00fcr\u00fcnlerle dolu olmas\u0131n\u0131 sa\u011flayabilirsiniz. <strong>erkek \u015fapkal\u0131 derby ayakkab\u0131<\/strong>. Hem stil hem de dayan\u0131kl\u0131l\u0131k a\u00e7\u0131s\u0131ndan zamana meydan okuyan ayakkab\u0131lara yat\u0131r\u0131m yap\u0131n.<\/p>","protected":false},"excerpt":{"rendered":"<ul>\n<li>Premium Dana Derisi Saya (Cilal\u0131 kapakl\u0131 burun ve kabartmal\u0131 vurgular ile \u00e7ak\u0131ll\u0131 kaplama)<\/li>\n<li>\u00dcst\u00fcn konfor i\u00e7in l\u00fcks ke\u00e7i derisi astar<\/li>\n<li>T\u00fcm g\u00fcn kullan\u0131m i\u00e7in Hafif ve Esnek EVA Taban<\/li>\n<li>Klasik Ba\u011fc\u0131kl\u0131 Derby Stili<\/li>\n<li>39-45 bedenlerde mevcuttur<\/li>\n<li>Minimum Sipari\u015f: 8 \u00c7ift<\/li>\n<\/ul>","protected":false},"featured_media":3863,"template":"","meta":{"_acf_changed":false,"_uag_custom_page_level_css":"","site-sidebar-layout":"default","site-content-layout":"","ast-site-content-layout":"default","site-content-style":"default","site-sidebar-style":"default","ast-global-header-display":"","ast-banner-title-visibility":"","ast-main-header-display":"","ast-hfb-above-header-display":"","ast-hfb-below-header-display":"","ast-hfb-mobile-header-display":"","site-post-title":"","ast-breadcrumbs-content":"","ast-featured-img":"","footer-sml-layout":"","ast-disable-related-posts":"","theme-transparent-header-meta":"","adv-header-id-meta":"","stick-header-meta":"","header-above-stick-meta":"","header-main-stick-meta":"","header-below-stick-meta":"","astra-migrate-meta-layouts":"default","ast-page-background-enabled":"default","ast-page-background-meta":{"desktop":{"background-color":"var(--ast-global-color-4)","background-image":"","background-repeat":"repeat","background-position":"center center","background-size":"auto","background-attachment":"scroll","background-type":"","background-media":"","overlay-type":"","overlay-color":"","overlay-opacity":"","overlay-gradient":""},"tablet":{"background-color":"","background-image":"","background-repeat":"repeat","background-position":"center center","background-size":"auto","background-attachment":"scroll","background-type":"","background-media":"","overlay-type":"","overlay-color":"","overlay-opacity":"","overlay-gradient":""},"mobile":{"background-color":"","background-image":"","background-repeat":"repeat","background-position":"center center","background-size":"auto","background-attachment":"scroll","background-type":"","background-media":"","overlay-type":"","overlay-color":"","overlay-opacity":"","overlay-gradient":""}},"ast-content-background-meta":{"desktop":{"background-color":"var(--ast-global-color-5)","background-image":"","background-repeat":"repeat","background-position":"center center","background-size":"auto","background-attachment":"scroll","background-type":"","background-media":"","overlay-type":"","overlay-color":"","overlay-opacity":"","overlay-gradient":""},"tablet":{"background-color":"var(--ast-global-color-5)","background-image":"","background-repeat":"repeat","background-position":"center center","background-size":"auto","background-attachment":"scroll","background-type":"","background-media":"","overlay-type":"","overlay-color":"","overlay-opacity":"","overlay-gradient":""},"mobile":{"background-color":"var(--ast-global-color-5)","background-image":"","background-repeat":"repeat","background-position":"center center","background-size":"auto","background-attachment":"scroll","background-type":"","background-media":"","overlay-type":"","overlay-color":"","overlay-opacity":"","overlay-gradient":""}}},"product_brand":[],"product_cat":[48,47,49,430,40],"product_tag":[196,292,674,405,185,458,449,222,212,438,251,189,324,286],"class_list":{"0":"post-5766","1":"product","2":"type-product","3":"status-publish","4":"has-post-thumbnail","6":"product_cat-casual","7":"product_cat-classic","8":"product_cat-loafer","9":"product_cat-men","10":"product_cat-mens-shoes","11":"product_tag-black-leather-shoes","12":"product_tag-brown-leather-shoes","13":"product_tag-bulk-shoes","14":"product_tag-business-shoes","15":"product_tag-calf-leather-shoes","16":"product_tag-cap-toe-shoes","17":"product_tag-casual-shoes","18":"product_tag-comfortable-shoes","19":"product_tag-derby-shoes","20":"product_tag-eva-sole","21":"product_tag-formal-shoes","22":"product_tag-goat-leather-lining","23":"product_tag-mens-dress-shoes","24":"product_tag-mens-leather-shoes","25":"desktop-align-center","26":"tablet-align-center","27":"mobile-align-center","29":"first","30":"instock","31":"shipping-taxable","32":"purchasable","33":"product-type-variable","34":"has-default-attributes"},"acf":[],"uagb_featured_image_src":{"full":["https:\/\/turkishtrade.co\/wp-content\/uploads\/2026\/01\/2400EJOMN00255-BROWN-X_12573-4-USD.png",453,250,false],"thumbnail":["https:\/\/turkishtrade.co\/wp-content\/uploads\/2026\/01\/2400EJOMN00255-BROWN-X_12573-4-USD.png",150,83,false],"medium":["https:\/\/turkishtrade.co\/wp-content\/uploads\/2026\/01\/2400EJOMN00255-BROWN-X_12573-4-USD.png",300,166,false],"medium_large":["https:\/\/turkishtrade.co\/wp-content\/uploads\/2026\/01\/2400EJOMN00255-BROWN-X_12573-4-USD.png",453,250,false],"large":["https:\/\/turkishtrade.co\/wp-content\/uploads\/2026\/01\/2400EJOMN00255-BROWN-X_12573-4-USD.png",453,250,false],"1536x1536":["https:\/\/turkishtrade.co\/wp-content\/uploads\/2026\/01\/2400EJOMN00255-BROWN-X_12573-4-USD.png",453,250,false],"2048x2048":["https:\/\/turkishtrade.co\/wp-content\/uploads\/2026\/01\/2400EJOMN00255-BROWN-X_12573-4-USD.png",453,250,false],"trp-custom-language-flag":["https:\/\/turkishtrade.co\/wp-content\/uploads\/2026\/01\/2400EJOMN00255-BROWN-X_12573-4-USD.png",18,10,false],"woocommerce_thumbnail":["https:\/\/turkishtrade.co\/wp-content\/uploads\/2026\/01\/2400EJOMN00255-BROWN-X_12573-4-USD-400x250.png",400,250,true],"woocommerce_single":["https:\/\/turkishtrade.co\/wp-content\/uploads\/2026\/01\/2400EJOMN00255-BROWN-X_12573-4-USD.png",453,250,false],"woocommerce_gallery_thumbnail":["https:\/\/turkishtrade.co\/wp-content\/uploads\/2026\/01\/2400EJOMN00255-BROWN-X_12573-4-USD-100x100.png",100,100,true]},"uagb_author_info":{"display_name":"yaser olabi","author_link":"https:\/\/turkishtrade.co\/tr\/author\/"},"uagb_comment_info":0,"uagb_excerpt":"Premium Calf Leather Upper (Pebbled finish with polished cap toe and embossed accents) Luxurious Goat Leather Lining for ultimate comfort Lightweight and Flexible EVA Sole for all-day wear Classic Lace-Up Derby Style Available in sizes 39-45 Minimum Order: 8 Pairs","_links":{"self":[{"href":"https:\/\/turkishtrade.co\/tr\/wp-json\/wp\/v2\/product\/5766","targetHints":{"allow":["GET"]}}],"collection":[{"href":"https:\/\/turkishtrade.co\/tr\/wp-json\/wp\/v2\/product"}],"about":[{"href":"https:\/\/turkishtrade.co\/tr\/wp-json\/wp\/v2\/types\/product"}],"wp:featuredmedia":[{"embeddable":true,"href":"https:\/\/turkishtrade.co\/tr\/wp-json\/wp\/v2\/media\/3863"}],"wp:attachment":[{"href":"https:\/\/turkishtrade.co\/tr\/wp-json\/wp\/v2\/media?parent=5766"}],"wp:term":[{"taxonomy":"product_brand","embeddable":true,"href":"https:\/\/turkishtrade.co\/tr\/wp-json\/wp\/v2\/product_brand?post=5766"},{"taxonomy":"product_cat","embeddable":true,"href":"https:\/\/turkishtrade.co\/tr\/wp-json\/wp\/v2\/product_cat?post=5766"},{"taxonomy":"product_tag","embeddable":true,"href":"https:\/\/turkishtrade.co\/tr\/wp-json\/wp\/v2\/product_tag?post=5766"}],"curies":[{"name":"wp","href":"https:\/\/api.w.org\/{rel}","templated":true}]}}