{"id":5764,"date":"2026-01-14T13:11:19","date_gmt":"2026-01-14T13:11:19","guid":{"rendered":"https:\/\/turkishtrade.co\/product\/mens-chunky-sole-derby-shoes\/"},"modified":"2026-04-09T19:24:43","modified_gmt":"2026-04-09T19:24:43","slug":"mens-chunky-sole-derby-shoes","status":"publish","type":"product","link":"https:\/\/turkishtrade.co\/tr\/shop\/mens-chunky-sole-derby-shoes\/","title":{"rendered":"T\u0131knaz EVA Tabanl\u0131 Erkek Premium Siyah Dana Derisi Derby Ayakkab\u0131"},"content":{"rendered":"<p><strong>Erkek Kal\u0131n Tabanl\u0131 Derby Ayakkab\u0131<\/strong><\/p>\n<p>Klasik zarafet ve \u00e7a\u011fda\u015f konforun m\u00fckemmel kar\u0131\u015f\u0131m\u0131n\u0131 enfes tasar\u0131m\u0131m\u0131zla ke\u015ffedin <b>Erkek Kal\u0131n Tabanl\u0131 Derby Ayakkab\u0131<\/b>. En iyi siyah dana derisinden \u00fcretilen bu birinci s\u0131n\u0131f <b>Erkek Kal\u0131n Tabanl\u0131 Derby Ayakkab\u0131<\/b> g\u00fcn boyunca benzersiz bir rahatl\u0131k sa\u011flarken bir a\u00e7\u0131klama yapmak i\u00e7in tasarlanm\u0131\u015ft\u0131r. \u015e\u0131k ve sofistike d\u0131\u015f y\u00fczeyi, titiz diki\u015fleri ve zamans\u0131z derby siluetiyle her se\u00e7kin gard\u0131rop i\u00e7in vazge\u00e7ilmez bir eklentidir.<\/p>\n<p><h3>Rakipsiz Konfor ve Birinci S\u0131n\u0131f Malzemeler<\/h3>\n<\/p>\n<p>\u0130\u00e7ine ad\u0131m at\u0131n ve hakiki ke\u00e7i derisi astar\u0131n l\u00fcks kucaklamas\u0131n\u0131 deneyimleyin. Bu yumu\u015fak, nefes alabilen i\u00e7 k\u0131s\u0131m ayaklar\u0131n\u0131z\u0131 sararak uzun s\u00fcreli kullan\u0131mlarda bile rahat bir uyum sa\u011flar. Bu ayakkab\u0131lar\u0131 ger\u00e7ekten farkl\u0131 k\u0131lan \u015fey <b>Erkek Kal\u0131n Tabanl\u0131 Derby Ayakkab\u0131<\/b> bir di\u011fer \u00f6zelli\u011fi de kendine \u00f6zg\u00fc kal\u0131n EVA taban\u0131d\u0131r.<\/p>\n<p>Hem stil hem de i\u015flev i\u00e7in tasarlanan bu sa\u011flam ancak hafif taban, ola\u011fan\u00fcst\u00fc \u015fok emilimi ve g\u00fcvenilir \u00e7eki\u015f g\u00fcc\u00fc sunarak her ad\u0131m\u0131 konforlu bir deneyime d\u00f6n\u00fc\u015ft\u00fcr\u00fcr. Bunlar <b>Erkek Kal\u0131n Tabanl\u0131 Derby Ayakkab\u0131<\/b> sadece ayakkab\u0131 de\u011fildir; kal\u0131c\u0131 stil ve \u00fcst\u00fcn ayak konforuna yap\u0131lan bir yat\u0131r\u0131md\u0131r.<\/p>\n<p><h3>Her Durum i\u00e7in \u00c7ok Y\u00f6nl\u00fc Stil<\/h3>\n<\/p>\n<p>\u0130ster bir i\u015f toplant\u0131s\u0131na gidiyor olun, ister g\u00fcndelik bir gezintinin tad\u0131n\u0131 \u00e7\u0131kar\u0131n ya da \u00f6zel bir g\u00fcn i\u00e7in giyiniyor olun, bu \u00e7ok y\u00f6nl\u00fc <b>Erkek Kal\u0131n Tabanl\u0131 Derby Ayakkab\u0131<\/b> ihtiya\u00e7lar\u0131n\u0131za zahmetsizce uyum sa\u011flar. Kal\u0131n EVA taban\u0131n sa\u011flad\u0131\u011f\u0131 sa\u011flam platform, klasik tasar\u0131m\u0131 \u00e7a\u011fda\u015f bir \u00e7izgiyle tamamlayarak modern bir y\u00fckseli\u015f sunar. 39'dan 45'e kadar kapsaml\u0131 bir beden yelpazesinde mevcut oldu\u011fundan, m\u00fckemmel uyumunuzu bulmak \u00e7ok kolay.<\/p>\n<p>Bu ola\u011fan\u00fcst\u00fc ayakkab\u0131larla ayakkab\u0131 koleksiyonunuzu geli\u015ftirin <b>Erkek Kal\u0131n Tabanl\u0131 Derby Ayakkab\u0131<\/b>, geleneksel i\u015f\u00e7ili\u011fi modern yeniliklerle birle\u015ftiriyor. Toplu sipari\u015fler i\u00e7in minimum 8 \u00e7ift sat\u0131n alma uygulan\u0131r ve teslimat genellikle 12 g\u00fcn i\u00e7inde art\u0131 kargo ile yap\u0131l\u0131r. \u00dcst\u00fcn kalitemizi ve g\u00f6ze \u00e7arpan stilimizi deneyimleyin <b>Erkek Kal\u0131n Tabanl\u0131 Derby Ayakkab\u0131<\/b> Bug\u00fcn.<\/p>","protected":false},"excerpt":{"rendered":"<ul>\n<li>Dayan\u0131kl\u0131l\u0131k ve \u015f\u0131k bir g\u00f6r\u00fcn\u00fcm i\u00e7in birinci s\u0131n\u0131f siyah dana derisinden \u00fcretilmi\u015ftir.<\/li>\n<li>L\u00fcks ke\u00e7i derisi i\u00e7 k\u0131s\u0131m, \u00fcst\u00fcn konfor ve nefes alabilirlik sa\u011flar.<\/li>\n<li>Modern kal\u0131n EVA taban \u00fcst\u00fcn yast\u0131klama, hafif a\u015f\u0131nma ve m\u00fckemmel kavrama sa\u011flar.<\/li>\n<li>Kapsaml\u0131 bir boyut yelpazesinde mevcuttur: 39, 40, 41, 42, 43, 44, 45.<\/li>\n<li>Toptan ve toplu al\u0131mlar i\u00e7in minimum sipari\u015f miktar\u0131 8 \u00e7ifttir.<\/li>\n<li>Teslimat genellikle 12 g\u00fcn art\u0131 nakliye s\u00fcresi i\u00e7inde.<\/li>\n<\/ul>","protected":false},"featured_media":3861,"template":"","meta":{"_acf_changed":false,"_uag_custom_page_level_css":"","site-sidebar-layout":"default","site-content-layout":"","ast-site-content-layout":"default","site-content-style":"default","site-sidebar-style":"default","ast-global-header-display":"","ast-banner-title-visibility":"","ast-main-header-display":"","ast-hfb-above-header-display":"","ast-hfb-below-header-display":"","ast-hfb-mobile-header-display":"","site-post-title":"","ast-breadcrumbs-content":"","ast-featured-img":"","footer-sml-layout":"","ast-disable-related-posts":"","theme-transparent-header-meta":"","adv-header-id-meta":"","stick-header-meta":"","header-above-stick-meta":"","header-main-stick-meta":"","header-below-stick-meta":"","astra-migrate-meta-layouts":"default","ast-page-background-enabled":"default","ast-page-background-meta":{"desktop":{"background-color":"var(--ast-global-color-4)","background-image":"","background-repeat":"repeat","background-position":"center center","background-size":"auto","background-attachment":"scroll","background-type":"","background-media":"","overlay-type":"","overlay-color":"","overlay-opacity":"","overlay-gradient":""},"tablet":{"background-color":"","background-image":"","background-repeat":"repeat","background-position":"center center","background-size":"auto","background-attachment":"scroll","background-type":"","background-media":"","overlay-type":"","overlay-color":"","overlay-opacity":"","overlay-gradient":""},"mobile":{"background-color":"","background-image":"","background-repeat":"repeat","background-position":"center center","background-size":"auto","background-attachment":"scroll","background-type":"","background-media":"","overlay-type":"","overlay-color":"","overlay-opacity":"","overlay-gradient":""}},"ast-content-background-meta":{"desktop":{"background-color":"var(--ast-global-color-5)","background-image":"","background-repeat":"repeat","background-position":"center center","background-size":"auto","background-attachment":"scroll","background-type":"","background-media":"","overlay-type":"","overlay-color":"","overlay-opacity":"","overlay-gradient":""},"tablet":{"background-color":"var(--ast-global-color-5)","background-image":"","background-repeat":"repeat","background-position":"center center","background-size":"auto","background-attachment":"scroll","background-type":"","background-media":"","overlay-type":"","overlay-color":"","overlay-opacity":"","overlay-gradient":""},"mobile":{"background-color":"var(--ast-global-color-5)","background-image":"","background-repeat":"repeat","background-position":"center center","background-size":"auto","background-attachment":"scroll","background-type":"","background-media":"","overlay-type":"","overlay-color":"","overlay-opacity":"","overlay-gradient":""}}},"product_brand":[],"product_cat":[48,47,49,430,40],"product_tag":[605,202,449,436,222,212,284,438,189,440,1046,632],"class_list":{"0":"post-5764","1":"product","2":"type-product","3":"status-publish","4":"has-post-thumbnail","6":"product_cat-casual","7":"product_cat-classic","8":"product_cat-loafer","9":"product_cat-men","10":"product_cat-mens-shoes","11":"product_tag-black-shoes","12":"product_tag-calf-leather","13":"product_tag-casual-shoes","14":"product_tag-chunky-sole","15":"product_tag-comfortable-shoes","16":"product_tag-derby-shoes","17":"product_tag-dress-shoes","18":"product_tag-eva-sole","19":"product_tag-goat-leather-lining","20":"product_tag-modern-derby","21":"product_tag-platform-sole","22":"product_tag-premium-leather-shoes","23":"desktop-align-center","24":"tablet-align-center","25":"mobile-align-center","27":"first","28":"instock","29":"shipping-taxable","30":"purchasable","31":"product-type-variable","32":"has-default-attributes"},"acf":[],"uagb_featured_image_src":{"full":["https:\/\/turkishtrade.co\/wp-content\/uploads\/2026\/01\/2400EJOMN00254-BLACK-DKS_430-4-USD.png",453,250,false],"thumbnail":["https:\/\/turkishtrade.co\/wp-content\/uploads\/2026\/01\/2400EJOMN00254-BLACK-DKS_430-4-USD-150x150.png",150,150,true],"medium":["https:\/\/turkishtrade.co\/wp-content\/uploads\/2026\/01\/2400EJOMN00254-BLACK-DKS_430-4-USD-300x166.png",300,166,true],"medium_large":["https:\/\/turkishtrade.co\/wp-content\/uploads\/2026\/01\/2400EJOMN00254-BLACK-DKS_430-4-USD.png",453,250,false],"large":["https:\/\/turkishtrade.co\/wp-content\/uploads\/2026\/01\/2400EJOMN00254-BLACK-DKS_430-4-USD.png",453,250,false],"1536x1536":["https:\/\/turkishtrade.co\/wp-content\/uploads\/2026\/01\/2400EJOMN00254-BLACK-DKS_430-4-USD.png",453,250,false],"2048x2048":["https:\/\/turkishtrade.co\/wp-content\/uploads\/2026\/01\/2400EJOMN00254-BLACK-DKS_430-4-USD.png",453,250,false],"trp-custom-language-flag":["https:\/\/turkishtrade.co\/wp-content\/uploads\/2026\/01\/2400EJOMN00254-BLACK-DKS_430-4-USD-18x10.png",18,10,true],"woocommerce_thumbnail":["https:\/\/turkishtrade.co\/wp-content\/uploads\/2026\/01\/2400EJOMN00254-BLACK-DKS_430-4-USD-400x250.png",400,250,true],"woocommerce_single":["https:\/\/turkishtrade.co\/wp-content\/uploads\/2026\/01\/2400EJOMN00254-BLACK-DKS_430-4-USD.png",453,250,false],"woocommerce_gallery_thumbnail":["https:\/\/turkishtrade.co\/wp-content\/uploads\/2026\/01\/2400EJOMN00254-BLACK-DKS_430-4-USD-100x100.png",100,100,true]},"uagb_author_info":{"display_name":"yaser olabi","author_link":"https:\/\/turkishtrade.co\/tr\/author\/"},"uagb_comment_info":0,"uagb_excerpt":"Crafted from premium black calf leather for durability and a sleek finish. Luxurious goat leather interior ensures ultimate comfort and breathability. Modern chunky EVA sole provides superior cushioning, lightweight wear, and excellent grip. Available in a comprehensive range of sizes: 39, 40, 41, 42, 43, 44, 45. Minimum order quantity of 8 pairs for wholesale&hellip;","_links":{"self":[{"href":"https:\/\/turkishtrade.co\/tr\/wp-json\/wp\/v2\/product\/5764","targetHints":{"allow":["GET"]}}],"collection":[{"href":"https:\/\/turkishtrade.co\/tr\/wp-json\/wp\/v2\/product"}],"about":[{"href":"https:\/\/turkishtrade.co\/tr\/wp-json\/wp\/v2\/types\/product"}],"wp:featuredmedia":[{"embeddable":true,"href":"https:\/\/turkishtrade.co\/tr\/wp-json\/wp\/v2\/media\/3861"}],"wp:attachment":[{"href":"https:\/\/turkishtrade.co\/tr\/wp-json\/wp\/v2\/media?parent=5764"}],"wp:term":[{"taxonomy":"product_brand","embeddable":true,"href":"https:\/\/turkishtrade.co\/tr\/wp-json\/wp\/v2\/product_brand?post=5764"},{"taxonomy":"product_cat","embeddable":true,"href":"https:\/\/turkishtrade.co\/tr\/wp-json\/wp\/v2\/product_cat?post=5764"},{"taxonomy":"product_tag","embeddable":true,"href":"https:\/\/turkishtrade.co\/tr\/wp-json\/wp\/v2\/product_tag?post=5764"}],"curies":[{"name":"wp","href":"https:\/\/api.w.org\/{rel}","templated":true}]}}