{"id":5761,"date":"2026-01-14T13:10:53","date_gmt":"2026-01-14T13:10:53","guid":{"rendered":"https:\/\/turkishtrade.co\/product\/men-premium-leather-loafers-2\/"},"modified":"2026-04-09T19:24:50","modified_gmt":"2026-04-09T19:24:50","slug":"mens-premium-leather-loafers-6","status":"publish","type":"product","link":"https:\/\/turkishtrade.co\/tr\/shop\/mens-premium-leather-loafers-6\/","title":{"rendered":"EVA Tabanl\u0131 L\u00fcks Erkek Premium Deri Loafer'lar"},"content":{"rendered":"<p><strong>Erkek Premium Deri Loafer'lar<\/strong><\/p>\n<p>Ayakkab\u0131 koleksiyonunuzu se\u00e7kin \u00fcr\u00fcnlerimizle geli\u015ftirin <strong>Erkek Premium Deri Loafer'lar<\/strong>, hem stil hem de konfora de\u011fer veren se\u00e7ici bireyler i\u00e7in tasarlanm\u0131\u015ft\u0131r. Bu mokasen ayakkab\u0131lar, geleneksel zarafeti modern i\u015flevsellikle harmanlayarak ola\u011fan\u00fcst\u00fc i\u015f\u00e7ili\u011fin ger\u00e7ek bir kan\u0131t\u0131d\u0131r. \u0130ster g\u00fcndelik bir gezinti ister daha zarif bir smart-casual etkinlik i\u00e7in giyiniyor olun, bu slip-on ayakkab\u0131lar benzersiz bir \u00e7ok y\u00f6nl\u00fcl\u00fck ve g\u00f6steri\u015fli bir g\u00f6r\u00fcn\u00fcm sunar.<\/p>\n<p>Bunlar\u0131n her bir \u00e7ifti <strong>Erkek Premium Deri Loafer'lar<\/strong> zengin dokusu ve dayan\u0131kl\u0131l\u0131\u011f\u0131 i\u00e7in titizlikle se\u00e7ilmi\u015f l\u00fcks bir inek derisi d\u0131\u015f y\u00fczeye sahiptir. Derinin do\u011fal g\u00fczelli\u011fi, ayakkab\u0131lar\u0131n\u0131z\u0131n zaman i\u00e7inde benzersiz bir patine geli\u015ftirerek zarif bir \u015fekilde ya\u015flanmas\u0131n\u0131 sa\u011flar. \u0130\u00e7 k\u0131s\u0131mda ise ayaklar\u0131n\u0131z, \u00fcst\u00fcn nefes alabilirlik ve g\u00fcn boyu s\u00fcren pel\u00fc\u015f bir his sa\u011flayan hakiki ke\u00e7i derisi astar\u0131n yumu\u015fakl\u0131\u011f\u0131yla sarmalanacak.<\/p>\n<p>Birinci s\u0131n\u0131f malzemelerin bu kombinasyonu sadece konforu de\u011fil, ayn\u0131 zamanda dayan\u0131kl\u0131 ve uzun \u00f6m\u00fcrl\u00fc bir \u00fcr\u00fcn\u00fc de garanti eder.<\/p>\n<p><h3>Rakipsiz Konfor ve Tasar\u0131m<\/h3>\n<\/p>\n<p>Hafifli\u011fi ve m\u00fckemmel \u015fok emicili\u011fi ile bilinen yenilik\u00e7i EVA taban ile bulutlar\u0131n \u00fczerinde y\u00fcr\u00fcme deneyimini ya\u015fay\u0131n. \u00d6zenle se\u00e7ilen bu taban malzemesi, bu ayakkab\u0131lar\u0131n genel konforuna katk\u0131da bulunur <strong>Erkek Premium Deri Loafer'lar<\/strong>, Bu sayede uzun s\u00fcreli kullan\u0131m i\u00e7in idealdir. 1-3 cm aras\u0131nda de\u011fi\u015fen topuk y\u00fcksekli\u011fi, klasik loafer profilini korurken ince bir y\u00fckselme sunarak hem konfor hem de sofistike bir duru\u015f sa\u011flar.<\/p>\n<p>39'dan 45'e kadar kapsaml\u0131 bir beden aral\u0131\u011f\u0131nda mevcut oldu\u011fundan, m\u00fckemmel uyumunuzu bulmak zahmetsizdir.<\/p>\n<p>Bu mokasen ayakkab\u0131lar bir ayakkab\u0131dan \u00e7ok daha fazlas\u0131d\u0131r; abart\u0131s\u0131z bir l\u00fcks\u00fcn ifadesidir. \u00dcst\u00fcn malzemelerle e\u015fle\u015ftirilmi\u015f zamans\u0131z tasar\u0131m, bu ayakkab\u0131lar\u0131 <strong>Erkek Premium Deri Loafer'lar<\/strong> her gard\u0131rop i\u00e7in olmazsa olmaz. \u00dcr\u00fcn g\u00f6rsellerimizde g\u00f6r\u00fcld\u00fc\u011f\u00fc gibi derin lacivert ve zengin kahverengi dahil olmak \u00fczere \u00e7e\u015fitli sofistike renklerde sunulan bu \u00fcr\u00fcnler, her t\u00fcrl\u00fc k\u0131yafeti tamamlayacak se\u00e7enekler sunar.<\/p>\n<p>Toptan sat\u0131\u015f ortaklar\u0131m\u0131z i\u00e7in, sipari\u015f ba\u015f\u0131na en az 8 \u00e7ift olmak \u00fczere esnek sipari\u015f imkan\u0131 sunarak bu \u00e7ok aranan stilleri stoklayabilmenizi sa\u011fl\u0131yoruz. Teslimat\u0131n\u0131z\u0131 12 g\u00fcn art\u0131 kargo i\u00e7inde bekleyin, b\u00f6ylece bu birinci s\u0131n\u0131f ayakkab\u0131lar\u0131 m\u00fc\u015fterilerinize hemen sunabilirsiniz. Erkek premium deri loafer koleksiyonumuzla kaliteye, konfora ve kal\u0131c\u0131 stile yat\u0131r\u0131m yap\u0131n.<\/p>","protected":false},"excerpt":{"rendered":"<ul>\n<li><b>\u00dcst\u00fcn \u0130\u015f\u00e7ilik:<\/b> Birinci s\u0131n\u0131f inek derisi d\u0131\u015f y\u00fczey ve yumu\u015fak, nefes alabilen ke\u00e7i derisi i\u00e7 y\u00fczey ile \u00fcretilmi\u015ftir.<\/li>\n<li><b>\u00dcst\u00fcn Konfor:<\/b> T\u00fcm g\u00fcn kullan\u0131m i\u00e7in hafif ve esnek EVA tabana sahiptir.<\/li>\n<li><b>\u00c7ok Y\u00f6nl\u00fc Stil:<\/b> Modern ve rahat bir dokunu\u015fa sahip klasik loafer tasar\u0131m\u0131, her durum i\u00e7in m\u00fckemmeldir.<\/li>\n<li><b>Geni\u015f Boyut Aral\u0131\u011f\u0131:<\/b> 39, 40, 41, 42, 43, 44, 45 bedenleri mevcuttur.<\/li>\n<li><b>Toplu Bulunabilirlik:<\/b> Minimum 8 \u00e7ift sipari\u015f. 12 g\u00fcn i\u00e7inde teslimat + nakliye.<\/li>\n<\/ul>","protected":false},"featured_media":3860,"template":"","meta":{"_acf_changed":false,"_uag_custom_page_level_css":"","site-sidebar-layout":"default","site-content-layout":"","ast-site-content-layout":"default","site-content-style":"default","site-sidebar-style":"default","ast-global-header-display":"","ast-banner-title-visibility":"","ast-main-header-display":"","ast-hfb-above-header-display":"","ast-hfb-below-header-display":"","ast-hfb-mobile-header-display":"","site-post-title":"","ast-breadcrumbs-content":"","ast-featured-img":"","footer-sml-layout":"","ast-disable-related-posts":"","theme-transparent-header-meta":"","adv-header-id-meta":"","stick-header-meta":"","header-above-stick-meta":"","header-main-stick-meta":"","header-below-stick-meta":"","astra-migrate-meta-layouts":"default","ast-page-background-enabled":"default","ast-page-background-meta":{"desktop":{"background-color":"var(--ast-global-color-4)","background-image":"","background-repeat":"repeat","background-position":"center center","background-size":"auto","background-attachment":"scroll","background-type":"","background-media":"","overlay-type":"","overlay-color":"","overlay-opacity":"","overlay-gradient":""},"tablet":{"background-color":"","background-image":"","background-repeat":"repeat","background-position":"center center","background-size":"auto","background-attachment":"scroll","background-type":"","background-media":"","overlay-type":"","overlay-color":"","overlay-opacity":"","overlay-gradient":""},"mobile":{"background-color":"","background-image":"","background-repeat":"repeat","background-position":"center center","background-size":"auto","background-attachment":"scroll","background-type":"","background-media":"","overlay-type":"","overlay-color":"","overlay-opacity":"","overlay-gradient":""}},"ast-content-background-meta":{"desktop":{"background-color":"var(--ast-global-color-5)","background-image":"","background-repeat":"repeat","background-position":"center center","background-size":"auto","background-attachment":"scroll","background-type":"","background-media":"","overlay-type":"","overlay-color":"","overlay-opacity":"","overlay-gradient":""},"tablet":{"background-color":"var(--ast-global-color-5)","background-image":"","background-repeat":"repeat","background-position":"center center","background-size":"auto","background-attachment":"scroll","background-type":"","background-media":"","overlay-type":"","overlay-color":"","overlay-opacity":"","overlay-gradient":""},"mobile":{"background-color":"var(--ast-global-color-5)","background-image":"","background-repeat":"repeat","background-position":"center center","background-size":"auto","background-attachment":"scroll","background-type":"","background-media":"","overlay-type":"","overlay-color":"","overlay-opacity":"","overlay-gradient":""}}},"product_brand":[],"product_cat":[48,47,49,430,40],"product_tag":[147,449,220,1045,944,438,437,215,186,557,374,184,456],"class_list":{"0":"post-5761","1":"product","2":"type-product","3":"status-publish","4":"has-post-thumbnail","6":"product_cat-casual","7":"product_cat-classic","8":"product_cat-loafer","9":"product_cat-men","10":"product_cat-mens-shoes","11":"product_tag-brown-loafers","12":"product_tag-casual-shoes","13":"product_tag-comfortable-loafers","14":"product_tag-cow-leather","15":"product_tag-dress-casual","16":"product_tag-eva-sole","17":"product_tag-goat-leather","18":"product_tag-leather-loafers","19":"product_tag-mens-loafers","20":"product_tag-navy-loafers","21":"product_tag-premium-loafers","22":"product_tag-slip-on-shoes","23":"product_tag-wholesale-loafers","24":"desktop-align-center","25":"tablet-align-center","26":"mobile-align-center","28":"first","29":"instock","30":"shipping-taxable","31":"purchasable","32":"product-type-variable","33":"has-default-attributes"},"acf":[],"uagb_featured_image_src":{"full":["https:\/\/turkishtrade.co\/wp-content\/uploads\/2026\/01\/2400EJOMN00252-DARK-BROWN-X_7752-4-USD.png",453,250,false],"thumbnail":["https:\/\/turkishtrade.co\/wp-content\/uploads\/2026\/01\/2400EJOMN00252-DARK-BROWN-X_7752-4-USD-150x150.png",150,150,true],"medium":["https:\/\/turkishtrade.co\/wp-content\/uploads\/2026\/01\/2400EJOMN00252-DARK-BROWN-X_7752-4-USD-300x166.png",300,166,true],"medium_large":["https:\/\/turkishtrade.co\/wp-content\/uploads\/2026\/01\/2400EJOMN00252-DARK-BROWN-X_7752-4-USD.png",453,250,false],"large":["https:\/\/turkishtrade.co\/wp-content\/uploads\/2026\/01\/2400EJOMN00252-DARK-BROWN-X_7752-4-USD.png",453,250,false],"1536x1536":["https:\/\/turkishtrade.co\/wp-content\/uploads\/2026\/01\/2400EJOMN00252-DARK-BROWN-X_7752-4-USD.png",453,250,false],"2048x2048":["https:\/\/turkishtrade.co\/wp-content\/uploads\/2026\/01\/2400EJOMN00252-DARK-BROWN-X_7752-4-USD.png",453,250,false],"trp-custom-language-flag":["https:\/\/turkishtrade.co\/wp-content\/uploads\/2026\/01\/2400EJOMN00252-DARK-BROWN-X_7752-4-USD-18x10.png",18,10,true],"woocommerce_thumbnail":["https:\/\/turkishtrade.co\/wp-content\/uploads\/2026\/01\/2400EJOMN00252-DARK-BROWN-X_7752-4-USD-400x250.png",400,250,true],"woocommerce_single":["https:\/\/turkishtrade.co\/wp-content\/uploads\/2026\/01\/2400EJOMN00252-DARK-BROWN-X_7752-4-USD.png",453,250,false],"woocommerce_gallery_thumbnail":["https:\/\/turkishtrade.co\/wp-content\/uploads\/2026\/01\/2400EJOMN00252-DARK-BROWN-X_7752-4-USD-100x100.png",100,100,true]},"uagb_author_info":{"display_name":"yaser olabi","author_link":"https:\/\/turkishtrade.co\/tr\/author\/"},"uagb_comment_info":0,"uagb_excerpt":"Superior Craftsmanship: Crafted with a premium cow leather exterior and a soft, breathable goat leather interior. Ultimate Comfort: Features a lightweight and flexible EVA sole for all-day wear. Versatile Style: Classic loafer design with a modern casual touch, perfect for any occasion. Wide Size Range: Available in sizes 39, 40, 41, 42, 43, 44, 45.&hellip;","_links":{"self":[{"href":"https:\/\/turkishtrade.co\/tr\/wp-json\/wp\/v2\/product\/5761","targetHints":{"allow":["GET"]}}],"collection":[{"href":"https:\/\/turkishtrade.co\/tr\/wp-json\/wp\/v2\/product"}],"about":[{"href":"https:\/\/turkishtrade.co\/tr\/wp-json\/wp\/v2\/types\/product"}],"wp:featuredmedia":[{"embeddable":true,"href":"https:\/\/turkishtrade.co\/tr\/wp-json\/wp\/v2\/media\/3860"}],"wp:attachment":[{"href":"https:\/\/turkishtrade.co\/tr\/wp-json\/wp\/v2\/media?parent=5761"}],"wp:term":[{"taxonomy":"product_brand","embeddable":true,"href":"https:\/\/turkishtrade.co\/tr\/wp-json\/wp\/v2\/product_brand?post=5761"},{"taxonomy":"product_cat","embeddable":true,"href":"https:\/\/turkishtrade.co\/tr\/wp-json\/wp\/v2\/product_cat?post=5761"},{"taxonomy":"product_tag","embeddable":true,"href":"https:\/\/turkishtrade.co\/tr\/wp-json\/wp\/v2\/product_tag?post=5761"}],"curies":[{"name":"wp","href":"https:\/\/api.w.org\/{rel}","templated":true}]}}