{"id":5758,"date":"2026-01-14T13:10:23","date_gmt":"2026-01-14T13:10:23","guid":{"rendered":"https:\/\/turkishtrade.co\/product\/mens-leather-derby-shoes-8\/"},"modified":"2026-04-09T19:24:56","modified_gmt":"2026-04-09T19:24:56","slug":"mens-leather-derby-shoes-8","status":"publish","type":"product","link":"https:\/\/turkishtrade.co\/tr\/shop\/mens-leather-derby-shoes-8\/","title":{"rendered":"EVA Tabanl\u0131 Erkek Klasik Deri G\u00fcnl\u00fck Derby Ayakkab\u0131"},"content":{"rendered":"<p><strong>Erkek Deri Derby Ayakkab\u0131<\/strong><\/p>\n<p>Enfes \u00fcr\u00fcnlerimizle benzersiz konfora ve zamans\u0131z stile ad\u0131m at\u0131n <b>Erkek Klasik Deri G\u00fcnl\u00fck Derby Ayakkab\u0131<\/b>. Modern erkek i\u00e7in titizlikle tasarlanan bu ayakkab\u0131lar, geleneksel \u015f\u0131kl\u0131\u011f\u0131 \u00e7a\u011fda\u015f konfor \u00f6zellikleriyle harmanl\u0131yor. En iyi malzemelerden \u00fcretilen bu ayakkab\u0131lar, rahat bir ofis ortam\u0131ndan rahat bir hafta sonu gezisine sorunsuzca ge\u00e7i\u015f yapan sofistike bir g\u00f6r\u00fcn\u00fcm sunar.<\/p>\n<p>Kaliteye olan ba\u011fl\u0131l\u0131\u011f\u0131m\u0131z, bu birinci s\u0131n\u0131f \u00fcr\u00fcnlerin her bir \u00e7iftinin <b>erkek deri Derby ayakkab\u0131<\/b> sadece bir ayakkab\u0131 de\u011fil, kal\u0131c\u0131 stil ve konfora yap\u0131lan bir yat\u0131r\u0131md\u0131r. Bunlar\u0131n neden en iyi ayakkab\u0131lar oldu\u011funu ke\u015ffedin. <b>erkek deri Derby ayakkab\u0131<\/b> her anlay\u0131\u015fl\u0131 birey i\u00e7in.<\/p>\n<p><h3>Rakipsiz Malzeme Kalitesi<\/h3>\n<\/p>\n<p>Bu ola\u011fan\u00fcst\u00fc Derby ayakkab\u0131lar\u0131n d\u0131\u015f y\u00fczeyi, dayan\u0131kl\u0131l\u0131\u011f\u0131, p\u00fcr\u00fczs\u00fcz dokusu ve zarif y\u00fczeyiyle bilinen birinci s\u0131n\u0131f, esnek Dana Derisinden yap\u0131lm\u0131\u015ft\u0131r. Bu y\u00fcksek kaliteli deri, ki\u015fiselle\u015ftirilmi\u015f bir uyum i\u00e7in zaman i\u00e7inde aya\u011f\u0131n\u0131za uyum sa\u011flayarak g\u00fczel bir \u015fekilde ya\u015flanmay\u0131 vaat ediyor. \u0130\u00e7 k\u0131s\u0131mda, ayaklar\u0131n\u0131z nefes alabilirlik ve cilde kar\u015f\u0131 inan\u0131lmaz yumu\u015fakl\u0131k sunan l\u00fcks Ke\u00e7i Derisi astarla sar\u0131l\u0131r.<\/p>\n<p>Bu malzeme kombinasyonu hem zarif bir esteti\u011fi hem de g\u00fcn boyu kullan\u0131m i\u00e7in \u00fcst\u00fcn konforu garanti eder. Klasik siyah ve zengin kahverenginin \u00e7ok y\u00f6nl\u00fc tonlar\u0131nda mevcut olan bu <b>erkek deri Derby ayakkab\u0131<\/b> \u00e7ok \u00e7e\u015fitli k\u0131yafetleri tamamlayacak \u015fekilde tasarlanm\u0131\u015ft\u0131r, bu da onlar\u0131 ger\u00e7ekten \u00e7ok y\u00f6nl\u00fc k\u0131lar <b>erkek deri Derby ayakkab\u0131<\/b>.<\/p>\n<p><h3>EVA Taban ile Geli\u015fmi\u015f Konfor<\/h3>\n<\/p>\n<p>Yenilik\u00e7i EVA taban\u0131m\u0131zla bulutlar\u0131n \u00fczerinde y\u00fcr\u00fcme deneyimini ya\u015fay\u0131n. Bu hafif ve esnek malzeme m\u00fckemmel \u015fok emilimi sa\u011flayarak uzun s\u00fcreli kullan\u0131mdan sonra bile yorgunlu\u011fu azalt\u0131r. Geleneksel a\u011f\u0131r tabanlardan farkl\u0131 olarak EVA yap\u0131s\u0131, bu g\u00fcndelik Derby ayakkab\u0131lar\u0131n son derece hafif kalmas\u0131n\u0131 sa\u011flayarak destek veya stilden \u00f6d\u00fcn vermeden konforunuzu art\u0131r\u0131r.<\/p>\n<p>Topuk y\u00fcksekli\u011fi klasik 1-3 cm'de m\u00fckemmel bir \u015fekilde ayarlanm\u0131\u015ft\u0131r ve y\u00fcksek kaliteli loafer g\u00fcndelik stillerine \u00f6zg\u00fc rahat, d\u00fcz bir ayak hissini korurken ince bir kald\u0131rma sa\u011flar. Bu konforlu <b>erkek deri Derby ayakkab\u0131<\/b> g\u00fcnl\u00fck \u015f\u0131kl\u0131\u011f\u0131 yeniden tan\u0131mlay\u0131n.<\/p>\n<p><h3>M\u00fckemmel Uyum ve Toplu Sipari\u015f Se\u00e7enekleri<\/h3>\n<\/p>\n<p>M\u00fckemmel uyumun \u00f6nemini biliyoruz, i\u015fte bu y\u00fczden bu birinci s\u0131n\u0131f <b>erkek deri Derby ayakkab\u0131<\/b> AB 39'dan 45'e kadar kapsaml\u0131 bir beden aral\u0131\u011f\u0131nda mevcuttur. \u0130ster ki\u015fisel kullan\u0131m i\u00e7in sat\u0131n al\u0131yor ister perakende koleksiyonunuzu stoklamak istiyor olun, esnek sipari\u015f se\u00e7eneklerimiz ihtiya\u00e7lar\u0131n\u0131z\u0131 kar\u015f\u0131lar. Minimum sipari\u015f miktar\u0131 sadece 8 \u00e7ift olan i\u015fletmeler, bu pop\u00fcler ayakkab\u0131lar\u0131 kolayca edinebilir <b>erkek deri Derby ayakkab\u0131<\/b>.<\/p>\n<p>Sipari\u015finizin 12 g\u00fcn i\u00e7inde teslimata haz\u0131r olmas\u0131n\u0131 ve ard\u0131ndan standart sevkiyat s\u00fcrelerini sa\u011flayan verimli \u00fcretimimizle gurur duyuyoruz. Ayakkab\u0131 koleksiyonunuzu kalite, konfor ve sofistike tasar\u0131m hakk\u0131nda \u00e7ok \u015fey anlatan bir \u00e7ift ile y\u00fckseltin. <b>erkek deri Derby ayakkab\u0131<\/b>.<\/p>","protected":false},"excerpt":{"rendered":"<ul>\n<li><b>\u00dcst\u00fcn \u0130\u015f\u00e7ilik:<\/b> Birinci s\u0131n\u0131f Dana Derisi d\u0131\u015f y\u00fczey ve yumu\u015fak Ke\u00e7i Derisi i\u00e7 astar ile ustal\u0131kla \u00fcretilmi\u015ftir.<\/li>\n<li><b>Hafif Konfor:<\/b> Ola\u011fan\u00fcst\u00fc konfor ve d\u00fc\u015f\u00fck a\u011f\u0131rl\u0131k i\u00e7in modern bir EVA tabana sahiptir.<\/li>\n<li><b>\u00c7ok Y\u00f6nl\u00fc Stil:<\/b> Klasik Derby tasar\u0131m\u0131 hem g\u00fcndelik hem de yar\u0131 resmi giyim i\u00e7in m\u00fckemmeldir.<\/li>\n<li><b>Optimal Topuk Y\u00fcksekli\u011fi:<\/b> Klasik loafer\/g\u00fcndelik topuk y\u00fcksekli\u011fi 1-3 cm.<\/li>\n<li><b>Mevcut Boyutlar:<\/b> AB 39'dan 45'e kadar geni\u015f bir aral\u0131k.<\/li>\n<li><b>Toplu Bulunabilirlik:<\/b> Minimum 8 \u00e7ift sipari\u015f.<\/li>\n<li><b>Etkili Teslimat:<\/b> \u00dcretim ve teslimat 12 g\u00fcn i\u00e7inde, art\u0131 nakliye s\u00fcresi.<\/li>\n<\/ul>","protected":false},"featured_media":3858,"template":"","meta":{"_acf_changed":false,"_uag_custom_page_level_css":"","site-sidebar-layout":"default","site-content-layout":"","ast-site-content-layout":"default","site-content-style":"default","site-sidebar-style":"default","ast-global-header-display":"","ast-banner-title-visibility":"","ast-main-header-display":"","ast-hfb-above-header-display":"","ast-hfb-below-header-display":"","ast-hfb-mobile-header-display":"","site-post-title":"","ast-breadcrumbs-content":"","ast-featured-img":"","footer-sml-layout":"","ast-disable-related-posts":"","theme-transparent-header-meta":"","adv-header-id-meta":"","stick-header-meta":"","header-above-stick-meta":"","header-main-stick-meta":"","header-below-stick-meta":"","astra-migrate-meta-layouts":"default","ast-page-background-enabled":"default","ast-page-background-meta":{"desktop":{"background-color":"var(--ast-global-color-4)","background-image":"","background-repeat":"repeat","background-position":"center center","background-size":"auto","background-attachment":"scroll","background-type":"","background-media":"","overlay-type":"","overlay-color":"","overlay-opacity":"","overlay-gradient":""},"tablet":{"background-color":"","background-image":"","background-repeat":"repeat","background-position":"center center","background-size":"auto","background-attachment":"scroll","background-type":"","background-media":"","overlay-type":"","overlay-color":"","overlay-opacity":"","overlay-gradient":""},"mobile":{"background-color":"","background-image":"","background-repeat":"repeat","background-position":"center center","background-size":"auto","background-attachment":"scroll","background-type":"","background-media":"","overlay-type":"","overlay-color":"","overlay-opacity":"","overlay-gradient":""}},"ast-content-background-meta":{"desktop":{"background-color":"var(--ast-global-color-5)","background-image":"","background-repeat":"repeat","background-position":"center center","background-size":"auto","background-attachment":"scroll","background-type":"","background-media":"","overlay-type":"","overlay-color":"","overlay-opacity":"","overlay-gradient":""},"tablet":{"background-color":"var(--ast-global-color-5)","background-image":"","background-repeat":"repeat","background-position":"center center","background-size":"auto","background-attachment":"scroll","background-type":"","background-media":"","overlay-type":"","overlay-color":"","overlay-opacity":"","overlay-gradient":""},"mobile":{"background-color":"var(--ast-global-color-5)","background-image":"","background-repeat":"repeat","background-position":"center center","background-size":"auto","background-attachment":"scroll","background-type":"","background-media":"","overlay-type":"","overlay-color":"","overlay-opacity":"","overlay-gradient":""}}},"product_brand":[],"product_cat":[48,47,49,430,40],"product_tag":[196,292,513,185,1043,290,438,959,221,189,1044,176,324,612],"class_list":{"0":"post-5758","1":"product","2":"type-product","3":"status-publish","4":"has-post-thumbnail","6":"product_cat-casual","7":"product_cat-classic","8":"product_cat-loafer","9":"product_cat-men","10":"product_cat-mens-shoes","11":"product_tag-black-leather-shoes","12":"product_tag-brown-leather-shoes","13":"product_tag-business-casual-shoes","14":"product_tag-calf-leather-shoes","15":"product_tag-classic-derby-shoes","16":"product_tag-comfortable-mens-shoes","17":"product_tag-eva-sole","18":"product_tag-formal-casual-shoes","19":"product_tag-genuine-leather","20":"product_tag-goat-leather-lining","21":"product_tag-lightweight-shoes","22":"product_tag-loafer-casual","23":"product_tag-mens-dress-shoes","24":"product_tag-mens-leather-derby-shoes","25":"desktop-align-center","26":"tablet-align-center","27":"mobile-align-center","29":"first","30":"instock","31":"shipping-taxable","32":"purchasable","33":"product-type-variable","34":"has-default-attributes"},"acf":[],"uagb_featured_image_src":{"full":["https:\/\/turkishtrade.co\/wp-content\/uploads\/2026\/01\/2400EJOMN00251-DARK-BROWN-X_430.png",453,250,false],"thumbnail":["https:\/\/turkishtrade.co\/wp-content\/uploads\/2026\/01\/2400EJOMN00251-DARK-BROWN-X_430-150x150.png",150,150,true],"medium":["https:\/\/turkishtrade.co\/wp-content\/uploads\/2026\/01\/2400EJOMN00251-DARK-BROWN-X_430-300x166.png",300,166,true],"medium_large":["https:\/\/turkishtrade.co\/wp-content\/uploads\/2026\/01\/2400EJOMN00251-DARK-BROWN-X_430.png",453,250,false],"large":["https:\/\/turkishtrade.co\/wp-content\/uploads\/2026\/01\/2400EJOMN00251-DARK-BROWN-X_430.png",453,250,false],"1536x1536":["https:\/\/turkishtrade.co\/wp-content\/uploads\/2026\/01\/2400EJOMN00251-DARK-BROWN-X_430.png",453,250,false],"2048x2048":["https:\/\/turkishtrade.co\/wp-content\/uploads\/2026\/01\/2400EJOMN00251-DARK-BROWN-X_430.png",453,250,false],"trp-custom-language-flag":["https:\/\/turkishtrade.co\/wp-content\/uploads\/2026\/01\/2400EJOMN00251-DARK-BROWN-X_430-18x10.png",18,10,true],"woocommerce_thumbnail":["https:\/\/turkishtrade.co\/wp-content\/uploads\/2026\/01\/2400EJOMN00251-DARK-BROWN-X_430-400x250.png",400,250,true],"woocommerce_single":["https:\/\/turkishtrade.co\/wp-content\/uploads\/2026\/01\/2400EJOMN00251-DARK-BROWN-X_430.png",453,250,false],"woocommerce_gallery_thumbnail":["https:\/\/turkishtrade.co\/wp-content\/uploads\/2026\/01\/2400EJOMN00251-DARK-BROWN-X_430-100x100.png",100,100,true]},"uagb_author_info":{"display_name":"yaser olabi","author_link":"https:\/\/turkishtrade.co\/tr\/author\/"},"uagb_comment_info":0,"uagb_excerpt":"Superior Craftsmanship: Expertly crafted with a premium Calf Leather outer surface and soft Goat Leather inner lining. Lightweight Comfort: Features a modern EVA sole for exceptional comfort and reduced weight. Versatile Style: Classic Derby design perfect for both casual and semi-formal wear. Optimal Heel Height: Classic loafer\/casual heel height of 1-3 cm. Available Sizes: Wide&hellip;","_links":{"self":[{"href":"https:\/\/turkishtrade.co\/tr\/wp-json\/wp\/v2\/product\/5758","targetHints":{"allow":["GET"]}}],"collection":[{"href":"https:\/\/turkishtrade.co\/tr\/wp-json\/wp\/v2\/product"}],"about":[{"href":"https:\/\/turkishtrade.co\/tr\/wp-json\/wp\/v2\/types\/product"}],"wp:featuredmedia":[{"embeddable":true,"href":"https:\/\/turkishtrade.co\/tr\/wp-json\/wp\/v2\/media\/3858"}],"wp:attachment":[{"href":"https:\/\/turkishtrade.co\/tr\/wp-json\/wp\/v2\/media?parent=5758"}],"wp:term":[{"taxonomy":"product_brand","embeddable":true,"href":"https:\/\/turkishtrade.co\/tr\/wp-json\/wp\/v2\/product_brand?post=5758"},{"taxonomy":"product_cat","embeddable":true,"href":"https:\/\/turkishtrade.co\/tr\/wp-json\/wp\/v2\/product_cat?post=5758"},{"taxonomy":"product_tag","embeddable":true,"href":"https:\/\/turkishtrade.co\/tr\/wp-json\/wp\/v2\/product_tag?post=5758"}],"curies":[{"name":"wp","href":"https:\/\/api.w.org\/{rel}","templated":true}]}}