{"id":5755,"date":"2026-01-14T13:09:54","date_gmt":"2026-01-14T13:09:54","guid":{"rendered":"https:\/\/turkishtrade.co\/product\/men-leather-brogue-derby-shoes\/"},"modified":"2026-04-09T19:25:01","modified_gmt":"2026-04-09T19:25:01","slug":"mens-leather-brogue-derby-shoes-2","status":"publish","type":"product","link":"https:\/\/turkishtrade.co\/tr\/shop\/mens-leather-brogue-derby-shoes-2\/","title":{"rendered":"EVA Tabanl\u0131 Klasik Erkek Dana Derisi Brogue Derby Ayakkab\u0131"},"content":{"rendered":"<p><strong>Erkek Deri Brogue Derby Ayakkab\u0131<\/strong><\/p>\n<p>Ayakkab\u0131 koleksiyonunuzu se\u00e7kin \u00fcr\u00fcnlerimizle geli\u015ftirin <b>Erkek Deri Brogue Derby Ayakkab\u0131<\/b>. Se\u00e7kin beyefendiler i\u00e7in titizlikle \u00fcretilen bu ayakkab\u0131lar, zamans\u0131z \u015f\u0131kl\u0131\u011f\u0131 modern konforla harmanl\u0131yor. Zengin, cilal\u0131 dana derisi d\u0131\u015f y\u00fczey, sofistike bir g\u00f6r\u00fcn\u00fcm sergiler ve yaln\u0131zca ya\u015fland\u0131k\u00e7a iyile\u015fen dayan\u0131kl\u0131 ancak esnek bir y\u00fczey sunar.<\/p>\n<p>Her bir \u00e7iftimiz <b>Erkek Deri Brogue Derby Ayakkab\u0131<\/b> Klasik ayakkab\u0131 tasar\u0131m\u0131n\u0131n ay\u0131rt edici \u00f6zelliklerinden biri olan karma\u015f\u0131k brogue detaylar\u0131n\u0131 sergileyerek tak\u0131m\u0131n\u0131za se\u00e7kin bir karakter dokunu\u015fu katar.<\/p>\n<p><h3>Rakipsiz Konfor ve Birinci S\u0131n\u0131f Malzemeler<\/h3>\n<\/p>\n<p>Ayaklar\u0131n\u0131z\u0131 saran l\u00fcks ke\u00e7i derisi astar ile benzersiz bir konfor ya\u015fay\u0131n. Ke\u00e7i derisi yumu\u015fakl\u0131\u011f\u0131 ve nefes alabilirli\u011fi ile \u00fcnl\u00fcd\u00fcr ve ister ofiste ister \u00f6zel bir etkinli\u011fe kat\u0131l\u0131yor olun, g\u00fcn boyunca rahat bir uyum sa\u011flar. Yenilik\u00e7i EVA taban, ola\u011fan\u00fcst\u00fc yast\u0131klama ve hafif esneklik sa\u011flayarak bu ayakkab\u0131y\u0131 <b>Erkek Deri Brogue Derby Ayakkab\u0131<\/b> uzun s\u00fcre giymek i\u00e7in bir zevk.<\/p>\n<p>Geleneksel a\u011f\u0131r tabanlardan farkl\u0131 olarak EVA taban\u0131m\u0131z modern bir s\u0131\u00e7rama sunarak yorgunlu\u011fu azalt\u0131r ve ad\u0131mlar\u0131n\u0131z\u0131 g\u00fc\u00e7lendirir.<\/p>\n<p><h3>Her Durum i\u00e7in \u00c7ok Y\u00f6nl\u00fc Stil<\/h3>\n<\/p>\n<p>Bu klasik Derby ayakkab\u0131lar, a\u00e7\u0131k ba\u011fc\u0131k sistemine sahiptir ve resmi i\u015f k\u0131yafetlerinden \u015f\u0131k g\u00fcndelik k\u0131yafetlere kolayca ge\u00e7i\u015f yapan \u00e7ok y\u00f6nl\u00fc bir siluet sa\u011flar. G\u00f6steri\u015fli bir profesyonel g\u00f6r\u00fcn\u00fcm i\u00e7in \u00f6zel dikim bir tak\u0131m elbise ile e\u015fle\u015ftirin veya zarif bir hafta sonu esteti\u011fi i\u00e7in chino pantolon ve blazer ceket ile giydirin. Zamans\u0131z tasar\u0131m, bu ayakkab\u0131lar\u0131n <b>Erkek Deri Brogue Derby Ayakkab\u0131<\/b> y\u0131llarca gard\u0131robunuzun vazge\u00e7ilmezi olmaya devam edecek.<\/p>\n<p>39'dan 45'e kadar de\u011fi\u015fen bedenler ve 1-3 cm'lik rahat topuk y\u00fcksekli\u011fi ile geni\u015f bir tercih yelpazesine hitap ediyoruz.<\/p>\n<p><h3>Kaliteli \u0130\u015f\u00e7ilik ve Toptan Sat\u0131\u015f F\u0131rsatlar\u0131<\/h3>\n<\/p>\n<p>Kaliteye olan ba\u011fl\u0131l\u0131\u011f\u0131m\u0131z, bu birinci s\u0131n\u0131f ayakkab\u0131lar\u0131n her diki\u015finde ve kaplamas\u0131nda kendini g\u00f6stermektedir. Her bir \u00e7ift <b>Erkek Deri Brogue Derby Ayakkab\u0131<\/b> hem kusursuz bir stil hem de uzun s\u00fcreli dayan\u0131kl\u0131l\u0131k sunmak \u00fczere tasarlanm\u0131\u015f, yetenekli i\u015f\u00e7ili\u011fin bir kan\u0131t\u0131d\u0131r. \u0130\u015fletmeler ve perakendeciler i\u00e7in, yaln\u0131zca 8 \u00e7ift minimum sipari\u015f gereksinimi ile cazip toptan sat\u0131\u015f se\u00e7enekleri sunuyoruz.<\/p>\n<p>Verimli \u00fcretim ve teslimat program\u0131m\u0131zdan yararlan\u0131n, sipari\u015fler genellikle 12 g\u00fcn i\u00e7inde teslim edilir. Bize yat\u0131r\u0131m yap\u0131n <b>Erkek Deri Brogue Derby Ayakkab\u0131<\/b> ve m\u00fc\u015fterilerinize l\u00fcks, konfor ve kal\u0131c\u0131 stili bir araya getiren ayakkab\u0131lar sunun.<\/p>","protected":false},"excerpt":{"rendered":"<ul>\n<li><b>D\u0131\u015far\u0131dan:<\/b> Premium Dana Derisi<\/li>\n<li><b>\u0130\u00e7 mekan:<\/b> L\u00fcks Ke\u00e7i Derisi Deri Astar<\/li>\n<li><b>Taban:<\/b> Hafif ve Rahat EVA<\/li>\n<li><b>Tasar\u0131m:<\/b> Derby Ba\u011fc\u0131kl\u0131 Klasik Brogue Detayland\u0131rma<\/li>\n<li><b>Topuk Y\u00fcksekli\u011fi:<\/b> Yakla\u015f\u0131k 1-3 cm<\/li>\n<li><b>Mevcut Boyutlar:<\/b> 39, 40, 41, 42, 43, 44, 45<\/li>\n<li><b>Toptan Sat\u0131\u015f:<\/b> Minimum 8 \u00e7ift sipari\u015f.<\/li>\n<li><b>Teslimat S\u00fcresi:<\/b> 12 g\u00fcn art\u0131 nakliye.<\/li>\n<\/ul>","protected":false},"featured_media":3856,"template":"","meta":{"_acf_changed":false,"_uag_custom_page_level_css":"","site-sidebar-layout":"default","site-content-layout":"","ast-site-content-layout":"default","site-content-style":"default","site-sidebar-style":"default","ast-global-header-display":"","ast-banner-title-visibility":"","ast-main-header-display":"","ast-hfb-above-header-display":"","ast-hfb-below-header-display":"","ast-hfb-mobile-header-display":"","site-post-title":"","ast-breadcrumbs-content":"","ast-featured-img":"","footer-sml-layout":"","ast-disable-related-posts":"","theme-transparent-header-meta":"","adv-header-id-meta":"","stick-header-meta":"","header-above-stick-meta":"","header-main-stick-meta":"","header-below-stick-meta":"","astra-migrate-meta-layouts":"default","ast-page-background-enabled":"default","ast-page-background-meta":{"desktop":{"background-color":"var(--ast-global-color-4)","background-image":"","background-repeat":"repeat","background-position":"center center","background-size":"auto","background-attachment":"scroll","background-type":"","background-media":"","overlay-type":"","overlay-color":"","overlay-opacity":"","overlay-gradient":""},"tablet":{"background-color":"","background-image":"","background-repeat":"repeat","background-position":"center center","background-size":"auto","background-attachment":"scroll","background-type":"","background-media":"","overlay-type":"","overlay-color":"","overlay-opacity":"","overlay-gradient":""},"mobile":{"background-color":"","background-image":"","background-repeat":"repeat","background-position":"center center","background-size":"auto","background-attachment":"scroll","background-type":"","background-media":"","overlay-type":"","overlay-color":"","overlay-opacity":"","overlay-gradient":""}},"ast-content-background-meta":{"desktop":{"background-color":"var(--ast-global-color-5)","background-image":"","background-repeat":"repeat","background-position":"center center","background-size":"auto","background-attachment":"scroll","background-type":"","background-media":"","overlay-type":"","overlay-color":"","overlay-opacity":"","overlay-gradient":""},"tablet":{"background-color":"var(--ast-global-color-5)","background-image":"","background-repeat":"repeat","background-position":"center center","background-size":"auto","background-attachment":"scroll","background-type":"","background-media":"","overlay-type":"","overlay-color":"","overlay-opacity":"","overlay-gradient":""},"mobile":{"background-color":"var(--ast-global-color-5)","background-image":"","background-repeat":"repeat","background-position":"center center","background-size":"auto","background-attachment":"scroll","background-type":"","background-media":"","overlay-type":"","overlay-color":"","overlay-opacity":"","overlay-gradient":""}}},"product_brand":[],"product_cat":[48,47,49,430,40],"product_tag":[292,200,566,809,284,1039,438,251,556,1042,1040,787,281,1041],"class_list":{"0":"post-5755","1":"product","2":"type-product","3":"status-publish","4":"has-post-thumbnail","6":"product_cat-casual","7":"product_cat-classic","8":"product_cat-loafer","9":"product_cat-men","10":"product_cat-mens-shoes","11":"product_tag-brown-leather-shoes","12":"product_tag-business-casual","13":"product_tag-calfskin-shoes","14":"product_tag-classic-mens-footwear","15":"product_tag-dress-shoes","16":"product_tag-durable-leather-shoes","17":"product_tag-eva-sole","18":"product_tag-formal-shoes","19":"product_tag-goatskin-lining","20":"product_tag-mens-comfort-shoes","21":"product_tag-mens-leather-brogue-derby-shoes","22":"product_tag-premium-mens-shoes","23":"product_tag-wholesale-shoes","24":"product_tag-wingtip-derby","25":"desktop-align-center","26":"tablet-align-center","27":"mobile-align-center","29":"first","30":"instock","31":"shipping-taxable","32":"purchasable","33":"product-type-variable","34":"has-default-attributes"},"acf":[],"uagb_featured_image_src":{"full":["https:\/\/turkishtrade.co\/wp-content\/uploads\/2026\/01\/2400EJOMN00246-DARK-BROWN-TOV-13-3-USD.png",453,250,false],"thumbnail":["https:\/\/turkishtrade.co\/wp-content\/uploads\/2026\/01\/2400EJOMN00246-DARK-BROWN-TOV-13-3-USD.png",150,83,false],"medium":["https:\/\/turkishtrade.co\/wp-content\/uploads\/2026\/01\/2400EJOMN00246-DARK-BROWN-TOV-13-3-USD.png",300,166,false],"medium_large":["https:\/\/turkishtrade.co\/wp-content\/uploads\/2026\/01\/2400EJOMN00246-DARK-BROWN-TOV-13-3-USD.png",453,250,false],"large":["https:\/\/turkishtrade.co\/wp-content\/uploads\/2026\/01\/2400EJOMN00246-DARK-BROWN-TOV-13-3-USD.png",453,250,false],"1536x1536":["https:\/\/turkishtrade.co\/wp-content\/uploads\/2026\/01\/2400EJOMN00246-DARK-BROWN-TOV-13-3-USD.png",453,250,false],"2048x2048":["https:\/\/turkishtrade.co\/wp-content\/uploads\/2026\/01\/2400EJOMN00246-DARK-BROWN-TOV-13-3-USD.png",453,250,false],"trp-custom-language-flag":["https:\/\/turkishtrade.co\/wp-content\/uploads\/2026\/01\/2400EJOMN00246-DARK-BROWN-TOV-13-3-USD.png",18,10,false],"woocommerce_thumbnail":["https:\/\/turkishtrade.co\/wp-content\/uploads\/2026\/01\/2400EJOMN00246-DARK-BROWN-TOV-13-3-USD-400x250.png",400,250,true],"woocommerce_single":["https:\/\/turkishtrade.co\/wp-content\/uploads\/2026\/01\/2400EJOMN00246-DARK-BROWN-TOV-13-3-USD.png",453,250,false],"woocommerce_gallery_thumbnail":["https:\/\/turkishtrade.co\/wp-content\/uploads\/2026\/01\/2400EJOMN00246-DARK-BROWN-TOV-13-3-USD-100x100.png",100,100,true]},"uagb_author_info":{"display_name":"yaser olabi","author_link":"https:\/\/turkishtrade.co\/tr\/author\/"},"uagb_comment_info":0,"uagb_excerpt":"Exterior: Premium Calfskin Leather Interior: Luxurious Goatskin Leather Lining Sole: Lightweight and Comfortable EVA Design: Classic Brogue Detailing with Derby Lacing Heel Height: Approximately 1-3 cm Available Sizes: 39, 40, 41, 42, 43, 44, 45 Wholesale Availability: Minimum order of 8 pairs. Delivery Time: 12 days plus shipping.","_links":{"self":[{"href":"https:\/\/turkishtrade.co\/tr\/wp-json\/wp\/v2\/product\/5755","targetHints":{"allow":["GET"]}}],"collection":[{"href":"https:\/\/turkishtrade.co\/tr\/wp-json\/wp\/v2\/product"}],"about":[{"href":"https:\/\/turkishtrade.co\/tr\/wp-json\/wp\/v2\/types\/product"}],"wp:featuredmedia":[{"embeddable":true,"href":"https:\/\/turkishtrade.co\/tr\/wp-json\/wp\/v2\/media\/3856"}],"wp:attachment":[{"href":"https:\/\/turkishtrade.co\/tr\/wp-json\/wp\/v2\/media?parent=5755"}],"wp:term":[{"taxonomy":"product_brand","embeddable":true,"href":"https:\/\/turkishtrade.co\/tr\/wp-json\/wp\/v2\/product_brand?post=5755"},{"taxonomy":"product_cat","embeddable":true,"href":"https:\/\/turkishtrade.co\/tr\/wp-json\/wp\/v2\/product_cat?post=5755"},{"taxonomy":"product_tag","embeddable":true,"href":"https:\/\/turkishtrade.co\/tr\/wp-json\/wp\/v2\/product_tag?post=5755"}],"curies":[{"name":"wp","href":"https:\/\/api.w.org\/{rel}","templated":true}]}}