{"id":5751,"date":"2026-01-14T13:08:28","date_gmt":"2026-01-14T13:08:28","guid":{"rendered":"https:\/\/turkishtrade.co\/product\/men-s-cap-toe-derby-shoes\/"},"modified":"2026-04-09T19:25:09","modified_gmt":"2026-04-09T19:25:09","slug":"mens-cap-toe-derby-shoes-3","status":"publish","type":"product","link":"https:\/\/turkishtrade.co\/tr\/shop\/mens-cap-toe-derby-shoes-3\/","title":{"rendered":"Premium Erkek Deri Cap Toe Derby Ayakkab\u0131"},"content":{"rendered":"<p><strong>Erkek \u015eapkal\u0131 Derby Ayakkab\u0131<\/strong><\/p>\n<p>Enfes ayakkab\u0131 koleksiyonumuzla ayakkab\u0131 koleksiyonunuzu y\u00fckseltin <strong>Erkek \u015eapkal\u0131 Derby Ayakkab\u0131<\/strong>. Se\u00e7kin beyefendiler i\u00e7in tasarlanan bu ayakkab\u0131lar, klasik sofistikeli\u011fi \u00e7a\u011fda\u015f konforla kusursuz bir \u015fekilde harmanlayarak hem resmi hem de \u015f\u0131k g\u00fcndelik k\u0131yafetlerinize vazge\u00e7ilmez bir katk\u0131 sa\u011flar. Bu l\u00fcks ayakkab\u0131lar\u0131n her bir \u00e7ifti <strong>Erkek \u015eapkal\u0131 Derby Ayakkab\u0131<\/strong> \u00fcst\u00fcn i\u015f\u00e7ilik ve kal\u0131c\u0131 stilin bir kan\u0131t\u0131d\u0131r ve her zaman se\u00e7kin bir izlenim b\u0131rakman\u0131z\u0131 sa\u011flar.<\/p>\n<p><h3>Benzersiz Kalite ve \u0130\u015f\u00e7ilik<\/h3>\n<\/p>\n<p>Bu istisnai \u00e7al\u0131\u015fmalar\u0131n merkezinde <strong>Erkek \u015eapkal\u0131 Derby Ayakkab\u0131<\/strong> birinci s\u0131n\u0131f malzemelere olan ba\u011fl\u0131l\u0131k yatmaktad\u0131r. D\u0131\u015f y\u00fczey titizlikle \u015fu malzemelerden \u00fcretilmi\u015ftir <strong>birinci s\u0131n\u0131f dana derisi<\/strong>, p\u00fcr\u00fczs\u00fcz ve zengin dokulu y\u00fczeylerin sofistike bir kombinasyonu ile rafine bir estetik sunar, \u00f6zellikle de ay\u0131rt edici burun ucunda belirgindir.<\/p>\n<p>Bu malzeme se\u00e7imi sadece l\u00fcks bir g\u00f6r\u00fcn\u00fcm sa\u011flamakla kalmaz, ayn\u0131 zamanda dayan\u0131kl\u0131l\u0131k ve zaman i\u00e7inde g\u00fczel bir patina sa\u011flar. \u0130\u00e7 k\u0131s\u0131m yumu\u015fak ve esnek bir yap\u0131ya sahiptir. <strong>ke\u00e7i derisi astar<\/strong>, Att\u0131\u011f\u0131n\u0131z her ad\u0131mda nefes alabilirlik ve benzersiz konfor sa\u011flayan bu \u00fcr\u00fcnler idealdir. <strong>Erkek \u015eapkal\u0131 Derby Ayakkab\u0131<\/strong> uzun s\u00fcreli kullan\u0131m i\u00e7in.<\/p>\n<p>Bu zarif ayakkab\u0131lar\u0131n temeli hafif ve esnek bir yap\u0131ya sahiptir. <strong>EVA taban<\/strong>, Klasik 1-3 cm topuk ile tamamlanarak hem denge hem de rahat bir ad\u0131m sunar.<\/p>\n<p><h3>Her Durum i\u00e7in \u00c7ok Y\u00f6nl\u00fc Stil<\/h3>\n<\/p>\n<p>Bizim <strong>Erkek \u015eapkal\u0131 Derby Ayakkab\u0131<\/strong> \u00e7ok y\u00f6nl\u00fc \u015f\u0131kl\u0131\u011f\u0131n \u00f6z\u00fcd\u00fcr. Klasik derby ba\u011fc\u0131klar\u0131yla bir araya gelen zamans\u0131z burnu a\u00e7\u0131k tasar\u0131mlar\u0131, bu ayakkab\u0131lar\u0131 \u00e7ok \u00e7e\u015fitli etkinlikler i\u00e7in m\u00fckemmel \u015fekilde uygun hale getirir. \u0130ster \u00f6nemli bir i\u015f toplant\u0131s\u0131na, ister resmi bir ak\u015fam galas\u0131na kat\u0131l\u0131yor olun, ister sadece \u015f\u0131k ve g\u00fcndelik bir g\u00f6r\u00fcn\u00fcm hedefliyor olun, bu ayakkab\u0131lar kal\u0131c\u0131 bir izlenim b\u0131rakman\u0131z\u0131 sa\u011flayacakt\u0131r.<\/p>\n<p>Klasik siyah, koyu lacivert ve zengin kahverengi gibi sofistike bir palette mevcut olan bir \u00e7ift <strong>Erkek \u015eapkal\u0131 Derby Ayakkab\u0131<\/strong> her k\u0131yafeti ve ki\u015fisel stili tamamlamak i\u00e7in. Bedenler 39 ila 45 aras\u0131nda de\u011fi\u015fir ve geni\u015f bir m\u00fc\u015fteri yelpazesi i\u00e7in m\u00fckemmel bir uyum sa\u011flar.<\/p>\n<p><h3>\u0130\u015fletmeler i\u00e7in Toptan Sat\u0131\u015f F\u0131rsat\u0131<\/h3>\n<\/p>\n<p>Y\u00fcksek kaliteli, \u015f\u0131k ayakkab\u0131lar arayan perakendeciler ve i\u015fletmeler i\u00e7in <strong>Erkek \u015eapkal\u0131 Derby Ayakkab\u0131<\/strong> toptan sat\u0131n al\u0131nabilir. Minimum 8 \u00e7ift sipari\u015f miktar\u0131yla cazip toplu fiyatland\u0131rma sunarak bu aranan \u00fcr\u00fcnleri stoklaman\u0131za olanak tan\u0131yoruz. Verimli sipari\u015f i\u015fleme ve yakla\u015f\u0131k 12 g\u00fcn art\u0131 kargo teslimat s\u00fcresinin keyfini \u00e7\u0131kar\u0131n.<\/p>\n<p>Detayl\u0131 fiyatland\u0131rma ve bu premium \u00fcr\u00fcnlerin nas\u0131l kullan\u0131laca\u011f\u0131n\u0131 g\u00f6r\u00fc\u015fmek i\u00e7in bizimle ileti\u015fime ge\u00e7in. <strong>Erkek \u015eapkal\u0131 Derby Ayakkab\u0131<\/strong> \u00fcr\u00fcn teklifinizi geli\u015ftirebilir ve m\u00fc\u015fterilerinizin sofistike, y\u00fcksek kaliteli ayakkab\u0131 arzusunu kar\u015f\u0131layabilir.<\/p>","protected":false},"excerpt":{"rendered":"<ul>\n<li>P\u00fcr\u00fczs\u00fcz ve kendine \u00f6zg\u00fc dokulu y\u00fczeylere sahip l\u00fcks dana derisi d\u0131\u015f y\u00fczey<\/li>\n<li>Kullan\u0131m s\u0131ras\u0131nda \u00fcst\u00fcn konfor i\u00e7in yumu\u015fak ve nefes alabilen ke\u00e7i derisi astar<\/li>\n<li>1-3 cm klasik topuk y\u00fcksekli\u011fine sahip dayan\u0131kl\u0131 ve hafif EVA taban<\/li>\n<li>Zamans\u0131z \u015f\u0131kl\u0131k ve \u00e7ok y\u00f6nl\u00fcl\u00fck i\u00e7in klasik ba\u011fc\u0131kl\u0131 kap toe derby tasar\u0131m\u0131<\/li>\n<li>39'dan 45'e kadar geni\u015f bir beden aral\u0131\u011f\u0131nda mevcuttur<\/li>\n<li>Sofistike\n<li>Minimum 8 \u00e7ift miktar\u0131yla toptan ve toplu sipari\u015fler i\u00e7in idealdir<\/li>\n<li>Yakla\u015f\u0131k 12 g\u00fcn i\u00e7inde verimli teslimat art\u0131 standart nakliye s\u00fcresi<\/li>\n<li>Toptan sat\u0131\u015f fiyatland\u0131rma detaylar\u0131 i\u015f ortaklar\u0131 i\u00e7in talep \u00fczerine mevcuttur<\/li>\n<\/ul>","protected":false},"featured_media":3765,"template":"","meta":{"_acf_changed":false,"_uag_custom_page_level_css":"","site-sidebar-layout":"default","site-content-layout":"","ast-site-content-layout":"default","site-content-style":"default","site-sidebar-style":"default","ast-global-header-display":"","ast-banner-title-visibility":"","ast-main-header-display":"","ast-hfb-above-header-display":"","ast-hfb-below-header-display":"","ast-hfb-mobile-header-display":"","site-post-title":"","ast-breadcrumbs-content":"","ast-featured-img":"","footer-sml-layout":"","ast-disable-related-posts":"","theme-transparent-header-meta":"","adv-header-id-meta":"","stick-header-meta":"","header-above-stick-meta":"","header-main-stick-meta":"","header-below-stick-meta":"","astra-migrate-meta-layouts":"default","ast-page-background-enabled":"default","ast-page-background-meta":{"desktop":{"background-color":"var(--ast-global-color-4)","background-image":"","background-repeat":"repeat","background-position":"center center","background-size":"auto","background-attachment":"scroll","background-type":"","background-media":"","overlay-type":"","overlay-color":"","overlay-opacity":"","overlay-gradient":""},"tablet":{"background-color":"","background-image":"","background-repeat":"repeat","background-position":"center center","background-size":"auto","background-attachment":"scroll","background-type":"","background-media":"","overlay-type":"","overlay-color":"","overlay-opacity":"","overlay-gradient":""},"mobile":{"background-color":"","background-image":"","background-repeat":"repeat","background-position":"center center","background-size":"auto","background-attachment":"scroll","background-type":"","background-media":"","overlay-type":"","overlay-color":"","overlay-opacity":"","overlay-gradient":""}},"ast-content-background-meta":{"desktop":{"background-color":"var(--ast-global-color-5)","background-image":"","background-repeat":"repeat","background-position":"center center","background-size":"auto","background-attachment":"scroll","background-type":"","background-media":"","overlay-type":"","overlay-color":"","overlay-opacity":"","overlay-gradient":""},"tablet":{"background-color":"var(--ast-global-color-5)","background-image":"","background-repeat":"repeat","background-position":"center center","background-size":"auto","background-attachment":"scroll","background-type":"","background-media":"","overlay-type":"","overlay-color":"","overlay-opacity":"","overlay-gradient":""},"mobile":{"background-color":"var(--ast-global-color-5)","background-image":"","background-repeat":"repeat","background-position":"center center","background-size":"auto","background-attachment":"scroll","background-type":"","background-media":"","overlay-type":"","overlay-color":"","overlay-opacity":"","overlay-gradient":""}}},"product_brand":[],"product_cat":[47,430,40],"product_tag":[407,613,202,458,809,212,284,438,251,437,227,614,362,280,281],"class_list":{"0":"post-5751","1":"product","2":"type-product","3":"status-publish","4":"has-post-thumbnail","6":"product_cat-classic","7":"product_cat-men","8":"product_cat-mens-shoes","9":"product_tag-black-derby-shoes","10":"product_tag-brown-derby-shoes","11":"product_tag-calf-leather","12":"product_tag-cap-toe-shoes","13":"product_tag-classic-mens-footwear","14":"product_tag-derby-shoes","15":"product_tag-dress-shoes","16":"product_tag-eva-sole","17":"product_tag-formal-shoes","18":"product_tag-goat-leather","19":"product_tag-leather-shoes","20":"product_tag-navy-derby-shoes","21":"product_tag-premium-footwear","22":"product_tag-smart-casual-shoes","23":"product_tag-wholesale-shoes","24":"desktop-align-center","25":"tablet-align-center","26":"mobile-align-center","28":"first","29":"instock","30":"shipping-taxable","31":"purchasable","32":"product-type-variable","33":"has-default-attributes"},"acf":[],"uagb_featured_image_src":{"full":["https:\/\/turkishtrade.co\/wp-content\/uploads\/2026\/01\/2400EJOMN00342-DARK-BROWN-X_12583-1-usd.png",453,250,false],"thumbnail":["https:\/\/turkishtrade.co\/wp-content\/uploads\/2026\/01\/2400EJOMN00342-DARK-BROWN-X_12583-1-usd-150x150.png",150,150,true],"medium":["https:\/\/turkishtrade.co\/wp-content\/uploads\/2026\/01\/2400EJOMN00342-DARK-BROWN-X_12583-1-usd-300x166.png",300,166,true],"medium_large":["https:\/\/turkishtrade.co\/wp-content\/uploads\/2026\/01\/2400EJOMN00342-DARK-BROWN-X_12583-1-usd.png",453,250,false],"large":["https:\/\/turkishtrade.co\/wp-content\/uploads\/2026\/01\/2400EJOMN00342-DARK-BROWN-X_12583-1-usd.png",453,250,false],"1536x1536":["https:\/\/turkishtrade.co\/wp-content\/uploads\/2026\/01\/2400EJOMN00342-DARK-BROWN-X_12583-1-usd.png",453,250,false],"2048x2048":["https:\/\/turkishtrade.co\/wp-content\/uploads\/2026\/01\/2400EJOMN00342-DARK-BROWN-X_12583-1-usd.png",453,250,false],"trp-custom-language-flag":["https:\/\/turkishtrade.co\/wp-content\/uploads\/2026\/01\/2400EJOMN00342-DARK-BROWN-X_12583-1-usd-18x10.png",18,10,true],"woocommerce_thumbnail":["https:\/\/turkishtrade.co\/wp-content\/uploads\/2026\/01\/2400EJOMN00342-DARK-BROWN-X_12583-1-usd-400x250.png",400,250,true],"woocommerce_single":["https:\/\/turkishtrade.co\/wp-content\/uploads\/2026\/01\/2400EJOMN00342-DARK-BROWN-X_12583-1-usd.png",453,250,false],"woocommerce_gallery_thumbnail":["https:\/\/turkishtrade.co\/wp-content\/uploads\/2026\/01\/2400EJOMN00342-DARK-BROWN-X_12583-1-usd-100x100.png",100,100,true]},"uagb_author_info":{"display_name":"yaser olabi","author_link":"https:\/\/turkishtrade.co\/tr\/author\/"},"uagb_comment_info":0,"uagb_excerpt":"Luxurious calf leather outer, featuring smooth and distinctive textured finishes Soft and breathable goat leather lining for ultimate comfort during wear Durable yet lightweight EVA sole with a subtle 1-3 cm classic heel height Classic lace-up cap toe derby design for timeless elegance and versatility Available in an extensive size range from 39 to 45&hellip;","_links":{"self":[{"href":"https:\/\/turkishtrade.co\/tr\/wp-json\/wp\/v2\/product\/5751","targetHints":{"allow":["GET"]}}],"collection":[{"href":"https:\/\/turkishtrade.co\/tr\/wp-json\/wp\/v2\/product"}],"about":[{"href":"https:\/\/turkishtrade.co\/tr\/wp-json\/wp\/v2\/types\/product"}],"wp:featuredmedia":[{"embeddable":true,"href":"https:\/\/turkishtrade.co\/tr\/wp-json\/wp\/v2\/media\/3765"}],"wp:attachment":[{"href":"https:\/\/turkishtrade.co\/tr\/wp-json\/wp\/v2\/media?parent=5751"}],"wp:term":[{"taxonomy":"product_brand","embeddable":true,"href":"https:\/\/turkishtrade.co\/tr\/wp-json\/wp\/v2\/product_brand?post=5751"},{"taxonomy":"product_cat","embeddable":true,"href":"https:\/\/turkishtrade.co\/tr\/wp-json\/wp\/v2\/product_cat?post=5751"},{"taxonomy":"product_tag","embeddable":true,"href":"https:\/\/turkishtrade.co\/tr\/wp-json\/wp\/v2\/product_tag?post=5751"}],"curies":[{"name":"wp","href":"https:\/\/api.w.org\/{rel}","templated":true}]}}