{"id":5748,"date":"2026-01-14T13:03:39","date_gmt":"2026-01-14T13:03:39","guid":{"rendered":"https:\/\/turkishtrade.co\/product\/mens-chunky-sole-loafers\/"},"modified":"2026-04-09T19:25:15","modified_gmt":"2026-04-09T19:25:15","slug":"mens-chunky-sole-loafers","status":"publish","type":"product","link":"https:\/\/turkishtrade.co\/tr\/shop\/mens-chunky-sole-loafers\/","title":{"rendered":"Erkek Premium Deri Kal\u0131n Tabanl\u0131 Loafer"},"content":{"rendered":"<p><strong>Erkek Kal\u0131n Tabanl\u0131 Loafer<\/strong><\/p>\n<p>Sofistike konfora ad\u0131m at\u0131n ve se\u00e7kin koleksiyonumuzla cesur bir a\u00e7\u0131klama yap\u0131n <b>Erkek Kal\u0131n Tabanl\u0131 Loafer<\/b>. Hem zamans\u0131z \u015f\u0131kl\u0131\u011fa hem de \u00e7a\u011fda\u015f yetene\u011fe de\u011fer veren modern beyefendiler i\u00e7in tasarlanan bu mokasen ayakkab\u0131lar, \u00fcst\u00fcn i\u015f\u00e7ilik ve l\u00fcks malzemelerin ger\u00e7ek bir \u00f6rne\u011fidir. Her bir \u00e7iftimiz <b>erkek kal\u0131n tabanl\u0131 mokasen ayakkab\u0131<\/b> benzersiz bir kullan\u0131m deneyimi sunmak i\u00e7in titizlikle \u00fcretilmi\u015ftir ve her se\u00e7kin gard\u0131robun de\u011ferli bir par\u00e7as\u0131 haline gelmesini sa\u011flar.<\/p>\n<p><h3>E\u015fsiz Kalite ve Zanaatkar \u0130\u015f\u00e7ili\u011fi<\/h3>\n<\/p>\n<p>Premium \u00fcr\u00fcnlerimiz <b>erkek kal\u0131n tabanl\u0131 mokasen ayakkab\u0131<\/b> mevcut en iyi orijinal malzemelerden \u00fcretilmi\u015ftir. D\u0131\u015f y\u00fczeyi, ola\u011fan\u00fcst\u00fc dayan\u0131kl\u0131l\u0131\u011f\u0131, l\u00fcks dokusu ve zaman i\u00e7inde g\u00fczel, benzersiz bir patine geli\u015ftirme yetene\u011fi ile tan\u0131nan zengin, esnek dana derisine sahiptir. Bu y\u00fcksek kaliteli deri, mokasenlerinizin sadece harika g\u00f6r\u00fcnmesini de\u011fil, ayn\u0131 zamanda ya\u015fland\u0131k\u00e7a geli\u015fmesini de sa\u011flar.<\/p>\n<p>\u0130\u00e7 k\u0131s\u0131mda, ayaklar\u0131n\u0131z ilk ad\u0131mdan itibaren ola\u011fan\u00fcst\u00fc nefes alabilirlik ve rahatl\u0131k sa\u011flayan hakiki ke\u00e7i derisi astar\u0131n nazik kuca\u011f\u0131yla sar\u0131lacak. Karma\u015f\u0131k diki\u015fler ve yap\u0131 boyunca detaylara g\u00f6sterilen sars\u0131lmaz \u00f6zen, yetenekli zanaatk\u00e2rlar\u0131n adanm\u0131\u015fl\u0131\u011f\u0131n\u0131 yans\u0131t\u0131r ve uzun \u00f6m\u00fcrl\u00fc ve etkileyici bir \u00fcr\u00fcn\u00fc garanti eder.<\/p>\n<p><h3>Modern Konfor \u00c7a\u011fda\u015f Tarzla Bulu\u015fuyor<\/h3>\n<\/p>\n<p>Sa\u011flam ancak son derece hafif EVA taban ile gelenek ve yenili\u011fin m\u00fckemmel birle\u015fimini deneyimleyin. Bu ay\u0131rt edici kal\u0131n taban tasar\u0131m\u0131, mokasen ayakkab\u0131lara \u015f\u0131k ve \u00e7a\u011fda\u015f bir hava katmakla kalmaz, ayn\u0131 zamanda \u00fcst\u00fcn yast\u0131klama ve g\u00fcvenilir destek sa\u011flayarak bu ayakkab\u0131lar\u0131 g\u00fcn boyunca uzun s\u00fcreli kullan\u0131m i\u00e7in inan\u0131lmaz derecede rahat hale getirir.<\/p>\n<p>M\u00fctevaz\u0131 1-3 cm topuk, klasik loafer sil\u00fcetini kusursuz bir \u015fekilde korurken hafif bir y\u00fckselme sa\u011flar ve hem denge hem de zahmetsiz hareket sa\u011flar. \u0130ster kalabal\u0131k \u015fehir sokaklar\u0131nda geziniyor ister rahat ve g\u00fcndelik bir gezintinin tad\u0131n\u0131 \u00e7\u0131kar\u0131yor olun, bu <b>erkek kal\u0131n tabanl\u0131 mokasen ayakkab\u0131<\/b> hem sofistike tarz\u0131 hem de temel i\u015flevselli\u011fi s\u00fcrekli olarak sunar.<\/p>\n<p><h3>Her Durum i\u00e7in \u00c7ok Y\u00f6nl\u00fcl\u00fck<\/h3>\n<\/p>\n<p>\u00dcr\u00fcn g\u00f6rsellerinde sergilenen derin, zengin kahverengi ve zarif lacivert de dahil olmak \u00fczere bir dizi sofistike tonda mevcut olan kal\u0131n tabanl\u0131 mokasen ayakkab\u0131lar\u0131m\u0131z, \u00e7ok \u00e7e\u015fitli k\u0131yafetleri zahmetsizce tamamlar.<\/p>\n<p>\u015e\u0131k ve rahat bir ofis kombini i\u00e7in \u00f6zel dikim pantolonlarla e\u015fle\u015ftirin ya da rahat ama zarif bir hafta sonu g\u00f6r\u00fcn\u00fcm\u00fc i\u00e7in chino pantolonlar ve tasar\u0131mc\u0131 kotlar\u0131yla kombinleyin. \u00c7ok y\u00f6nl\u00fc tasar\u0131mlar\u0131 sayesinde \u00f6nemli i\u015f toplant\u0131lar\u0131ndan se\u00e7kin sosyal bulu\u015fmalara kadar her \u015fey i\u00e7in m\u00fckemmel bir \u015fekilde uygundur ve her zaman g\u00fcvenle ve inkar edilemez bir tarzla d\u0131\u015far\u0131 \u00e7\u0131kman\u0131z\u0131 sa\u011flar. Dana derisinin benzersiz dokusu ve \u015f\u0131k, modern tasar\u0131m\u0131 bu ayakkab\u0131lar\u0131 <b>erkek kal\u0131n tabanl\u0131 mokasen ayakkab\u0131<\/b> her ayakkab\u0131 koleksiyonunda ger\u00e7ekten g\u00f6ze \u00e7arpan bir se\u00e7imdir.<\/p>\n<p><h3>Esnek Toplu Sipari\u015f Se\u00e7enekleri<\/h3>\n<\/p>\n<p>Verimli ve esnek toplu sipari\u015f sistemimiz arac\u0131l\u0131\u011f\u0131yla i\u015fletmelere ve perakendecilere hizmet vermekten gurur duyuyoruz. \u00c7ok ra\u011fbet g\u00f6ren \u00fcr\u00fcnlerimiz <b>erkek kal\u0131n tabanl\u0131 mokasen ayakkab\u0131<\/b> 39'dan 45'e kadar kapsaml\u0131 bir beden aral\u0131\u011f\u0131nda mevcut olup, m\u00fc\u015fteri taban\u0131n\u0131z\u0131n \u00e7e\u015fitli taleplerini etkin bir \u015fekilde kar\u015f\u0131layabilmenizi sa\u011flar. Sadece 8 \u00e7iftlik minimum sipari\u015f miktar\u0131 ve yakla\u015f\u0131k 12 g\u00fcnl\u00fck verimli teslimat program\u0131 ile bu pop\u00fcler ve \u015f\u0131k loafer'lar\u0131 stoklamak hem kolay hem de rahatt\u0131r.<\/p>\n<p>Bizimle i\u015f ortakl\u0131\u011f\u0131 yap\u0131n ve m\u00fc\u015fterilerinizin \u015f\u00fcphesiz takdir edece\u011fi ve sevece\u011fi kalite, konfor ve stile yat\u0131r\u0131m yap\u0131n.<\/p>","protected":false},"excerpt":{"rendered":"<ul>\n<li><b>Premium Malzemeler:<\/b> \u00dcst\u00fcn konfor ve uzun s\u00fcreli dayan\u0131kl\u0131l\u0131k i\u00e7in hakiki dana derisi d\u0131\u015f y\u00fczey ve yumu\u015fak ke\u00e7i derisi astar ile ustal\u0131kla \u00fcretilmi\u015ftir.<\/li>\n<li><b>Kal\u0131n EVA Taban:<\/b> \u00dcst\u00fcn yast\u0131klama, sa\u011flam stil ve g\u00fcn boyu giyilebilirlik i\u00e7in \u00e7a\u011fda\u015f, hafif EVA tabana (1-3 cm topuk) sahiptir.<\/li>\n<li><b>\u00c7ok Y\u00f6nl\u00fc Tasar\u0131m:<\/b> Klasik loafer sofistikeli\u011fi ve modern g\u00fcndelik trendlerin m\u00fckemmel bir birle\u015fimi, farkl\u0131 durumlar i\u00e7in ideal.<\/li>\n<li><b>Kapsaml\u0131 Boyutland\u0131rma:<\/b> Geni\u015f bir tercih yelpazesini kar\u015f\u0131lamak i\u00e7in 39, 40, 41, 42, 43, 44, 45 bedenleri mevcuttur.<\/li>\n<li><b>Toplu Bulunabilirlik:<\/b> Toptan sat\u0131\u015f kolayl\u0131\u011f\u0131 i\u00e7in tahmini teslimat s\u00fcresi 12 g\u00fcn + nakliye ile minimum sipari\u015f miktar\u0131 8 \u00e7ifttir.<\/li>\n<\/ul>","protected":false},"featured_media":3854,"template":"","meta":{"_acf_changed":false,"_uag_custom_page_level_css":"","site-sidebar-layout":"default","site-content-layout":"","ast-site-content-layout":"default","site-content-style":"default","site-sidebar-style":"default","ast-global-header-display":"","ast-banner-title-visibility":"","ast-main-header-display":"","ast-hfb-above-header-display":"","ast-hfb-below-header-display":"","ast-hfb-mobile-header-display":"","site-post-title":"","ast-breadcrumbs-content":"","ast-featured-img":"","footer-sml-layout":"","ast-disable-related-posts":"","theme-transparent-header-meta":"","adv-header-id-meta":"","stick-header-meta":"","header-above-stick-meta":"","header-main-stick-meta":"","header-below-stick-meta":"","astra-migrate-meta-layouts":"default","ast-page-background-enabled":"default","ast-page-background-meta":{"desktop":{"background-color":"var(--ast-global-color-4)","background-image":"","background-repeat":"repeat","background-position":"center center","background-size":"auto","background-attachment":"scroll","background-type":"","background-media":"","overlay-type":"","overlay-color":"","overlay-opacity":"","overlay-gradient":""},"tablet":{"background-color":"","background-image":"","background-repeat":"repeat","background-position":"center center","background-size":"auto","background-attachment":"scroll","background-type":"","background-media":"","overlay-type":"","overlay-color":"","overlay-opacity":"","overlay-gradient":""},"mobile":{"background-color":"","background-image":"","background-repeat":"repeat","background-position":"center center","background-size":"auto","background-attachment":"scroll","background-type":"","background-media":"","overlay-type":"","overlay-color":"","overlay-opacity":"","overlay-gradient":""}},"ast-content-background-meta":{"desktop":{"background-color":"var(--ast-global-color-5)","background-image":"","background-repeat":"repeat","background-position":"center center","background-size":"auto","background-attachment":"scroll","background-type":"","background-media":"","overlay-type":"","overlay-color":"","overlay-opacity":"","overlay-gradient":""},"tablet":{"background-color":"var(--ast-global-color-5)","background-image":"","background-repeat":"repeat","background-position":"center center","background-size":"auto","background-attachment":"scroll","background-type":"","background-media":"","overlay-type":"","overlay-color":"","overlay-opacity":"","overlay-gradient":""},"mobile":{"background-color":"var(--ast-global-color-5)","background-image":"","background-repeat":"repeat","background-position":"center center","background-size":"auto","background-attachment":"scroll","background-type":"","background-media":"","overlay-type":"","overlay-color":"","overlay-opacity":"","overlay-gradient":""}}},"product_brand":[],"product_cat":[48,47,49,430,40],"product_tag":[453,202,449,436,457,222,438,437,215,148,198,210,670,281],"class_list":{"0":"post-5748","1":"product","2":"type-product","3":"status-publish","4":"has-post-thumbnail","6":"product_cat-casual","7":"product_cat-classic","8":"product_cat-loafer","9":"product_cat-men","10":"product_cat-mens-shoes","11":"product_tag-bulk-footwear","12":"product_tag-calf-leather","13":"product_tag-casual-shoes","14":"product_tag-chunky-sole","15":"product_tag-classic-loafers","16":"product_tag-comfortable-shoes","17":"product_tag-eva-sole","18":"product_tag-goat-leather","19":"product_tag-leather-loafers","20":"product_tag-loafers","21":"product_tag-mens-fashion","22":"product_tag-smart-casual","23":"product_tag-stylish-loafers","24":"product_tag-wholesale-shoes","25":"desktop-align-center","26":"tablet-align-center","27":"mobile-align-center","29":"first","30":"instock","31":"shipping-taxable","32":"purchasable","33":"product-type-variable","34":"has-default-attributes"},"acf":[],"uagb_featured_image_src":{"full":["https:\/\/turkishtrade.co\/wp-content\/uploads\/2026\/01\/2400EJOMN00245-DARK-BLUE-X_625-6-USD.png",453,250,false],"thumbnail":["https:\/\/turkishtrade.co\/wp-content\/uploads\/2026\/01\/2400EJOMN00245-DARK-BLUE-X_625-6-USD-150x150.png",150,150,true],"medium":["https:\/\/turkishtrade.co\/wp-content\/uploads\/2026\/01\/2400EJOMN00245-DARK-BLUE-X_625-6-USD-300x166.png",300,166,true],"medium_large":["https:\/\/turkishtrade.co\/wp-content\/uploads\/2026\/01\/2400EJOMN00245-DARK-BLUE-X_625-6-USD.png",453,250,false],"large":["https:\/\/turkishtrade.co\/wp-content\/uploads\/2026\/01\/2400EJOMN00245-DARK-BLUE-X_625-6-USD.png",453,250,false],"1536x1536":["https:\/\/turkishtrade.co\/wp-content\/uploads\/2026\/01\/2400EJOMN00245-DARK-BLUE-X_625-6-USD.png",453,250,false],"2048x2048":["https:\/\/turkishtrade.co\/wp-content\/uploads\/2026\/01\/2400EJOMN00245-DARK-BLUE-X_625-6-USD.png",453,250,false],"trp-custom-language-flag":["https:\/\/turkishtrade.co\/wp-content\/uploads\/2026\/01\/2400EJOMN00245-DARK-BLUE-X_625-6-USD-18x10.png",18,10,true],"woocommerce_thumbnail":["https:\/\/turkishtrade.co\/wp-content\/uploads\/2026\/01\/2400EJOMN00245-DARK-BLUE-X_625-6-USD-400x250.png",400,250,true],"woocommerce_single":["https:\/\/turkishtrade.co\/wp-content\/uploads\/2026\/01\/2400EJOMN00245-DARK-BLUE-X_625-6-USD.png",453,250,false],"woocommerce_gallery_thumbnail":["https:\/\/turkishtrade.co\/wp-content\/uploads\/2026\/01\/2400EJOMN00245-DARK-BLUE-X_625-6-USD-100x100.png",100,100,true]},"uagb_author_info":{"display_name":"yaser olabi","author_link":"https:\/\/turkishtrade.co\/tr\/author\/"},"uagb_comment_info":0,"uagb_excerpt":"Premium Materials: Expertly crafted with a genuine calf leather exterior and soft goat leather lining for ultimate comfort and lasting durability. Chunky EVA Sole: Features a contemporary, lightweight EVA sole (1-3 cm heel) for superior cushioning, robust style, and all-day wearability. Versatile Design: A perfect fusion of classic loafer sophistication and modern casual trends, ideal&hellip;","_links":{"self":[{"href":"https:\/\/turkishtrade.co\/tr\/wp-json\/wp\/v2\/product\/5748","targetHints":{"allow":["GET"]}}],"collection":[{"href":"https:\/\/turkishtrade.co\/tr\/wp-json\/wp\/v2\/product"}],"about":[{"href":"https:\/\/turkishtrade.co\/tr\/wp-json\/wp\/v2\/types\/product"}],"wp:featuredmedia":[{"embeddable":true,"href":"https:\/\/turkishtrade.co\/tr\/wp-json\/wp\/v2\/media\/3854"}],"wp:attachment":[{"href":"https:\/\/turkishtrade.co\/tr\/wp-json\/wp\/v2\/media?parent=5748"}],"wp:term":[{"taxonomy":"product_brand","embeddable":true,"href":"https:\/\/turkishtrade.co\/tr\/wp-json\/wp\/v2\/product_brand?post=5748"},{"taxonomy":"product_cat","embeddable":true,"href":"https:\/\/turkishtrade.co\/tr\/wp-json\/wp\/v2\/product_cat?post=5748"},{"taxonomy":"product_tag","embeddable":true,"href":"https:\/\/turkishtrade.co\/tr\/wp-json\/wp\/v2\/product_tag?post=5748"}],"curies":[{"name":"wp","href":"https:\/\/api.w.org\/{rel}","templated":true}]}}