{"id":5742,"date":"2026-01-14T13:02:25","date_gmt":"2026-01-14T13:02:25","guid":{"rendered":"https:\/\/turkishtrade.co\/product\/mens-genuine-leather-casual-shoes\/"},"modified":"2026-04-09T19:25:24","modified_gmt":"2026-04-09T19:25:24","slug":"mens-genuine-leather-casual-shoes","status":"publish","type":"product","link":"https:\/\/turkishtrade.co\/tr\/shop\/mens-genuine-leather-casual-shoes\/","title":{"rendered":"Erkek Premium Hakiki Deri Ba\u011fc\u0131kl\u0131 G\u00fcnl\u00fck Ayakkab\u0131"},"content":{"rendered":"<p><strong>Erkek Hakiki Deri G\u00fcnl\u00fck Ayakkab\u0131<\/strong><\/p>\n<p>Enfes \u00fcr\u00fcnlerimizle benzersiz konfora ve zamans\u0131z stile ad\u0131m at\u0131n <strong>Erkek Hakiki Deri G\u00fcnl\u00fck Ayakkab\u0131<\/strong>. Hem sofistike hem de dayan\u0131kl\u0131l\u0131\u011fa de\u011fer veren modern beyefendiler i\u00e7in tasarlanan bu <strong>erkek hakiki deri g\u00fcnl\u00fck ayakkab\u0131<\/strong> her se\u00e7kin gard\u0131rop i\u00e7in vazge\u00e7ilmezdir. Her bir \u00e7ift, geleneksel ayakkab\u0131c\u0131l\u0131k sanat\u0131n\u0131 \u00e7a\u011fda\u015f tasar\u0131mla harmanlayarak ola\u011fan\u00fcst\u00fc bir kullan\u0131m deneyimi sunmak i\u00e7in titizlikle \u00fcretilmi\u015ftir.<\/p>\n<p>Koleksiyonumuz <strong>erkek hakiki deri g\u00fcnl\u00fck ayakkab\u0131<\/strong> klasik esteti\u011fi modern konfor teknolojisiyle birle\u015ftirerek att\u0131\u011f\u0131n\u0131z her ad\u0131mda en iyi \u015fekilde g\u00f6r\u00fcnmenizi ve hissetmenizi sa\u011flar.<\/p>\n<p><h3>\u00dcst\u00fcn Konfor ve Dayan\u0131kl\u0131l\u0131k i\u00e7in Birinci S\u0131n\u0131f Malzemeler<\/h3>\n<\/p>\n<p>Bu ola\u011fan\u00fcst\u00fc malzemelerin d\u0131\u015f y\u00fczeyi <strong>erkek hakiki deri g\u00fcnl\u00fck ayakkab\u0131<\/strong> esnek dokusu ve sa\u011flam esnekli\u011fi ile tan\u0131nan birinci s\u0131n\u0131f dana derisinden titizlikle \u00fcretilmi\u015ftir. Bu y\u00fcksek kaliteli deri sadece se\u00e7kin bir g\u00f6r\u00fcn\u00fcm sa\u011flamakla kalmaz, ayn\u0131 zamanda zamanla aya\u011f\u0131n\u0131za uyum sa\u011flayarak ki\u015fiselle\u015ftirilmi\u015f, eldiven benzeri bir uyum sa\u011flar. Bunu tamamlayan i\u00e7 k\u0131s\u0131m, \u00fcst\u00fcn nefes alabilirlik ve cildinize kar\u015f\u0131 l\u00fcks bir his sunan, uzun s\u00fcreli kullan\u0131mdan sonra bile rahats\u0131zl\u0131\u011f\u0131 \u00f6nleyen yumu\u015fak ke\u00e7i derisiyle g\u00f6rkemli bir \u015fekilde astarlanm\u0131\u015ft\u0131r.<\/p>\n<p>Bu zarif yap\u0131lar\u0131n temeli <strong>erkek hakiki deri g\u00fcnl\u00fck ayakkab\u0131<\/strong> hafif ancak son derece sa\u011flam bir EVA taband\u0131r. Bu yenilik\u00e7i malzeme m\u00fckemmel \u015fok emilimi ve benzersiz esneklik sa\u011flayarak her ad\u0131m\u0131n zahmetsizce at\u0131lmas\u0131n\u0131 sa\u011flar. \u0130ster kalabal\u0131k \u015fehir sokaklar\u0131nda geziniyor ister rahat bir hafta sonu gezintisinin tad\u0131n\u0131 \u00e7\u0131kar\u0131yor olun, bu \u00e7ok y\u00f6nl\u00fc <strong>erkek hakiki deri g\u00fcnl\u00fck ayakkab\u0131<\/strong> g\u00fcn boyu konfor ve destek vaat ediyor.<\/p>\n<p>Ger\u00e7ek i\u015f\u00e7ilik ve \u00fcst\u00fcn malzemelerin yaratt\u0131\u011f\u0131 \u00f6nemli fark\u0131 ola\u011fan\u00fcst\u00fc \u00fcr\u00fcnlerimizle deneyimleyin <strong>erkek hakiki deri g\u00fcnl\u00fck ayakkab\u0131<\/strong>.<\/p>\n<p><h3>Her Durum i\u00e7in \u00c7ok Y\u00f6nl\u00fc Stil<\/h3>\n<\/p>\n<p>Bizim <strong>erkek hakiki deri g\u00fcnl\u00fck ayakkab\u0131<\/strong> \u015f\u0131kl\u0131ktan rahat \u015f\u0131kl\u0131\u011fa zahmetsizce ge\u00e7i\u015f yapan \u00e7ok y\u00f6nl\u00fc ayakkab\u0131lar\u0131n \u00f6z\u00fcd\u00fcr. \u0130nce ba\u011fc\u0131k detaylar\u0131na sahip zarif tasar\u0131mlar\u0131, bu ayakkab\u0131lar\u0131 \u00e7ok \u00e7e\u015fitli durumlar ve k\u0131yafetler i\u00e7in uygun hale getirir. Bu zarif ayakkab\u0131lar\u0131 <strong>erkek hakiki deri g\u00fcnl\u00fck ayakkab\u0131<\/strong> \u00d6zel dikim pantolonlar ve keskin bir blazer ceketle sofistike bir i\u015f k\u0131yafeti g\u00f6r\u00fcn\u00fcm\u00fc elde edin ya da koyu renk kot pantolonlar veya chino pantolonlar ve \u015f\u0131k bir polo ti\u015f\u00f6rt ile \u015f\u0131k bir hafta sonu kombini olu\u015fturun.<\/p>\n<p>Y\u00fcksek kaliteli derinin zengin, derin tonlar\u0131, her k\u0131yafeti an\u0131nda y\u00fckseltecek sade bir zarafet dokunu\u015fu katar. 39'dan 45'e kadar geni\u015f bir beden yelpazesinde mevcut olan bu \u00fcr\u00fcnlerle m\u00fckemmel uyumunuzu bulmak \u00e7ok kolay ve rahatt\u0131r. \u0130\u015fletmelerin ve perakendecilerin ihtiya\u00e7lar\u0131n\u0131 da anl\u0131yor, bu ola\u011fan\u00fcst\u00fc \u00fcr\u00fcnleri sunuyoruz <strong>erkek hakiki deri g\u00fcnl\u00fck ayakkab\u0131<\/strong> Minimum 8 \u00e7ift sipari\u015fle toplu al\u0131m i\u00e7in, envanterinizin her zaman kaliteli, \u015f\u0131k ve talep g\u00f6ren ayakkab\u0131larla dolu olmas\u0131n\u0131 sa\u011flar.<\/p>","protected":false},"excerpt":{"rendered":"<ul>\n<li>Birinci s\u0131n\u0131f hakiki dana derisi d\u0131\u015f y\u00fczey ve yumu\u015fak ke\u00e7i derisi astardan \u00fcretilmi\u015ftir<\/li>\n<li>T\u00fcm g\u00fcn kullan\u0131m i\u00e7in hafif ve rahat EVA taban<\/li>\n<li>\u015e\u0131k ba\u011fc\u0131kl\u0131 tasar\u0131m, g\u00fcndelik ve smart-casual k\u0131yafetler i\u00e7in m\u00fckemmel<\/li>\n<li>Geni\u015f bir ebat yelpazesinde mevcuttur: 39, 40, 41, 42, 43, 44, 45<\/li>\n<li>Sipari\u015f ba\u015f\u0131na en az 8 \u00e7ift olmak \u00fczere toplu sipari\u015fler mevcuttur<\/li>\n<\/ul>","protected":false},"featured_media":3850,"template":"","meta":{"_acf_changed":false,"_uag_custom_page_level_css":"","site-sidebar-layout":"default","site-content-layout":"","ast-site-content-layout":"default","site-content-style":"default","site-sidebar-style":"default","ast-global-header-display":"","ast-banner-title-visibility":"","ast-main-header-display":"","ast-hfb-above-header-display":"","ast-hfb-below-header-display":"","ast-hfb-mobile-header-display":"","site-post-title":"","ast-breadcrumbs-content":"","ast-featured-img":"","footer-sml-layout":"","ast-disable-related-posts":"","theme-transparent-header-meta":"","adv-header-id-meta":"","stick-header-meta":"","header-above-stick-meta":"","header-main-stick-meta":"","header-below-stick-meta":"","astra-migrate-meta-layouts":"default","ast-page-background-enabled":"default","ast-page-background-meta":{"desktop":{"background-color":"var(--ast-global-color-4)","background-image":"","background-repeat":"repeat","background-position":"center center","background-size":"auto","background-attachment":"scroll","background-type":"","background-media":"","overlay-type":"","overlay-color":"","overlay-opacity":"","overlay-gradient":""},"tablet":{"background-color":"","background-image":"","background-repeat":"repeat","background-position":"center center","background-size":"auto","background-attachment":"scroll","background-type":"","background-media":"","overlay-type":"","overlay-color":"","overlay-opacity":"","overlay-gradient":""},"mobile":{"background-color":"","background-image":"","background-repeat":"repeat","background-position":"center center","background-size":"auto","background-attachment":"scroll","background-type":"","background-media":"","overlay-type":"","overlay-color":"","overlay-opacity":"","overlay-gradient":""}},"ast-content-background-meta":{"desktop":{"background-color":"var(--ast-global-color-5)","background-image":"","background-repeat":"repeat","background-position":"center center","background-size":"auto","background-attachment":"scroll","background-type":"","background-media":"","overlay-type":"","overlay-color":"","overlay-opacity":"","overlay-gradient":""},"tablet":{"background-color":"var(--ast-global-color-5)","background-image":"","background-repeat":"repeat","background-position":"center center","background-size":"auto","background-attachment":"scroll","background-type":"","background-media":"","overlay-type":"","overlay-color":"","overlay-opacity":"","overlay-gradient":""},"mobile":{"background-color":"var(--ast-global-color-5)","background-image":"","background-repeat":"repeat","background-position":"center center","background-size":"auto","background-attachment":"scroll","background-type":"","background-media":"","overlay-type":"","overlay-color":"","overlay-opacity":"","overlay-gradient":""}}},"product_brand":[],"product_cat":[48,47,49,430,40],"product_tag":[202,308,290,1039,438,437,649,198,1038,286,362,380,262],"class_list":{"0":"post-5742","1":"product","2":"type-product","3":"status-publish","4":"has-post-thumbnail","6":"product_cat-casual","7":"product_cat-classic","8":"product_cat-loafer","9":"product_cat-men","10":"product_cat-mens-shoes","11":"product_tag-calf-leather","12":"product_tag-casual-lace-up-shoes","13":"product_tag-comfortable-mens-shoes","14":"product_tag-durable-leather-shoes","15":"product_tag-eva-sole","16":"product_tag-goat-leather","17":"product_tag-leather-derby-shoes","18":"product_tag-mens-fashion","19":"product_tag-mens-genuine-leather-casual-shoes","20":"product_tag-mens-leather-shoes","21":"product_tag-premium-footwear","22":"product_tag-smart-casual-footwear","23":"product_tag-wholesale-mens-shoes","24":"desktop-align-center","25":"tablet-align-center","26":"mobile-align-center","28":"first","29":"instock","30":"shipping-taxable","31":"purchasable","32":"product-type-variable","33":"has-default-attributes"},"acf":[],"uagb_featured_image_src":{"full":["https:\/\/turkishtrade.co\/wp-content\/uploads\/2026\/01\/2400EJOMN00242-BURGUNDEY-X_434_1-150-USD.png",453,250,false],"thumbnail":["https:\/\/turkishtrade.co\/wp-content\/uploads\/2026\/01\/2400EJOMN00242-BURGUNDEY-X_434_1-150-USD-150x150.png",150,150,true],"medium":["https:\/\/turkishtrade.co\/wp-content\/uploads\/2026\/01\/2400EJOMN00242-BURGUNDEY-X_434_1-150-USD-300x166.png",300,166,true],"medium_large":["https:\/\/turkishtrade.co\/wp-content\/uploads\/2026\/01\/2400EJOMN00242-BURGUNDEY-X_434_1-150-USD.png",453,250,false],"large":["https:\/\/turkishtrade.co\/wp-content\/uploads\/2026\/01\/2400EJOMN00242-BURGUNDEY-X_434_1-150-USD.png",453,250,false],"1536x1536":["https:\/\/turkishtrade.co\/wp-content\/uploads\/2026\/01\/2400EJOMN00242-BURGUNDEY-X_434_1-150-USD.png",453,250,false],"2048x2048":["https:\/\/turkishtrade.co\/wp-content\/uploads\/2026\/01\/2400EJOMN00242-BURGUNDEY-X_434_1-150-USD.png",453,250,false],"trp-custom-language-flag":["https:\/\/turkishtrade.co\/wp-content\/uploads\/2026\/01\/2400EJOMN00242-BURGUNDEY-X_434_1-150-USD-18x10.png",18,10,true],"woocommerce_thumbnail":["https:\/\/turkishtrade.co\/wp-content\/uploads\/2026\/01\/2400EJOMN00242-BURGUNDEY-X_434_1-150-USD-400x250.png",400,250,true],"woocommerce_single":["https:\/\/turkishtrade.co\/wp-content\/uploads\/2026\/01\/2400EJOMN00242-BURGUNDEY-X_434_1-150-USD.png",453,250,false],"woocommerce_gallery_thumbnail":["https:\/\/turkishtrade.co\/wp-content\/uploads\/2026\/01\/2400EJOMN00242-BURGUNDEY-X_434_1-150-USD-100x100.png",100,100,true]},"uagb_author_info":{"display_name":"yaser olabi","author_link":"https:\/\/turkishtrade.co\/tr\/author\/"},"uagb_comment_info":0,"uagb_excerpt":"Crafted from premium genuine calf leather outer and soft goat leather lining Lightweight and comfortable EVA sole for all-day wear Stylish lace-up design, perfect for casual and smart-casual outfits Available in a wide range of sizes: 39, 40, 41, 42, 43, 44, 45 Bulk orders available with a minimum of 8 pairs per order","_links":{"self":[{"href":"https:\/\/turkishtrade.co\/tr\/wp-json\/wp\/v2\/product\/5742","targetHints":{"allow":["GET"]}}],"collection":[{"href":"https:\/\/turkishtrade.co\/tr\/wp-json\/wp\/v2\/product"}],"about":[{"href":"https:\/\/turkishtrade.co\/tr\/wp-json\/wp\/v2\/types\/product"}],"wp:featuredmedia":[{"embeddable":true,"href":"https:\/\/turkishtrade.co\/tr\/wp-json\/wp\/v2\/media\/3850"}],"wp:attachment":[{"href":"https:\/\/turkishtrade.co\/tr\/wp-json\/wp\/v2\/media?parent=5742"}],"wp:term":[{"taxonomy":"product_brand","embeddable":true,"href":"https:\/\/turkishtrade.co\/tr\/wp-json\/wp\/v2\/product_brand?post=5742"},{"taxonomy":"product_cat","embeddable":true,"href":"https:\/\/turkishtrade.co\/tr\/wp-json\/wp\/v2\/product_cat?post=5742"},{"taxonomy":"product_tag","embeddable":true,"href":"https:\/\/turkishtrade.co\/tr\/wp-json\/wp\/v2\/product_tag?post=5742"}],"curies":[{"name":"wp","href":"https:\/\/api.w.org\/{rel}","templated":true}]}}