{"id":5738,"date":"2026-01-14T13:02:00","date_gmt":"2026-01-14T13:02:00","guid":{"rendered":"https:\/\/turkishtrade.co\/product\/mens-leather-casual-shoes\/"},"modified":"2026-04-09T19:25:30","modified_gmt":"2026-04-09T19:25:30","slug":"mens-leather-casual-shoes","status":"publish","type":"product","link":"https:\/\/turkishtrade.co\/tr\/shop\/mens-leather-casual-shoes\/","title":{"rendered":"Erkek Premium Dana Derisi G\u00fcnl\u00fck Derby Ayakkab\u0131"},"content":{"rendered":"<p><strong>Erkek Deri G\u00fcnl\u00fck Ayakkab\u0131<\/strong><\/p>\n<p>Enfes koleksiyonumuzla g\u00fcnl\u00fck stilinizi y\u00fckseltin <strong>Erkek Deri G\u00fcnl\u00fck Ayakkab\u0131<\/strong>. Hem kusursuz stile hem de benzersiz konfora de\u011fer veren se\u00e7kin beyefendiler i\u00e7in tasarlanan bu birinci s\u0131n\u0131f derby ayakkab\u0131lar, her sofistike gard\u0131robun olmazsa olmaz\u0131d\u0131r. Bu ayakkab\u0131lar\u0131n her bir \u00e7ifti <strong>Erkek Deri G\u00fcnl\u00fck Ayakkab\u0131<\/strong> \u00fcst\u00fcn i\u015f\u00e7ili\u011fin bir kan\u0131t\u0131d\u0131r ve klasik esteti\u011fi modern i\u015flevsellikle harmanlayarak ger\u00e7ekten \u00f6ne \u00e7\u0131kan ayakkab\u0131lar yarat\u0131r.<\/p>\n<p>En yeni \u00fcr\u00fcn\u00fcm\u00fczle zarafet ve kolayl\u0131\u011f\u0131n m\u00fckemmel kar\u0131\u015f\u0131m\u0131n\u0131 ke\u015ffedin.<\/p>\n<p><h3>E\u015fsiz \u0130\u015f\u00e7ilik ve Birinci S\u0131n\u0131f Malzemeler<\/h3>\n<\/p>\n<p>D\u0131\u015f y\u00fczeyi i\u00e7in en iyi dana derisinden \u00fcretilen bu <strong>Erkek Deri G\u00fcnl\u00fck Ayakkab\u0131<\/strong> ola\u011fan\u00fcst\u00fc dayan\u0131kl\u0131l\u0131k ve zarif, l\u00fcks bir g\u00f6r\u00fcn\u00fcm sunar. Dana derisinin zengin dokusu, i\u00e7 k\u0131sm\u0131 kaplayan p\u00fcr\u00fczs\u00fcz, esnek ke\u00e7i derisiyle tamamlanarak ilk kullan\u0131mdan itibaren nefes alabilirlik ve eldiven benzeri bir uyum sa\u011flar. Birinci s\u0131n\u0131f malzemelerin bu \u00f6zenli kombinasyonu sadece uzun \u00f6m\u00fcrl\u00fcl\u00fc\u011f\u00fc de\u011fil, ayn\u0131 zamanda inan\u0131lmaz derecede rahat bir deneyimi de garanti ederek g\u00fcn boyunca uzun s\u00fcreli kullan\u0131m i\u00e7in uygun hale getirir.<\/p>\n<p>Her diki\u015fte detaylara g\u00f6sterilen \u00f6zen, bu \u00fcst\u00fcn erkek g\u00fcnl\u00fck ayakkab\u0131lar\u0131ndan bekleyebilece\u011finiz kalite hakk\u0131nda \u00e7ok \u015fey anlat\u0131yor.<\/p>\n<p><h3>EVA Taban ile \u00dcst\u00fcn Konfor<\/h3>\n<\/p>\n<p>Bu ola\u011fan\u00fcst\u00fc \u00fcr\u00fcnlerin ay\u0131rt edici \u00f6zelli\u011fi olan yenilik\u00e7i EVA taban ile ger\u00e7ek y\u00fcr\u00fcy\u00fc\u015f keyfini ya\u015fay\u0131n <strong>Erkek Deri G\u00fcnl\u00fck Ayakkab\u0131<\/strong>. EVA'n\u0131n hafif ve esnek \u00f6zellikleri \u00fcst\u00fcn yast\u0131klama ve \u015fok emilimi sa\u011flayarak yorgunlu\u011fu azalt\u0131r ve daha uzun s\u00fcre rahat\u00e7a ayakta kalman\u0131z\u0131 sa\u011flar. Taban\u0131n tasar\u0131m\u0131 m\u00fckemmel tutu\u015f sa\u011flarken, ayakkab\u0131n\u0131n sofistike \u00fcst k\u0131sm\u0131n\u0131 m\u00fckemmel \u015fekilde tamamlayan \u015f\u0131k ve modern bir profil sunar.<\/p>\n<p>Rahats\u0131z ayakkab\u0131lara elveda deyin ve bu iyi tasarlanm\u0131\u015f ayakkab\u0131lar\u0131n \u00fcst\u00fcn konforunu kucaklay\u0131n <strong>Erkek Deri G\u00fcnl\u00fck Ayakkab\u0131<\/strong>, Hareket halindeki modern insan i\u00e7in tasarlanm\u0131\u015ft\u0131r.<\/p>\n<p><h3>Her Durum i\u00e7in \u00c7ok Y\u00f6nl\u00fc Stil<\/h3>\n<\/p>\n<p>Klasik siyah, zengin kahverengi ve \u00e7arp\u0131c\u0131 mavi gibi \u00e7ok y\u00f6nl\u00fc tonlarda mevcut olan bu <strong>Erkek Deri G\u00fcnl\u00fck Ayakkab\u0131<\/strong> \u00e7e\u015fitli kombinlere sorunsuzca entegre olacak \u015fekilde tasarlanm\u0131\u015ft\u0131r. \u0130ster i\u015f ama\u00e7l\u0131 g\u00fcndelik bir toplant\u0131, ister rahat bir hafta sonu gezisi ya da \u015f\u0131k bir ak\u015fam etkinli\u011fi i\u00e7in giyiniyor olun, zarif derby silueti ve ince burun detay\u0131 ola\u011fan\u00fcst\u00fc bir \u00e7ok y\u00f6nl\u00fcl\u00fck sunar. Kusursuz zevkinizi yans\u0131tan, zahmetsizce \u015f\u0131k bir g\u00f6r\u00fcn\u00fcm i\u00e7in bu ayakkab\u0131lar\u0131 \u00f6zel dikim pantolonlar, chino pantolonlar ve hatta birinci s\u0131n\u0131f denimlerle e\u015fle\u015ftirin.<\/p>\n<p>Bunlar bir ayakkab\u0131dan \u00e7ok daha fazlas\u0131d\u0131r; sofistike g\u00fcndelik tarz\u0131n bir ifadesidir.<\/p>\n<p><h3>Perakendeciler i\u00e7in Toptan Sat\u0131\u015f F\u0131rsatlar\u0131<\/h3>\n<\/p>\n<p>M\u00fc\u015fterilerine erkek ayakkab\u0131s\u0131nda en iyisini sunmak isteyen perakendeciler ve i\u015fletmeler i\u00e7in <strong>Erkek Deri G\u00fcnl\u00fck Ayakkab\u0131<\/strong> minimum 8 \u00e7ift sipari\u015fle toplu olarak sat\u0131n al\u0131nabilir.<\/p>\n<p>Zaman\u0131nda teslimat konusunda kendimizle gurur duyuyoruz, sipari\u015fler 12 g\u00fcn art\u0131 standart nakliye s\u00fcresi i\u00e7inde g\u00f6nderilir ve envanterinizin y\u00fcksek kaliteli, talep g\u00f6ren \u00fcr\u00fcnlerle iyi bir \u015fekilde stoklanmas\u0131n\u0131 sa\u011flar. Bu ola\u011fan\u00fcst\u00fc \u00fcr\u00fcnlerle koleksiyonunuzu geli\u015ftirin ve m\u00fc\u015fterilerinize en \u00fcst d\u00fczeyde stil, konfor ve dayan\u0131kl\u0131l\u0131k sa\u011flay\u0131n <strong>Erkek Deri G\u00fcnl\u00fck Ayakkab\u0131<\/strong>, her se\u00e7ici perakendeci i\u00e7in ak\u0131ll\u0131 bir yat\u0131r\u0131md\u0131r.<\/p>","protected":false},"excerpt":{"rendered":"<ul>\n<li>Birinci s\u0131n\u0131f Dana Derisi (D\u0131\u015f) ve yumu\u015fak Ke\u00e7i Derisinden (\u0130\u00e7) \u00fcretilmi\u015ftir<\/li>\n<li>Rahat ve y\u00fcksek bir profille t\u00fcm g\u00fcn kullan\u0131m i\u00e7in konforu art\u0131ran EVA taban<\/li>\n<li>Kapsaml\u0131 bir beden aral\u0131\u011f\u0131nda mevcuttur: AB 39-45<\/li>\n<li>Minimum 8 \u00e7ift sipari\u015f miktar\u0131 ile toplu al\u0131mlar i\u00e7in idealdir<\/li>\n<li>H\u0131zl\u0131 teslimat: 12 g\u00fcn art\u0131 nakliye s\u00fcresi<\/li>\n<\/ul>","protected":false},"featured_media":3848,"template":"","meta":{"_acf_changed":false,"_uag_custom_page_level_css":"","site-sidebar-layout":"default","site-content-layout":"","ast-site-content-layout":"default","site-content-style":"default","site-sidebar-style":"default","ast-global-header-display":"","ast-banner-title-visibility":"","ast-main-header-display":"","ast-hfb-above-header-display":"","ast-hfb-below-header-display":"","ast-hfb-mobile-header-display":"","site-post-title":"","ast-breadcrumbs-content":"","ast-featured-img":"","footer-sml-layout":"","ast-disable-related-posts":"","theme-transparent-header-meta":"","adv-header-id-meta":"","stick-header-meta":"","header-above-stick-meta":"","header-main-stick-meta":"","header-below-stick-meta":"","astra-migrate-meta-layouts":"default","ast-page-background-enabled":"default","ast-page-background-meta":{"desktop":{"background-color":"var(--ast-global-color-4)","background-image":"","background-repeat":"repeat","background-position":"center center","background-size":"auto","background-attachment":"scroll","background-type":"","background-media":"","overlay-type":"","overlay-color":"","overlay-opacity":"","overlay-gradient":""},"tablet":{"background-color":"","background-image":"","background-repeat":"repeat","background-position":"center center","background-size":"auto","background-attachment":"scroll","background-type":"","background-media":"","overlay-type":"","overlay-color":"","overlay-opacity":"","overlay-gradient":""},"mobile":{"background-color":"","background-image":"","background-repeat":"repeat","background-position":"center center","background-size":"auto","background-attachment":"scroll","background-type":"","background-media":"","overlay-type":"","overlay-color":"","overlay-opacity":"","overlay-gradient":""}},"ast-content-background-meta":{"desktop":{"background-color":"var(--ast-global-color-5)","background-image":"","background-repeat":"repeat","background-position":"center center","background-size":"auto","background-attachment":"scroll","background-type":"","background-media":"","overlay-type":"","overlay-color":"","overlay-opacity":"","overlay-gradient":""},"tablet":{"background-color":"var(--ast-global-color-5)","background-image":"","background-repeat":"repeat","background-position":"center center","background-size":"auto","background-attachment":"scroll","background-type":"","background-media":"","overlay-type":"","overlay-color":"","overlay-opacity":"","overlay-gradient":""},"mobile":{"background-color":"var(--ast-global-color-5)","background-image":"","background-repeat":"repeat","background-position":"center center","background-size":"auto","background-attachment":"scroll","background-type":"","background-media":"","overlay-type":"","overlay-color":"","overlay-opacity":"","overlay-gradient":""}}},"product_brand":[],"product_cat":[48,47,49,430,40],"product_tag":[196,322,292,566,449,212,944,438,437,227,416,210,281],"class_list":{"0":"post-5738","1":"product","2":"type-product","3":"status-publish","4":"has-post-thumbnail","6":"product_cat-casual","7":"product_cat-classic","8":"product_cat-loafer","9":"product_cat-men","10":"product_cat-mens-shoes","11":"product_tag-black-leather-shoes","12":"product_tag-blue-leather-shoes","13":"product_tag-brown-leather-shoes","14":"product_tag-calfskin-shoes","15":"product_tag-casual-shoes","16":"product_tag-derby-shoes","17":"product_tag-dress-casual","18":"product_tag-eva-sole","19":"product_tag-goat-leather","20":"product_tag-leather-shoes","21":"product_tag-luxury-shoes","22":"product_tag-smart-casual","23":"product_tag-wholesale-shoes","24":"desktop-align-center","25":"tablet-align-center","26":"mobile-align-center","28":"first","29":"instock","30":"shipping-taxable","31":"purchasable","32":"product-type-variable","33":"has-default-attributes"},"acf":[],"uagb_featured_image_src":{"full":["https:\/\/turkishtrade.co\/wp-content\/uploads\/2026\/01\/2400EJOMN00241-DARK-BLUE-X_12586-5-USD.png",453,250,false],"thumbnail":["https:\/\/turkishtrade.co\/wp-content\/uploads\/2026\/01\/2400EJOMN00241-DARK-BLUE-X_12586-5-USD-150x150.png",150,150,true],"medium":["https:\/\/turkishtrade.co\/wp-content\/uploads\/2026\/01\/2400EJOMN00241-DARK-BLUE-X_12586-5-USD-300x166.png",300,166,true],"medium_large":["https:\/\/turkishtrade.co\/wp-content\/uploads\/2026\/01\/2400EJOMN00241-DARK-BLUE-X_12586-5-USD.png",453,250,false],"large":["https:\/\/turkishtrade.co\/wp-content\/uploads\/2026\/01\/2400EJOMN00241-DARK-BLUE-X_12586-5-USD.png",453,250,false],"1536x1536":["https:\/\/turkishtrade.co\/wp-content\/uploads\/2026\/01\/2400EJOMN00241-DARK-BLUE-X_12586-5-USD.png",453,250,false],"2048x2048":["https:\/\/turkishtrade.co\/wp-content\/uploads\/2026\/01\/2400EJOMN00241-DARK-BLUE-X_12586-5-USD.png",453,250,false],"trp-custom-language-flag":["https:\/\/turkishtrade.co\/wp-content\/uploads\/2026\/01\/2400EJOMN00241-DARK-BLUE-X_12586-5-USD-18x10.png",18,10,true],"woocommerce_thumbnail":["https:\/\/turkishtrade.co\/wp-content\/uploads\/2026\/01\/2400EJOMN00241-DARK-BLUE-X_12586-5-USD-400x250.png",400,250,true],"woocommerce_single":["https:\/\/turkishtrade.co\/wp-content\/uploads\/2026\/01\/2400EJOMN00241-DARK-BLUE-X_12586-5-USD.png",453,250,false],"woocommerce_gallery_thumbnail":["https:\/\/turkishtrade.co\/wp-content\/uploads\/2026\/01\/2400EJOMN00241-DARK-BLUE-X_12586-5-USD-100x100.png",100,100,true]},"uagb_author_info":{"display_name":"yaser olabi","author_link":"https:\/\/turkishtrade.co\/tr\/author\/"},"uagb_comment_info":0,"uagb_excerpt":"Crafted from premium Calfskin (Outer) and soft Goat Leather (Inner) Comfort-enhancing EVA sole for all-day wear with a casual elevated profile Available in a comprehensive size range: EU 39-45 Ideal for bulk purchases with a minimum order quantity of 8 pairs Fast delivery: 12 days plus shipping time","_links":{"self":[{"href":"https:\/\/turkishtrade.co\/tr\/wp-json\/wp\/v2\/product\/5738","targetHints":{"allow":["GET"]}}],"collection":[{"href":"https:\/\/turkishtrade.co\/tr\/wp-json\/wp\/v2\/product"}],"about":[{"href":"https:\/\/turkishtrade.co\/tr\/wp-json\/wp\/v2\/types\/product"}],"wp:featuredmedia":[{"embeddable":true,"href":"https:\/\/turkishtrade.co\/tr\/wp-json\/wp\/v2\/media\/3848"}],"wp:attachment":[{"href":"https:\/\/turkishtrade.co\/tr\/wp-json\/wp\/v2\/media?parent=5738"}],"wp:term":[{"taxonomy":"product_brand","embeddable":true,"href":"https:\/\/turkishtrade.co\/tr\/wp-json\/wp\/v2\/product_brand?post=5738"},{"taxonomy":"product_cat","embeddable":true,"href":"https:\/\/turkishtrade.co\/tr\/wp-json\/wp\/v2\/product_cat?post=5738"},{"taxonomy":"product_tag","embeddable":true,"href":"https:\/\/turkishtrade.co\/tr\/wp-json\/wp\/v2\/product_tag?post=5738"}],"curies":[{"name":"wp","href":"https:\/\/api.w.org\/{rel}","templated":true}]}}