{"id":5726,"date":"2026-01-14T13:00:39","date_gmt":"2026-01-14T13:00:39","guid":{"rendered":"https:\/\/turkishtrade.co\/product\/men-s-leather-casual-shoes\/"},"modified":"2026-04-09T19:25:56","modified_gmt":"2026-04-09T19:25:56","slug":"mens-leather-casual-shoes-4","status":"publish","type":"product","link":"https:\/\/turkishtrade.co\/tr\/shop\/mens-leather-casual-shoes-4\/","title":{"rendered":"EVA Tabanl\u0131 Premium Erkek Deri G\u00fcnl\u00fck Ayakkab\u0131"},"content":{"rendered":"<p><strong>erkek deri\u0307 g\u00fcnl\u00fck ayakkabi<\/strong><\/p>\n<p>Se\u00e7kin koleksiyonumuzla stil, konfor ve dayan\u0131kl\u0131l\u0131\u011f\u0131n m\u00fckemmel kar\u0131\u015f\u0131m\u0131n\u0131 ke\u015ffedin <strong>erkek deri\u0307 g\u00fcnl\u00fck ayakkabi<\/strong>. Hem esteti\u011fe hem de pratikli\u011fe de\u011fer veren modern erkekler i\u00e7in tasarlanan bu ayakkab\u0131lar, her gard\u0131rop i\u00e7in vazge\u00e7ilmez bir eklentidir. Erkek deri g\u00fcnl\u00fck ayakkab\u0131lar\u0131m\u0131z\u0131n her bir \u00e7ifti yaln\u0131zca en iyi malzemeler kullan\u0131larak titizlikle \u00fcretilmi\u015ftir ve yaln\u0131zca m\u00fckemmel g\u00f6r\u00fcnmekle kalmay\u0131p ayn\u0131 zamanda zaman\u0131n testine de dayanan bir \u00fcr\u00fcn sa\u011flar.<\/p>\n<p><h3>Rakipsiz Konfor ve Kaliteli Malzemeler<\/h3>\n<\/p>\n<p>Bu ola\u011fan\u00fcst\u00fc binan\u0131n d\u0131\u015f cephesi <strong>erkek deri\u0307 g\u00fcnl\u00fck ayakkabi<\/strong> birinci s\u0131n\u0131f hakiki dana derisine sahiptir. Bu malzeme se\u00e7imi sofistike bir g\u00f6r\u00fcn\u00fcm sunarken a\u015f\u0131nma ve y\u0131pranmaya kar\u015f\u0131 \u00fcst\u00fcn diren\u00e7 sa\u011flayarak g\u00fcnl\u00fck kullan\u0131m i\u00e7in idealdir. Dana derisinin do\u011fal dokusu ve zengin y\u00fczeyi, g\u00fcndelik k\u0131yafetlerinizi y\u00fckselten bir zarafet dokunu\u015fu katar.<\/p>\n<p>Sa\u011flam d\u0131\u015f y\u00fczeyi tamamlayan i\u00e7 k\u0131s\u0131m yumu\u015fak, esnek ke\u00e7i derisiyle astarlanm\u0131\u015ft\u0131r. Bu l\u00fcks i\u00e7 astar nefes alabilirlik sa\u011flar ve g\u00fcn boyunca ayaklar\u0131n\u0131z\u0131 yumu\u015fakl\u0131kla sararak inan\u0131lmaz rahat bir deneyim sunar. \u0130ster \u015fehir sokaklar\u0131nda geziniyor ister rahat bir hafta sonunun tad\u0131n\u0131 \u00e7\u0131kar\u0131yor olun, bu <strong>erkek deri\u0307 g\u00fcnl\u00fck ayakkabi<\/strong> ayaklar\u0131n\u0131z\u0131n ferah hissetmesini ve desteklenmesini sa\u011flayacakt\u0131r.<\/p>\n<p><h3>G\u00fcnl\u00fck \u00c7ok Y\u00f6nl\u00fcl\u00fck i\u00e7in Tasarland\u0131<\/h3>\n<\/p>\n<p>Bizim <strong>erkek deri\u0307 g\u00fcnl\u00fck ayakkabi<\/strong> hafif ama sa\u011flam bir EVA taban \u00fczerine in\u015fa edilmi\u015ftir. Bu yenilik\u00e7i taban teknolojisi m\u00fckemmel yast\u0131klama ve esneklik sunarak her ad\u0131mda darbeyi emer ve rahat bir y\u00fcr\u00fcy\u00fc\u015f sa\u011flar. 1-3 cm topuk, rahat esteti\u011fi korurken hafif bir y\u00fckselti sa\u011flar ve yorulmadan t\u00fcm g\u00fcn giymek i\u00e7in m\u00fckemmeldir.<\/p>\n<p>EVA taban\u0131n sa\u011flam, dokulu kavrama \u00f6zelli\u011fi de \u00e7e\u015fitli y\u00fczeylerde g\u00fcvenilir tutu\u015f sa\u011flayarak bu \u00e7ok y\u00f6nl\u00fc ayakkab\u0131n\u0131n pratikli\u011fine katk\u0131da bulunur <strong>erkek deri\u0307 g\u00fcnl\u00fck ayakkabi<\/strong>. Klasik siyah, zengin koyu kahverengi ve s\u0131cak taba renginden olu\u015fan sofistike bir palette sunulan bu ayakkab\u0131lar, \u015f\u0131k pantolonlardan rahat denimlere kadar her k\u0131yafetle uyum sa\u011flayacak \u00e7ok y\u00f6nl\u00fcl\u00fck sunar.<\/p>\n<p><h3>Toplu Sipari\u015fler i\u00e7in \u0130deal Se\u00e7im<\/h3>\n<\/p>\n<p>B2B ortaklar\u0131m\u0131z\u0131n ihtiya\u00e7lar\u0131n\u0131 anl\u0131yor ve \u015fu y\u00fcksek kaliteli \u00e7\u00f6z\u00fcmleri sunuyoruz <strong>erkek deri\u0307 g\u00fcnl\u00fck ayakkabi<\/strong> toptan sat\u0131\u015f i\u00e7in. Minimum sipari\u015f miktar\u0131 sadece 8 \u00e7ift olan i\u015fletmeler, m\u00fc\u015fteri talebini kar\u015f\u0131lamak i\u00e7in \u00e7e\u015fitli beden (EU 39-45) ve renkleri kolayca stoklayabilir. Verimli \u00fcretim ve teslimat s\u00fcrecimiz, sipari\u015finizin <strong>erkek deri\u0307 g\u00fcnl\u00fck ayakkabi<\/strong> h\u0131zl\u0131 bir \u015fekilde g\u00f6nderilir, tipik teslimat s\u00fcresi 12 g\u00fcn art\u0131 nakliye \u015feklindedir.<\/p>\n<p>Dayan\u0131kl\u0131 ve \u015f\u0131k \u00fcr\u00fcnlerimize yat\u0131r\u0131m yap\u0131n <strong>erkek deri\u0307 g\u00fcnl\u00fck ayakkabi<\/strong> ve m\u00fc\u015fterilerinize zamans\u0131z tasar\u0131m\u0131 kal\u0131c\u0131 konfor ve kalite ile birle\u015ftiren ayakkab\u0131lar sunun. Bunlar sadece ayakkab\u0131 de\u011fil; her erkek i\u00e7in kal\u0131c\u0131 stil ve konfora yap\u0131lan bir yat\u0131r\u0131md\u0131r.<\/p>","protected":false},"excerpt":{"rendered":"<ul>\n<li>Ola\u011fan\u00fcst\u00fc dayan\u0131kl\u0131l\u0131k i\u00e7in birinci s\u0131n\u0131f hakiki dana derisinden \u00fcretilmi\u015ftir.<\/li>\n<li>L\u00fcks ke\u00e7i derisi i\u00e7 astar, \u00fcst\u00fcn konfor ve nefes alabilirlik sa\u011flar.<\/li>\n<li>T\u00fcm g\u00fcn kullan\u0131m i\u00e7in 1-3 cm topuklu hafif ve esnek EVA taban.<\/li>\n<li>Her tarza uygun \u00e7ok y\u00f6nl\u00fc Siyah, Koyu Kahverengi ve Taba tonlar\u0131nda mevcuttur.<\/li>\n<li>M\u00fckemmel uyum i\u00e7in AB 39-45 aras\u0131nda kapsaml\u0131 beden aral\u0131\u011f\u0131.<\/li>\n<li>Minimum sipari\u015f miktar\u0131: 8 \u00e7ift, toptan sat\u0131\u015f ve B2B ortaklar\u0131 i\u00e7in idealdir.<\/li>\n<\/ul>","protected":false},"featured_media":3838,"template":"","meta":{"_acf_changed":false,"_uag_custom_page_level_css":"","site-sidebar-layout":"default","site-content-layout":"","ast-site-content-layout":"default","site-content-style":"default","site-sidebar-style":"default","ast-global-header-display":"","ast-banner-title-visibility":"","ast-main-header-display":"","ast-hfb-above-header-display":"","ast-hfb-below-header-display":"","ast-hfb-mobile-header-display":"","site-post-title":"","ast-breadcrumbs-content":"","ast-featured-img":"","footer-sml-layout":"","ast-disable-related-posts":"","theme-transparent-header-meta":"","adv-header-id-meta":"","stick-header-meta":"","header-above-stick-meta":"","header-main-stick-meta":"","header-below-stick-meta":"","astra-migrate-meta-layouts":"default","ast-page-background-enabled":"default","ast-page-background-meta":{"desktop":{"background-color":"var(--ast-global-color-4)","background-image":"","background-repeat":"repeat","background-position":"center center","background-size":"auto","background-attachment":"scroll","background-type":"","background-media":"","overlay-type":"","overlay-color":"","overlay-opacity":"","overlay-gradient":""},"tablet":{"background-color":"","background-image":"","background-repeat":"repeat","background-position":"center center","background-size":"auto","background-attachment":"scroll","background-type":"","background-media":"","overlay-type":"","overlay-color":"","overlay-opacity":"","overlay-gradient":""},"mobile":{"background-color":"","background-image":"","background-repeat":"repeat","background-position":"center center","background-size":"auto","background-attachment":"scroll","background-type":"","background-media":"","overlay-type":"","overlay-color":"","overlay-opacity":"","overlay-gradient":""}},"ast-content-background-meta":{"desktop":{"background-color":"var(--ast-global-color-5)","background-image":"","background-repeat":"repeat","background-position":"center center","background-size":"auto","background-attachment":"scroll","background-type":"","background-media":"","overlay-type":"","overlay-color":"","overlay-opacity":"","overlay-gradient":""},"tablet":{"background-color":"var(--ast-global-color-5)","background-image":"","background-repeat":"repeat","background-position":"center center","background-size":"auto","background-attachment":"scroll","background-type":"","background-media":"","overlay-type":"","overlay-color":"","overlay-opacity":"","overlay-gradient":""},"mobile":{"background-color":"var(--ast-global-color-5)","background-image":"","background-repeat":"repeat","background-position":"center center","background-size":"auto","background-attachment":"scroll","background-type":"","background-media":"","overlay-type":"","overlay-color":"","overlay-opacity":"","overlay-gradient":""}}},"product_brand":[],"product_cat":[48,47,49,430,40],"product_tag":[196,292,200,202,241,222,439,438,459,437,227,1034,198,1033,526,281],"class_list":{"0":"post-5726","1":"product","2":"type-product","3":"status-publish","4":"has-post-thumbnail","6":"product_cat-casual","7":"product_cat-classic","8":"product_cat-loafer","9":"product_cat-men","10":"product_cat-mens-shoes","11":"product_tag-black-leather-shoes","12":"product_tag-brown-leather-shoes","13":"product_tag-business-casual","14":"product_tag-calf-leather","15":"product_tag-casual-footwear","16":"product_tag-comfortable-shoes","17":"product_tag-durable-shoes","18":"product_tag-eva-sole","19":"product_tag-everyday-shoes","20":"product_tag-goat-leather","21":"product_tag-leather-shoes","22":"product_tag-mens-casual","23":"product_tag-mens-fashion","24":"product_tag-mens-leather-casual-shoes","25":"product_tag-tan-leather-shoes","26":"product_tag-wholesale-shoes","27":"desktop-align-center","28":"tablet-align-center","29":"mobile-align-center","31":"first","32":"instock","33":"shipping-taxable","34":"purchasable","35":"product-type-variable","36":"has-default-attributes"},"acf":[],"uagb_featured_image_src":{"full":["https:\/\/turkishtrade.co\/wp-content\/uploads\/2026\/01\/2400EJOMN00237-CAMEL-DKS_433-4-USD.png",453,250,false],"thumbnail":["https:\/\/turkishtrade.co\/wp-content\/uploads\/2026\/01\/2400EJOMN00237-CAMEL-DKS_433-4-USD-150x150.png",150,150,true],"medium":["https:\/\/turkishtrade.co\/wp-content\/uploads\/2026\/01\/2400EJOMN00237-CAMEL-DKS_433-4-USD-300x166.png",300,166,true],"medium_large":["https:\/\/turkishtrade.co\/wp-content\/uploads\/2026\/01\/2400EJOMN00237-CAMEL-DKS_433-4-USD.png",453,250,false],"large":["https:\/\/turkishtrade.co\/wp-content\/uploads\/2026\/01\/2400EJOMN00237-CAMEL-DKS_433-4-USD.png",453,250,false],"1536x1536":["https:\/\/turkishtrade.co\/wp-content\/uploads\/2026\/01\/2400EJOMN00237-CAMEL-DKS_433-4-USD.png",453,250,false],"2048x2048":["https:\/\/turkishtrade.co\/wp-content\/uploads\/2026\/01\/2400EJOMN00237-CAMEL-DKS_433-4-USD.png",453,250,false],"trp-custom-language-flag":["https:\/\/turkishtrade.co\/wp-content\/uploads\/2026\/01\/2400EJOMN00237-CAMEL-DKS_433-4-USD-18x10.png",18,10,true],"woocommerce_thumbnail":["https:\/\/turkishtrade.co\/wp-content\/uploads\/2026\/01\/2400EJOMN00237-CAMEL-DKS_433-4-USD-400x250.png",400,250,true],"woocommerce_single":["https:\/\/turkishtrade.co\/wp-content\/uploads\/2026\/01\/2400EJOMN00237-CAMEL-DKS_433-4-USD.png",453,250,false],"woocommerce_gallery_thumbnail":["https:\/\/turkishtrade.co\/wp-content\/uploads\/2026\/01\/2400EJOMN00237-CAMEL-DKS_433-4-USD-100x100.png",100,100,true]},"uagb_author_info":{"display_name":"yaser olabi","author_link":"https:\/\/turkishtrade.co\/tr\/author\/"},"uagb_comment_info":0,"uagb_excerpt":"Crafted from premium genuine calf leather exterior for exceptional durability. Luxurious goat leather interior lining ensures ultimate comfort and breathability. Lightweight and flexible EVA sole with a 1-3 cm heel for all-day wear. Available in versatile shades of Black, Dark Brown, and Tan to suit any style. Comprehensive size range from EU 39-45 for a&hellip;","_links":{"self":[{"href":"https:\/\/turkishtrade.co\/tr\/wp-json\/wp\/v2\/product\/5726","targetHints":{"allow":["GET"]}}],"collection":[{"href":"https:\/\/turkishtrade.co\/tr\/wp-json\/wp\/v2\/product"}],"about":[{"href":"https:\/\/turkishtrade.co\/tr\/wp-json\/wp\/v2\/types\/product"}],"wp:featuredmedia":[{"embeddable":true,"href":"https:\/\/turkishtrade.co\/tr\/wp-json\/wp\/v2\/media\/3838"}],"wp:attachment":[{"href":"https:\/\/turkishtrade.co\/tr\/wp-json\/wp\/v2\/media?parent=5726"}],"wp:term":[{"taxonomy":"product_brand","embeddable":true,"href":"https:\/\/turkishtrade.co\/tr\/wp-json\/wp\/v2\/product_brand?post=5726"},{"taxonomy":"product_cat","embeddable":true,"href":"https:\/\/turkishtrade.co\/tr\/wp-json\/wp\/v2\/product_cat?post=5726"},{"taxonomy":"product_tag","embeddable":true,"href":"https:\/\/turkishtrade.co\/tr\/wp-json\/wp\/v2\/product_tag?post=5726"}],"curies":[{"name":"wp","href":"https:\/\/api.w.org\/{rel}","templated":true}]}}