{"id":5721,"date":"2026-01-14T12:59:50","date_gmt":"2026-01-14T12:59:50","guid":{"rendered":"https:\/\/turkishtrade.co\/product\/mens-brown-suede-derby-shoes\/"},"modified":"2026-04-09T19:26:05","modified_gmt":"2026-04-09T19:26:05","slug":"mens-brown-suede-derby-shoes","status":"publish","type":"product","link":"https:\/\/turkishtrade.co\/tr\/shop\/mens-brown-suede-derby-shoes\/","title":{"rendered":"Erkek Premium Kahverengi S\u00fcet Derby Ayakkab\u0131"},"content":{"rendered":"<p><strong>Erkek Kahverengi S\u00fcet Derby Ayakkab\u0131<\/strong><\/p>\n<p>Ayakkab\u0131 koleksiyonunuzu se\u00e7kin \u00fcr\u00fcnlerimizle geli\u015ftirin <strong>Erkek Premium Kahverengi S\u00fcet Derby Ayakkab\u0131<\/strong>. Hem stil hem de konfora \u00f6nem veren modern beyefendiler i\u00e7in tasarlanan bu sofistike ba\u011fc\u0131kl\u0131 ayakkab\u0131lar, \u00fcst\u00fcn i\u015f\u00e7ilik ve zamans\u0131z tasar\u0131m\u0131n bir kan\u0131t\u0131d\u0131r. \u015e\u0131k g\u00fcndelik toplant\u0131lardan daha g\u00f6steri\u015fli i\u015f ortamlar\u0131na kadar \u00e7e\u015fitli durumlar i\u00e7in m\u00fckemmel olan bu ayakkab\u0131lar <strong>erkek kahverengi s\u00fcet Derby ayakkab\u0131<\/strong> benzersiz bir \u00e7ok y\u00f6nl\u00fcl\u00fck ve her tak\u0131m\u0131 zahmetsizce tamamlayan se\u00e7kin bir g\u00f6r\u00fcn\u00fcm sunar.<\/p>\n<p><h3>Benzersiz \u0130\u015f\u00e7ilik ve Malzemeler<\/h3>\n<\/p>\n<p>Bu ince i\u015f\u00e7ilikli \u00e7iftlerin her biri <strong>kahverengi s\u00fcet Derby ayakkab\u0131<\/strong> birinci s\u0131n\u0131f hakiki s\u0131\u011f\u0131r derisi d\u0131\u015f y\u00fczey ile ba\u015flar. Bu y\u00fcksek kaliteli s\u00fcet sadece zengin, l\u00fcks bir doku ve \u00e7ekici bir estetik sa\u011flamakla kalmaz, ayn\u0131 zamanda ola\u011fan\u00fcst\u00fc dayan\u0131kl\u0131l\u0131k ve a\u015f\u0131nmaya kar\u015f\u0131 diren\u00e7 sa\u011flar. D\u0131\u015f y\u00fczeyin do\u011fal nefes alabilirli\u011fi, g\u00fcn boyunca rahat bir deneyime katk\u0131da bulunur.<\/p>\n<p>Sa\u011flam d\u0131\u015f y\u00fczeyi tamamlayan inan\u0131lmaz yumu\u015fak ve esnek ke\u00e7i derisi i\u00e7 astar. Bu i\u00e7 malzeme se\u00e7imi, aya\u011fa maksimum konfor sa\u011flayarak tahri\u015fi \u00f6nler ve \u00fcst\u00fcn nem emilimi sa\u011flar. <strong>s\u00fcet Derby ayakkab\u0131<\/strong> uzun s\u00fcre giymek i\u00e7in bir zevk.<\/p>\n<p><h3>Konfor Klasik Tarzla Bulu\u015fuyor<\/h3>\n<\/p>\n<p>Konfor her \u015feyden \u00f6nemlidir ve bu <strong>erkek kahverengi s\u00fcet Derby ayakkab\u0131<\/strong> geli\u015fmi\u015f EVA taban\u0131 ile sunar. Hafif ancak inan\u0131lmaz derecede esnek olan EVA taban, m\u00fckemmel yast\u0131klama ve \u015fok emilimi sa\u011flayarak her ad\u0131mda rahat bir y\u00fcr\u00fcy\u00fc\u015f sa\u011flar. Klasik 1-3 cm topuk y\u00fcksekli\u011fi, dengeden veya t\u00fcm g\u00fcn giyilebilirlikten \u00f6d\u00fcn vermeden zarif bir profil i\u00e7in do\u011fru miktarda y\u00fckseklik sa\u011flar.<\/p>\n<p>Destekleyici taban ve ergonomik tasar\u0131m\u0131n birle\u015fimi, bu <strong>Derbi ayakkab\u0131lar<\/strong> stilinden \u00f6d\u00fcn vermeden konfor arayan aktif bireyler i\u00e7in ideal bir se\u00e7imdir.<\/p>\n<p><h3>\u00c7ok Y\u00f6nl\u00fc Gard\u0131robun Vazge\u00e7ilmezi<\/h3>\n<\/p>\n<p>A\u00e7\u0131k ba\u011fc\u0131k sistemiyle karakterize edilen klasik Derby tasar\u0131m\u0131, hem g\u00fcvenli bir uyum hem de uyarlanabilir bir estetik sunar. \u0130ster \u00f6zel dikim pantolonlar, ister chino pantolonlar ve hatta birinci s\u0131n\u0131f denimlerle e\u015fle\u015ftirilsin, bu <strong>erkek kahverengi s\u00fcet Derby ayakkab\u0131<\/strong> g\u00f6r\u00fcn\u00fcm\u00fcn\u00fcz\u00fc an\u0131nda y\u00fckseltin. \u00c7ok y\u00f6nl\u00fc kahverengi tonu sayesinde mevcut gard\u0131roplara kolayca entegre edilebilir ve hem i\u015f hem de hafta sonu k\u0131yafetlerine sofistike bir dokunu\u015f sa\u011flar.<\/p>\n<p>Sabah toplant\u0131s\u0131ndan ak\u015fam sosyal etkinli\u011fine sorunsuzca ge\u00e7i\u015f yapan ve her zaman abart\u0131s\u0131z bir zarafet havas\u0131 yayan bir \u00e7ifte yat\u0131r\u0131m yap\u0131n.<\/p>\n<p><h3>Perakendeciler i\u00e7in Toplu Sipari\u015fler<\/h3>\n<\/p>\n<p>Y\u00fcksek kaliteli ayakkab\u0131 arayan perakendeciler ve i\u015fletmeler i\u00e7in <strong>erkek kahverengi s\u00fcet Derby ayakkab\u0131<\/strong> toplu al\u0131m i\u00e7in mevcuttur. Bu pop\u00fcler ve \u015f\u0131k \u00fcr\u00fcn\u00fc stoklayabilmeniz i\u00e7in minimum 8 \u00e7ift sipari\u015f vermeniz gerekmektedir. Verimli \u00fcretimimiz ve lojisti\u011fimiz, sipari\u015finizi h\u0131zl\u0131 bir \u015fekilde alman\u0131za ve m\u00fc\u015fteri talebini kar\u015f\u0131laman\u0131za olanak tan\u0131yarak, nakliye dahil yakla\u015f\u0131k 12 g\u00fcnl\u00fck bir teslimat s\u00fcresini garanti eder.<\/p>\n<p>M\u00fc\u015fterilerinize bu ola\u011fan\u00fcst\u00fc l\u00fcks ve konforu sunun <strong>kahverengi s\u00fcet Derby ayakkab\u0131<\/strong> ve \u00fcr\u00fcn tekliflerinizi bug\u00fcn geli\u015ftirin.<\/p>","protected":false},"excerpt":{"rendered":"<ul>\n<li><strong>Premium Malzemeler:<\/strong> D\u0131\u015f y\u00fczeyi hakiki s\u0131\u011f\u0131r derisi ve i\u00e7 k\u0131sm\u0131 yumu\u015fak ke\u00e7i derisinden \u00fcretilmi\u015ftir.<\/li>\n<li><strong>Konfor Taban:<\/strong> G\u00fcn boyu konfor i\u00e7in hafif ve dayan\u0131kl\u0131 EVA tabana sahiptir.<\/li>\n<li><strong>Klasik Tasar\u0131m:<\/strong> Rahat 1-3 cm topuk ile zamans\u0131z Derby ba\u011fc\u0131kl\u0131 stil.<\/li>\n<li><strong>Geni\u015f Boyut Aral\u0131\u011f\u0131:<\/strong> 39, 40, 41, 42, 43, 44, 45 bedenleri mevcuttur.<\/li>\n<li><strong>Toplu Sipari\u015fler Ho\u015f Geldiniz:<\/strong> Minimum 8 \u00e7ift sipari\u015f. 12 g\u00fcn i\u00e7inde teslimat + nakliye.<\/li>\n<\/ul>","protected":false},"featured_media":3833,"template":"","meta":{"_acf_changed":false,"_uag_custom_page_level_css":"","site-sidebar-layout":"default","site-content-layout":"","ast-site-content-layout":"default","site-content-style":"default","site-sidebar-style":"default","ast-global-header-display":"","ast-banner-title-visibility":"","ast-main-header-display":"","ast-hfb-above-header-display":"","ast-hfb-below-header-display":"","ast-hfb-mobile-header-display":"","site-post-title":"","ast-breadcrumbs-content":"","ast-featured-img":"","footer-sml-layout":"","ast-disable-related-posts":"","theme-transparent-header-meta":"","adv-header-id-meta":"","stick-header-meta":"","header-above-stick-meta":"","header-main-stick-meta":"","header-below-stick-meta":"","astra-migrate-meta-layouts":"default","ast-page-background-enabled":"default","ast-page-background-meta":{"desktop":{"background-color":"var(--ast-global-color-4)","background-image":"","background-repeat":"repeat","background-position":"center center","background-size":"auto","background-attachment":"scroll","background-type":"","background-media":"","overlay-type":"","overlay-color":"","overlay-opacity":"","overlay-gradient":""},"tablet":{"background-color":"","background-image":"","background-repeat":"repeat","background-position":"center center","background-size":"auto","background-attachment":"scroll","background-type":"","background-media":"","overlay-type":"","overlay-color":"","overlay-opacity":"","overlay-gradient":""},"mobile":{"background-color":"","background-image":"","background-repeat":"repeat","background-position":"center center","background-size":"auto","background-attachment":"scroll","background-type":"","background-media":"","overlay-type":"","overlay-color":"","overlay-opacity":"","overlay-gradient":""}},"ast-content-background-meta":{"desktop":{"background-color":"var(--ast-global-color-5)","background-image":"","background-repeat":"repeat","background-position":"center center","background-size":"auto","background-attachment":"scroll","background-type":"","background-media":"","overlay-type":"","overlay-color":"","overlay-opacity":"","overlay-gradient":""},"tablet":{"background-color":"var(--ast-global-color-5)","background-image":"","background-repeat":"repeat","background-position":"center center","background-size":"auto","background-attachment":"scroll","background-type":"","background-media":"","overlay-type":"","overlay-color":"","overlay-opacity":"","overlay-gradient":""},"mobile":{"background-color":"var(--ast-global-color-5)","background-image":"","background-repeat":"repeat","background-position":"center center","background-size":"auto","background-attachment":"scroll","background-type":"","background-media":"","overlay-type":"","overlay-color":"","overlay-opacity":"","overlay-gradient":""}}},"product_brand":[],"product_cat":[48,47,49,430,40],"product_tag":[218,449,644,1029,212,438,556,227,198,283,281],"class_list":{"0":"post-5721","1":"product","2":"type-product","3":"status-publish","4":"has-post-thumbnail","6":"product_cat-casual","7":"product_cat-classic","8":"product_cat-loafer","9":"product_cat-men","10":"product_cat-mens-shoes","11":"product_tag-brown-shoes","12":"product_tag-casual-shoes","13":"product_tag-classic-footwear","14":"product_tag-cowhide-leather","15":"product_tag-derby-shoes","16":"product_tag-eva-sole","17":"product_tag-goatskin-lining","18":"product_tag-leather-shoes","19":"product_tag-mens-fashion","20":"product_tag-suede-shoes","21":"product_tag-wholesale-shoes","22":"desktop-align-center","23":"tablet-align-center","24":"mobile-align-center","26":"first","27":"instock","28":"shipping-taxable","29":"purchasable","30":"product-type-variable","31":"has-default-attributes"},"acf":[],"uagb_featured_image_src":{"full":["https:\/\/turkishtrade.co\/wp-content\/uploads\/2026\/01\/2400EJOMN00235-BROWN-X_621.png",453,250,false],"thumbnail":["https:\/\/turkishtrade.co\/wp-content\/uploads\/2026\/01\/2400EJOMN00235-BROWN-X_621-150x150.png",150,150,true],"medium":["https:\/\/turkishtrade.co\/wp-content\/uploads\/2026\/01\/2400EJOMN00235-BROWN-X_621-300x166.png",300,166,true],"medium_large":["https:\/\/turkishtrade.co\/wp-content\/uploads\/2026\/01\/2400EJOMN00235-BROWN-X_621.png",453,250,false],"large":["https:\/\/turkishtrade.co\/wp-content\/uploads\/2026\/01\/2400EJOMN00235-BROWN-X_621.png",453,250,false],"1536x1536":["https:\/\/turkishtrade.co\/wp-content\/uploads\/2026\/01\/2400EJOMN00235-BROWN-X_621.png",453,250,false],"2048x2048":["https:\/\/turkishtrade.co\/wp-content\/uploads\/2026\/01\/2400EJOMN00235-BROWN-X_621.png",453,250,false],"trp-custom-language-flag":["https:\/\/turkishtrade.co\/wp-content\/uploads\/2026\/01\/2400EJOMN00235-BROWN-X_621-18x10.png",18,10,true],"woocommerce_thumbnail":["https:\/\/turkishtrade.co\/wp-content\/uploads\/2026\/01\/2400EJOMN00235-BROWN-X_621-400x250.png",400,250,true],"woocommerce_single":["https:\/\/turkishtrade.co\/wp-content\/uploads\/2026\/01\/2400EJOMN00235-BROWN-X_621.png",453,250,false],"woocommerce_gallery_thumbnail":["https:\/\/turkishtrade.co\/wp-content\/uploads\/2026\/01\/2400EJOMN00235-BROWN-X_621-100x100.png",100,100,true]},"uagb_author_info":{"display_name":"yaser olabi","author_link":"https:\/\/turkishtrade.co\/tr\/author\/"},"uagb_comment_info":0,"uagb_excerpt":"Premium Materials: Crafted with genuine cowhide leather exterior and soft goatskin interior. Comfort Sole: Features a lightweight and durable EVA sole for all-day comfort. Classic Design: Timeless Derby lace-up style with a comfortable 1-3 cm heel. Wide Size Range: Available in sizes 39, 40, 41, 42, 43, 44, 45. Bulk Orders Welcome: Minimum order of&hellip;","_links":{"self":[{"href":"https:\/\/turkishtrade.co\/tr\/wp-json\/wp\/v2\/product\/5721","targetHints":{"allow":["GET"]}}],"collection":[{"href":"https:\/\/turkishtrade.co\/tr\/wp-json\/wp\/v2\/product"}],"about":[{"href":"https:\/\/turkishtrade.co\/tr\/wp-json\/wp\/v2\/types\/product"}],"wp:featuredmedia":[{"embeddable":true,"href":"https:\/\/turkishtrade.co\/tr\/wp-json\/wp\/v2\/media\/3833"}],"wp:attachment":[{"href":"https:\/\/turkishtrade.co\/tr\/wp-json\/wp\/v2\/media?parent=5721"}],"wp:term":[{"taxonomy":"product_brand","embeddable":true,"href":"https:\/\/turkishtrade.co\/tr\/wp-json\/wp\/v2\/product_brand?post=5721"},{"taxonomy":"product_cat","embeddable":true,"href":"https:\/\/turkishtrade.co\/tr\/wp-json\/wp\/v2\/product_cat?post=5721"},{"taxonomy":"product_tag","embeddable":true,"href":"https:\/\/turkishtrade.co\/tr\/wp-json\/wp\/v2\/product_tag?post=5721"}],"curies":[{"name":"wp","href":"https:\/\/api.w.org\/{rel}","templated":true}]}}