{"id":5719,"date":"2026-01-14T12:59:33","date_gmt":"2026-01-14T12:59:33","guid":{"rendered":"https:\/\/turkishtrade.co\/product\/mens-black-calf-suede-derby-shoes\/"},"modified":"2026-04-09T19:26:07","modified_gmt":"2026-04-09T19:26:07","slug":"mens-black-calf-suede-derby-shoes","status":"publish","type":"product","link":"https:\/\/turkishtrade.co\/tr\/shop\/mens-black-calf-suede-derby-shoes\/","title":{"rendered":"EVA Tabanl\u0131 Erkek Siyah Dana S\u00fcet Derby Ayakkab\u0131"},"content":{"rendered":"<p><strong>Erkek Siyah Buza\u011f\u0131 S\u00fcet Derby Ayakkab\u0131<\/strong><\/p>\n<p>Enfes tasar\u0131m\u0131m\u0131zla benzersiz konfora ve klasik stile ad\u0131m at\u0131n <strong>Erkek Siyah Buza\u011f\u0131 S\u00fcet Derby Ayakkab\u0131<\/strong>. Hem \u015f\u0131kl\u0131\u011fa hem de g\u00fcnl\u00fck giyilebilirli\u011fe de\u011fer veren modern erkekler i\u00e7in tasarlanan bu ayakkab\u0131lar, \u00fcst\u00fcn i\u015f\u00e7ilik ve y\u00fcksek kaliteli malzemelerin bir kan\u0131t\u0131d\u0131r. \u0130ster d\u0131\u015far\u0131da g\u00fcndelik bir g\u00fcn i\u00e7in ister \u015f\u0131k ve rahat bir ofis g\u00f6r\u00fcn\u00fcm\u00fc i\u00e7in olsun, bu <strong>Erkek Siyah Buza\u011f\u0131 S\u00fcet Derby Ayakkab\u0131<\/strong> gard\u0131robunuzu zahmetsizce y\u00fckseltecek.<\/p>\n<p><h3>Konfor ve Dayan\u0131kl\u0131l\u0131k i\u00e7in \u00dcretildi<\/h3>\n<\/p>\n<p>Bu premium \u00fcr\u00fcnlerin her bir \u00e7ifti <strong>Erkek Siyah Buza\u011f\u0131 S\u00fcet Derby Ayakkab\u0131<\/strong> hakiki dana s\u00fcet deri d\u0131\u015f y\u00fczey kullan\u0131larak titizlikle \u00fcretilmi\u015ftir, l\u00fcks bir his ve sofistike bir g\u00f6r\u00fcn\u00fcm sa\u011flar. Zengin siyah tonu \u00e7ok y\u00f6nl\u00fcl\u00fck sa\u011flayarak \u00e7ok \u00e7e\u015fitli k\u0131yafetler i\u00e7in m\u00fckemmel bir uyum sunar. \u0130\u00e7 k\u0131s\u0131mda, her ad\u0131mda nefes alabilirlik ve pel\u00fc\u015f bir his sunan yumu\u015fak ke\u00e7i derisi astar sayesinde ayaklar\u0131n\u0131z \u00fcst\u00fcn bir konfor ya\u015fayacak.<\/p>\n<p>Klasik 1-3 cm topuk y\u00fcksekli\u011fi, geleneksel stil ve modern konfor aras\u0131nda m\u00fckemmel bir denge kurarak bu ayakkab\u0131lar\u0131n uzun s\u00fcreli kullan\u0131m i\u00e7in uygun olmas\u0131n\u0131 sa\u011flar.<\/p>\n<p><h3>G\u00fcnl\u00fck Kullan\u0131m i\u00e7in Hafif EVA Taban<\/h3>\n<\/p>\n<p>Bu Derby ayakkab\u0131lar\u0131n\u0131 farkl\u0131 k\u0131lan, hafif ancak inan\u0131lmaz derecede dayan\u0131kl\u0131 EVA taban\u0131d\u0131r. Bu geli\u015fmi\u015f taban teknolojisi m\u00fckemmel yast\u0131klama, \u015fok emilimi ve esneklik sa\u011flayarak g\u00fcn boyunca y\u00fcr\u00fcmek ve ayakta durmak i\u00e7in inan\u0131lmaz derecede rahat olmas\u0131n\u0131 sa\u011flar. Daha a\u011f\u0131r, geleneksel tabanlardan farkl\u0131 olarak EVA, bu ayakkab\u0131lar\u0131n <strong>Erkek Siyah Buza\u011f\u0131 S\u00fcet Derby Ayakkab\u0131<\/strong> Ayaklar\u0131n\u0131z\u0131n \u00fczerinde hafif kalarak yorgunlu\u011funuzu azalt\u0131r ve genel deneyiminizi geli\u015ftirir.<\/p>\n<p>Sa\u011flam yap\u0131s\u0131 uzun \u00f6m\u00fcrl\u00fcl\u00fck vaat ederek ayakkab\u0131n\u0131z\u0131n keyfini gelecek mevsimler boyunca \u00e7\u0131karman\u0131z\u0131 sa\u011flar.<\/p>\n<p><h3>Toplu Al\u0131mlar ve Perakendeciler i\u00e7in \u0130deal<\/h3>\n<\/p>\n<p>B2B i\u015f ortaklar\u0131m\u0131z\u0131n ihtiya\u00e7lar\u0131n\u0131 anl\u0131yoruz, i\u015fte bu y\u00fczden <strong>Erkek Siyah Buza\u011f\u0131 S\u00fcet Derby Ayakkab\u0131<\/strong> minimum 8 \u00e7ift miktar\u0131nda toplu sipari\u015fler i\u00e7in mevcuttur. Bu, onlar\u0131 butik sahipleri, moda perakendecileri veya y\u00fcksek kaliteli, talep g\u00f6ren erkek ayakkab\u0131lar\u0131n\u0131 stoklamak isteyen herkes i\u00e7in m\u00fckemmel bir se\u00e7im haline getirir. 39'dan 45'e kadar de\u011fi\u015fen mevcut bedenlerle geni\u015f bir m\u00fc\u015fteri taban\u0131na hitap edebilirsiniz.<\/p>\n<p>Verimli \u00fcretim ve teslimat sistemimiz, sipari\u015finizin 12 g\u00fcn i\u00e7inde sevkiyata haz\u0131r olmas\u0131n\u0131 ve nakliye s\u00fcresini garanti ederek i\u015fletmeniz i\u00e7in g\u00fcvenilir bir tedarik zinciri sa\u011flar. Bu \u015f\u0131k ve rahat \u00fcr\u00fcnlere yat\u0131r\u0131m yap\u0131n <strong>Erkek Siyah Buza\u011f\u0131 S\u00fcet Derby Ayakkab\u0131<\/strong> ve m\u00fc\u015fterilerinize zamans\u0131z tasar\u0131m\u0131 \u00e7a\u011fda\u015f konforla birle\u015ftiren bir \u00fcr\u00fcn sunun.<\/p>","protected":false},"excerpt":{"rendered":"<ul>\n<li><strong>D\u0131\u015f Malzeme:<\/strong> Premium Dana S\u00fcet Deri<\/li>\n<li><strong>\u0130\u00e7 Astar:<\/strong> Yumu\u015fak Ke\u00e7i Derisi<\/li>\n<li><strong>Taban:<\/strong> Hafif ve Dayan\u0131kl\u0131 EVA<\/li>\n<li><strong>Topuk Y\u00fcksekli\u011fi:<\/strong> Optimum konfor i\u00e7in klasik 1-3 cm<\/li>\n<li><strong>Mevcut Boyutlar:<\/strong> 39, 40, 41, 42, 43, 44, 45<\/li>\n<li><strong>Minimum Sipari\u015f:<\/strong> 8 \u00c7ift (Perakendeciler ve toplu al\u0131m yapanlar i\u00e7in ideal)<\/li>\n<li><strong>Teslimat S\u00fcresi:<\/strong> 12 G\u00fcn + Kargo<\/li>\n<\/ul>","protected":false},"featured_media":3832,"template":"","meta":{"_acf_changed":false,"_uag_custom_page_level_css":"","site-sidebar-layout":"default","site-content-layout":"","ast-site-content-layout":"default","site-content-style":"default","site-sidebar-style":"default","ast-global-header-display":"","ast-banner-title-visibility":"","ast-main-header-display":"","ast-hfb-above-header-display":"","ast-hfb-below-header-display":"","ast-hfb-mobile-header-display":"","site-post-title":"","ast-breadcrumbs-content":"","ast-featured-img":"","footer-sml-layout":"","ast-disable-related-posts":"","theme-transparent-header-meta":"","adv-header-id-meta":"","stick-header-meta":"","header-above-stick-meta":"","header-main-stick-meta":"","header-below-stick-meta":"","astra-migrate-meta-layouts":"default","ast-page-background-enabled":"default","ast-page-background-meta":{"desktop":{"background-color":"var(--ast-global-color-4)","background-image":"","background-repeat":"repeat","background-position":"center center","background-size":"auto","background-attachment":"scroll","background-type":"","background-media":"","overlay-type":"","overlay-color":"","overlay-opacity":"","overlay-gradient":""},"tablet":{"background-color":"","background-image":"","background-repeat":"repeat","background-position":"center center","background-size":"auto","background-attachment":"scroll","background-type":"","background-media":"","overlay-type":"","overlay-color":"","overlay-opacity":"","overlay-gradient":""},"mobile":{"background-color":"","background-image":"","background-repeat":"repeat","background-position":"center center","background-size":"auto","background-attachment":"scroll","background-type":"","background-media":"","overlay-type":"","overlay-color":"","overlay-opacity":"","overlay-gradient":""}},"ast-content-background-meta":{"desktop":{"background-color":"var(--ast-global-color-5)","background-image":"","background-repeat":"repeat","background-position":"center center","background-size":"auto","background-attachment":"scroll","background-type":"","background-media":"","overlay-type":"","overlay-color":"","overlay-opacity":"","overlay-gradient":""},"tablet":{"background-color":"var(--ast-global-color-5)","background-image":"","background-repeat":"repeat","background-position":"center center","background-size":"auto","background-attachment":"scroll","background-type":"","background-media":"","overlay-type":"","overlay-color":"","overlay-opacity":"","overlay-gradient":""},"mobile":{"background-color":"var(--ast-global-color-5)","background-image":"","background-repeat":"repeat","background-position":"center center","background-size":"auto","background-attachment":"scroll","background-type":"","background-media":"","overlay-type":"","overlay-color":"","overlay-opacity":"","overlay-gradient":""}}},"product_brand":[],"product_cat":[48,47,49,430,40],"product_tag":[605,1028,449,222,212,438,437,227,198,210,281],"class_list":{"0":"post-5719","1":"product","2":"type-product","3":"status-publish","4":"has-post-thumbnail","6":"product_cat-casual","7":"product_cat-classic","8":"product_cat-loafer","9":"product_cat-men","10":"product_cat-mens-shoes","11":"product_tag-black-shoes","12":"product_tag-calf-suede","13":"product_tag-casual-shoes","14":"product_tag-comfortable-shoes","15":"product_tag-derby-shoes","16":"product_tag-eva-sole","17":"product_tag-goat-leather","18":"product_tag-leather-shoes","19":"product_tag-mens-fashion","20":"product_tag-smart-casual","21":"product_tag-wholesale-shoes","22":"desktop-align-center","23":"tablet-align-center","24":"mobile-align-center","26":"first","27":"instock","28":"shipping-taxable","29":"purchasable","30":"product-type-variable","31":"has-default-attributes"},"acf":[],"uagb_featured_image_src":{"full":["https:\/\/turkishtrade.co\/wp-content\/uploads\/2026\/01\/2400EJOMN00234-BLACK-X_621-4-USD.png",453,250,false],"thumbnail":["https:\/\/turkishtrade.co\/wp-content\/uploads\/2026\/01\/2400EJOMN00234-BLACK-X_621-4-USD-150x150.png",150,150,true],"medium":["https:\/\/turkishtrade.co\/wp-content\/uploads\/2026\/01\/2400EJOMN00234-BLACK-X_621-4-USD-300x166.png",300,166,true],"medium_large":["https:\/\/turkishtrade.co\/wp-content\/uploads\/2026\/01\/2400EJOMN00234-BLACK-X_621-4-USD.png",453,250,false],"large":["https:\/\/turkishtrade.co\/wp-content\/uploads\/2026\/01\/2400EJOMN00234-BLACK-X_621-4-USD.png",453,250,false],"1536x1536":["https:\/\/turkishtrade.co\/wp-content\/uploads\/2026\/01\/2400EJOMN00234-BLACK-X_621-4-USD.png",453,250,false],"2048x2048":["https:\/\/turkishtrade.co\/wp-content\/uploads\/2026\/01\/2400EJOMN00234-BLACK-X_621-4-USD.png",453,250,false],"trp-custom-language-flag":["https:\/\/turkishtrade.co\/wp-content\/uploads\/2026\/01\/2400EJOMN00234-BLACK-X_621-4-USD-18x10.png",18,10,true],"woocommerce_thumbnail":["https:\/\/turkishtrade.co\/wp-content\/uploads\/2026\/01\/2400EJOMN00234-BLACK-X_621-4-USD-400x250.png",400,250,true],"woocommerce_single":["https:\/\/turkishtrade.co\/wp-content\/uploads\/2026\/01\/2400EJOMN00234-BLACK-X_621-4-USD.png",453,250,false],"woocommerce_gallery_thumbnail":["https:\/\/turkishtrade.co\/wp-content\/uploads\/2026\/01\/2400EJOMN00234-BLACK-X_621-4-USD-100x100.png",100,100,true]},"uagb_author_info":{"display_name":"yaser olabi","author_link":"https:\/\/turkishtrade.co\/tr\/author\/"},"uagb_comment_info":0,"uagb_excerpt":"Outer Material: Premium Calf Suede Leather Inner Lining: Soft Goat Leather Sole: Lightweight and Durable EVA Heel Height: Classic 1-3 cm for optimal comfort Available Sizes: 39, 40, 41, 42, 43, 44, 45 Minimum Order: 8 Pairs (Ideal for retailers and bulk purchasers) Delivery Time: 12 Days + Shipping","_links":{"self":[{"href":"https:\/\/turkishtrade.co\/tr\/wp-json\/wp\/v2\/product\/5719","targetHints":{"allow":["GET"]}}],"collection":[{"href":"https:\/\/turkishtrade.co\/tr\/wp-json\/wp\/v2\/product"}],"about":[{"href":"https:\/\/turkishtrade.co\/tr\/wp-json\/wp\/v2\/types\/product"}],"wp:featuredmedia":[{"embeddable":true,"href":"https:\/\/turkishtrade.co\/tr\/wp-json\/wp\/v2\/media\/3832"}],"wp:attachment":[{"href":"https:\/\/turkishtrade.co\/tr\/wp-json\/wp\/v2\/media?parent=5719"}],"wp:term":[{"taxonomy":"product_brand","embeddable":true,"href":"https:\/\/turkishtrade.co\/tr\/wp-json\/wp\/v2\/product_brand?post=5719"},{"taxonomy":"product_cat","embeddable":true,"href":"https:\/\/turkishtrade.co\/tr\/wp-json\/wp\/v2\/product_cat?post=5719"},{"taxonomy":"product_tag","embeddable":true,"href":"https:\/\/turkishtrade.co\/tr\/wp-json\/wp\/v2\/product_tag?post=5719"}],"curies":[{"name":"wp","href":"https:\/\/api.w.org\/{rel}","templated":true}]}}