{"id":5715,"date":"2026-01-14T12:59:12","date_gmt":"2026-01-14T12:59:12","guid":{"rendered":"https:\/\/turkishtrade.co\/product\/men-s-suede-loafers-2\/"},"modified":"2026-04-09T19:26:11","modified_gmt":"2026-04-09T19:26:11","slug":"mens-suede-loafers-6","status":"publish","type":"product","link":"https:\/\/turkishtrade.co\/tr\/shop\/mens-suede-loafers-6\/","title":{"rendered":"Premium Erkek S\u00fcet Loafer | EVA Tabanl\u0131 Dana ve Ke\u00e7i Derisi"},"content":{"rendered":"<p><strong>Erkek S\u00fcet Loafer<\/strong><\/p>\n<p>Enfes koleksiyonumuzla benzersiz konfora ve klasik stile ad\u0131m at\u0131n <b>erkek s\u00fcet mokasen<\/b>. Hem esteti\u011fe hem de giyilebilirli\u011fe de\u011fer veren modern beyefendiler i\u00e7in tasarlanan bu mokasen ayakkab\u0131lar, \u00fcst\u00fcn i\u015f\u00e7ili\u011fin bir kan\u0131t\u0131d\u0131r. Birinci s\u0131n\u0131f ayakkab\u0131lar\u0131m\u0131z\u0131n her \u00e7ifti <b>erkek s\u00fcet mokasen<\/b> yumu\u015fak dokusu ve zarif y\u00fczeyi i\u00e7in \u00f6zenle se\u00e7ilmi\u015f g\u00f6rkemli dana derisi sayaya sahiptir.<\/p>\n<p>S\u00fcetin zengin, kadifemsi hissi her k\u0131yafete sofistike bir dokunu\u015f katarak bu ayakkab\u0131lar\u0131 gard\u0131robunuza \u00e7ok y\u00f6nl\u00fc bir eklenti haline getirir.<\/p>\n<p>\u00c7arp\u0131c\u0131 g\u00f6r\u00fcn\u00fcmlerinin \u00f6tesinde, konfor her \u015feyden \u00f6nemlidir. \u0130\u00e7 k\u0131sm\u0131 esnek ke\u00e7i derisiyle astarlanm\u0131\u015ft\u0131r ve giydi\u011finiz andan itibaren p\u00fcr\u00fczs\u00fcz, nefes alabilen ve son derece rahat bir deneyim sunar. Birinci s\u0131n\u0131f malzemelerden olu\u015fan bu \u00f6zenli kombinasyon <b>erkek s\u00fcet mokasen<\/b> zaman i\u00e7inde aya\u011f\u0131n\u0131za uyum sa\u011flayarak ki\u015fiye \u00f6zel bir uyum sunar.<\/p>\n<p>Bu mokasen ayakkab\u0131lar\u0131n temelinde hafif ama son derece dayan\u0131kl\u0131 EVA taban bulunur. Bu yenilik\u00e7i malzeme m\u00fckemmel \u015fok emilimi ve esneklik sunarak ister \u015fehir sokaklar\u0131nda geziniyor ister rahat bir hafta sonunun tad\u0131n\u0131 \u00e7\u0131kar\u0131yor olun, her ad\u0131mda konfor sa\u011flar.<\/p>\n<p><h3>Rakipsiz Kalite ve \u00c7ok Y\u00f6nl\u00fc Stil<\/h3>\n<\/p>\n<p>Bizim <b>erkek s\u00fcet mokasen<\/b> sadece ayakkab\u0131 de\u011fildir; rafine bir zevkin ifadesidir. Geleneksel moc-toe diki\u015flerle s\u00fcslenmi\u015f klasik slip-on tasar\u0131m, zamans\u0131z \u015f\u0131kl\u0131\u011f\u0131 temsil eder. Koyu siyah ve s\u0131cak kahverengi gibi sofistike tonlarda sunulan bu loaferlar, chino pantolonlarla ge\u00e7irilen rahat bir g\u00fcnden, \u00f6zel dikim pantolonlarla e\u015fle\u015ftirilen daha resmi bir ak\u015fam etkinli\u011fine zahmetsizce ge\u00e7i\u015f yapabilir.<\/p>\n<p>1-3 cm'lik ince topuk y\u00fcksekli\u011fi, rahatl\u0131ktan \u00f6d\u00fcn vermeden g\u00fcn boyu kullan\u0131m i\u00e7in m\u00fckemmel bir y\u00fckseklik katar.<\/p>\n<p>M\u00fckemmel uyumun \u00f6nemini anl\u0131yoruz, bu nedenle <b>erkek s\u00fcet mokasen<\/b> 39'dan 45'e kadar kapsaml\u0131 bir beden yelpazesinde mevcuttur. \u0130ster ki\u015fisel kullan\u0131m i\u00e7in sat\u0131n al\u0131yor olun, ister perakende i\u015fletmeniz i\u00e7in stok yap\u0131yor olun, kaliteye olan ba\u011fl\u0131l\u0131\u011f\u0131m\u0131z sars\u0131lmaz. Ticari m\u00fc\u015fterilerimiz i\u00e7in bu ola\u011fan\u00fcst\u00fc <b>erkek s\u00fcet mokasen<\/b> minimum 8 \u00e7ift miktar\u0131yla toplu sipari\u015fler i\u00e7in mevcuttur.<\/p>\n<p>Talep \u00fczerine rekabet\u00e7i fiyatlar sunuyoruz ve 12 g\u00fcn art\u0131 nakliye s\u00fcresi i\u00e7inde h\u0131zl\u0131 teslimat sa\u011fl\u0131yoruz, b\u00f6ylece koleksiyonunuzu bu arzu edilen ayakkab\u0131 se\u00e7enekleriyle h\u0131zl\u0131 bir \u015fekilde geli\u015ftirmenize olanak tan\u0131yoruz. \u00d6zenle haz\u0131rlanm\u0131\u015f erkek s\u00fcet mokasen ayakkab\u0131lar\u0131m\u0131zla kal\u0131c\u0131 stil ve konfora yat\u0131r\u0131m yap\u0131n.<\/p>","protected":false},"excerpt":{"rendered":"<ul>\n<li><b>Malzeme M\u00fckemmelli\u011fi:<\/b> \u00dcst\u00fcn konfor i\u00e7in birinci s\u0131n\u0131f dana s\u00fcet saya ve yumu\u015fak ke\u00e7i derisi astar ile \u00fcretilmi\u015ftir.<\/li>\n<li><b>Hafif Konfor:<\/b> T\u00fcm g\u00fcn kullan\u0131m i\u00e7in dayan\u0131kl\u0131, \u015fok emici EVA tabana sahiptir.<\/li>\n<li><b>Klasik tarz:<\/b> Zamans\u0131z loafer tasar\u0131m\u0131, hem g\u00fcndelik hem de smart-casual tak\u0131mlar i\u00e7in m\u00fckemmeldir.<\/li>\n<li><b>Mevcut Boyutlar:<\/b> 39 ile 45 aras\u0131nda de\u011fi\u015fiyor.<\/li>\n<li><b>Toplu Bulunabilirlik:<\/b> Minimum 8 \u00e7ift sipari\u015f; \u00f6zel fiyatland\u0131rma ve teslimat i\u00e7in ileti\u015fime ge\u00e7in (12 g\u00fcn + nakliye).<\/li>\n<li><b>Topuk Y\u00fcksekli\u011fi:<\/b> Hafif y\u00fckselme i\u00e7in 1-3 cm rahat topuk.<\/li>\n<\/ul>","protected":false},"featured_media":3831,"template":"","meta":{"_acf_changed":false,"_uag_custom_page_level_css":"","site-sidebar-layout":"default","site-content-layout":"","ast-site-content-layout":"default","site-content-style":"default","site-sidebar-style":"default","ast-global-header-display":"","ast-banner-title-visibility":"","ast-main-header-display":"","ast-hfb-above-header-display":"","ast-hfb-below-header-display":"","ast-hfb-mobile-header-display":"","site-post-title":"","ast-breadcrumbs-content":"","ast-featured-img":"","footer-sml-layout":"","ast-disable-related-posts":"","theme-transparent-header-meta":"","adv-header-id-meta":"","stick-header-meta":"","header-above-stick-meta":"","header-main-stick-meta":"","header-below-stick-meta":"","astra-migrate-meta-layouts":"default","ast-page-background-enabled":"default","ast-page-background-meta":{"desktop":{"background-color":"var(--ast-global-color-4)","background-image":"","background-repeat":"repeat","background-position":"center center","background-size":"auto","background-attachment":"scroll","background-type":"","background-media":"","overlay-type":"","overlay-color":"","overlay-opacity":"","overlay-gradient":""},"tablet":{"background-color":"","background-image":"","background-repeat":"repeat","background-position":"center center","background-size":"auto","background-attachment":"scroll","background-type":"","background-media":"","overlay-type":"","overlay-color":"","overlay-opacity":"","overlay-gradient":""},"mobile":{"background-color":"","background-image":"","background-repeat":"repeat","background-position":"center center","background-size":"auto","background-attachment":"scroll","background-type":"","background-media":"","overlay-type":"","overlay-color":"","overlay-opacity":"","overlay-gradient":""}},"ast-content-background-meta":{"desktop":{"background-color":"var(--ast-global-color-5)","background-image":"","background-repeat":"repeat","background-position":"center center","background-size":"auto","background-attachment":"scroll","background-type":"","background-media":"","overlay-type":"","overlay-color":"","overlay-opacity":"","overlay-gradient":""},"tablet":{"background-color":"var(--ast-global-color-5)","background-image":"","background-repeat":"repeat","background-position":"center center","background-size":"auto","background-attachment":"scroll","background-type":"","background-media":"","overlay-type":"","overlay-color":"","overlay-opacity":"","overlay-gradient":""},"mobile":{"background-color":"var(--ast-global-color-5)","background-image":"","background-repeat":"repeat","background-position":"center center","background-size":"auto","background-attachment":"scroll","background-type":"","background-media":"","overlay-type":"","overlay-color":"","overlay-opacity":"","overlay-gradient":""}}},"product_brand":[],"product_cat":[48,47,49,430,40],"product_tag":[370,147,1028,512,457,220,438,352,437,215,186,184,283],"class_list":{"0":"post-5715","1":"product","2":"type-product","3":"status-publish","4":"has-post-thumbnail","6":"product_cat-casual","7":"product_cat-classic","8":"product_cat-loafer","9":"product_cat-men","10":"product_cat-mens-shoes","11":"product_tag-black-loafers","12":"product_tag-brown-loafers","13":"product_tag-calf-suede","14":"product_tag-casual-loafers","15":"product_tag-classic-loafers","16":"product_tag-comfortable-loafers","17":"product_tag-eva-sole","18":"product_tag-formal-loafers","19":"product_tag-goat-leather","20":"product_tag-leather-loafers","21":"product_tag-mens-loafers","22":"product_tag-slip-on-shoes","23":"product_tag-suede-shoes","24":"desktop-align-center","25":"tablet-align-center","26":"mobile-align-center","28":"first","29":"instock","30":"shipping-taxable","31":"purchasable","32":"product-type-variable","33":"has-default-attributes"},"acf":[],"uagb_featured_image_src":{"full":["https:\/\/turkishtrade.co\/wp-content\/uploads\/2026\/01\/2400EJOMN00231-CAMEL-C_028-2-USD.png",453,250,false],"thumbnail":["https:\/\/turkishtrade.co\/wp-content\/uploads\/2026\/01\/2400EJOMN00231-CAMEL-C_028-2-USD-150x150.png",150,150,true],"medium":["https:\/\/turkishtrade.co\/wp-content\/uploads\/2026\/01\/2400EJOMN00231-CAMEL-C_028-2-USD-300x166.png",300,166,true],"medium_large":["https:\/\/turkishtrade.co\/wp-content\/uploads\/2026\/01\/2400EJOMN00231-CAMEL-C_028-2-USD.png",453,250,false],"large":["https:\/\/turkishtrade.co\/wp-content\/uploads\/2026\/01\/2400EJOMN00231-CAMEL-C_028-2-USD.png",453,250,false],"1536x1536":["https:\/\/turkishtrade.co\/wp-content\/uploads\/2026\/01\/2400EJOMN00231-CAMEL-C_028-2-USD.png",453,250,false],"2048x2048":["https:\/\/turkishtrade.co\/wp-content\/uploads\/2026\/01\/2400EJOMN00231-CAMEL-C_028-2-USD.png",453,250,false],"trp-custom-language-flag":["https:\/\/turkishtrade.co\/wp-content\/uploads\/2026\/01\/2400EJOMN00231-CAMEL-C_028-2-USD-18x10.png",18,10,true],"woocommerce_thumbnail":["https:\/\/turkishtrade.co\/wp-content\/uploads\/2026\/01\/2400EJOMN00231-CAMEL-C_028-2-USD-400x250.png",400,250,true],"woocommerce_single":["https:\/\/turkishtrade.co\/wp-content\/uploads\/2026\/01\/2400EJOMN00231-CAMEL-C_028-2-USD.png",453,250,false],"woocommerce_gallery_thumbnail":["https:\/\/turkishtrade.co\/wp-content\/uploads\/2026\/01\/2400EJOMN00231-CAMEL-C_028-2-USD-100x100.png",100,100,true]},"uagb_author_info":{"display_name":"yaser olabi","author_link":"https:\/\/turkishtrade.co\/tr\/author\/"},"uagb_comment_info":0,"uagb_excerpt":"Material Excellence: Crafted with a premium calf suede upper and soft goat leather lining for ultimate comfort. Lightweight Comfort: Features a durable, shock-absorbing EVA sole for all-day wear. Classic Style: Timeless loafer design, perfect for both casual and smart-casual ensembles. Available Sizes: Ranging from 39 to 45. Bulk Availability: Minimum order of 8 pairs; contact&hellip;","_links":{"self":[{"href":"https:\/\/turkishtrade.co\/tr\/wp-json\/wp\/v2\/product\/5715","targetHints":{"allow":["GET"]}}],"collection":[{"href":"https:\/\/turkishtrade.co\/tr\/wp-json\/wp\/v2\/product"}],"about":[{"href":"https:\/\/turkishtrade.co\/tr\/wp-json\/wp\/v2\/types\/product"}],"wp:featuredmedia":[{"embeddable":true,"href":"https:\/\/turkishtrade.co\/tr\/wp-json\/wp\/v2\/media\/3831"}],"wp:attachment":[{"href":"https:\/\/turkishtrade.co\/tr\/wp-json\/wp\/v2\/media?parent=5715"}],"wp:term":[{"taxonomy":"product_brand","embeddable":true,"href":"https:\/\/turkishtrade.co\/tr\/wp-json\/wp\/v2\/product_brand?post=5715"},{"taxonomy":"product_cat","embeddable":true,"href":"https:\/\/turkishtrade.co\/tr\/wp-json\/wp\/v2\/product_cat?post=5715"},{"taxonomy":"product_tag","embeddable":true,"href":"https:\/\/turkishtrade.co\/tr\/wp-json\/wp\/v2\/product_tag?post=5715"}],"curies":[{"name":"wp","href":"https:\/\/api.w.org\/{rel}","templated":true}]}}