{"id":5712,"date":"2026-01-14T12:58:45","date_gmt":"2026-01-14T12:58:45","guid":{"rendered":"https:\/\/turkishtrade.co\/product\/mens-suede-loafer-shoes\/"},"modified":"2026-04-09T19:26:17","modified_gmt":"2026-04-09T19:26:17","slug":"mens-suede-loafer-shoes","status":"publish","type":"product","link":"https:\/\/turkishtrade.co\/tr\/shop\/mens-suede-loafer-shoes\/","title":{"rendered":"Toka Detayl\u0131 Erkek Premium S\u00fcet Loafer Ayakkab\u0131"},"content":{"rendered":"<p><strong>Erkek S\u00fcet Loafer Ayakkab\u0131<\/strong><\/p>\n<p>Enfes koleksiyonumuzla benzersiz bir stil ve konfora ad\u0131m at\u0131n <strong>Erkek S\u00fcet Loafer Ayakkab\u0131<\/strong>. Se\u00e7kin beyefendiler i\u00e7in tasarlanan bu birinci s\u0131n\u0131f mokasen ayakkab\u0131lar, klasik sofistikeli\u011fi \u00e7a\u011fda\u015f sa\u011flaml\u0131kla m\u00fckemmel bir \u015fekilde harmanl\u0131yor. \u0130ster i\u015f ama\u00e7l\u0131 g\u00fcndelik bir etkinlik i\u00e7in ister hafta sonu gezintisi i\u00e7in giyiniyor olun, bu ola\u011fan\u00fcst\u00fc <strong>Erkek S\u00fcet Loafer Ayakkab\u0131<\/strong> zahmetsiz \u015f\u0131kl\u0131k ve g\u00fcn boyu konfor i\u00e7in nihai se\u00e7iminizdir.<\/p>\n<p>\u00c7ok y\u00f6nl\u00fc siyah ve zengin kahverengi s\u00fcet se\u00e7enekleri bulunan bu ayakkab\u0131lar, her gard\u0131robu tamamlayan zamans\u0131z bir \u00e7ekicilik sunuyor. M\u00fckemmel \u00e7ifti ke\u015ffedin <strong>Erkek S\u00fcet Loafer Ayakkab\u0131<\/strong> Bug\u00fcn!<\/p>\n<p><h3>Rakipsiz \u0130\u015f\u00e7ilik ve Birinci S\u0131n\u0131f Malzemeler<\/h3>\n<\/p>\n<p>Her bir \u00e7iftimiz <strong>Erkek S\u00fcet Loafer Ayakkab\u0131<\/strong> \u00fcst\u00fcn i\u015f\u00e7ili\u011fin ve detaylara g\u00f6sterilen \u00f6zenin bir kan\u0131t\u0131d\u0131r. D\u0131\u015f y\u00fczeyi hakiki dana s\u00fcetinden titizlikle \u00fcretilmi\u015ftir ve yumu\u015fak, l\u00fcks bir doku ve ya\u015fland\u0131k\u00e7a artan ola\u011fan\u00fcst\u00fc bir dayan\u0131kl\u0131l\u0131k sunar. \u0130\u00e7 k\u0131s\u0131mda, ayaklar\u0131n\u0131z ger\u00e7ek ke\u00e7i derisi astar\u0131n p\u00fcr\u00fczs\u00fcz konforuyla sar\u0131lacak ve her ad\u0131mda nefes alabilirlik, pel\u00fc\u015f bir his ve ola\u011fan\u00fcst\u00fc rahatl\u0131k sa\u011flayacakt\u0131r.<\/p>\n<p>Tasar\u0131m, zaten sofistike olan bu modele rafine bir karakter ve modern bir hava katan ay\u0131rt edici bir metal toka detay\u0131na sahiptir. <strong>Erkek S\u00fcet Loafer Ayakkab\u0131<\/strong>.<\/p>\n<p><h3>Konfor ve Dayan\u0131kl\u0131l\u0131k i\u00e7in Tasarland\u0131<\/h3>\n<\/p>\n<p>\u00c7arp\u0131c\u0131 esteti\u011finin \u00f6tesinde, bu <strong>Erkek S\u00fcet Loafer Ayakkab\u0131<\/strong> kal\u0131c\u0131 konfor ve sa\u011flam performans i\u00e7in tasarlanm\u0131\u015ft\u0131r. Kal\u0131n EVA taban\u0131 ola\u011fan\u00fcst\u00fc yast\u0131klama, \u015fok emilimi ve \u00fcst\u00fcn kavrama sa\u011flayarak \u00e7e\u015fitli araziler ve hava ko\u015fullar\u0131 i\u00e7in uygun hale getirir. Yakla\u015f\u0131k 1-3 cm'lik m\u00fctevaz\u0131 bir topuk y\u00fcksekli\u011fine sahip bu dayan\u0131kl\u0131 taban, klasik loafer sil\u00fcetinden \u00f6d\u00fcn vermeden istikrarl\u0131 bir destek sunar.<\/p>\n<p>Stil ve pratikli\u011fin m\u00fckemmel kar\u0131\u015f\u0131m\u0131n\u0131 deneyimleyin, bu \u00fcst d\u00fczey <strong>Erkek S\u00fcet Loafer Ayakkab\u0131<\/strong> ayakkab\u0131 koleksiyonunuzun g\u00fcvenilir ve sevilen bir par\u00e7as\u0131 haline gelecektir.<\/p>\n<p><h3>Her Durum i\u00e7in \u00c7ok Y\u00f6nl\u00fc Stil<\/h3>\n<\/p>\n<p>Bizim <strong>Erkek S\u00fcet Loafer Ayakkab\u0131<\/strong> inan\u0131lmaz derecede \u00e7ok y\u00f6nl\u00fcd\u00fcr, \u015f\u0131k g\u00fcndelik ortamlardan yar\u0131 resmi ortamlara zahmetsizce ge\u00e7i\u015f yapar. G\u00f6steri\u015fli bir g\u00f6r\u00fcn\u00fcm i\u00e7in \u015f\u0131k siyah mokasenleri \u00f6zel dikim pantolonlarla e\u015fle\u015ftirin ya da rahat ama zarif bir kombin i\u00e7in zengin kahverengi s\u00fceti chino pantolonlarla veya koyu renk kot pantolonlarla tercih edin. Kendine \u00f6zg\u00fc tokas\u0131 ve kal\u0131n taban\u0131, geleneksel loafer tasar\u0131m\u0131na modern bir hava katarak bu zarif ayakkab\u0131y\u0131 <strong>Erkek S\u00fcet Loafer Ayakkab\u0131<\/strong> Koleksiyonunuza ger\u00e7ekten e\u015fsiz bir katk\u0131.<\/p>\n<p>Ki\u015fisel tarz\u0131n\u0131z\u0131, zevkiniz ve kaliteye verdi\u011finiz de\u011fer hakk\u0131nda \u00e7ok \u015fey anlatan ayakkab\u0131larla y\u00fckseltin.<\/p>\n<p><h3>Premium Ayakkab\u0131lar i\u00e7in Toptan Sat\u0131\u015f F\u0131rsat\u0131<\/h3>\n<\/p>\n<p>Y\u00fcksek kaliteli ayakkab\u0131lar arayan perakendeciler ve i\u015fletmeler i\u00e7in bu zarif <strong>Erkek S\u00fcet Loafer Ayakkab\u0131<\/strong> toptan sat\u0131n al\u0131nabilir. Yaln\u0131zca 8 \u00e7iftlik minimum sipari\u015f miktar\u0131yla, aranan bu stilleri kolayca stoklayabilir ve farkl\u0131 bir m\u00fc\u015fteri kitlesine hitap edebilirsiniz. Verimli \u00fcretim s\u00fcrecimiz, yaln\u0131zca 12 g\u00fcnl\u00fck h\u0131zl\u0131 teslim s\u00fcresi ve nakliye ile envanterinizi derhal yenilemenize ve talebe ayak uydurman\u0131za olanak tan\u0131r.<\/p>\n<p>Bu ola\u011fan\u00fcst\u00fc \u00fcr\u00fcnlerle m\u00fc\u015fterilerinize en iyi konforu, stili ve dayan\u0131kl\u0131l\u0131\u011f\u0131 sunun <strong>Erkek S\u00fcet Loafer Ayakkab\u0131<\/strong>.<\/p>","protected":false},"excerpt":{"rendered":"<ul>\n<li>Sofistike bir g\u00f6r\u00fcn\u00fcm ve l\u00fcks bir his i\u00e7in birinci s\u0131n\u0131f hakiki dana s\u00fcetinden \u00fcretilmi\u015ftir.<\/li>\n<li>L\u00fcks ke\u00e7i derisi astar, g\u00fcn boyu kullan\u0131m i\u00e7in ola\u011fan\u00fcst\u00fc konfor ve nefes alabilirlik sa\u011flar.<\/li>\n<li>M\u00fckemmel yast\u0131klama, \u00fcst\u00fcn kavrama ve m\u00fctevaz\u0131 bir topuk y\u00fcksekli\u011fi (yakla\u015f\u0131k 1-3 cm) sa\u011flayan dayan\u0131kl\u0131 EVA kal\u0131n tabana sahiptir.<\/li>\n<li>Kapsaml\u0131 bir Avrupa beden yelpazesinde mevcuttur: 39, 40, 41, 42, 43, 44, 45.<\/li>\n<li>Y\u00fcksek stil ve karakter i\u00e7in ay\u0131rt edici metal toka detay\u0131yla s\u00fcslenmi\u015ftir.<\/li>\n<li>Toptan sat\u0131\u015f i\u00e7in idealdir; minimum sipari\u015f miktar\u0131 8 \u00e7ifttir.<\/li>\n<li>Verimli \u00fcretim, nakliye dahil 12 g\u00fcnl\u00fck bir teslim s\u00fcresi sa\u011flar.<\/li>\n<\/ul>","protected":false},"featured_media":3829,"template":"","meta":{"_acf_changed":false,"_uag_custom_page_level_css":"","site-sidebar-layout":"default","site-content-layout":"","ast-site-content-layout":"default","site-content-style":"default","site-sidebar-style":"default","ast-global-header-display":"","ast-banner-title-visibility":"","ast-main-header-display":"","ast-hfb-above-header-display":"","ast-hfb-below-header-display":"","ast-hfb-mobile-header-display":"","site-post-title":"","ast-breadcrumbs-content":"","ast-featured-img":"","footer-sml-layout":"","ast-disable-related-posts":"","theme-transparent-header-meta":"","adv-header-id-meta":"","stick-header-meta":"","header-above-stick-meta":"","header-main-stick-meta":"","header-below-stick-meta":"","astra-migrate-meta-layouts":"default","ast-page-background-enabled":"default","ast-page-background-meta":{"desktop":{"background-color":"var(--ast-global-color-4)","background-image":"","background-repeat":"repeat","background-position":"center center","background-size":"auto","background-attachment":"scroll","background-type":"","background-media":"","overlay-type":"","overlay-color":"","overlay-opacity":"","overlay-gradient":""},"tablet":{"background-color":"","background-image":"","background-repeat":"repeat","background-position":"center center","background-size":"auto","background-attachment":"scroll","background-type":"","background-media":"","overlay-type":"","overlay-color":"","overlay-opacity":"","overlay-gradient":""},"mobile":{"background-color":"","background-image":"","background-repeat":"repeat","background-position":"center center","background-size":"auto","background-attachment":"scroll","background-type":"","background-media":"","overlay-type":"","overlay-color":"","overlay-opacity":"","overlay-gradient":""}},"ast-content-background-meta":{"desktop":{"background-color":"var(--ast-global-color-5)","background-image":"","background-repeat":"repeat","background-position":"center center","background-size":"auto","background-attachment":"scroll","background-type":"","background-media":"","overlay-type":"","overlay-color":"","overlay-opacity":"","overlay-gradient":""},"tablet":{"background-color":"var(--ast-global-color-5)","background-image":"","background-repeat":"repeat","background-position":"center center","background-size":"auto","background-attachment":"scroll","background-type":"","background-media":"","overlay-type":"","overlay-color":"","overlay-opacity":"","overlay-gradient":""},"mobile":{"background-color":"var(--ast-global-color-5)","background-image":"","background-repeat":"repeat","background-position":"center center","background-size":"auto","background-attachment":"scroll","background-type":"","background-media":"","overlay-type":"","overlay-color":"","overlay-opacity":"","overlay-gradient":""}}},"product_brand":[],"product_cat":[48,47,49,430,40],"product_tag":[370,147,315,1028,512,436,220,438,922,189,215,186,1027,374,184,280,149,456],"class_list":{"0":"post-5712","1":"product","2":"type-product","3":"status-publish","4":"has-post-thumbnail","6":"product_cat-casual","7":"product_cat-classic","8":"product_cat-loafer","9":"product_cat-men","10":"product_cat-mens-shoes","11":"product_tag-black-loafers","12":"product_tag-brown-loafers","13":"product_tag-buckle-loafers","14":"product_tag-calf-suede","15":"product_tag-casual-loafers","16":"product_tag-chunky-sole","17":"product_tag-comfortable-loafers","18":"product_tag-eva-sole","19":"product_tag-fashion-loafers","20":"product_tag-goat-leather-lining","21":"product_tag-leather-loafers","22":"product_tag-mens-loafers","23":"product_tag-mens-suede-loafer-shoes","24":"product_tag-premium-loafers","25":"product_tag-slip-on-shoes","26":"product_tag-smart-casual-shoes","27":"product_tag-suede-loafers","28":"product_tag-wholesale-loafers","29":"desktop-align-center","30":"tablet-align-center","31":"mobile-align-center","33":"first","34":"instock","35":"shipping-taxable","36":"purchasable","37":"product-type-variable","38":"has-default-attributes"},"acf":[],"uagb_featured_image_src":{"full":["https:\/\/turkishtrade.co\/wp-content\/uploads\/2026\/01\/2400EJOMN00229-CAMEL-K_627-150-USD-4-USD.png",453,250,false],"thumbnail":["https:\/\/turkishtrade.co\/wp-content\/uploads\/2026\/01\/2400EJOMN00229-CAMEL-K_627-150-USD-4-USD-150x150.png",150,150,true],"medium":["https:\/\/turkishtrade.co\/wp-content\/uploads\/2026\/01\/2400EJOMN00229-CAMEL-K_627-150-USD-4-USD-300x166.png",300,166,true],"medium_large":["https:\/\/turkishtrade.co\/wp-content\/uploads\/2026\/01\/2400EJOMN00229-CAMEL-K_627-150-USD-4-USD.png",453,250,false],"large":["https:\/\/turkishtrade.co\/wp-content\/uploads\/2026\/01\/2400EJOMN00229-CAMEL-K_627-150-USD-4-USD.png",453,250,false],"1536x1536":["https:\/\/turkishtrade.co\/wp-content\/uploads\/2026\/01\/2400EJOMN00229-CAMEL-K_627-150-USD-4-USD.png",453,250,false],"2048x2048":["https:\/\/turkishtrade.co\/wp-content\/uploads\/2026\/01\/2400EJOMN00229-CAMEL-K_627-150-USD-4-USD.png",453,250,false],"trp-custom-language-flag":["https:\/\/turkishtrade.co\/wp-content\/uploads\/2026\/01\/2400EJOMN00229-CAMEL-K_627-150-USD-4-USD-18x10.png",18,10,true],"woocommerce_thumbnail":["https:\/\/turkishtrade.co\/wp-content\/uploads\/2026\/01\/2400EJOMN00229-CAMEL-K_627-150-USD-4-USD-400x250.png",400,250,true],"woocommerce_single":["https:\/\/turkishtrade.co\/wp-content\/uploads\/2026\/01\/2400EJOMN00229-CAMEL-K_627-150-USD-4-USD.png",453,250,false],"woocommerce_gallery_thumbnail":["https:\/\/turkishtrade.co\/wp-content\/uploads\/2026\/01\/2400EJOMN00229-CAMEL-K_627-150-USD-4-USD-100x100.png",100,100,true]},"uagb_author_info":{"display_name":"yaser olabi","author_link":"https:\/\/turkishtrade.co\/tr\/author\/"},"uagb_comment_info":0,"uagb_excerpt":"Crafted from premium genuine calf suede for a sophisticated look and luxurious feel. Luxurious goat leather lining ensures exceptional comfort and breathability for all-day wear. Features a durable EVA chunky sole, providing excellent cushioning, superior grip, and a modest heel height (approx. 1-3 cm). Available in a comprehensive range of European sizes: 39, 40, 41,&hellip;","_links":{"self":[{"href":"https:\/\/turkishtrade.co\/tr\/wp-json\/wp\/v2\/product\/5712","targetHints":{"allow":["GET"]}}],"collection":[{"href":"https:\/\/turkishtrade.co\/tr\/wp-json\/wp\/v2\/product"}],"about":[{"href":"https:\/\/turkishtrade.co\/tr\/wp-json\/wp\/v2\/types\/product"}],"wp:featuredmedia":[{"embeddable":true,"href":"https:\/\/turkishtrade.co\/tr\/wp-json\/wp\/v2\/media\/3829"}],"wp:attachment":[{"href":"https:\/\/turkishtrade.co\/tr\/wp-json\/wp\/v2\/media?parent=5712"}],"wp:term":[{"taxonomy":"product_brand","embeddable":true,"href":"https:\/\/turkishtrade.co\/tr\/wp-json\/wp\/v2\/product_brand?post=5712"},{"taxonomy":"product_cat","embeddable":true,"href":"https:\/\/turkishtrade.co\/tr\/wp-json\/wp\/v2\/product_cat?post=5712"},{"taxonomy":"product_tag","embeddable":true,"href":"https:\/\/turkishtrade.co\/tr\/wp-json\/wp\/v2\/product_tag?post=5712"}],"curies":[{"name":"wp","href":"https:\/\/api.w.org\/{rel}","templated":true}]}}