{"id":5707,"date":"2026-01-14T12:57:58","date_gmt":"2026-01-14T12:57:58","guid":{"rendered":"https:\/\/turkishtrade.co\/product\/mens-burgundy-leather-boots\/"},"modified":"2026-04-09T19:26:30","modified_gmt":"2026-04-09T19:26:30","slug":"mens-burgundy-leather-boots","status":"publish","type":"product","link":"https:\/\/turkishtrade.co\/tr\/shop\/mens-burgundy-leather-boots\/","title":{"rendered":"Erkek Bordo \u015eapkal\u0131 Ba\u011fc\u0131kl\u0131 Deri Bot"},"content":{"rendered":"<p><strong>Erkek Bordo Deri Bot<\/strong><\/p>\n<p>\u00dcst\u00fcn kaliteli \u00fcr\u00fcnlerimizle zamans\u0131z \u015f\u0131kl\u0131\u011fa ad\u0131m at\u0131n <b>Erkek Bordo Deri Bot<\/b>. Hem benzersiz bir stil hem de kal\u0131c\u0131 bir i\u00e7erik sunmak i\u00e7in titizlikle haz\u0131rlanan bu s\u0131ra d\u0131\u015f\u0131 botlar, \u00fcst\u00fcn kaliteye ve sofistike tasar\u0131ma de\u011fer veren se\u00e7ici beyefendiler i\u00e7in tasarlanm\u0131\u015ft\u0131r. Hem resmi hem de smart-casual tak\u0131mlar\u0131 y\u00fckseltmek i\u00e7in m\u00fckemmel bir se\u00e7im olan bu botlar <b>Erkek Bordo Deri Bot<\/b> her \u00e7a\u011fda\u015f gard\u0131rop i\u00e7in ger\u00e7ekten \u00e7ok y\u00f6nl\u00fc ve temel bir ektir.<\/p>\n<p>G\u00fczelce perdahlanm\u0131\u015f zengin, koyu bordo tonu, klasik bir zarafet havas\u0131 yayarak bu \u00f6zel \u00fcr\u00fcnlerin <b>Erkek Bordo Deri Bot<\/b> i\u015f toplant\u0131lar\u0131ndan zarif sosyal toplant\u0131lara kadar \u00e7e\u015fitli durumlar i\u00e7in g\u00f6ze \u00e7arpan bir se\u00e7imdir.<\/p>\n<h3>Rakipsiz \u0130\u015f\u00e7ilik ve Birinci S\u0131n\u0131f Malzemeler<\/h3>\n<p>Hakiki dana derisinden \u00fcretilen d\u0131\u015f y\u00fczeyi ile benzersiz bir i\u015f\u00e7ilik deneyimi ya\u015fay\u0131n. Bu birinci s\u0131n\u0131f malzeme, p\u00fcr\u00fczs\u00fcz dokusu, do\u011fal dayan\u0131kl\u0131l\u0131\u011f\u0131 ve zaman i\u00e7inde benzersiz bir patina geli\u015ftirme konusundaki ola\u011fan\u00fcst\u00fc yetene\u011fi ile \u00fcnl\u00fcd\u00fcr. <b>Erkek Bordo Deri Bot<\/b> sadece ya\u015fland\u0131k\u00e7a daha zengin ve daha karakteristik hale gelir.<\/p>\n<p>Diki\u015fler boyunca ince brogue detaylar\u0131yla \u00f6zenle tamamlanan karma\u015f\u0131k burun tasar\u0131m\u0131, geleneksel sanat ve sofistike bir dokunu\u015f katar. G\u00fcvenli ba\u011fc\u0131kl\u0131 kapama sadece klasik bir estetik de\u011fil, ayn\u0131 zamanda aya\u011f\u0131n\u0131za \u00f6zel, rahat ve ayarlanabilir bir uyum sa\u011flar. Bu zarif d\u0131\u015f g\u00f6r\u00fcn\u00fcm\u00fcn alt\u0131nda, ola\u011fan\u00fcst\u00fc nefes alabilirlik, \u00fcst\u00fcn yumu\u015fakl\u0131k ve en uzun g\u00fcnler boyunca ayaklar\u0131n\u0131z\u0131 nazik\u00e7e saran \u00fcst\u00fcn konfor sunan l\u00fcks ke\u00e7i derisi i\u00e7 k\u0131s\u0131m yatar.<\/p>\n<p>Bu \u00fcst\u00fcn astar, ister kalabal\u0131k \u015fehir sokaklar\u0131nda geziniyor ister \u00f6nemli bir etkinli\u011fe kat\u0131l\u0131yor olun, \u00fcst\u00fcn bir deneyim sa\u011flar. <b>Erkek Bordo Deri Bot<\/b> giymesi ger\u00e7ek bir keyif.<\/p>\n<h3>Konfor, Dayan\u0131kl\u0131l\u0131k ve \u00c7ok Y\u00f6nl\u00fc Stil<\/h3>\n<p>Konfor ve denge her \u015feyden \u00f6nemlidir ve bu \u00f6zel <b>Erkek Bordo Deri Bot<\/b> hafif ancak sa\u011flam EVA taban\u0131 ile zahmetsizce teslim eder. Bu geli\u015fmi\u015f taban malzemesi m\u00fckemmel \u015fok emilimi sa\u011flayarak ayak yorgunlu\u011funu \u00f6nemli \u00f6l\u00e7\u00fcde azalt\u0131r ve \u00e7e\u015fitli kentsel ve do\u011fal y\u00fczeylerde g\u00fcvenilir, kaymaz kavrama sunar. 1-3 cm'lik rahat ve zarif topuk y\u00fcksekli\u011fi ile bu <b>Erkek Bordo Deri Bot<\/b> sofistike y\u00fckseklik ve pratik, t\u00fcm g\u00fcn giyilebilirlik aras\u0131nda m\u00fckemmel bir denge kurar.<\/p>\n<p>Birinci s\u0131n\u0131f dana derisi ve ke\u00e7i derisi ile \u00f6zenle tasarlanm\u0131\u015f EVA taban\u0131n uyumlu kombinasyonu, yaln\u0131zca son derece ola\u011fan\u00fcst\u00fc g\u00f6r\u00fcnmekle kalmay\u0131p ayn\u0131 zamanda g\u00fcnden g\u00fcne kusursuz performans g\u00f6steren bir \u00fcr\u00fcn\u00fc garanti eder.<\/p>\n<p>Ger\u00e7ekten de, bizim <b>Erkek Bordo Deri Bot<\/b> uzun \u00f6m\u00fcrl\u00fcd\u00fcr.<\/p>\n<p>Bunlar sadece herhangi bir bot de\u011fil; kal\u0131c\u0131 stil ve kaliteye yap\u0131lan bir yat\u0131r\u0131md\u0131r. Zarif bir i\u015f g\u00f6r\u00fcn\u00fcm\u00fc i\u00e7in kusursuz bir \u015fekilde uyarlanm\u0131\u015f tak\u0131m elbiselerle e\u015fle\u015ftirmekten, g\u00f6steri\u015fli bir hafta sonu k\u0131yafeti i\u00e7in koyu y\u0131kama denim veya sofistike chino pantolonlar\u0131 tamamlamaya kadar, bu botlar\u0131n stil \u00e7ok y\u00f6nl\u00fcl\u00fc\u011f\u00fc <b>Erkek Bordo Deri Bot<\/b> tek kelimeyle e\u015fsizdir.<\/p>\n<p>Klasik esteti\u011fin, sa\u011flam yap\u0131n\u0131n ve modern konforun m\u00fckemmel kar\u0131\u015f\u0131m\u0131n\u0131 kucaklay\u0131n. Bu zarif ayakkab\u0131larla att\u0131\u011f\u0131n\u0131z her emin ad\u0131mla g\u00fc\u00e7l\u00fc bir ifade yarat\u0131n. <b>Erkek Bordo Deri Bot<\/b>. 39'dan 45'e kadar kapsaml\u0131 bir AB beden yelpazesinde mevcut olup, geni\u015f bir yelpazedeki se\u00e7ici m\u00fc\u015fteriler i\u00e7in m\u00fckemmel bir uyum sa\u011fl\u0131yoruz.<\/p>\n<p>Bu y\u00fcksek kaliteli, toptan sat\u0131\u015fa haz\u0131r \u00fcr\u00fcnleri sunmaktan gurur duyuyoruz <b>Erkek Bordo Deri Bot<\/b> Minimum sipari\u015f miktar\u0131 8 \u00e7ift olan bu \u00fcr\u00fcnler, birinci s\u0131n\u0131f, pazarlanabilir ayakkab\u0131lar arayan perakendeciler ve toptan sat\u0131\u015f ortaklar\u0131 i\u00e7in ideal bir se\u00e7imdir.<\/p>\n<p>Teslimat, yakla\u015f\u0131k 12 g\u00fcn art\u0131 nakliye ile verimli bir \u015fekilde y\u00f6netilir ve de\u011ferli toplu sipari\u015finizin zaman\u0131nda ula\u015fmas\u0131n\u0131 sa\u011flar. <b>Erkek Bordo Deri Bot<\/b>.<\/p>","protected":false},"excerpt":{"rendered":"<ul>\n<li><b>Malzeme:<\/b> Premium Dana Derisi Saya<\/li>\n<li><b>Astar:<\/b> Yumu\u015fak Ke\u00e7i Derisi \u0130\u00e7 Mekan<\/li>\n<li><b>Taban:<\/b> Hafif ve Dayan\u0131kl\u0131 EVA<\/li>\n<li><b>Topuk Y\u00fcksekli\u011fi:<\/b> Rahat 1-3 cm<\/li>\n<li><b>Mevcut Boyutlar:<\/b> AB 39, 40, 41, 42, 43, 44, 45<\/li>\n<li><b>Minimum Sipari\u015f Miktar\u0131:<\/b> 8 \u00c7ift (toplu bulunabilirlik)<\/li>\n<li><b>Teslimat S\u00fcresi:<\/b> Yakla\u015f\u0131k 12 g\u00fcn + Nakliye<\/li>\n<\/ul>","protected":false},"featured_media":3806,"template":"","meta":{"_acf_changed":false,"_uag_custom_page_level_css":"","site-sidebar-layout":"default","site-content-layout":"","ast-site-content-layout":"default","site-content-style":"default","site-sidebar-style":"default","ast-global-header-display":"","ast-banner-title-visibility":"","ast-main-header-display":"","ast-hfb-above-header-display":"","ast-hfb-below-header-display":"","ast-hfb-mobile-header-display":"","site-post-title":"","ast-breadcrumbs-content":"","ast-featured-img":"","footer-sml-layout":"","ast-disable-related-posts":"","theme-transparent-header-meta":"default","adv-header-id-meta":"","stick-header-meta":"","header-above-stick-meta":"","header-main-stick-meta":"","header-below-stick-meta":"","astra-migrate-meta-layouts":"set","ast-page-background-enabled":"default","ast-page-background-meta":{"desktop":{"background-color":"var(--ast-global-color-4)","background-image":"","background-repeat":"repeat","background-position":"center center","background-size":"auto","background-attachment":"scroll","background-type":"","background-media":"","overlay-type":"","overlay-color":"","overlay-opacity":"","overlay-gradient":""},"tablet":{"background-color":"","background-image":"","background-repeat":"repeat","background-position":"center center","background-size":"auto","background-attachment":"scroll","background-type":"","background-media":"","overlay-type":"","overlay-color":"","overlay-opacity":"","overlay-gradient":""},"mobile":{"background-color":"","background-image":"","background-repeat":"repeat","background-position":"center center","background-size":"auto","background-attachment":"scroll","background-type":"","background-media":"","overlay-type":"","overlay-color":"","overlay-opacity":"","overlay-gradient":""}},"ast-content-background-meta":{"desktop":{"background-color":"var(--ast-global-color-5)","background-image":"","background-repeat":"repeat","background-position":"center center","background-size":"auto","background-attachment":"scroll","background-type":"","background-media":"","overlay-type":"","overlay-color":"","overlay-opacity":"","overlay-gradient":""},"tablet":{"background-color":"var(--ast-global-color-5)","background-image":"","background-repeat":"repeat","background-position":"center center","background-size":"auto","background-attachment":"scroll","background-type":"","background-media":"","overlay-type":"","overlay-color":"","overlay-opacity":"","overlay-gradient":""},"mobile":{"background-color":"var(--ast-global-color-5)","background-image":"","background-repeat":"repeat","background-position":"center center","background-size":"auto","background-attachment":"scroll","background-type":"","background-media":"","overlay-type":"","overlay-color":"","overlay-opacity":"","overlay-gradient":""}}},"product_brand":[],"product_cat":[52,47,430,40],"product_tag":[463,1025,993,1026,996,1012,999,438,478,556,994,476,461],"class_list":{"0":"post-5707","1":"product","2":"type-product","3":"status-publish","4":"has-post-thumbnail","6":"product_cat-boots","7":"product_cat-classic","8":"product_cat-men","9":"product_cat-mens-shoes","10":"product_tag-ankle-boots","11":"product_tag-boots","12":"product_tag-brogue-boots","13":"product_tag-burgundy-boots","14":"product_tag-calfskin-boots","15":"product_tag-cap-toe-boots","16":"product_tag-casual-boots","17":"product_tag-eva-sole","18":"product_tag-formal-boots","19":"product_tag-goatskin-lining","20":"product_tag-lace-up-boots","21":"product_tag-leather-boots","22":"product_tag-mens-boots","23":"desktop-align-center","24":"tablet-align-center","25":"mobile-align-center","27":"first","28":"instock","29":"sale","30":"shipping-taxable","31":"purchasable","32":"product-type-variable","33":"has-default-attributes"},"acf":[],"uagb_featured_image_src":{"full":["https:\/\/turkishtrade.co\/wp-content\/uploads\/2026\/01\/2400EJOMN00446-BURGUNDEY-X_874.png",453,250,false],"thumbnail":["https:\/\/turkishtrade.co\/wp-content\/uploads\/2026\/01\/2400EJOMN00446-BURGUNDEY-X_874-150x150.png",150,150,true],"medium":["https:\/\/turkishtrade.co\/wp-content\/uploads\/2026\/01\/2400EJOMN00446-BURGUNDEY-X_874-300x166.png",300,166,true],"medium_large":["https:\/\/turkishtrade.co\/wp-content\/uploads\/2026\/01\/2400EJOMN00446-BURGUNDEY-X_874.png",453,250,false],"large":["https:\/\/turkishtrade.co\/wp-content\/uploads\/2026\/01\/2400EJOMN00446-BURGUNDEY-X_874.png",453,250,false],"1536x1536":["https:\/\/turkishtrade.co\/wp-content\/uploads\/2026\/01\/2400EJOMN00446-BURGUNDEY-X_874.png",453,250,false],"2048x2048":["https:\/\/turkishtrade.co\/wp-content\/uploads\/2026\/01\/2400EJOMN00446-BURGUNDEY-X_874.png",453,250,false],"trp-custom-language-flag":["https:\/\/turkishtrade.co\/wp-content\/uploads\/2026\/01\/2400EJOMN00446-BURGUNDEY-X_874-18x10.png",18,10,true],"woocommerce_thumbnail":["https:\/\/turkishtrade.co\/wp-content\/uploads\/2026\/01\/2400EJOMN00446-BURGUNDEY-X_874-400x250.png",400,250,true],"woocommerce_single":["https:\/\/turkishtrade.co\/wp-content\/uploads\/2026\/01\/2400EJOMN00446-BURGUNDEY-X_874.png",453,250,false],"woocommerce_gallery_thumbnail":["https:\/\/turkishtrade.co\/wp-content\/uploads\/2026\/01\/2400EJOMN00446-BURGUNDEY-X_874-100x100.png",100,100,true]},"uagb_author_info":{"display_name":"yaser olabi","author_link":"https:\/\/turkishtrade.co\/tr\/author\/"},"uagb_comment_info":0,"uagb_excerpt":"Material: Premium Calfskin Leather Upper Lining: Soft Goatskin Leather Interior Sole: Lightweight and Durable EVA Heel Height: Comfortable 1-3 cm Available Sizes: EU 39, 40, 41, 42, 43, 44, 45 Minimum Order Quantity: 8 Pairs (bulk availability) Delivery Time: Approximately 12 days + Shipping","_links":{"self":[{"href":"https:\/\/turkishtrade.co\/tr\/wp-json\/wp\/v2\/product\/5707","targetHints":{"allow":["GET"]}}],"collection":[{"href":"https:\/\/turkishtrade.co\/tr\/wp-json\/wp\/v2\/product"}],"about":[{"href":"https:\/\/turkishtrade.co\/tr\/wp-json\/wp\/v2\/types\/product"}],"wp:featuredmedia":[{"embeddable":true,"href":"https:\/\/turkishtrade.co\/tr\/wp-json\/wp\/v2\/media\/3806"}],"wp:attachment":[{"href":"https:\/\/turkishtrade.co\/tr\/wp-json\/wp\/v2\/media?parent=5707"}],"wp:term":[{"taxonomy":"product_brand","embeddable":true,"href":"https:\/\/turkishtrade.co\/tr\/wp-json\/wp\/v2\/product_brand?post=5707"},{"taxonomy":"product_cat","embeddable":true,"href":"https:\/\/turkishtrade.co\/tr\/wp-json\/wp\/v2\/product_cat?post=5707"},{"taxonomy":"product_tag","embeddable":true,"href":"https:\/\/turkishtrade.co\/tr\/wp-json\/wp\/v2\/product_tag?post=5707"}],"curies":[{"name":"wp","href":"https:\/\/api.w.org\/{rel}","templated":true}]}}